{"id":125230,"date":"2019-12-05T10:31:13","date_gmt":"2019-12-05T08:31:13","guid":{"rendered":"https:\/\/www.holectron.com\/politique-de-confidentialite\/"},"modified":"2019-12-05T10:31:13","modified_gmt":"2019-12-05T08:31:13","slug":"politique-de-confidentialite","status":"publish","type":"page","link":"https:\/\/www.holectron.com\/fr\/politique-de-confidentialite\/","title":{"rendered":"Politique de confidentialit\u00e9"},"content":{"rendered":"<p><strong>Politique de confidentialit\u00e9 de Holectron (conforme au GDPR)  <\/strong><\/p>\n<p>Chez Holectron, accessible \u00e0 l&rsquo;adresse www.holectron.com, nous nous soucions de la vie priv\u00e9e de nos visiteurs. Ce document sur la politique de confidentialit\u00e9 contient les types d&rsquo;informations collect\u00e9es et enregistr\u00e9es par www.holectron.com et la mani\u00e8re dont nous les utilisons. <\/p>\n<p>Si vous avez des questions suppl\u00e9mentaires ou si vous souhaitez obtenir plus d&rsquo;informations sur notre politique de protection de la vie priv\u00e9e, n&rsquo;h\u00e9sitez pas \u00e0 nous contacter par courrier \u00e9lectronique \u00e0 l&rsquo;adresse suivante : info@holectron.com.<\/p>\n<p><strong>R\u00e8glement g\u00e9n\u00e9ral sur la protection des donn\u00e9es (RGPD)<\/strong><\/p>\n<p>Nous sommes un contr\u00f4leur de donn\u00e9es de vos informations.<\/p>\n<p>La base juridique de Holectron pour la collecte et l&rsquo;utilisation des informations personnelles d\u00e9crites dans cette politique de confidentialit\u00e9 d\u00e9pend des informations personnelles que nous collectons et du contexte sp\u00e9cifique dans lequel nous collectons les informations :<br \/>\n&#8211; Holectron doit ex\u00e9cuter un contrat avec vous.<br \/>\n&#8211; Vous avez donn\u00e9 \u00e0 Holectron la permission de le faire.<br \/>\n&#8211; Le traitement de vos informations personnelles est dans l&rsquo;int\u00e9r\u00eat l\u00e9gitime de Holectron.<br \/>\n&#8211; Holectron doit se conformer \u00e0 la loi.<br \/>\n&#8211; Holectron ne conservera vos informations personnelles que pour la dur\u00e9e n\u00e9cessaire aux fins \u00e9nonc\u00e9es dans cette politique de confidentialit\u00e9. Nous conserverons et utiliserons vos informations dans la mesure n\u00e9cessaire pour nous conformer \u00e0 nos obligations l\u00e9gales, r\u00e9soudre les litiges et appliquer nos politiques. <\/p>\n<p>Si vous r\u00e9sidez dans l&rsquo;Espace \u00e9conomique europ\u00e9en (EEE), vous disposez de certains droits en mati\u00e8re de protection des donn\u00e9es. Si vous souhaitez \u00eatre inform\u00e9 des informations personnelles que nous d\u00e9tenons \u00e0 votre sujet et si vous souhaitez qu&rsquo;elles soient supprim\u00e9es de nos syst\u00e8mes, veuillez nous contacter. <\/p>\n<p>Dans certaines circonstances, vous disposez des droits suivants en mati\u00e8re de protection des donn\u00e9es :<br \/>\n&#8211; Droit d&rsquo;acc\u00e8s, de mise \u00e0 jour ou de suppression des informations que nous d\u00e9tenons sur vous.<br \/>\n&#8211; Droit de rectification.<br \/>\n&#8211; Droit d&rsquo;opposition.<br \/>\n&#8211; Droit de restriction.<br \/>\n&#8211; Droit \u00e0 la portabilit\u00e9 des donn\u00e9es.<br \/>\n&#8211; Droit de retirer son consentement.<\/p>\n<p><strong>Fichiers journaux<\/strong><\/p>\n<p>Holectron.com suit une proc\u00e9dure standard d&rsquo;utilisation de fichiers journaux. Ces fichiers enregistrent les visiteurs lorsqu&rsquo;ils visitent les sites web. Toutes les soci\u00e9t\u00e9s d&rsquo;h\u00e9bergement le font et cela fait partie de l&rsquo;analyse des services d&rsquo;h\u00e9bergement. Les informations collect\u00e9es par les fichiers journaux comprennent les adresses de protocole Internet (IP), le type de navigateur, le fournisseur d&rsquo;acc\u00e8s Internet (FAI), la date et l&rsquo;heure, les pages de renvoi et de sortie, et \u00e9ventuellement le nombre de clics. Ces donn\u00e9es ne sont pas li\u00e9es \u00e0 des informations personnellement identifiables. L&rsquo;objectif de ces informations est d&rsquo;analyser les tendances, d&rsquo;administrer le site, de suivre les mouvements des utilisateurs sur le site et de recueillir des informations d\u00e9mographiques.     <\/p>\n<p><strong>Cookies et balises web<\/strong><\/p>\n<p>Comme tout autre site web, Holectron.com utilise des \u00ab\u00a0cookies\u00a0\u00bb. Ces cookies sont utilis\u00e9s pour stocker des informations, y compris les pr\u00e9f\u00e9rences des visiteurs et les pages du site Web auxquelles le visiteur a acc\u00e9d\u00e9 ou qu&rsquo;il a visit\u00e9es. Ces informations sont utilis\u00e9es pour optimiser l&rsquo;exp\u00e9rience des utilisateurs en personnalisant le contenu de nos pages web en fonction du type de navigateur des visiteurs et\/ou d&rsquo;autres informations.  <\/p>\n<p><strong>DoubleClick DART Cookie<\/strong><\/p>\n<p>Google est l&rsquo;un des fournisseurs tiers de notre site. Il utilise \u00e9galement des cookies, connus sous le nom de DART cookies, pour diffuser des annonces aux visiteurs de notre site en fonction de leur visite sur www.website.com et d&rsquo;autres sites sur Internet. Toutefois, les visiteurs peuvent choisir de refuser l&rsquo;utilisation des cookies DART en consultant les r\u00e8gles de confidentialit\u00e9 du r\u00e9seau publicitaire et de contenu de Google \u00e0 l&rsquo;adresse suivante : https:\/\/policies.google.com\/technologies\/ads.<br \/>\nCertains annonceurs pr\u00e9sents sur notre site peuvent utiliser des cookies et des pixels invisibles. Nos partenaires publicitaires sont \u00e9num\u00e9r\u00e9s ci-dessous. Chacun de nos partenaires publicitaires dispose de sa propre politique de confidentialit\u00e9 concernant les donn\u00e9es des utilisateurs. Pour faciliter l&rsquo;acc\u00e8s, nous avons cr\u00e9\u00e9 des liens hypertextes vers leurs politiques de confidentialit\u00e9 ci-dessous.     <\/p>\n<p>Google<br \/>\nhttps:\/\/policies.google.com\/technologies\/ads<\/p>\n<p>Politiques de confidentialit\u00e9<br \/>\nVous pouvez consulter cette liste pour trouver la politique de confidentialit\u00e9 de chacun des partenaires publicitaires de www.holectron.com.<\/p>\n<p>Les serveurs publicitaires tiers ou les r\u00e9seaux publicitaires utilisent des technologies telles que les cookies, le JavaScript ou les pixels invisibles qui sont utilis\u00e9s dans leurs publicit\u00e9s et liens respectifs qui apparaissent sur www.holectron.com, et qui sont envoy\u00e9s directement au navigateur de l&rsquo;utilisateur. Ils re\u00e7oivent automatiquement votre adresse IP lorsque cela se produit. Ces technologies sont utilis\u00e9es pour mesurer l&rsquo;efficacit\u00e9 de leurs campagnes publicitaires et\/ou pour personnaliser le contenu publicitaire que vous voyez sur les sites web que vous visitez.<br \/>\nNotez que www.holectron.com n&rsquo;a aucun acc\u00e8s ou contr\u00f4le sur ces cookies qui sont utilis\u00e9s par des annonceurs tiers.  <\/p>\n<p><strong>Politiques de confidentialit\u00e9 des tiers<\/strong><\/p>\n<p>La politique de confidentialit\u00e9 de www.holectron.com ne s&rsquo;applique pas aux autres annonceurs ou sites web. Nous vous conseillons donc de consulter les politiques de confidentialit\u00e9 respectives de ces serveurs publicitaires tiers pour obtenir des informations plus d\u00e9taill\u00e9es. Elles peuvent inclure leurs pratiques et des instructions sur la mani\u00e8re de refuser certaines options. Vous trouverez une liste compl\u00e8te de ces politiques de confidentialit\u00e9 et de leurs liens ici : Liens vers les politiques de confidentialit\u00e9.   <\/p>\n<p>Vous pouvez choisir de d\u00e9sactiver les cookies par le biais des options de votre navigateur. Pour obtenir des informations plus d\u00e9taill\u00e9es sur la gestion des cookies avec des navigateurs web sp\u00e9cifiques, vous pouvez consulter les sites web respectifs de ces navigateurs. Que sont les cookies ?  <\/p>\n<p><strong>Informations pour les enfants<\/strong><\/p>\n<p>Une autre de nos priorit\u00e9s est de renforcer la protection des enfants lorsqu&rsquo;ils utilisent l&rsquo;internet. Nous encourageons les parents et les tuteurs \u00e0 observer leurs activit\u00e9s en ligne, \u00e0 y participer et\/ou \u00e0 les surveiller et \u00e0 les guider. <\/p>\n<p>Si vous pensez que votre enfant a fourni ce type d&rsquo;informations sur notre site Web, nous vous encourageons vivement \u00e0 nous contacter imm\u00e9diatement et nous ferons tout notre possible pour supprimer rapidement ces informations de nos dossiers. <\/p>\n<p><strong>Politique de confidentialit\u00e9 en ligne uniquement<\/strong><\/p>\n<p>Cette politique de confidentialit\u00e9 ne s&rsquo;applique qu&rsquo;\u00e0 nos activit\u00e9s en ligne et est valable pour les visiteurs de notre site web en ce qui concerne les informations qu&rsquo;ils ont partag\u00e9es et\/ou collect\u00e9es dans le Nom du site web. Cette politique ne s&rsquo;applique pas aux informations collect\u00e9es hors ligne ou via d&rsquo;autres canaux que ce site web. <\/p>\n<p><strong>Consentement<\/strong><\/p>\n<p>En utilisant notre site web, vous consentez par la pr\u00e9sente \u00e0 notre politique de confidentialit\u00e9 et acceptez ses conditions g\u00e9n\u00e9rales.<\/p>\n","protected":false},"excerpt":{"rendered":"<p>Politique de confidentialit\u00e9 de Holectron (conforme au GDPR) Chez Holectron, accessible \u00e0 l&rsquo;adresse www.holectron.com, nous nous soucions de la vie priv\u00e9e de nos visiteurs. Ce document sur la politique de confidentialit\u00e9 contient les types d&rsquo;informations collect\u00e9es et enregistr\u00e9es par www.holectron.com et la mani\u00e8re dont nous les utilisons. Si vous avez des questions suppl\u00e9mentaires ou si [&hellip;]<\/p>\n","protected":false},"author":15,"featured_media":0,"parent":0,"menu_order":4,"comment_status":"closed","ping_status":"closed","template":"","meta":{"footnotes":""},"related":[],"filter":[],"acf":[],"aioseo_notices":[],"_links":{"self":[{"href":"https:\/\/www.holectron.com\/fr\/wp-json\/wp\/v2\/pages\/125230"}],"collection":[{"href":"https:\/\/www.holectron.com\/fr\/wp-json\/wp\/v2\/pages"}],"about":[{"href":"https:\/\/www.holectron.com\/fr\/wp-json\/wp\/v2\/types\/page"}],"author":[{"embeddable":true,"href":"https:\/\/www.holectron.com\/fr\/wp-json\/wp\/v2\/users\/15"}],"replies":[{"embeddable":true,"href":"https:\/\/www.holectron.com\/fr\/wp-json\/wp\/v2\/comments?post=125230"}],"version-history":[{"count":0,"href":"https:\/\/www.holectron.com\/fr\/wp-json\/wp\/v2\/pages\/125230\/revisions"}],"wp:attachment":[{"href":"https:\/\/www.holectron.com\/fr\/wp-json\/wp\/v2\/media?parent=125230"}],"wp:term":[{"taxonomy":"related","embeddable":true,"href":"https:\/\/www.holectron.com\/fr\/wp-json\/wp\/v2\/related?post=125230"},{"taxonomy":"filter","embeddable":true,"href":"https:\/\/www.holectron.com\/fr\/wp-json\/wp\/v2\/filter?post=125230"}],"curies":[{"name":"wp","href":"https:\/\/api.w.org\/{rel}","templated":true}]}}