{"id":124521,"date":"2026-03-16T09:30:12","date_gmt":"2026-03-16T07:30:12","guid":{"rendered":"https:\/\/www.holectron.com\/?page_id=124521"},"modified":"2026-03-16T09:30:12","modified_gmt":"2026-03-16T07:30:12","slug":"a058x-fixture","status":"publish","type":"page","link":"https:\/\/www.holectron.com\/fr\/produits\/luminaires-a-profil-interieur\/surface\/a058x-fixture\/","title":{"rendered":"A058x Fixture"},"content":{"rendered":"<div class=\"wpb-content-wrapper\"><p>[vc_row gap=\u00a0\u00bb35&Prime;][vc_column width=\u00a0\u00bb1\/2&Prime;][vc_single_image image=\u00a0\u00bb122139&Prime; img_size=\u00a0\u00bb680&#215;400&Prime; onclick=\u00a0\u00bbimg_link_large\u00a0\u00bb img_link_target=\u00a0\u00bb_blank\u00a0\u00bb css=\u00a0\u00bb\u00a0\u00bb][\/vc_column][vc_column width=\u00a0\u00bb1\/2&Prime;][vc_column_text css=\u00a0\u00bb\u00a0\u00bb]<\/p>\n<h2>Luminaire d&rsquo;ext\u00e9rieur ajustable<\/h2>\n<p>L&rsquo;A058x est un luminaire ext\u00e9rieur lin\u00e9aire con\u00e7u pour les applications d&rsquo;\u00e9clairage architectural et paysager qui n\u00e9cessitent une direction pr\u00e9cise de la lumi\u00e8re et une esth\u00e9tique visuelle.<\/p>\n<p>Le luminaire est compos\u00e9 d&rsquo;un bo\u00eetier et d&rsquo;un insert, ce qui permet d&rsquo;obtenir diff\u00e9rentes g\u00e9om\u00e9tries d&rsquo;\u00e9clairage en fonction du type de montage de l&rsquo;insert. L&rsquo;insert peut \u00eatre mont\u00e9 en affleurement avec le bo\u00eetier ou \u00e0 un angle pour diriger la lumi\u00e8re d&rsquo;un c\u00f4t\u00e9 ou des deux c\u00f4t\u00e9s, selon les exigences du projet. <\/p>\n<p>La conception du profil\u00e9 permet de dissimuler le c\u00e2ble d&rsquo;alimentation \u00e0 l&rsquo;int\u00e9rieur du bo\u00eetier lors de l&rsquo;installation, ce qui permet de conserver un aspect architectural propre et pr\u00e9cis.<\/p>\n<p>L&rsquo;A058x est destin\u00e9 aux applications de ligne continue en ext\u00e9rieur et s&rsquo;int\u00e8gre naturellement dans les environnements architecturaux, publics et paysagers.[\/vc_column_text][vc_single_image source=\u00a0\u00bbexternal_link\u00a0\u00bb external_img_size=\u00a0\u00bb380&#215;33&Prime; css=\u00a0\u00bb\u00a0\u00bb custom_src=\u00a0\u00bbhttps:\/\/www.holectron.com\/wp-content\/uploads\/features-with-etl-1.svg\u00a0\u00bb][\/vc_column][\/vc_row][vc_row full_width=\u00a0\u00bbstretch_row\u00a0\u00bb][vc_column][vc_empty_space height=\u00a0\u00bb60&Prime;][\/vc_column][\/vc_row][vc_row full_width=\u00a0\u00bbstretch_row\u00a0\u00bb][vc_column][vc_empty_space height=\u00a0\u00bb20&Prime;][\/vc_column][\/vc_row][vc_row full_width=\u00a0\u00bbstretch_row\u00a0\u00bb gap=\u00a0\u00bb35&Prime;][vc_column width=\u00a0\u00bb1\/2&Prime;][vc_column_text css=\u00a0\u00bb\u00a0\u00bb]<\/p>\n<h2>Applications<\/h2>\n<p>\u00c9clairage des parcs et des paysages (bancs, all\u00e9es)<\/p>\n<p>Espaces publics et commerciaux<\/p>\n<p>A\u00e9roports et plateformes de transport<\/p>\n<p>\u00c9clairage d\u00e9coratif des murs et des plafonds<\/p>\n<p>&nbsp;<\/p>\n<h2>Options d&rsquo;\u00e9clairage<\/h2>\n<p>L&rsquo;A058x est con\u00e7u en mettant l&rsquo;accent sur la qualit\u00e9 de la lumi\u00e8re et la fiabilit\u00e9 du syst\u00e8me. Il prend en charge une large gamme d&rsquo;options d&rsquo;\u00e9clairage, y compris la couleur unique, le RVB, le RVBW et le blanc accordable avec une temp\u00e9rature de couleur corr\u00e9l\u00e9e (CCT) allant de 1800K \u00e0 6500K. Les bandes de LED de haute qualit\u00e9 avec une coh\u00e9rence MacAdam en 3 \u00e9tapes garantissent une apparence de couleur uniforme sur toute la ligne, m\u00eame dans les installations longues et continues.[\/vc_column_text][\/vc_column][vc_column width=\u00a0\u00bb1\/2&Prime;][vc_single_image image=\u00a0\u00bb122148&Prime; img_size=\u00a0\u00bb680&#215;400&Prime; onclick=\u00a0\u00bbimg_link_large\u00a0\u00bb img_link_target=\u00a0\u00bb_blank\u00a0\u00bb css=\u00a0\u00bb\u00a0\u00bb][\/vc_column][\/vc_row][vc_row full_width=\u00a0\u00bbstretch_row\u00a0\u00bb][vc_column][vc_empty_space height=\u00a0\u00bb20&Prime;][\/vc_column][\/vc_row][vc_row full_width=\u00a0\u00bbstretch_row\u00a0\u00bb css=\u00a0\u00bb.vc_custom_1769618466181{background-color: #f5f5f5 !important;}\u00a0\u00bb][vc_column][vc_empty_space height=\u00a0\u00bb40&Prime;][\/vc_column][\/vc_row][vc_row full_width=\u00a0\u00bbstretch_row\u00a0\u00bb gap=\u00a0\u00bb35&Prime; content_placement=\u00a0\u00bbmiddle\u00a0\u00bb css=\u00a0\u00bb.vc_custom_1769618460329{background-color: #f5f5f5 !important;}\u00a0\u00bb][vc_column width=\u00a0\u00bb1\/2&Prime;][vc_single_image image=\u00a0\u00bb120508&Prime; img_size=\u00a0\u00bbfull\u00a0\u00bb alignment=\u00a0\u00bbcenter\u00a0\u00bb css=\u00a0\u00bb\u00a0\u00bb][\/vc_column][vc_column width=\u00a0\u00bb1\/2&Prime;][vc_column_text css=\u00a0\u00bb\u00a0\u00bb]<\/p>\n<h2>Dessin technique<\/h2>\n<p>[\/vc_column_text][\/vc_column][\/vc_row][vc_row full_width=\u00a0\u00bbstretch_row\u00a0\u00bb css=\u00a0\u00bb.vc_custom_1769618475700{background-color: #f5f5f5 !important;}\u00a0\u00bb][vc_column][vc_empty_space height=\u00a0\u00bb20&Prime;][\/vc_column][\/vc_row]<\/p>\n<\/div>","protected":false},"excerpt":{"rendered":"<p>[vc_row gap=\u00a0\u00bb35&Prime;][vc_column width=\u00a0\u00bb1\/2&Prime;][vc_single_image image=\u00a0\u00bb122139&Prime; img_size=\u00a0\u00bb680&#215;400&Prime; onclick=\u00a0\u00bbimg_link_large\u00a0\u00bb img_link_target=\u00a0\u00bb_blank\u00a0\u00bb css=\u00a0\u00bb\u00a0\u00bb][\/vc_column][vc_column width=\u00a0\u00bb1\/2&Prime;][vc_column_text css=\u00a0\u00bb\u00a0\u00bb] Luminaire d&rsquo;ext\u00e9rieur ajustable L&rsquo;A058x est un luminaire ext\u00e9rieur lin\u00e9aire con\u00e7u pour les applications d&rsquo;\u00e9clairage architectural et paysager qui n\u00e9cessitent une direction pr\u00e9cise de la lumi\u00e8re et une esth\u00e9tique visuelle. Le luminaire est compos\u00e9 d&rsquo;un bo\u00eetier et d&rsquo;un insert, ce qui permet d&rsquo;obtenir diff\u00e9rentes g\u00e9om\u00e9tries d&rsquo;\u00e9clairage [&hellip;]<\/p>\n","protected":false},"author":15,"featured_media":122311,"parent":117312,"menu_order":6,"comment_status":"closed","ping_status":"closed","template":"tpl-product.php","meta":{"footnotes":""},"related":[212],"filter":[407,281,283,314,277,279,316,318,287,304,320,262,258,260,275,294,264,296,312],"acf":[],"aioseo_notices":[],"_links":{"self":[{"href":"https:\/\/www.holectron.com\/fr\/wp-json\/wp\/v2\/pages\/124521"}],"collection":[{"href":"https:\/\/www.holectron.com\/fr\/wp-json\/wp\/v2\/pages"}],"about":[{"href":"https:\/\/www.holectron.com\/fr\/wp-json\/wp\/v2\/types\/page"}],"author":[{"embeddable":true,"href":"https:\/\/www.holectron.com\/fr\/wp-json\/wp\/v2\/users\/15"}],"replies":[{"embeddable":true,"href":"https:\/\/www.holectron.com\/fr\/wp-json\/wp\/v2\/comments?post=124521"}],"version-history":[{"count":0,"href":"https:\/\/www.holectron.com\/fr\/wp-json\/wp\/v2\/pages\/124521\/revisions"}],"up":[{"embeddable":true,"href":"https:\/\/www.holectron.com\/fr\/wp-json\/wp\/v2\/pages\/117312"}],"wp:featuredmedia":[{"embeddable":true,"href":"https:\/\/www.holectron.com\/fr\/wp-json\/wp\/v2\/media\/122311"}],"wp:attachment":[{"href":"https:\/\/www.holectron.com\/fr\/wp-json\/wp\/v2\/media?parent=124521"}],"wp:term":[{"taxonomy":"related","embeddable":true,"href":"https:\/\/www.holectron.com\/fr\/wp-json\/wp\/v2\/related?post=124521"},{"taxonomy":"filter","embeddable":true,"href":"https:\/\/www.holectron.com\/fr\/wp-json\/wp\/v2\/filter?post=124521"}],"curies":[{"name":"wp","href":"https:\/\/api.w.org\/{rel}","templated":true}]}}