{"id":120187,"date":"2021-03-03T13:54:20","date_gmt":"2021-03-03T11:54:20","guid":{"rendered":"https:\/\/www.holectron.com\/produits\/flexible-a-lexterieur\/bandes-de-led-flexibles-pour-lexterieur\/aqua-white-tunable-white-rgb-rgbw\/aqua-white-bandes-lumineuses-led-flexibles-pour-lexterieur\/"},"modified":"2025-11-19T10:48:42","modified_gmt":"2025-11-19T08:48:42","slug":"aqua-white-bandes-lumineuses-led-flexibles-pour-lexterieur","status":"publish","type":"page","link":"https:\/\/www.holectron.com\/fr\/produits\/flexible-a-lexterieur\/bandes-de-led-flexibles-pour-lexterieur\/aqua-white-tunable-white-rgb-rgbw\/aqua-white-bandes-lumineuses-led-flexibles-pour-lexterieur\/","title":{"rendered":"Aqua White &#8211; Bandes lumineuses LED flexibles pour l&rsquo;ext\u00e9rieur"},"content":{"rendered":"<div class=\"wpb-content-wrapper\"><p>[vc_row][vc_column][vc_single_image source=\u00a0\u00bbexternal_link\u00a0\u00bb external_img_size=\u00a0\u00bb230&#215;26&Prime; css=\u00a0\u00bb.vc_custom_1716188154402{margin-bottom: 10px !important;border-bottom-width: 0px !important;padding-bottom: 0px !important;}\u00a0\u00bb custom_src=\u00a0\u00bbhttps:\/\/www.holectron.com\/wp-content\/uploads\/information-updates5.svg\u00a0\u00bb][vc_separator color=\u00a0\u00bbblack\u00a0\u00bb css=\u00a0\u00bb.vc_custom_1716187851480{margin-top: 0px !important;margin-bottom: 0px !important;border-top-width: 0px !important;border-bottom-width: 0px !important;padding-top: 0px !important;}\u00a0\u00bb][vc_tta_accordion section_title_tag=\u00a0\u00bbp\u00a0\u00bb shape=\u00a0\u00bbsquare\u00a0\u00bb spacing=\u00a0\u00bb1&Prime; c_icon=\u00a0\u00bbchevron\u00a0\u00bb active_section=\u00a0\u00bb50&Prime; no_fill=\u00a0\u00bbtrue\u00a0\u00bb collapsible_all=\u00a0\u00bbtrue\u00a0\u00bb css=\u00a0\u00bb.vc_custom_1721973217989{margin-top: 1px !important;border-top-width: 0px !important;padding-top: 0px !important;background-color: #f5f5f5 !important;}\u00a0\u00bb][vc_tta_section title=\u00a0\u00bb2024.05.17 | Aqua 48V &#8211; Longueur et flexibilit\u00e9 accrues pour vos projets\u00a0\u00bb tab_id=\u00a0\u00bb2024-05-17-aqua-48v47e2-ef24&Prime;][vc_row_inner content_placement=\u00a0\u00bbmiddle\u00a0\u00bb gap=\u00a0\u00bb30&Prime;][vc_column_inner width=\u00a0\u00bb1\/2&Prime;][vc_single_image image=\u00a0\u00bb97664&Prime; img_size=\u00a0\u00bb680&#215;400&Prime; alignment=\u00a0\u00bbcenter\u00a0\u00bb][\/vc_column_inner][vc_column_inner width=\u00a0\u00bb1\/2&Prime;][vc_column_text css=\u00a0\u00bb\u00a0\u00bb]<\/p>\n<h2>Aqua 48V<\/h2>\n<p>Nous avons le plaisir de vous annoncer le lancement de la nouvelle <strong>Aqua 48V<\/strong>, une version avanc\u00e9e de notre bande LED pour l&rsquo;ext\u00e9rieur. Le mod\u00e8le 48V peut d\u00e9sormais atteindre<strong> 28,5 m\u00e8tres de<\/strong> long sans perte de luminosit\u00e9, alors que le mod\u00e8le 24V n&rsquo;atteignait que 13 m\u00e8tres. Ce d\u00e9veloppement permet une couverture lumineuse plus importante et plus continue pour les environnements ext\u00e9rieurs \u00e9tendus, id\u00e9ale pour les grandes propri\u00e9t\u00e9s commerciales et les longues all\u00e9es.[\/vc_column_text][\/vc_column_inner][\/vc_row_inner][vc_separator][\/vc_tta_section][\/vc_tta_accordion][vc_empty_space height=\u00a0\u00bb40&Prime;][\/vc_column][\/vc_row][vc_row gap=\u00a0\u00bb30&Prime; content_placement=\u00a0\u00bbtop\u00a0\u00bb][vc_column width=\u00a0\u00bb1\/2&Prime;][vc_single_image image=\u00a0\u00bb97642&Prime; img_size=\u00a0\u00bb680&#215;400&Prime;][\/vc_column][vc_column width=\u00a0\u00bb1\/2&Prime;][vc_column_text]<\/p>\n<h2>Aqua 24V \/ 48V<\/h2>\n<p>&nbsp;<\/p>\n<p>Les bandes LED flexibles et \u00e9tanches AQUA White sont con\u00e7ues pour des applications d&rsquo;\u00e9clairage professionnel \u00e0 long terme et conviennent parfaitement \u00e0 l&rsquo;\u00e9clairage d\u00e9coratif lin\u00e9aire LED ext\u00e9rieur, \u00e0 l&rsquo;\u00e9clairage en corniche, aux applications incurv\u00e9es, \u00e0 l&rsquo;\u00e9clairage de bordures et \u00e0 bien d&rsquo;autres applications.<\/p>\n<p>Pour ces bandes LED flexibles \u00e9tanches IP67, nous utilisons des mat\u00e9riaux de la plus haute qualit\u00e9, des LED NICHIA du Japon, un syst\u00e8me de stabilisation du courant \u00e0 l&rsquo;int\u00e9rieur. Le bo\u00eetier n&rsquo;attire pas la poussi\u00e8re ou la salet\u00e9, il est facile \u00e0 nettoyer et r\u00e9siste parfaitement aux UV, ainsi qu&rsquo;au sel et aux solvants. <\/p>\n<p>Sa petite taille et son rayon de courbure, combin\u00e9s \u00e0 une conception robuste, en font un choix fiable et polyvalent \u00e0 long terme pour un \u00e9clairage ext\u00e9rieur cr\u00e9atif.<\/p>\n<p>Cette bande LED est disponible avec des LED MacAdam \u00e0 3 \u00e9tapes ou des LED Single Bin.[\/vc_column_text][vc_single_image source=\u00a0\u00bbexternal_link\u00a0\u00bb external_img_size=\u00a0\u00bb440&#215;33&Prime; custom_src=\u00a0\u00bbhttps:\/\/www.holectron.com\/wp-content\/uploads\/featured-ip67-c-1.svg\u00a0\u00bb][\/vc_column][\/vc_row][vc_row][vc_column][vc_empty_space height=\u00a0\u00bb60&Prime; el_id=\u00a0\u00bb1001&Prime;][\/vc_column][\/vc_row][vc_row full_width=\u00a0\u00bbstretch_row\u00a0\u00bb css=\u00a0\u00bb.vc_custom_1716188709015{background-color: #f5f5f5 !important;}\u00a0\u00bb][vc_column][vc_column_text]<\/p>\n<h2>Principaux avantages<\/h2>\n<p>&nbsp;<\/p>\n<p>\u25a0 Bande LED \u00e9tanche IP67<br \/>\n\u25a0 Pour les applications d&rsquo;\u00e9clairage ext\u00e9rieur<br \/>\n\u25a0 Entr\u00e9e de tension 24V &amp; 48V DC<br \/>\n\u25a0 LED MacAdam \u00e0 3 niveaux ou LED Single Bin<br \/>\n\u25a0 Bo\u00eetier transparent<br \/>\n\u25a0 R\u00e9sistant aux UV, au sel et aux solvants<br \/>\n\u25a0 Composants de haute qualit\u00e9, puces LED NICHIA<br \/>\n\u25a0 Conception \u00e0 courant stabilis\u00e9<br \/>\n\u25a0 Dimmable<br \/>\n\u25a0 Protection contre l&rsquo;inversion de tension[\/vc_column_text][vc_empty_space height=\u00a0\u00bb40&Prime;][\/vc_column][\/vc_row]<\/p>\n<\/div>","protected":false},"excerpt":{"rendered":"<p>[vc_row][vc_column][vc_single_image source=\u00a0\u00bbexternal_link\u00a0\u00bb external_img_size=\u00a0\u00bb230&#215;26&Prime; css=\u00a0\u00bb.vc_custom_1716188154402{margin-bottom: 10px !important;border-bottom-width: 0px !important;padding-bottom: 0px !important;}\u00a0\u00bb custom_src=\u00a0\u00bbhttps:\/\/www.holectron.com\/wp-content\/uploads\/information-updates5.svg\u00a0\u00bb][vc_separator color=\u00a0\u00bbblack\u00a0\u00bb css=\u00a0\u00bb.vc_custom_1716187851480{margin-top: 0px !important;margin-bottom: 0px !important;border-top-width: 0px !important;border-bottom-width: 0px !important;padding-top: 0px !important;}\u00a0\u00bb][vc_tta_accordion section_title_tag=\u00a0\u00bbp\u00a0\u00bb shape=\u00a0\u00bbsquare\u00a0\u00bb spacing=\u00a0\u00bb1&Prime; c_icon=\u00a0\u00bbchevron\u00a0\u00bb active_section=\u00a0\u00bb50&Prime; no_fill=\u00a0\u00bbtrue\u00a0\u00bb collapsible_all=\u00a0\u00bbtrue\u00a0\u00bb css=\u00a0\u00bb.vc_custom_1721973217989{margin-top: 1px !important;border-top-width: 0px !important;padding-top: 0px !important;background-color: #f5f5f5 !important;}\u00a0\u00bb][vc_tta_section title=\u00a0\u00bb2024.05.17 | Aqua 48V &#8211; Longueur et flexibilit\u00e9 accrues pour vos projets\u00a0\u00bb tab_id=\u00a0\u00bb2024-05-17-aqua-48v47e2-ef24&Prime;][vc_row_inner content_placement=\u00a0\u00bbmiddle\u00a0\u00bb gap=\u00a0\u00bb30&Prime;][vc_column_inner width=\u00a0\u00bb1\/2&Prime;][vc_single_image [&hellip;]<\/p>\n","protected":false},"author":15,"featured_media":120176,"parent":120169,"menu_order":0,"comment_status":"closed","ping_status":"closed","template":"tpl-product-led.php","meta":{"footnotes":""},"related":[121],"filter":[277,262,258,271,260,266],"acf":[],"aioseo_notices":[],"_links":{"self":[{"href":"https:\/\/www.holectron.com\/fr\/wp-json\/wp\/v2\/pages\/120187"}],"collection":[{"href":"https:\/\/www.holectron.com\/fr\/wp-json\/wp\/v2\/pages"}],"about":[{"href":"https:\/\/www.holectron.com\/fr\/wp-json\/wp\/v2\/types\/page"}],"author":[{"embeddable":true,"href":"https:\/\/www.holectron.com\/fr\/wp-json\/wp\/v2\/users\/15"}],"replies":[{"embeddable":true,"href":"https:\/\/www.holectron.com\/fr\/wp-json\/wp\/v2\/comments?post=120187"}],"version-history":[{"count":0,"href":"https:\/\/www.holectron.com\/fr\/wp-json\/wp\/v2\/pages\/120187\/revisions"}],"up":[{"embeddable":true,"href":"https:\/\/www.holectron.com\/fr\/wp-json\/wp\/v2\/pages\/120169"}],"wp:featuredmedia":[{"embeddable":true,"href":"https:\/\/www.holectron.com\/fr\/wp-json\/wp\/v2\/media\/120176"}],"wp:attachment":[{"href":"https:\/\/www.holectron.com\/fr\/wp-json\/wp\/v2\/media?parent=120187"}],"wp:term":[{"taxonomy":"related","embeddable":true,"href":"https:\/\/www.holectron.com\/fr\/wp-json\/wp\/v2\/related?post=120187"},{"taxonomy":"filter","embeddable":true,"href":"https:\/\/www.holectron.com\/fr\/wp-json\/wp\/v2\/filter?post=120187"}],"curies":[{"name":"wp","href":"https:\/\/api.w.org\/{rel}","templated":true}]}}