{"id":120184,"date":"2021-03-18T10:58:43","date_gmt":"2021-03-18T08:58:43","guid":{"rendered":"https:\/\/www.holectron.com\/produits\/flexible-a-lexterieur\/bandes-de-led-flexibles-pour-lexterieur\/aqua-white-tunable-white-rgb-rgbw\/bandes-lumineuses-led-aqua-rvbblanc-pour-lexterieur\/"},"modified":"2025-11-17T14:37:34","modified_gmt":"2025-11-17T12:37:34","slug":"bandes-lumineuses-led-aqua-rvbblanc-pour-lexterieur","status":"publish","type":"page","link":"https:\/\/www.holectron.com\/fr\/produits\/flexible-a-lexterieur\/bandes-de-led-flexibles-pour-lexterieur\/aqua-white-tunable-white-rgb-rgbw\/bandes-lumineuses-led-aqua-rvbblanc-pour-lexterieur\/","title":{"rendered":"Bandes lumineuses LED Aqua RVB+Blanc pour l&rsquo;ext\u00e9rieur"},"content":{"rendered":"<div class=\"wpb-content-wrapper\"><p>[vc_row gap=\u00a0\u00bb30&Prime;][vc_column width=\u00a0\u00bb1\/2&Prime;][vc_video link=\u00a0\u00bbhttps:\/\/www.youtube.com\/watch?v=4LNo2qFXdKg\u00a0\u00bb][\/vc_column][vc_column width=\u00a0\u00bb1\/2&Prime;][vc_column_text]Les bandes LED color\u00e9es AQUA RGB+White sont con\u00e7ues pour des applications d&rsquo;\u00e9clairage professionnel \u00e0 long terme et conviennent parfaitement \u00e0 l&rsquo;\u00e9clairage lin\u00e9aire d\u00e9coratif, \u00e0 l&rsquo;\u00e9clairage en corniche, aux applications incurv\u00e9es, \u00e0 l&rsquo;\u00e9clairage de bordures et \u00e0 bien d&rsquo;autres applications.<\/p>\n<p>Nos bandes lumineuses LED flexibles, \u00e9tanches et conformes \u00e0 la norme IP67, sont fabriqu\u00e9es \u00e0 l&rsquo;aide de mat\u00e9riaux de la plus haute qualit\u00e9, de LED NICHIA et d&rsquo;un syst\u00e8me de stabilisation du courant \u00e0 l&rsquo;int\u00e9rieur. Le bo\u00eetier n&rsquo;attire pas la poussi\u00e8re ou la salet\u00e9, il est facile \u00e0 nettoyer et r\u00e9siste parfaitement aux UV, ainsi qu&rsquo;au sel et aux solvants. <\/p>\n<p>Sa petite taille et son rayon de courbure, combin\u00e9s \u00e0 une conception robuste, en font un choix fiable et polyvalent \u00e0 long terme pour un \u00e9clairage ext\u00e9rieur cr\u00e9atif.<\/p>\n<p>Cette bande lumineuse flexible NICHIA IP67 pour l&rsquo;ext\u00e9rieur est disponible avec des LED MacAdam \u00e0 3 \u00e9tapes ou des LED Single Bin.<br \/>\n[\/vc_column_text][vc_single_image source=\u00a0\u00bbexternal_link\u00a0\u00bb external_img_size=\u00a0\u00bb440&#215;33&Prime; custom_src=\u00a0\u00bbhttps:\/\/www.holectron.com\/wp-content\/uploads\/featured-ip67-c-1.svg\u00a0\u00bb][\/vc_column][\/vc_row][vc_row][vc_column][vc_empty_space height=\u00a0\u00bb40&Prime;][vc_column_text]<\/p>\n<h2>Inspiration<\/h2>\n<p>[\/vc_column_text][\/vc_column][\/vc_row][vc_row gap=\u00a0\u00bb30&Prime;][vc_column width=\u00a0\u00bb1\/2&Prime;][vc_single_image image=\u00a0\u00bb56615&Prime; img_size=\u00a0\u00bb680&#215;400&Prime;][\/vc_column][vc_column width=\u00a0\u00bb1\/2&Prime;][vc_column_text]<\/p>\n<h2>\u00c9clairage du pont<\/h2>\n<p>&nbsp;<\/p>\n<p>La forme compacte, la grande durabilit\u00e9 et l&rsquo;installation simple rendent Aqua facile \u00e0 utiliser. Une bande LED IP67 capable de r\u00e9sister \u00e0 toutes les conditions m\u00e9t\u00e9orologiques. <\/p>\n<p><strong>Sp\u00e9cifications du produit :<\/strong> Aqua FL-56-14\/N4-850[\/vc_column_text][\/vc_column][\/vc_row][vc_row][vc_column][vc_empty_space height=\u00a0\u00bb40&Prime;][\/vc_column][\/vc_row][vc_row gap=\u00a0\u00bb30&Prime;][vc_column width=\u00a0\u00bb1\/2&Prime;][vc_column_text]<\/p>\n<h2>R\u00e9tro-\u00e9clairage<\/h2>\n<p>&nbsp;<\/p>\n<p>R\u00e9tro-\u00e9clair\u00e9 par une bande de LED Aqua, l&rsquo;affichage automobile fait tourner les t\u00eates en semblant flotter \u00e0 quelques centim\u00e8tres du sol.<\/p>\n<p><strong>Sp\u00e9cifications du produit :<\/strong> Aqua RGBW 14W 940 \/ Aqua RGB 11W[\/vc_column_text][\/vc_column][vc_column width=\u00a0\u00bb1\/2&Prime;][vc_single_image image=\u00a0\u00bb56241&Prime; img_size=\u00a0\u00bb680&#215;400&Prime;][\/vc_column][\/vc_row][vc_row][vc_column][vc_empty_space height=\u00a0\u00bb40&Prime;][\/vc_column][\/vc_row][vc_row gap=\u00a0\u00bb30&Prime;][vc_column width=\u00a0\u00bb1\/2&Prime;][vc_single_image image=\u00a0\u00bb56621&Prime; img_size=\u00a0\u00bb680&#215;400&Prime;][\/vc_column][vc_column width=\u00a0\u00bb1\/2&Prime;][vc_column_text]<\/p>\n<h2>Eclairage des yachts<\/h2>\n<p>&nbsp;<\/p>\n<p>Eclairage d\u00e9coratif pour bateaux &#8211; flexible et dynamique. Enti\u00e8rement encapsul\u00e9 pour \u00e9viter l&rsquo;humidit\u00e9. <\/p>\n<p><strong>Produit :<\/strong> Atlantis RGB \/ Aqua RGB[\/vc_column_text][\/vc_column][\/vc_row][vc_row][vc_column][vc_empty_space height=\u00a0\u00bb40&Prime;][\/vc_column][\/vc_row][vc_row gap=\u00a0\u00bb30&Prime;][vc_column width=\u00a0\u00bb1\/2&Prime;][vc_column_text]<\/p>\n<h2>\u00c9clairage de fa\u00e7ade<\/h2>\n<p>&nbsp;<\/p>\n<p>Une architecture complexe n\u00e9cessite un \u00e9clairage expressif. Les bandes LED Aqua et Atlantis facilitent cette t\u00e2che en suivant toutes les courbes et tous les virages. <\/p>\n<p><strong>Produit :<\/strong> Aqua \/ Atlantis 827[\/vc_column_text][\/vc_column][vc_column width=\u00a0\u00bb1\/2&Prime;][vc_single_image image=\u00a0\u00bb56624&Prime; img_size=\u00a0\u00bb680&#215;400&Prime; css=\u00a0\u00bb\u00a0\u00bb el_id=\u00a0\u00bb1001&Prime;][\/vc_column][\/vc_row]<\/p>\n<\/div>","protected":false},"excerpt":{"rendered":"<p>[vc_row gap=\u00a0\u00bb30&Prime;][vc_column width=\u00a0\u00bb1\/2&Prime;][vc_video link=\u00a0\u00bbhttps:\/\/www.youtube.com\/watch?v=4LNo2qFXdKg\u00a0\u00bb][\/vc_column][vc_column width=\u00a0\u00bb1\/2&Prime;][vc_column_text]Les bandes LED color\u00e9es AQUA RGB+White sont con\u00e7ues pour des applications d&rsquo;\u00e9clairage professionnel \u00e0 long terme et conviennent parfaitement \u00e0 l&rsquo;\u00e9clairage lin\u00e9aire d\u00e9coratif, \u00e0 l&rsquo;\u00e9clairage en corniche, aux applications incurv\u00e9es, \u00e0 l&rsquo;\u00e9clairage de bordures et \u00e0 bien d&rsquo;autres applications. Nos bandes lumineuses LED flexibles, \u00e9tanches et conformes \u00e0 la norme IP67, [&hellip;]<\/p>\n","protected":false},"author":15,"featured_media":120186,"parent":120169,"menu_order":3,"comment_status":"closed","ping_status":"closed","template":"tpl-product-led.php","meta":{"footnotes":""},"related":[121],"filter":[283,262,258,271,266],"acf":[],"aioseo_notices":[],"_links":{"self":[{"href":"https:\/\/www.holectron.com\/fr\/wp-json\/wp\/v2\/pages\/120184"}],"collection":[{"href":"https:\/\/www.holectron.com\/fr\/wp-json\/wp\/v2\/pages"}],"about":[{"href":"https:\/\/www.holectron.com\/fr\/wp-json\/wp\/v2\/types\/page"}],"author":[{"embeddable":true,"href":"https:\/\/www.holectron.com\/fr\/wp-json\/wp\/v2\/users\/15"}],"replies":[{"embeddable":true,"href":"https:\/\/www.holectron.com\/fr\/wp-json\/wp\/v2\/comments?post=120184"}],"version-history":[{"count":0,"href":"https:\/\/www.holectron.com\/fr\/wp-json\/wp\/v2\/pages\/120184\/revisions"}],"up":[{"embeddable":true,"href":"https:\/\/www.holectron.com\/fr\/wp-json\/wp\/v2\/pages\/120169"}],"wp:featuredmedia":[{"embeddable":true,"href":"https:\/\/www.holectron.com\/fr\/wp-json\/wp\/v2\/media\/120186"}],"wp:attachment":[{"href":"https:\/\/www.holectron.com\/fr\/wp-json\/wp\/v2\/media?parent=120184"}],"wp:term":[{"taxonomy":"related","embeddable":true,"href":"https:\/\/www.holectron.com\/fr\/wp-json\/wp\/v2\/related?post=120184"},{"taxonomy":"filter","embeddable":true,"href":"https:\/\/www.holectron.com\/fr\/wp-json\/wp\/v2\/filter?post=120184"}],"curies":[{"name":"wp","href":"https:\/\/api.w.org\/{rel}","templated":true}]}}