{"id":120181,"date":"2021-03-03T17:08:06","date_gmt":"2021-03-03T15:08:06","guid":{"rendered":"https:\/\/www.holectron.com\/produits\/flexible-a-lexterieur\/bandes-de-led-flexibles-pour-lexterieur\/aqua-white-tunable-white-rgb-rgbw\/bandes-lumineuses-led-flexibles-aqua-rgb-pour-lexterieur\/"},"modified":"2025-11-17T14:50:40","modified_gmt":"2025-11-17T12:50:40","slug":"bandes-lumineuses-led-flexibles-aqua-rgb-pour-lexterieur","status":"publish","type":"page","link":"https:\/\/www.holectron.com\/fr\/produits\/flexible-a-lexterieur\/bandes-de-led-flexibles-pour-lexterieur\/aqua-white-tunable-white-rgb-rgbw\/bandes-lumineuses-led-flexibles-aqua-rgb-pour-lexterieur\/","title":{"rendered":"Bandes lumineuses LED flexibles Aqua RVB pour l&rsquo;ext\u00e9rieur"},"content":{"rendered":"<div class=\"wpb-content-wrapper\"><p>[vc_row gap=\u00a0\u00bb30&Prime;][vc_column][vc_column_text]Les bandes LED color\u00e9es AQUA RGB flexibles et \u00e9tanches sont con\u00e7ues pour des applications d&rsquo;\u00e9clairage professionnel \u00e0 long terme et conviennent parfaitement \u00e0 l&rsquo;\u00e9clairage d\u00e9coratif lin\u00e9aire ext\u00e9rieur, \u00e0 l&rsquo;\u00e9clairage en corniche, aux applications incurv\u00e9es, \u00e0 l&rsquo;\u00e9clairage de bordures et \u00e0 bien d&rsquo;autres applications.<\/p>\n<p>Nos bandes lumineuses LED flexibles, \u00e9tanches et conformes \u00e0 la norme IP67, sont fabriqu\u00e9es \u00e0 l&rsquo;aide de mat\u00e9riaux de la plus haute qualit\u00e9, de LED NICHIA et d&rsquo;un syst\u00e8me de stabilisation du courant \u00e0 l&rsquo;int\u00e9rieur. Le bo\u00eetier n&rsquo;attire pas la poussi\u00e8re ou la salet\u00e9, il est facile \u00e0 nettoyer et r\u00e9siste parfaitement aux UV, ainsi qu&rsquo;au sel et aux solvants. <\/p>\n<p>Sa petite taille et son rayon de courbure, combin\u00e9s \u00e0 une conception robuste, en font un choix fiable et polyvalent \u00e0 long terme pour un \u00e9clairage ext\u00e9rieur cr\u00e9atif.<\/p>\n<p>Cette bande lumineuse flexible NICHIA IP67 pour l&rsquo;ext\u00e9rieur est disponible avec des LED MacAdam \u00e0 3 \u00e9tapes ou des LED Single Bin.<br \/>\n[\/vc_column_text][vc_single_image source=\u00a0\u00bbexternal_link\u00a0\u00bb external_img_size=\u00a0\u00bb440&#215;33&Prime; custom_src=\u00a0\u00bbhttps:\/\/www.holectron.com\/wp-content\/uploads\/featured-ip67-c-1.svg\u00a0\u00bb][\/vc_column][\/vc_row]<\/p>\n<\/div>","protected":false},"excerpt":{"rendered":"<p>[vc_row gap=\u00a0\u00bb30&Prime;][vc_column][vc_column_text]Les bandes LED color\u00e9es AQUA RGB flexibles et \u00e9tanches sont con\u00e7ues pour des applications d&rsquo;\u00e9clairage professionnel \u00e0 long terme et conviennent parfaitement \u00e0 l&rsquo;\u00e9clairage d\u00e9coratif lin\u00e9aire ext\u00e9rieur, \u00e0 l&rsquo;\u00e9clairage en corniche, aux applications incurv\u00e9es, \u00e0 l&rsquo;\u00e9clairage de bordures et \u00e0 bien d&rsquo;autres applications. Nos bandes lumineuses LED flexibles, \u00e9tanches et conformes \u00e0 la norme [&hellip;]<\/p>\n","protected":false},"author":15,"featured_media":120183,"parent":120169,"menu_order":2,"comment_status":"closed","ping_status":"closed","template":"tpl-product-led.php","meta":{"footnotes":""},"related":[121],"filter":[281,262,258,271,266],"acf":[],"aioseo_notices":[],"_links":{"self":[{"href":"https:\/\/www.holectron.com\/fr\/wp-json\/wp\/v2\/pages\/120181"}],"collection":[{"href":"https:\/\/www.holectron.com\/fr\/wp-json\/wp\/v2\/pages"}],"about":[{"href":"https:\/\/www.holectron.com\/fr\/wp-json\/wp\/v2\/types\/page"}],"author":[{"embeddable":true,"href":"https:\/\/www.holectron.com\/fr\/wp-json\/wp\/v2\/users\/15"}],"replies":[{"embeddable":true,"href":"https:\/\/www.holectron.com\/fr\/wp-json\/wp\/v2\/comments?post=120181"}],"version-history":[{"count":0,"href":"https:\/\/www.holectron.com\/fr\/wp-json\/wp\/v2\/pages\/120181\/revisions"}],"up":[{"embeddable":true,"href":"https:\/\/www.holectron.com\/fr\/wp-json\/wp\/v2\/pages\/120169"}],"wp:featuredmedia":[{"embeddable":true,"href":"https:\/\/www.holectron.com\/fr\/wp-json\/wp\/v2\/media\/120183"}],"wp:attachment":[{"href":"https:\/\/www.holectron.com\/fr\/wp-json\/wp\/v2\/media?parent=120181"}],"wp:term":[{"taxonomy":"related","embeddable":true,"href":"https:\/\/www.holectron.com\/fr\/wp-json\/wp\/v2\/related?post=120181"},{"taxonomy":"filter","embeddable":true,"href":"https:\/\/www.holectron.com\/fr\/wp-json\/wp\/v2\/filter?post=120181"}],"curies":[{"name":"wp","href":"https:\/\/api.w.org\/{rel}","templated":true}]}}