{"id":120177,"date":"2019-06-28T14:52:10","date_gmt":"2019-06-28T12:52:10","guid":{"rendered":"https:\/\/www.holectron.com\/produits\/flexible-a-lexterieur\/bandes-de-led-flexibles-pour-lexterieur\/aqua-white-tunable-white-rgb-rgbw\/aqua-tunable-white-outdoor-flexible-led-strips-bandes-lumineuses-flexibles-blanches-pour-lexterieur\/"},"modified":"2025-11-17T14:24:59","modified_gmt":"2025-11-17T12:24:59","slug":"aqua-tunable-white-outdoor-flexible-led-strips-bandes-lumineuses-flexibles-blanches-pour-lexterieur","status":"publish","type":"page","link":"https:\/\/www.holectron.com\/fr\/produits\/flexible-a-lexterieur\/bandes-de-led-flexibles-pour-lexterieur\/aqua-white-tunable-white-rgb-rgbw\/aqua-tunable-white-outdoor-flexible-led-strips-bandes-lumineuses-flexibles-blanches-pour-lexterieur\/","title":{"rendered":"Aqua Tunable White Outdoor Flexible LED Strips (bandes lumineuses flexibles blanches pour l&rsquo;ext\u00e9rieur)"},"content":{"rendered":"<div class=\"wpb-content-wrapper\"><p>[vc_row gap=\u00a0\u00bb30&Prime; content_placement=\u00a0\u00bbtop\u00a0\u00bb][vc_column width=\u00a0\u00bb1\/2&Prime;][vc_single_image image=\u00a0\u00bb86355&Prime; img_size=\u00a0\u00bb680&#215;400&Prime;][\/vc_column][vc_column width=\u00a0\u00bb1\/2&Prime;][vc_column_text]Les bandes LED blanches flexibles et \u00e9tanches AQUA Tunable sont con\u00e7ues pour des applications d&rsquo;\u00e9clairage professionnel \u00e0 long terme et conviennent parfaitement \u00e0 l&rsquo;\u00e9clairage lin\u00e9aire d\u00e9coratif, \u00e0 l&rsquo;\u00e9clairage en corniche, aux applications incurv\u00e9es, \u00e0 l&rsquo;\u00e9clairage de bordures et \u00e0 bien d&rsquo;autres applications.<\/p>\n<p>Pour ces bandes LED flexibles \u00e9tanches IP67, nous utilisons des mat\u00e9riaux de la plus haute qualit\u00e9, des LED NICHIA du Japon, un syst\u00e8me de stabilisation du courant \u00e0 l&rsquo;int\u00e9rieur. Le bo\u00eetier n&rsquo;attire pas la poussi\u00e8re ou la salet\u00e9, il est facile \u00e0 nettoyer et r\u00e9siste parfaitement aux UV, ainsi qu&rsquo;au sel et aux solvants. <\/p>\n<p>Sa petite taille et son rayon de courbure, combin\u00e9s \u00e0 une conception robuste, en font un choix fiable et polyvalent \u00e0 long terme pour un \u00e9clairage ext\u00e9rieur cr\u00e9atif.<\/p>\n<p>Les bandes LED blanches accordables permettent d&rsquo;ajuster la chaleur de la lumi\u00e8re sur la plage sp\u00e9cifi\u00e9e. En utilisant des modules compl\u00e9mentaires et des applications, ces bandes LED peuvent \u00eatre programm\u00e9es pour modifier la chaleur de la lumi\u00e8re en fonction de l&rsquo;heure de la journ\u00e9e, de la saison, du temps ou de tout autre param\u00e8tre auquel vous pouvez penser. <\/p>\n<p>Cette bande lumineuse flexible IP67 pour l&rsquo;ext\u00e9rieur est disponible avec des LED MacAdam \u00e0 3 \u00e9tapes ou des LED Single Bin.<br \/>\n[\/vc_column_text][vc_single_image source=\u00a0\u00bbexternal_link\u00a0\u00bb external_img_size=\u00a0\u00bb440&#215;33&Prime; custom_src=\u00a0\u00bbhttps:\/\/www.holectron.com\/wp-content\/uploads\/featured-ip67-c-1.svg\u00a0\u00bb][\/vc_column][\/vc_row]<\/p>\n<\/div>","protected":false},"excerpt":{"rendered":"<p>[vc_row gap=\u00a0\u00bb30&Prime; content_placement=\u00a0\u00bbtop\u00a0\u00bb][vc_column width=\u00a0\u00bb1\/2&Prime;][vc_single_image image=\u00a0\u00bb86355&Prime; img_size=\u00a0\u00bb680&#215;400&Prime;][\/vc_column][vc_column width=\u00a0\u00bb1\/2&Prime;][vc_column_text]Les bandes LED blanches flexibles et \u00e9tanches AQUA Tunable sont con\u00e7ues pour des applications d&rsquo;\u00e9clairage professionnel \u00e0 long terme et conviennent parfaitement \u00e0 l&rsquo;\u00e9clairage lin\u00e9aire d\u00e9coratif, \u00e0 l&rsquo;\u00e9clairage en corniche, aux applications incurv\u00e9es, \u00e0 l&rsquo;\u00e9clairage de bordures et \u00e0 bien d&rsquo;autres applications. Pour ces bandes LED flexibles \u00e9tanches IP67, [&hellip;]<\/p>\n","protected":false},"author":15,"featured_media":120180,"parent":120169,"menu_order":1,"comment_status":"closed","ping_status":"closed","template":"tpl-product-led.php","meta":{"footnotes":""},"related":[121],"filter":[279,262,258,271,266],"acf":[],"aioseo_notices":[],"_links":{"self":[{"href":"https:\/\/www.holectron.com\/fr\/wp-json\/wp\/v2\/pages\/120177"}],"collection":[{"href":"https:\/\/www.holectron.com\/fr\/wp-json\/wp\/v2\/pages"}],"about":[{"href":"https:\/\/www.holectron.com\/fr\/wp-json\/wp\/v2\/types\/page"}],"author":[{"embeddable":true,"href":"https:\/\/www.holectron.com\/fr\/wp-json\/wp\/v2\/users\/15"}],"replies":[{"embeddable":true,"href":"https:\/\/www.holectron.com\/fr\/wp-json\/wp\/v2\/comments?post=120177"}],"version-history":[{"count":0,"href":"https:\/\/www.holectron.com\/fr\/wp-json\/wp\/v2\/pages\/120177\/revisions"}],"up":[{"embeddable":true,"href":"https:\/\/www.holectron.com\/fr\/wp-json\/wp\/v2\/pages\/120169"}],"wp:featuredmedia":[{"embeddable":true,"href":"https:\/\/www.holectron.com\/fr\/wp-json\/wp\/v2\/media\/120180"}],"wp:attachment":[{"href":"https:\/\/www.holectron.com\/fr\/wp-json\/wp\/v2\/media?parent=120177"}],"wp:term":[{"taxonomy":"related","embeddable":true,"href":"https:\/\/www.holectron.com\/fr\/wp-json\/wp\/v2\/related?post=120177"},{"taxonomy":"filter","embeddable":true,"href":"https:\/\/www.holectron.com\/fr\/wp-json\/wp\/v2\/filter?post=120177"}],"curies":[{"name":"wp","href":"https:\/\/api.w.org\/{rel}","templated":true}]}}