{"id":120033,"date":"2025-11-14T17:24:34","date_gmt":"2025-11-14T15:24:34","guid":{"rendered":"https:\/\/www.holectron.com\/?page_id=120033"},"modified":"2026-03-18T08:35:51","modified_gmt":"2026-03-18T06:35:51","slug":"a055x","status":"publish","type":"page","link":"https:\/\/www.holectron.com\/fr\/produits\/luminaires-a-profil-interieur\/surface\/a055x\/","title":{"rendered":"A055x Fixture"},"content":{"rendered":"<div class=\"wpb-content-wrapper\"><p>[vc_row gap=\u00a0\u00bb35&Prime;][vc_column width=\u00a0\u00bb1\/2&Prime;][vc_single_image image=\u00a0\u00bb120416&Prime; img_size=\u00a0\u00bbfull\u00a0\u00bb onclick=\u00a0\u00bbimg_link_large\u00a0\u00bb img_link_target=\u00a0\u00bb_blank\u00a0\u00bb css=\u00a0\u00bb\u00a0\u00bb][\/vc_column][vc_column width=\u00a0\u00bb1\/2&Prime;][vc_column_text css=\u00a0\u00bb\u00a0\u00bb]<\/p>\n<h2>Une lumi\u00e8re subtile, un impact fort<\/h2>\n<p>L&rsquo;A055x est un profil\u00e9 en aluminium mince et gracieux, mont\u00e9 en surface, con\u00e7u pour les applications int\u00e9rieures o\u00f9 la lumi\u00e8re fait partie int\u00e9grante de l&rsquo;architecture. Pas d&rsquo;exc\u00e8s. Pas de bruit. Juste un \u00e9clairage raffin\u00e9 qui met en valeur tout ce qu&rsquo;il touche. Consid\u00e9rez-le comme l&rsquo;\u00e9quivalent d&rsquo;un murmure, subtil mais inoubliable. Il peut d\u00e9limiter un couloir, encadrer un mur ou accentuer des textures.     <\/p>\n<p>Disponible dans les spectres de lumi\u00e8re blanche 2000K-6500K[\/vc_column_text][vc_single_image source=\u00a0\u00bbexternal_link\u00a0\u00bb external_img_size=\u00a0\u00bb380&#215;33&Prime; css=\u00a0\u00bb\u00a0\u00bb custom_src=\u00a0\u00bbhttps:\/\/www.holectron.com\/wp-content\/uploads\/features-with-etl-1.svg\u00a0\u00bb][\/vc_column][\/vc_row][vc_row gap=\u00a0\u00bb35&Prime;][vc_column offset=\u00a0\u00bbvc_hidden-lg vc_hidden-md vc_hidden-sm vc_hidden-xs\u00a0\u00bb][vc_raw_html css=\u00a0\u00bb\u00a0\u00bb]PHN0eWxlPgouYnV0dG9uLW91dGxpbmUgewogIGRpc3BsYXk6IGlubGluZS1ibG9jazsKICB0ZXh0LWRlY29yYXRpb246IG5vbmU7CiAgZm9udC1zaXplOiAxOHB4OwogIGZvbnQtd2VpZ2h0OiA1MDA7CiAgY29sb3I6ICMzMzk5Y2M7CiAgYm9yZGVyOiAycHggc29saWQgIzMzOTljYzsKICBwYWRkaW5nOiAxMHB4IDI0cHg7CiAgYm9yZGVyLXJhZGl1czogOHB4OwogIGJhY2tncm91bmQtY29sb3I6IHRyYW5zcGFyZW50OwogIGJveC1zaXppbmc6IGJvcmRlci1ib3g7CiAgdHJhbnNpdGlvbjogYWxsIDAuM3MgZWFzZTsKICB0ZXh0LWFsaWduOiBjZW50ZXI7Cn0KLmJ1dHRvbi1vdXRsaW5lOmhvdmVyIHsKICBiYWNrZ3JvdW5kLWNvbG9yOiAjYzhlYWZhOwogIGNvbG9yOiAjMzM5OWNjOwp9Cjwvc3R5bGU+Cgo8YSBjbGFzcz0iYnV0dG9uLW91dGxpbmUiIGhyZWY9Imh0dHBzOi8vd3d3LmhvbGVjdHJvbi5jb20vd3AtY29udGVudC91cGxvYWRzL0EwMDVNLVNQRUNJRklDQVRJT04tU0hFRVQtUFJPRklMRS1GSVhUVVJFUy1IT0xFQ1RST04tMjAyNS0wOC0yNS5wZGYiIHRhcmdldD0iX2JsYW5rIiByZWw9Im5vb3BlbmVyIj4KICBGaWNoZSB0ZWNobmlxdWUgIgo8L2E+[\/vc_raw_html][\/vc_column][\/vc_row][vc_row full_width=\u00a0\u00bbstretch_row\u00a0\u00bb][vc_column][vc_empty_space height=\u00a0\u00bb20&Prime;][\/vc_column][\/vc_row][vc_row gap=\u00a0\u00bb35&Prime;][vc_column width=\u00a0\u00bb1\/2&Prime;][vc_column_text css=\u00a0\u00bb\u00a0\u00bb]<\/p>\n<h2>Le ma\u00eetre de l&rsquo;intelligence tranquille<\/h2>\n<p>L&rsquo;A055x est plus qu&rsquo;un simple luminaire. C&rsquo;est un outil pour les concepteurs en qu\u00eate de flexibilit\u00e9 et d&rsquo;\u00e9l\u00e9gance. <\/p>\n<p><strong>Caract\u00e9ristiques principales :<\/strong><\/p>\n<p>Profil ultra-mince pour une esth\u00e9tique \u00e9pur\u00e9e et moderne<br \/>\nCompatible avec les types de lumi\u00e8re : Blanc<br \/>\nParfait pour un \u00e9clairage d\u00e9coratif ou d&rsquo;ambiance<br \/>\nUniformit\u00e9 des couleurs impeccable (MacAdam en 3 \u00e9tapes)<br \/>\nProfil\u00e9 en aluminium de haute qualit\u00e9<br \/>\nId\u00e9al pour les int\u00e9rieurs r\u00e9sidentiels et commerciaux[\/vc_column_text][\/vc_column][vc_column width=\u00a0\u00bb1\/2&Prime;][vc_single_image image=\u00a0\u00bb120401&Prime; img_size=\u00a0\u00bbfull\u00a0\u00bb onclick=\u00a0\u00bbimg_link_large\u00a0\u00bb img_link_target=\u00a0\u00bb_blank\u00a0\u00bb css=\u00a0\u00bb\u00a0\u00bb][\/vc_column][\/vc_row][vc_row full_width=\u00a0\u00bbstretch_row\u00a0\u00bb css=\u00a0\u00bb.vc_custom_1746016585710{background-color: #f5f5f5 !important;}\u00a0\u00bb][vc_column][vc_empty_space height=\u00a0\u00bb20&Prime;][\/vc_column][\/vc_row][vc_row full_width=\u00a0\u00bbstretch_row\u00a0\u00bb gap=\u00a0\u00bb35&Prime; content_placement=\u00a0\u00bbmiddle\u00a0\u00bb css=\u00a0\u00bb.vc_custom_1756123961013{background-color: #f5f5f5 !important;}\u00a0\u00bb][vc_column width=\u00a0\u00bb1\/2&Prime;][vc_single_image image=\u00a0\u00bb126527&Prime; img_size=\u00a0\u00bbfull\u00a0\u00bb alignment=\u00a0\u00bbcenter\u00a0\u00bb onclick=\u00a0\u00bbimg_link_large\u00a0\u00bb img_link_target=\u00a0\u00bb_blank\u00a0\u00bb css=\u00a0\u00bb\u00a0\u00bb][\/vc_column][vc_column width=\u00a0\u00bb1\/2&Prime;][vc_column_text css=\u00a0\u00bb\u00a0\u00bb]<\/p>\n<h2>Dessin technique<\/h2>\n<p>[\/vc_column_text][\/vc_column][\/vc_row][vc_row full_width=\u00a0\u00bbstretch_row\u00a0\u00bb css=\u00a0\u00bb.vc_custom_1746016585710{background-color: #f5f5f5 !important;}\u00a0\u00bb][vc_column][vc_empty_space height=\u00a0\u00bb20&Prime; el_id=\u00a0\u00bb0002&Prime;][\/vc_column][\/vc_row]<\/p>\n<\/div>","protected":false},"excerpt":{"rendered":"<p>[vc_row gap=\u00a0\u00bb35&Prime;][vc_column width=\u00a0\u00bb1\/2&Prime;][vc_single_image image=\u00a0\u00bb120416&Prime; img_size=\u00a0\u00bbfull\u00a0\u00bb onclick=\u00a0\u00bbimg_link_large\u00a0\u00bb img_link_target=\u00a0\u00bb_blank\u00a0\u00bb css=\u00a0\u00bb\u00a0\u00bb][\/vc_column][vc_column width=\u00a0\u00bb1\/2&Prime;][vc_column_text css=\u00a0\u00bb\u00a0\u00bb] Une lumi\u00e8re subtile, un impact fort L&rsquo;A055x est un profil\u00e9 en aluminium mince et gracieux, mont\u00e9 en surface, con\u00e7u pour les applications int\u00e9rieures o\u00f9 la lumi\u00e8re fait partie int\u00e9grante de l&rsquo;architecture. Pas d&rsquo;exc\u00e8s. Pas de bruit. Juste un \u00e9clairage raffin\u00e9 qui met en valeur tout [&hellip;]<\/p>\n","protected":false},"author":15,"featured_media":120423,"parent":117312,"menu_order":5,"comment_status":"closed","ping_status":"closed","template":"tpl-product.php","meta":{"footnotes":""},"related":[408],"filter":[407,254,314,277,300,316,318,262,258,289,260,275,264],"acf":[],"aioseo_notices":[],"_links":{"self":[{"href":"https:\/\/www.holectron.com\/fr\/wp-json\/wp\/v2\/pages\/120033"}],"collection":[{"href":"https:\/\/www.holectron.com\/fr\/wp-json\/wp\/v2\/pages"}],"about":[{"href":"https:\/\/www.holectron.com\/fr\/wp-json\/wp\/v2\/types\/page"}],"author":[{"embeddable":true,"href":"https:\/\/www.holectron.com\/fr\/wp-json\/wp\/v2\/users\/15"}],"replies":[{"embeddable":true,"href":"https:\/\/www.holectron.com\/fr\/wp-json\/wp\/v2\/comments?post=120033"}],"version-history":[{"count":0,"href":"https:\/\/www.holectron.com\/fr\/wp-json\/wp\/v2\/pages\/120033\/revisions"}],"up":[{"embeddable":true,"href":"https:\/\/www.holectron.com\/fr\/wp-json\/wp\/v2\/pages\/117312"}],"wp:featuredmedia":[{"embeddable":true,"href":"https:\/\/www.holectron.com\/fr\/wp-json\/wp\/v2\/media\/120423"}],"wp:attachment":[{"href":"https:\/\/www.holectron.com\/fr\/wp-json\/wp\/v2\/media?parent=120033"}],"wp:term":[{"taxonomy":"related","embeddable":true,"href":"https:\/\/www.holectron.com\/fr\/wp-json\/wp\/v2\/related?post=120033"},{"taxonomy":"filter","embeddable":true,"href":"https:\/\/www.holectron.com\/fr\/wp-json\/wp\/v2\/filter?post=120033"}],"curies":[{"name":"wp","href":"https:\/\/api.w.org\/{rel}","templated":true}]}}