{"id":118604,"date":"2016-08-02T19:15:01","date_gmt":"2016-08-02T17:15:01","guid":{"rendered":"https:\/\/www.holectron.com\/a-propos-de-nous\/"},"modified":"2025-10-17T14:47:23","modified_gmt":"2025-10-17T12:47:23","slug":"a-propos-de-nous","status":"publish","type":"page","link":"https:\/\/www.holectron.com\/fr\/a-propos-de-nous\/","title":{"rendered":"A propos de nous"},"content":{"rendered":"<div class=\"wpb-content-wrapper\"><p>[vc_row content_placement=\u00a0\u00bbtop\u00a0\u00bb css=\u00a0\u00bb.vc_custom_1715777265025{margin-left: 0px !important;border-left-width: 0px !important;padding-left: 0px !important;}\u00a0\u00bb][vc_column][vc_tta_tour section_title_tag=\u00a0\u00bbh2&Prime; shape=\u00a0\u00bbsquare\u00a0\u00bb color=\u00a0\u00bbwhite\u00a0\u00bb spacing=\u00a0\u00bb\u00a0\u00bb gap=\u00a0\u00bb10&Prime; controls_size=\u00a0\u00bbsm\u00a0\u00bb active_section=\u00a0\u00bb1&Prime; no_fill_content_area=\u00a0\u00bbtrue\u00a0\u00bb][vc_tta_section title=\u00a0\u00bbA propos de nous\u00a0\u00bb tab_id=\u00a0\u00bbabout-us-tabs\u00a0\u00bb][vc_row_inner][vc_column_inner][vc_column_text]<\/p>\n<h1>A propos de nous<\/h1>\n<p>[\/vc_column_text][\/vc_column_inner][\/vc_row_inner][vc_row_inner content_placement=\u00a0\u00bbtop\u00a0\u00bb gap=\u00a0\u00bb30&Prime;][vc_column_inner width=\u00a0\u00bb1\/2&Prime;][vc_column_text]Holectron, situ\u00e9 \u00e0 Vilnius, en Lituanie, poss\u00e8de une usine o\u00f9 sont fabriqu\u00e9s des bandes de LED, des sources lumineuses et divers luminaires pour des applications int\u00e9rieures et ext\u00e9rieures. La nouvelle installation de 2000 m\u00b2 comprend une zone de production, un bureau moderne \u00e9clair\u00e9 par l&rsquo;homme, un entrep\u00f4t, ainsi qu&rsquo;un laboratoire de photom\u00e9trie et d&rsquo;essais. <\/p>\n<p>&nbsp;<\/p>\n<p>Notre \u00e9quipe compte jusqu&rsquo;\u00e0 80 ouvriers, y compris les services de R&amp;D, de vente et d&rsquo;administration. En tant qu&rsquo;\u00e9quipe, nous partageons une mission et une vision qui nous poussent \u00e0 rechercher la perfection. <\/p>\n<p>&nbsp;<\/p>\n<p><strong>Mission :<\/strong> \u00c9clairer un chemin durable entre l&rsquo;homme et l&rsquo;environnement gr\u00e2ce \u00e0 la qualit\u00e9 de la lumi\u00e8re.<\/p>\n<p>&nbsp;<\/p>\n<p><strong>Notre vision : <\/strong>Cr\u00e9er et d\u00e9velopper des produits d&rsquo;\u00e9clairage LED de haute qualit\u00e9 et de longue dur\u00e9e qui vont au-del\u00e0 d&rsquo;une approche fonctionnelle et offrent une plus grande efficacit\u00e9 dans les b\u00e2timents et les espaces centr\u00e9s sur l&rsquo;homme dans le monde entier.<\/p>\n<p>&nbsp;<\/p>\n<p>Chez Holectron, nous nous effor\u00e7ons d&rsquo;\u00eatre flexibles sur tout, sauf sur la qualit\u00e9. Nous travaillons sans rel\u00e2che pour adapter nos processus de production aux derni\u00e8res tendances de la technologie LED.[\/vc_column_text][\/vc_column_inner][vc_column_inner width=\u00a0\u00bb1\/2&Prime;][vc_column_text]Cela signifie que nous compl\u00e9tons et am\u00e9liorons constamment notre gamme de produits. Cette approche nous permet d&rsquo;innover et de changer constamment, mais ce qui ne change jamais, c&rsquo;est notre engagement in\u00e9branlable en faveur de la qualit\u00e9. Nous sommes toujours pr\u00eats \u00e0 nous am\u00e9liorer. Nous respectons toujours les normes de qualit\u00e9 les plus strictes de l&rsquo;UE. Telles sont les normes que nous promettons \u00e0 nos clients et que nous nous imposons chaque jour. L&rsquo;ensemble de nos activit\u00e9s de d\u00e9veloppement et de production sont g\u00e9r\u00e9es en interne, \u00e0 notre si\u00e8ge de Vilnius, en Lituanie.     <\/p>\n<p>&nbsp;<\/p>\n<p>Cela nous permet de garantir que seuls des produits LED de la plus haute qualit\u00e9 sont livr\u00e9s \u00e0 nos clients du monde entier. Nous utilisons en interne les \u00e9quipements les plus avanc\u00e9s de pr\u00e9l\u00e8vement et de placement SMT, d&rsquo;assemblage automatique, de traitement des m\u00e9taux et de d\u00e9coupe CNC, ainsi qu&rsquo;une station d&rsquo;herm\u00e9tisation des produits pour fabriquer des produits LED avec une pr\u00e9cision extr\u00eame. Chaque produit est soumis \u00e0 des tests d&rsquo;utilisation intensive avant de quitter l&rsquo;usine. C&rsquo;est pourquoi nous sommes en mesure d&rsquo;offrir une garantie de 5 ans sur tous nos produits.   <\/p>\n<p>&nbsp;<\/p>\n<p>Gr\u00e2ce \u00e0 notre engagement en faveur de la qualit\u00e9, vous n&rsquo;avez qu&rsquo;\u00e0 vous demander lequel de nos produits correspond le mieux \u00e0 votre projet. Et si vous ne trouvez pas le produit qui vous convient, vous pouvez le personnaliser. Quel que soit votre choix, notre \u00e9quipe exp\u00e9riment\u00e9e est \u00e0 votre disposition pour vous aider \u00e0 chaque \u00e9tape de votre projet, avec des calculs et des recommandations sp\u00e9cifiques.[\/vc_column_text][\/vc_column_inner][\/vc_row_inner][\/vc_tta_section][vc_tta_section title=\u00a0\u00bbConditions g\u00e9n\u00e9rales d&apos;utilisation\u00a0\u00bb tab_id=\u00a0\u00bbterms-conditions\u00a0\u00bb][vc_row_inner gap=\u00a0\u00bb30&Prime;][vc_column_inner][vc_column_text css=\u00a0\u00bb\u00a0\u00bb]<\/p>\n<h2 style=\"text-align: left;\">Conditions g\u00e9n\u00e9rales d&rsquo;utilisation<\/h2>\n<p><strong>Garantie<\/strong><\/p>\n<p>HOLECTRON garantit que chaque produit est exempt de tout d\u00e9faut de mat\u00e9riaux et de fabrication qui emp\u00eache le produit de fonctionner conform\u00e9ment aux sp\u00e9cifications publi\u00e9es par HOLECTRON pour ce produit, telles qu&rsquo;elles sont en vigueur \u00e0 la date d&rsquo;exp\u00e9dition. La garantie susmentionn\u00e9e est valable pendant cinq (5) ans \u00e0 compter de la date d&rsquo;exp\u00e9dition. La pr\u00e9sente garantie couvre le luminaire \u00e0 DEL, et non le circuit d&rsquo;attaque \u00e0 DEL. Ce dernier fait l&rsquo;objet d&rsquo;une garantie distincte. Des p\u00e9riodes de garantie suppl\u00e9mentaires sont disponibles au moment de l&rsquo;achat ; veuillez consulter l&rsquo;usine pour plus d&rsquo;informations. Si un produit ne fonctionne pas conform\u00e9ment \u00e0 la pr\u00e9sente garantie, HOLECTRON, \u00e0 sa discr\u00e9tion, r\u00e9parera ou remplacera le produit ou la partie d\u00e9fectueuse de celui-ci, ou cr\u00e9ditera l&rsquo;acheteur du prix d&rsquo;achat. En raison des conditions m\u00e9t\u00e9orologiques, la d\u00e9coloration des finitions est normale et n&rsquo;est pas garantie. HOLECTRON, \u00e0 sa seule discr\u00e9tion, remplacera tout produit garanti ou tout composant d&rsquo;un produit garanti. Les d\u00e9lais standard s&rsquo;appliquent \u00e0 tous les remplacements ; toutefois, HOLECTRON fera tout son possible pour exp\u00e9dier le produit dans les meilleurs d\u00e9lais. Les produits de remplacement seront exp\u00e9di\u00e9s par voie terrestre ou par fret standard. HOLECTRON couvrira les frais d&rsquo;exp\u00e9dition des produits ou des composants garantis. HOLECTRON n&rsquo;est pas responsable en vertu de la pr\u00e9sente garantie \u00e0 moins qu&rsquo;elle ne soit avis\u00e9e par \u00e9crit d\u00e8s que l&rsquo;acheteur a d\u00e9couvert le d\u00e9faut et que les articles d\u00e9fectueux soient retourn\u00e9s \u00e0 HOLECTRON, port pay\u00e9, et re\u00e7us par HOLECTRON au plus tard dix (10) jours apr\u00e8s la d\u00e9couverte d&rsquo;un probl\u00e8me de garantie et au plus tard \u00e0 l&rsquo;expiration de la p\u00e9riode de garantie. Cette garantie ne s&rsquo;applique pas aux d\u00e9fauts ou aux d\u00e9faillances r\u00e9sultant d&rsquo;une mauvaise application, d&rsquo;une mauvaise installation, d&rsquo;un mauvais fonctionnement, d&rsquo;un abus ou d&rsquo;une contamination, interne ou externe, et ne s&rsquo;applique que lorsque le produit a \u00e9t\u00e9 correctement c\u00e2bl\u00e9, install\u00e9 et utilis\u00e9 dans le respect des valeurs \u00e9lectriques, des plages de fonctionnement et des conditions environnementales indiqu\u00e9es dans les sp\u00e9cifications ou les instructions d&rsquo;installation du produit en question.            <\/p>\n<p>La responsabilit\u00e9 de HOLECTRON en mati\u00e8re de garantie se limite au remplacement des produits d\u00e9fectueux. HOLECTRON n&rsquo;est pas responsable des co\u00fbts de main-d&rsquo;\u0153uvre associ\u00e9s aux r\u00e9clamations au titre de la garantie, ni des dommages accessoires ou indirects. Sauf accord \u00e9crit de HOLECTRON, cette garantie ne s&rsquo;applique pas aux produits fabriqu\u00e9s par HOLECTRON selon les plans ou les sp\u00e9cifications de l&rsquo;acheteur, et aucune garantie n&rsquo;est accord\u00e9e pour ces produits non standard. La pr\u00e9sente garantie sera annul\u00e9e si des r\u00e9parations ou des modifications non autoris\u00e9es par \u00e9crit par HOLECTRON sont apport\u00e9es au produit par quiconque. En ce qui concerne les produits vendus \u00e0 l&rsquo;acheteur par HOLECTRON, mais qui ne portent pas le nom ou la marque secondaire de HOLECTRON (y compris, sans s&rsquo;y limiter, les lampes, les syst\u00e8mes de contr\u00f4le, les ballasts, les pilotes et autres produits), HOLECTRON ne donne aucune garantie, expresse ou implicite, y compris, sans s&rsquo;y limiter, toute garantie de qualit\u00e9 marchande ou d&rsquo;adaptation \u00e0 un usage particulier, mais elle mettra \u00e0 la disposition de l&rsquo;acheteur, sur demande, mais seulement dans la mesure permise par la loi et le produit en question, un exemplaire de la pr\u00e9sente garantie. Si HOLECTRON choisit de remplacer le produit et n&rsquo;est pas en mesure de le faire parce qu&rsquo;il a \u00e9t\u00e9 abandonn\u00e9 ou n&rsquo;est pas disponible, HOLECTRON peut le remplacer par un produit comparable.[\/vc_column_text][\/vc_column_inner][\/vc_row_inner][vc_row_inner gap=\u00a0\u00bb30&Prime;][vc_column_inner width=\u00a0\u00bb1\/2&Prime;][vc_column_text css=\u00a0\u00bb\u00a0\u00bb]<strong>Limitation de la responsabilit\u00e9  <\/strong><\/p>\n<p>Toutes les ventes sont soumises aux conditions g\u00e9n\u00e9rales de HOLECTRON, y compris celles de la politique de responsabilit\u00e9 limit\u00e9e. HOLECTRON ne peut en aucun cas \u00eatre tenu responsable de dommages sp\u00e9ciaux, accessoires, indirects ou compensatoires, r\u00e9sultant notamment de la perte d&rsquo;utilisation, de la perte de revenus, de la perte de b\u00e9n\u00e9fices, de la perte d&rsquo;affaires ou de la perte de client\u00e8le, en rapport avec la vente, l&rsquo;utilisation, la non-livraison ou la livraison de ses produits, ou en d\u00e9coulant. HOLECTRON ne peut en aucun cas \u00eatre tenu responsable de circonstances ou de dommages sp\u00e9ciaux ou indirects.[\/vc_column_text][vc_column_text css=\u00a0\u00bb\u00a0\u00bb]<strong>Retours et r\u00e9approvisionnement<\/strong><br \/>\nTous nos produits \u00e9tant fabriqu\u00e9s sur mesure, nous n&rsquo;acceptons en aucun cas les retours. Cela inclut les articles dont la couleur du corps, la forme ou d&rsquo;autres propri\u00e9t\u00e9s sont personnalis\u00e9es. Une fois la commande pass\u00e9e, elle ne peut \u00eatre modifi\u00e9e, annul\u00e9e ou retourn\u00e9e sans l&rsquo;autorisation \u00e9crite pr\u00e9alable de HOLECTRON.  <\/p>\n<p>Nous encourageons les clients \u00e0 lire attentivement les d\u00e9tails de leur commande avant de proc\u00e9der \u00e0 l&rsquo;achat. Si vous avez des questions sur le produit, veuillez nous contacter avant de confirmer votre commande.[\/vc_column_text][vc_column_text css=\u00a0\u00bb\u00a0\u00bb]<strong>Dommages et manques<\/strong><br \/>\nIl incombe au client d&rsquo;informer HOLECTRON de tout dommage ou manque dissimul\u00e9 dans un d\u00e9lai d&rsquo;un (1) jour ouvrable \u00e0 compter de la r\u00e9ception. Les r\u00e9clamations pour dommages devront faire l&rsquo;objet d&rsquo;une confirmation \u00e9crite et\/ou d&rsquo;une photographie. Si le client a choisi de faire exp\u00e9dier sa commande par le transporteur de son choix, HOLECTRON ne peut \u00eatre tenue responsable de tout dommage. Au moment de la r\u00e9ception, il incombe au client de signaler au transporteur tout dommage visible \u00e0 l&#8217;emballage et de le faire noter par le transporteur sur les documents de r\u00e9ception. Les d\u00e9lais de livraison standard s&rsquo;appliquent \u00e0 tous les remplacements ; toutefois, HOLECTRON s&rsquo;efforcera d&rsquo;exp\u00e9dier les produits dans les meilleurs d\u00e9lais. Les remplacements seront exp\u00e9di\u00e9s par voie terrestre ou par fret standard. Les articles personnalis\u00e9s doivent \u00eatre pay\u00e9s int\u00e9gralement \u00e0 chaque commande et ne sont pas retournables. Les articles personnalis\u00e9s comprennent les produits finis avec une couleur personnalis\u00e9e.[\/vc_column_text][\/vc_column_inner][vc_column_inner width=\u00a0\u00bb1\/2&Prime;][vc_column_text css=\u00a0\u00bb\u00a0\u00bb]<strong>D\u00e9lai de livraison et d&rsquo;exp\u00e9dition<\/strong><br \/>\nLe d\u00e9lai de livraison est mesur\u00e9 en jours entre l&rsquo;envoi de la confirmation de commande \u00e0 l&rsquo;acheteur et la pr\u00e9paration des marchandises pour l&rsquo;exp\u00e9dition. Le d\u00e9lai de livraison fourni par HOLECTRON est une estimation et peut changer en raison de facteurs internes et\/ou externes, c&rsquo;est pourquoi il n&rsquo;y a pas de garantie de d\u00e9lai exact. Le d\u00e9lai moyen est de quatre \u00e0 six (4-6) semaines. Le client peut se mettre d&rsquo;accord avec HOLECRON sur les d\u00e9lais d&rsquo;ex\u00e9cution et de livraison avant de passer commande. Tous les articles sont exp\u00e9di\u00e9s par voie terrestre ou par fret standard et les d\u00e9lais d&rsquo;acheminement d\u00e9pendent de la proximit\u00e9 de la destination par rapport \u00e0 HOLECRON. Les d\u00e9lais d&rsquo;acheminement sont g\u00e9n\u00e9ralement de 1 \u00e0 7 jours ouvrables. HOLECTRON ne peut pas garantir les d\u00e9lais de livraison et n&rsquo;est pas responsable des retards, y compris des retards dus aux conditions m\u00e9t\u00e9orologiques. Un service de livraison le lendemain ou acc\u00e9l\u00e9r\u00e9 est disponible ; contactez votre repr\u00e9sentant HOLECTRON local pour plus d&rsquo;informations.[\/vc_column_text][vc_column_text css=\u00a0\u00bb\u00a0\u00bb]<strong>Force Majeure<\/strong><br \/>\nHOLECTRON et l&rsquo;Acheteur ne sont pas responsables l&rsquo;un envers l&rsquo;autre d&rsquo;un retard ou d&rsquo;un manquement \u00e0 leurs obligations dans la mesure o\u00f9 le retard ou le manquement est d\u00fb \u00e0 un \u00e9v\u00e9nement ind\u00e9pendant de leur volont\u00e9 et sans faute ou n\u00e9gligence, y compris les catastrophes naturelles, les inondations, les incendies, les temp\u00eates, les tremblements de terre, les guerres, les sabotages ou les actions d&rsquo;une autorit\u00e9 gouvernementale. La partie affect\u00e9e en informera rapidement l&rsquo;autre partie. Les gr\u00e8ves, les conflits du travail et l&rsquo;impossibilit\u00e9 pour le vendeur d&rsquo;obtenir des mati\u00e8res premi\u00e8res ne constituent pas des cas de force majeure.[\/vc_column_text][vc_column_text css=\u00a0\u00bb\u00a0\u00bb]<strong>Droit applicable, lieu de juridiction, divers<\/strong><br \/>\nToutes les r\u00e9clamations et tous les litiges relatifs aux obligations ou aux relations entre HOLECTRON et l&rsquo;acheteur sont r\u00e9gis par le droit lituanien, \u00e0 l&rsquo;exclusion de la Convention des Nations Unies sur les contrats de vente internationale de marchandises.[\/vc_column_text][\/vc_column_inner][\/vc_row_inner][\/vc_tta_section][\/vc_tta_tour][\/vc_column][\/vc_row][vc_row][vc_column offset=\u00a0\u00bbvc_hidden-lg vc_hidden-md vc_hidden-sm vc_hidden-xs\u00a0\u00bb][vc_column_text]<\/p>\n<h1>A propos de nous<\/h1>\n<p>[\/vc_column_text][\/vc_column][\/vc_row][vc_row][vc_column width=\u00a0\u00bb1\/2&Prime; offset=\u00a0\u00bbvc_hidden-lg vc_hidden-md vc_hidden-sm vc_hidden-xs\u00a0\u00bb][vc_column_text]Holectron, situ\u00e9 \u00e0 Vilnius, en Lituanie, poss\u00e8de une usine o\u00f9 sont fabriqu\u00e9s des bandes de LED, des sources lumineuses et divers luminaires pour des applications int\u00e9rieures et ext\u00e9rieures. La nouvelle installation de 2000 m\u00b2 comprend une zone de production, un bureau moderne \u00e9clair\u00e9 par l&rsquo;homme, un entrep\u00f4t, ainsi qu&rsquo;un laboratoire de photom\u00e9trie et d&rsquo;essais. <\/p>\n<p>&nbsp;<\/p>\n<p>Notre \u00e9quipe compte jusqu&rsquo;\u00e0 80 ouvriers, y compris les services de R&amp;D, de vente et d&rsquo;administration. En tant qu&rsquo;\u00e9quipe, nous partageons une mission et une vision qui nous poussent \u00e0 rechercher la perfection. <\/p>\n<p>&nbsp;<\/p>\n<p><strong>Mission :<\/strong> \u00c9clairer un chemin durable entre l&rsquo;homme et l&rsquo;environnement gr\u00e2ce \u00e0 la qualit\u00e9 de la lumi\u00e8re.<\/p>\n<p>&nbsp;<\/p>\n<p><strong>Notre vision : <\/strong>Cr\u00e9er et d\u00e9velopper des produits d&rsquo;\u00e9clairage LED de haute qualit\u00e9 et de longue dur\u00e9e qui vont au-del\u00e0 d&rsquo;une approche fonctionnelle et offrent une plus grande efficacit\u00e9 dans les b\u00e2timents et les espaces centr\u00e9s sur l&rsquo;homme dans le monde entier.<\/p>\n<p>&nbsp;<\/p>\n<p>Chez Holectron, nous nous effor\u00e7ons d&rsquo;\u00eatre flexibles sur tout, sauf sur la qualit\u00e9. Nous travaillons sans rel\u00e2che pour adapter nos processus de production aux derni\u00e8res tendances de la technologie LED.[\/vc_column_text][\/vc_column][vc_column width=\u00a0\u00bb1\/2&Prime; offset=\u00a0\u00bbvc_hidden-lg vc_hidden-md vc_hidden-sm vc_hidden-xs\u00a0\u00bb][vc_column_text]Cela signifie que nous compl\u00e9tons et am\u00e9liorons constamment notre gamme de produits. Cette approche nous permet d&rsquo;innover et de changer constamment, mais ce qui ne change jamais, c&rsquo;est notre engagement in\u00e9branlable en faveur de la qualit\u00e9. Nous sommes toujours pr\u00eats \u00e0 nous am\u00e9liorer. Nous respectons toujours les normes de qualit\u00e9 les plus strictes de l&rsquo;UE. Telles sont les normes que nous promettons \u00e0 nos clients et que nous nous imposons chaque jour. L&rsquo;ensemble de nos activit\u00e9s de d\u00e9veloppement et de production sont g\u00e9r\u00e9es en interne, \u00e0 notre si\u00e8ge de Vilnius, en Lituanie.     <\/p>\n<p>&nbsp;<\/p>\n<p>Cela nous permet de garantir que seuls des produits LED de la plus haute qualit\u00e9 sont livr\u00e9s \u00e0 nos clients du monde entier. Nous utilisons en interne les \u00e9quipements les plus avanc\u00e9s de pr\u00e9l\u00e8vement et de placement SMT, d&rsquo;assemblage automatique, de traitement des m\u00e9taux et de d\u00e9coupe CNC, ainsi qu&rsquo;une station d&rsquo;herm\u00e9tisation des produits pour fabriquer des produits LED avec une pr\u00e9cision extr\u00eame. Chaque produit est soumis \u00e0 des tests d&rsquo;utilisation intensive avant de quitter l&rsquo;usine. C&rsquo;est pourquoi nous sommes en mesure d&rsquo;offrir une garantie de 5 ans sur tous nos produits.   <\/p>\n<p>&nbsp;<\/p>\n<p>Gr\u00e2ce \u00e0 notre engagement en faveur de la qualit\u00e9, vous n&rsquo;avez qu&rsquo;\u00e0 vous demander lequel de nos produits correspond le mieux \u00e0 votre projet. Et si vous ne trouvez pas le produit qui vous convient, vous pouvez le personnaliser. Quel que soit votre choix, notre \u00e9quipe exp\u00e9riment\u00e9e est \u00e0 votre disposition pour vous aider \u00e0 chaque \u00e9tape de votre projet, avec des calculs et des recommandations sp\u00e9cifiques.[\/vc_column_text][\/vc_column][\/vc_row]<\/p>\n<\/div>","protected":false},"excerpt":{"rendered":"<p>[vc_row content_placement=\u00a0\u00bbtop\u00a0\u00bb css=\u00a0\u00bb.vc_custom_1715777265025{margin-left: 0px !important;border-left-width: 0px !important;padding-left: 0px !important;}\u00a0\u00bb][vc_column][vc_tta_tour section_title_tag=\u00a0\u00bbh2&Prime; shape=\u00a0\u00bbsquare\u00a0\u00bb color=\u00a0\u00bbwhite\u00a0\u00bb spacing=\u00a0\u00bb\u00a0\u00bb gap=\u00a0\u00bb10&Prime; controls_size=\u00a0\u00bbsm\u00a0\u00bb active_section=\u00a0\u00bb1&Prime; no_fill_content_area=\u00a0\u00bbtrue\u00a0\u00bb][vc_tta_section title=\u00a0\u00bbA propos de nous\u00a0\u00bb tab_id=\u00a0\u00bbabout-us-tabs\u00a0\u00bb][vc_row_inner][vc_column_inner][vc_column_text] A propos de nous [\/vc_column_text][\/vc_column_inner][\/vc_row_inner][vc_row_inner content_placement=\u00a0\u00bbtop\u00a0\u00bb gap=\u00a0\u00bb30&Prime;][vc_column_inner width=\u00a0\u00bb1\/2&Prime;][vc_column_text]Holectron, situ\u00e9 \u00e0 Vilnius, en Lituanie, poss\u00e8de une usine o\u00f9 sont fabriqu\u00e9s des bandes de LED, des sources lumineuses et divers luminaires pour des applications int\u00e9rieures [&hellip;]<\/p>\n","protected":false},"author":4,"featured_media":0,"parent":0,"menu_order":2,"comment_status":"closed","ping_status":"closed","template":"","meta":{"footnotes":""},"related":[],"filter":[],"acf":[],"aioseo_notices":[],"_links":{"self":[{"href":"https:\/\/www.holectron.com\/fr\/wp-json\/wp\/v2\/pages\/118604"}],"collection":[{"href":"https:\/\/www.holectron.com\/fr\/wp-json\/wp\/v2\/pages"}],"about":[{"href":"https:\/\/www.holectron.com\/fr\/wp-json\/wp\/v2\/types\/page"}],"author":[{"embeddable":true,"href":"https:\/\/www.holectron.com\/fr\/wp-json\/wp\/v2\/users\/4"}],"replies":[{"embeddable":true,"href":"https:\/\/www.holectron.com\/fr\/wp-json\/wp\/v2\/comments?post=118604"}],"version-history":[{"count":0,"href":"https:\/\/www.holectron.com\/fr\/wp-json\/wp\/v2\/pages\/118604\/revisions"}],"wp:attachment":[{"href":"https:\/\/www.holectron.com\/fr\/wp-json\/wp\/v2\/media?parent=118604"}],"wp:term":[{"taxonomy":"related","embeddable":true,"href":"https:\/\/www.holectron.com\/fr\/wp-json\/wp\/v2\/related?post=118604"},{"taxonomy":"filter","embeddable":true,"href":"https:\/\/www.holectron.com\/fr\/wp-json\/wp\/v2\/filter?post=118604"}],"curies":[{"name":"wp","href":"https:\/\/api.w.org\/{rel}","templated":true}]}}