{"id":118599,"date":"2016-08-02T19:15:10","date_gmt":"2016-08-02T17:15:10","guid":{"rendered":"https:\/\/www.holectron.com\/contacts\/"},"modified":"2026-02-13T08:42:56","modified_gmt":"2026-02-13T06:42:56","slug":"contacts","status":"publish","type":"page","link":"https:\/\/www.holectron.com\/fr\/contacts\/","title":{"rendered":"Contacts"},"content":{"rendered":"<div class=\"wpb-content-wrapper\"><p>[vc_row gap=\u00a0\u00bb30&Prime;][vc_column width=\u00a0\u00bb1\/4&Prime;][vc_column_text css=\u00a0\u00bb.vc_custom_1481712841254{margin-top: 0px !important;margin-right: 0px !important;margin-bottom: 0px !important;margin-left: 0px !important;border-top-width: 0px !important;border-right-width: 0px !important;border-bottom-width: 0px !important;border-left-width: 0px !important;padding-top: 0px !important;padding-right: 0px !important;padding-bottom: 15px !important;padding-left: 0px !important;}\u00a0\u00bb]<\/p>\n<h1>Contactez nous<\/h1>\n<p>[\/vc_column_text][vc_column_text css=\u00a0\u00bb.vc_custom_1705583361098{margin-top: 0px !important;margin-right: 0px !important;margin-bottom: 0px !important;margin-left: 0px !important;padding-top: 0px !important;padding-right: 0px !important;padding-bottom: 0px !important;padding-left: 0px !important;}\u00a0\u00bb]<\/p>\n<h3>HOLECTRON<\/h3>\n<p>Salininku str. 84, 02223 Vilnius<br \/>\nLituanie<br \/>\nT\u00e9l\u00e9phone : <a href=\"t\u00e9l :\">+370 612 42446<\/a><br \/>\nEmail : <a href=\"mailto:info@holectron.com\">info@holectron.com<\/a><br \/>\n<a href=\"http:\/\/www.holectron.com\/\">www.holectron.com<\/a><\/p>\n<p>&nbsp;<\/p>\n<h3>HOLECTRON USA<\/h3>\n<p>T\u00e9l\u00e9phone : <a href=\"tel:\">+370 636 50772<\/a><br \/>\nEmail\u00a0: <a href=\"mailto:info.usa@holectron.com\">eu.n@holectron.com<\/a><\/p>\n<p>&nbsp;<\/p>\n<h3>HOLECTRON CANADA<\/h3>\n<p>T\u00e9l\u00e9phone : <a href=\"tel:\">+370 636 50772<\/a><br \/>\nEmail : <a href=\"mailto:info.usa@holectron.com\">eu.n@holectron.com<\/a><\/p>\n<p>&nbsp;<\/p>\n<h3>HOLECTRON EUROPE<\/h3>\n<p>T\u00e9l\u00e9phone : <a href=\"tel:\">+370 622 22199<\/a><br \/>\nEmail : <a href=\"mailto:info@holectron.com\">info@holectron.com<\/a><\/p>\n<p>&nbsp;<\/p>\n<h3>HOLECTRON UK<\/h3>\n<p>T\u00e9l\u00e9phone : <a href=\"t\u00e9l :\">+370 622 22199<\/a><br \/>\nEmail : <a href=\"mailto:info@holectron.com\">info@holectron.com<\/a><\/p>\n<p>&nbsp;<\/p>\n<h3>HOLECTRON MIDDLE EAST<\/h3>\n<p>T\u00e9l\u00e9phone : <a href=\"t\u00e9l :\">+20 100 6760544<\/a><br \/>\nEmail : <a href=\"mailto:info@holectron.com\">info@holectron.com<\/a>[\/vc_column_text][\/vc_column][vc_column width=\u00a0\u00bb3\/4&Prime; css=\u00a0\u00bb.vc_custom_1470750349407{padding-bottom: 50px !important;}\u00a0\u00bb][vc_single_image image=\u00a0\u00bb1670&Prime; img_size=\u00a0\u00bbfull\u00a0\u00bb alignment=\u00a0\u00bbcenter\u00a0\u00bb][vc_row_inner gap=\u00a0\u00bb30&Prime;][vc_column_inner width=\u00a0\u00bb1\/2&Prime;][\/vc_column_inner][vc_column_inner width=\u00a0\u00bb1\/2&Prime;][vc_column_text]<\/p>\n<h2>Rejoignez notre \u00e9quipe !<\/h2>\n<p>Nous recherchons un repr\u00e9sentant commercial exp\u00e9riment\u00e9 pour diff\u00e9rentes r\u00e9gions du monde. Si vous \u00eates pr\u00eat \u00e0 relever des d\u00e9fis et \u00e0 mettre en \u0153uvre la strat\u00e9gie d&rsquo;expansion de notre entreprise, nous vous invitons \u00e0 rejoindre notre \u00e9quipe de professionnels.<\/p>\n<p>&nbsp;<\/p>\n<p>Veuillez nous envoyer une pr\u00e9sentation et une copie de votre CV \u00e0 l&rsquo;adresse suivante :<\/p>\n<p>cv@holectron.com[\/vc_column_text][\/vc_column_inner][\/vc_row_inner][\/vc_column][\/vc_row]<\/p>\n<\/div>","protected":false},"excerpt":{"rendered":"<p>[vc_row gap=\u00a0\u00bb30&Prime;][vc_column width=\u00a0\u00bb1\/4&Prime;][vc_column_text css=\u00a0\u00bb.vc_custom_1481712841254{margin-top: 0px !important;margin-right: 0px !important;margin-bottom: 0px !important;margin-left: 0px !important;border-top-width: 0px !important;border-right-width: 0px !important;border-bottom-width: 0px !important;border-left-width: 0px !important;padding-top: 0px !important;padding-right: 0px !important;padding-bottom: 15px !important;padding-left: 0px !important;}\u00a0\u00bb] Contactez nous [\/vc_column_text][vc_column_text css=\u00a0\u00bb.vc_custom_1705583361098{margin-top: 0px !important;margin-right: 0px !important;margin-bottom: 0px !important;margin-left: 0px !important;padding-top: 0px !important;padding-right: 0px !important;padding-bottom: 0px !important;padding-left: 0px !important;}\u00a0\u00bb] HOLECTRON Salininku str. 84, 02223 Vilnius Lituanie [&hellip;]<\/p>\n","protected":false},"author":4,"featured_media":0,"parent":0,"menu_order":6,"comment_status":"closed","ping_status":"closed","template":"","meta":{"footnotes":""},"related":[],"filter":[],"acf":[],"aioseo_notices":[],"_links":{"self":[{"href":"https:\/\/www.holectron.com\/fr\/wp-json\/wp\/v2\/pages\/118599"}],"collection":[{"href":"https:\/\/www.holectron.com\/fr\/wp-json\/wp\/v2\/pages"}],"about":[{"href":"https:\/\/www.holectron.com\/fr\/wp-json\/wp\/v2\/types\/page"}],"author":[{"embeddable":true,"href":"https:\/\/www.holectron.com\/fr\/wp-json\/wp\/v2\/users\/4"}],"replies":[{"embeddable":true,"href":"https:\/\/www.holectron.com\/fr\/wp-json\/wp\/v2\/comments?post=118599"}],"version-history":[{"count":0,"href":"https:\/\/www.holectron.com\/fr\/wp-json\/wp\/v2\/pages\/118599\/revisions"}],"wp:attachment":[{"href":"https:\/\/www.holectron.com\/fr\/wp-json\/wp\/v2\/media?parent=118599"}],"wp:term":[{"taxonomy":"related","embeddable":true,"href":"https:\/\/www.holectron.com\/fr\/wp-json\/wp\/v2\/related?post=118599"},{"taxonomy":"filter","embeddable":true,"href":"https:\/\/www.holectron.com\/fr\/wp-json\/wp\/v2\/filter?post=118599"}],"curies":[{"name":"wp","href":"https:\/\/api.w.org\/{rel}","templated":true}]}}