{"id":118560,"date":"2024-10-11T09:36:10","date_gmt":"2024-10-11T07:36:10","guid":{"rendered":"https:\/\/www.holectron.com\/carriere\/"},"modified":"2025-10-17T14:47:11","modified_gmt":"2025-10-17T12:47:11","slug":"carriere","status":"publish","type":"page","link":"https:\/\/www.holectron.com\/fr\/carriere\/","title":{"rendered":"Carri\u00e8re"},"content":{"rendered":"<div class=\"wpb-content-wrapper\"><p>[vc_row gap=\u00a0\u00bb30&Prime;][vc_column width=\u00a0\u00bb1\/2&Prime;][vc_single_image image=\u00a0\u00bb102318&Prime; img_size=\u00a0\u00bb680&#215;400&Prime; css=\u00a0\u00bb\u00a0\u00bb][\/vc_column][vc_column width=\u00a0\u00bb1\/2&Prime;][vc_column_text css=\u00a0\u00bb\u00a0\u00bb]<\/p>\n<h2>Agents de vente recherch\u00e9s<\/h2>\n<p>[\/vc_column_text][vc_column_text css=\u00a0\u00bb\u00a0\u00bb]<strong>Opportunit\u00e9 d&rsquo;affaires : Agent de vente ind\u00e9pendant<\/strong><\/p>\n<p>Nous recherchons des agents commerciaux dynamiques et motiv\u00e9s pour promouvoir la marque Holectron. Les candidats id\u00e9aux contribueront \u00e0 faire conna\u00eetre nos solutions d&rsquo;\u00e9clairage innovantes en pr\u00e9sentant Holectron aux concepteurs d&rsquo;\u00e9clairage, aux prescripteurs et aux architectes. <\/p>\n<p><strong>Principales responsabilit\u00e9s :<\/strong><\/p>\n<p>&#8211; Promouvoir la marque Holectron au sein de l&rsquo;industrie de l&rsquo;\u00e9clairage.<br \/>\n&#8211; \u00c9tablir des relations avec les concepteurs d&rsquo;\u00e9clairage, les prescripteurs et les architectes.<br \/>\n&#8211; Participez \u00e0 des projets locaux et internationaux.<br \/>\n&#8211; \u00c9laborer des strat\u00e9gies pour \u00e9tendre la pr\u00e9sence de la marque sur le march\u00e9.<\/p>\n<p><strong>Qualifications :<\/strong><br \/>\n&#8211; Exp\u00e9rience dans la vente et le d\u00e9veloppement commercial, en particulier dans l&rsquo;industrie de l&rsquo;\u00e9clairage ou du design.<br \/>\n&#8211; Solides comp\u00e9tences en mati\u00e8re de communication et de r\u00e9seautage.<br \/>\n&#8211; Autonome et soucieux d&rsquo;atteindre et de d\u00e9passer les objectifs fix\u00e9s.<\/p>\n<p>&nbsp;<\/p>\n<p>Veuillez envoyer votre proposition ou votre CV \u00e0 <strong>info@holectron.com<\/strong>[\/vc_column_text][\/vc_column][\/vc_row]<\/p>\n<\/div>","protected":false},"excerpt":{"rendered":"<p>[vc_row gap=\u00a0\u00bb30&Prime;][vc_column width=\u00a0\u00bb1\/2&Prime;][vc_single_image image=\u00a0\u00bb102318&Prime; img_size=\u00a0\u00bb680&#215;400&Prime; css=\u00a0\u00bb\u00a0\u00bb][\/vc_column][vc_column width=\u00a0\u00bb1\/2&Prime;][vc_column_text css=\u00a0\u00bb\u00a0\u00bb] Agents de vente recherch\u00e9s [\/vc_column_text][vc_column_text css=\u00a0\u00bb\u00a0\u00bb]Opportunit\u00e9 d&rsquo;affaires : Agent de vente ind\u00e9pendant Nous recherchons des agents commerciaux dynamiques et motiv\u00e9s pour promouvoir la marque Holectron. Les candidats id\u00e9aux contribueront \u00e0 faire conna\u00eetre nos solutions d&rsquo;\u00e9clairage innovantes en pr\u00e9sentant Holectron aux concepteurs d&rsquo;\u00e9clairage, aux prescripteurs et aux architectes. [&hellip;]<\/p>\n","protected":false},"author":16,"featured_media":0,"parent":0,"menu_order":3,"comment_status":"closed","ping_status":"closed","template":"","meta":{"footnotes":""},"related":[],"filter":[],"acf":[],"aioseo_notices":[],"_links":{"self":[{"href":"https:\/\/www.holectron.com\/fr\/wp-json\/wp\/v2\/pages\/118560"}],"collection":[{"href":"https:\/\/www.holectron.com\/fr\/wp-json\/wp\/v2\/pages"}],"about":[{"href":"https:\/\/www.holectron.com\/fr\/wp-json\/wp\/v2\/types\/page"}],"author":[{"embeddable":true,"href":"https:\/\/www.holectron.com\/fr\/wp-json\/wp\/v2\/users\/16"}],"replies":[{"embeddable":true,"href":"https:\/\/www.holectron.com\/fr\/wp-json\/wp\/v2\/comments?post=118560"}],"version-history":[{"count":0,"href":"https:\/\/www.holectron.com\/fr\/wp-json\/wp\/v2\/pages\/118560\/revisions"}],"wp:attachment":[{"href":"https:\/\/www.holectron.com\/fr\/wp-json\/wp\/v2\/media?parent=118560"}],"wp:term":[{"taxonomy":"related","embeddable":true,"href":"https:\/\/www.holectron.com\/fr\/wp-json\/wp\/v2\/related?post=118560"},{"taxonomy":"filter","embeddable":true,"href":"https:\/\/www.holectron.com\/fr\/wp-json\/wp\/v2\/filter?post=118560"}],"curies":[{"name":"wp","href":"https:\/\/api.w.org\/{rel}","templated":true}]}}