{"id":118381,"date":"2016-10-27T11:18:06","date_gmt":"2016-10-27T09:18:06","guid":{"rendered":"https:\/\/www.holectron.com\/produits\/accessoires\/connecteurs\/con-ph-wb-8-connecteur-de-bande-led-sans-soudure\/"},"modified":"2025-10-08T15:17:25","modified_gmt":"2025-10-08T13:17:25","slug":"con-ph-wb-8-connecteur-de-bande-led-sans-soudure","status":"publish","type":"page","link":"https:\/\/www.holectron.com\/fr\/produits\/accessoires\/connecteurs\/con-ph-wb-8-connecteur-de-bande-led-sans-soudure\/","title":{"rendered":"CON-PH-WB-8 Connecteur de bande LED sans soudure"},"content":{"rendered":"<div class=\"wpb-content-wrapper\"><p>[vc_row][vc_column width=\u00a0\u00bb1\/2&Prime;][vc_single_image image=\u00a0\u00bb1056&Prime; img_size=\u00a0\u00bbfull\u00a0\u00bb][\/vc_column][vc_column width=\u00a0\u00bb1\/2&Prime;][vc_column_text]<\/p>\n<table class=\"table table-hover\">\n<tbody>\n<tr>\n<td>\n  <strong>Num\u00e9ro de produit<\/strong>\n<\/td>\n<td>CON-PH-WB-8<\/td>\n<\/tr>\n<tr>\n<td><strong>Description :<\/strong><\/td>\n<td>connecteur sans soudure pour bandes LED avec c\u00e2ble d&rsquo;alimentation pour bandes LED flexibles de 7,5mm de largeur<\/td>\n<\/tr>\n<tr>\n<td>\n  <strong>D\u00e9lai de livraison :<\/strong>\n<\/td>\n<td>500mm<\/td>\n<\/tr>\n<tr>\n<td>\n  <strong>Charge maximale :<\/strong>\n<\/td>\n<td>24V \/ 10A<\/td>\n<\/tr>\n<tr>\n<td>\n  <strong>Dimensions :<\/strong>\n<\/td>\n<td>9&#215;9.2&#215;4.8mm<\/td>\n<\/tr>\n<tr>\n<td>\n  <strong>Nombre de broches : <\/strong>\n<\/td>\n<td>2 pi\u00e8ces<\/td>\n<\/tr>\n<\/tbody>\n<\/table>\n<p>[\/vc_column_text][\/vc_column][\/vc_row]<\/p>\n<\/div>","protected":false},"excerpt":{"rendered":"<p>[vc_row][vc_column width=\u00a0\u00bb1\/2&Prime;][vc_single_image image=\u00a0\u00bb1056&Prime; img_size=\u00a0\u00bbfull\u00a0\u00bb][\/vc_column][vc_column width=\u00a0\u00bb1\/2&Prime;][vc_column_text] Num\u00e9ro de produit CON-PH-WB-8 Description : connecteur sans soudure pour bandes LED avec c\u00e2ble d&rsquo;alimentation pour bandes LED flexibles de 7,5mm de largeur D\u00e9lai de livraison : 500mm Charge maximale : 24V \/ 10A Dimensions : 9&#215;9.2&#215;4.8mm Nombre de broches : 2 pi\u00e8ces [\/vc_column_text][\/vc_column][\/vc_row]<\/p>\n","protected":false},"author":4,"featured_media":118382,"parent":118344,"menu_order":1,"comment_status":"closed","ping_status":"closed","template":"tpl-product-simple.php","meta":{"footnotes":""},"related":[231],"filter":[258],"acf":[],"aioseo_notices":[],"_links":{"self":[{"href":"https:\/\/www.holectron.com\/fr\/wp-json\/wp\/v2\/pages\/118381"}],"collection":[{"href":"https:\/\/www.holectron.com\/fr\/wp-json\/wp\/v2\/pages"}],"about":[{"href":"https:\/\/www.holectron.com\/fr\/wp-json\/wp\/v2\/types\/page"}],"author":[{"embeddable":true,"href":"https:\/\/www.holectron.com\/fr\/wp-json\/wp\/v2\/users\/4"}],"replies":[{"embeddable":true,"href":"https:\/\/www.holectron.com\/fr\/wp-json\/wp\/v2\/comments?post=118381"}],"version-history":[{"count":0,"href":"https:\/\/www.holectron.com\/fr\/wp-json\/wp\/v2\/pages\/118381\/revisions"}],"up":[{"embeddable":true,"href":"https:\/\/www.holectron.com\/fr\/wp-json\/wp\/v2\/pages\/118344"}],"wp:featuredmedia":[{"embeddable":true,"href":"https:\/\/www.holectron.com\/fr\/wp-json\/wp\/v2\/media\/118382"}],"wp:attachment":[{"href":"https:\/\/www.holectron.com\/fr\/wp-json\/wp\/v2\/media?parent=118381"}],"wp:term":[{"taxonomy":"related","embeddable":true,"href":"https:\/\/www.holectron.com\/fr\/wp-json\/wp\/v2\/related?post=118381"},{"taxonomy":"filter","embeddable":true,"href":"https:\/\/www.holectron.com\/fr\/wp-json\/wp\/v2\/filter?post=118381"}],"curies":[{"name":"wp","href":"https:\/\/api.w.org\/{rel}","templated":true}]}}