{"id":118379,"date":"2017-05-23T14:37:35","date_gmt":"2017-05-23T12:37:35","guid":{"rendered":"https:\/\/www.holectron.com\/produits\/accessoires\/connecteurs\/con-ph-tp-2m-connecteur-male-fil-a-fil\/"},"modified":"2025-10-08T15:17:25","modified_gmt":"2025-10-08T13:17:25","slug":"con-ph-tp-2m-connecteur-male-fil-a-fil","status":"publish","type":"page","link":"https:\/\/www.holectron.com\/fr\/produits\/accessoires\/connecteurs\/con-ph-tp-2m-connecteur-male-fil-a-fil\/","title":{"rendered":"CON-PH-TP-2M Connecteur m\u00e2le fil \u00e0 fil"},"content":{"rendered":"<div class=\"wpb-content-wrapper\"><p>[vc_row][vc_column width=\u00a0\u00bb1\/2&Prime;][vc_single_image image=\u00a0\u00bb2053&Prime; img_size=\u00a0\u00bbfull\u00a0\u00bb][\/vc_column][vc_column width=\u00a0\u00bb1\/2&Prime;][vc_column_text]<\/p>\n<table class=\"table table-hover\">\n<tbody>\n<tr>\n<td>\n  <strong>Num\u00e9ro de produit<\/strong>\n<\/td>\n<td>CON-PH-TP-2M<\/td>\n<\/tr>\n<tr>\n<td>\n  <strong>Description :<\/strong>\n<\/td>\n<td>connecteur m\u00e2le 2 broches fil \u00e0 fil<\/td>\n<\/tr>\n<tr>\n<td>\n  <strong>Charge maximale :<\/strong>\n<\/td>\n<td>100V \/ 6A<\/td>\n<\/tr>\n<tr>\n<td>\n  <strong>Dimensions :<\/strong>\n<\/td>\n<td>15.5x5x7mm<\/td>\n<\/tr>\n<tr>\n<td>\n  <strong>Nombre de broches : <\/strong>\n<\/td>\n<td>2 broches<\/td>\n<\/tr>\n<tr>\n<td>\n  <strong>Section du conducteur : <\/strong>\n<\/td>\n<td>0,2 mm\u00b2 ~ 0,5 mm\u00b2<\/td>\n<\/tr>\n<\/tbody>\n<\/table>\n<p>[\/vc_column_text][\/vc_column][\/vc_row]<\/p>\n<\/div>","protected":false},"excerpt":{"rendered":"<p>[vc_row][vc_column width=\u00a0\u00bb1\/2&Prime;][vc_single_image image=\u00a0\u00bb2053&Prime; img_size=\u00a0\u00bbfull\u00a0\u00bb][\/vc_column][vc_column width=\u00a0\u00bb1\/2&Prime;][vc_column_text] Num\u00e9ro de produit CON-PH-TP-2M Description : connecteur m\u00e2le 2 broches fil \u00e0 fil Charge maximale : 100V \/ 6A Dimensions : 15.5x5x7mm Nombre de broches : 2 broches Section du conducteur : 0,2 mm\u00b2 ~ 0,5 mm\u00b2 [\/vc_column_text][\/vc_column][\/vc_row]<\/p>\n","protected":false},"author":4,"featured_media":118380,"parent":118344,"menu_order":3,"comment_status":"closed","ping_status":"closed","template":"tpl-product-simple.php","meta":{"footnotes":""},"related":[231],"filter":[258],"acf":[],"aioseo_notices":[],"_links":{"self":[{"href":"https:\/\/www.holectron.com\/fr\/wp-json\/wp\/v2\/pages\/118379"}],"collection":[{"href":"https:\/\/www.holectron.com\/fr\/wp-json\/wp\/v2\/pages"}],"about":[{"href":"https:\/\/www.holectron.com\/fr\/wp-json\/wp\/v2\/types\/page"}],"author":[{"embeddable":true,"href":"https:\/\/www.holectron.com\/fr\/wp-json\/wp\/v2\/users\/4"}],"replies":[{"embeddable":true,"href":"https:\/\/www.holectron.com\/fr\/wp-json\/wp\/v2\/comments?post=118379"}],"version-history":[{"count":0,"href":"https:\/\/www.holectron.com\/fr\/wp-json\/wp\/v2\/pages\/118379\/revisions"}],"up":[{"embeddable":true,"href":"https:\/\/www.holectron.com\/fr\/wp-json\/wp\/v2\/pages\/118344"}],"wp:featuredmedia":[{"embeddable":true,"href":"https:\/\/www.holectron.com\/fr\/wp-json\/wp\/v2\/media\/118380"}],"wp:attachment":[{"href":"https:\/\/www.holectron.com\/fr\/wp-json\/wp\/v2\/media?parent=118379"}],"wp:term":[{"taxonomy":"related","embeddable":true,"href":"https:\/\/www.holectron.com\/fr\/wp-json\/wp\/v2\/related?post=118379"},{"taxonomy":"filter","embeddable":true,"href":"https:\/\/www.holectron.com\/fr\/wp-json\/wp\/v2\/filter?post=118379"}],"curies":[{"name":"wp","href":"https:\/\/api.w.org\/{rel}","templated":true}]}}