{"id":118355,"date":"2017-05-23T14:47:17","date_gmt":"2017-05-23T12:47:17","guid":{"rendered":"https:\/\/www.holectron.com\/produits\/accessoires\/connecteurs\/con-ph-tp-3m-connecteur-male-fil-a-fil\/"},"modified":"2025-10-08T15:16:58","modified_gmt":"2025-10-08T13:16:58","slug":"con-ph-tp-3m-connecteur-male-fil-a-fil","status":"publish","type":"page","link":"https:\/\/www.holectron.com\/fr\/produits\/accessoires\/connecteurs\/con-ph-tp-3m-connecteur-male-fil-a-fil\/","title":{"rendered":"CON-PH-TP-3M Connecteur m\u00e2le fil \u00e0 fil"},"content":{"rendered":"<div class=\"wpb-content-wrapper\"><p>[vc_row][vc_column width=\u00a0\u00bb1\/2&Prime;][vc_single_image image=\u00a0\u00bb2063&Prime; img_size=\u00a0\u00bbfull\u00a0\u00bb][\/vc_column][vc_column width=\u00a0\u00bb1\/2&Prime;][vc_column_text]<\/p>\n<table class=\"table table-hover\">\n<tbody>\n<tr>\n<td>\n  <strong>Num\u00e9ro de produit<\/strong>\n<\/td>\n<td>CON-PH-TP-3M<\/td>\n<\/tr>\n<tr>\n<td>\n  <strong>Description :<\/strong>\n<\/td>\n<td>connecteur m\u00e2le 3 broches fil \u00e0 fil<\/td>\n<\/tr>\n<tr>\n<td>\n  <strong>Charge maximale :<\/strong>\n<\/td>\n<td>100V \/ 6A<\/td>\n<\/tr>\n<tr>\n<td>\n  <strong>Dimensions :<\/strong>\n<\/td>\n<td>15.5x5x9.5mm<\/td>\n<\/tr>\n<tr>\n<td>\n  <strong>Nombre de broches : <\/strong>\n<\/td>\n<td>3 broches<\/td>\n<\/tr>\n<tr>\n<td>\n  <strong>Section du conducteur : <\/strong>\n<\/td>\n<td>0,2 mm\u00b2 ~ 0,5 mm\u00b2<\/td>\n<\/tr>\n<\/tbody>\n<\/table>\n<p>[\/vc_column_text][\/vc_column][\/vc_row]<\/p>\n<\/div>","protected":false},"excerpt":{"rendered":"<p>[vc_row][vc_column width=\u00a0\u00bb1\/2&Prime;][vc_single_image image=\u00a0\u00bb2063&Prime; img_size=\u00a0\u00bbfull\u00a0\u00bb][\/vc_column][vc_column width=\u00a0\u00bb1\/2&Prime;][vc_column_text] Num\u00e9ro de produit CON-PH-TP-3M Description : connecteur m\u00e2le 3 broches fil \u00e0 fil Charge maximale : 100V \/ 6A Dimensions : 15.5x5x9.5mm Nombre de broches : 3 broches Section du conducteur : 0,2 mm\u00b2 ~ 0,5 mm\u00b2 [\/vc_column_text][\/vc_column][\/vc_row]<\/p>\n","protected":false},"author":4,"featured_media":118357,"parent":118344,"menu_order":5,"comment_status":"closed","ping_status":"closed","template":"tpl-product-simple.php","meta":{"footnotes":""},"related":[231],"filter":[258],"acf":[],"aioseo_notices":[],"_links":{"self":[{"href":"https:\/\/www.holectron.com\/fr\/wp-json\/wp\/v2\/pages\/118355"}],"collection":[{"href":"https:\/\/www.holectron.com\/fr\/wp-json\/wp\/v2\/pages"}],"about":[{"href":"https:\/\/www.holectron.com\/fr\/wp-json\/wp\/v2\/types\/page"}],"author":[{"embeddable":true,"href":"https:\/\/www.holectron.com\/fr\/wp-json\/wp\/v2\/users\/4"}],"replies":[{"embeddable":true,"href":"https:\/\/www.holectron.com\/fr\/wp-json\/wp\/v2\/comments?post=118355"}],"version-history":[{"count":0,"href":"https:\/\/www.holectron.com\/fr\/wp-json\/wp\/v2\/pages\/118355\/revisions"}],"up":[{"embeddable":true,"href":"https:\/\/www.holectron.com\/fr\/wp-json\/wp\/v2\/pages\/118344"}],"wp:featuredmedia":[{"embeddable":true,"href":"https:\/\/www.holectron.com\/fr\/wp-json\/wp\/v2\/media\/118357"}],"wp:attachment":[{"href":"https:\/\/www.holectron.com\/fr\/wp-json\/wp\/v2\/media?parent=118355"}],"wp:term":[{"taxonomy":"related","embeddable":true,"href":"https:\/\/www.holectron.com\/fr\/wp-json\/wp\/v2\/related?post=118355"},{"taxonomy":"filter","embeddable":true,"href":"https:\/\/www.holectron.com\/fr\/wp-json\/wp\/v2\/filter?post=118355"}],"curies":[{"name":"wp","href":"https:\/\/api.w.org\/{rel}","templated":true}]}}