{"id":118352,"date":"2017-05-23T16:17:32","date_gmt":"2017-05-23T14:17:32","guid":{"rendered":"https:\/\/www.holectron.com\/produits\/accessoires\/connecteurs\/con-wa-cl-3p-connecteur-de-fils\/"},"modified":"2025-10-08T15:16:57","modified_gmt":"2025-10-08T13:16:57","slug":"con-wa-cl-3p-connecteur-de-fils","status":"publish","type":"page","link":"https:\/\/www.holectron.com\/fr\/produits\/accessoires\/connecteurs\/con-wa-cl-3p-connecteur-de-fils\/","title":{"rendered":"CON-WA-CL-3P Connecteur de fils"},"content":{"rendered":"<div class=\"wpb-content-wrapper\"><p>[vc_row][vc_column width=\u00a0\u00bb1\/2&Prime;][vc_single_image image=\u00a0\u00bb2077&Prime; img_size=\u00a0\u00bbfull\u00a0\u00bb][\/vc_column][vc_column width=\u00a0\u00bb1\/2&Prime;][vc_column_text]<\/p>\n<table class=\"table table-hover\">\n<tbody>\n<tr>\n<td>\n  <strong>Num\u00e9ro de produit<\/strong>\n<\/td>\n<td>CON-WA-CL-3P<\/td>\n<\/tr>\n<tr>\n<td>\n  <strong>Description :<\/strong>\n<\/td>\n<td>Connecteur \u00e0 3 p\u00f4les<\/td>\n<\/tr>\n<tr>\n<td>\n  <strong>Charge maximale :<\/strong>\n<\/td>\n<td>450V \/ 32A<\/td>\n<\/tr>\n<tr>\n<td>\n  <strong>Dimensions : 18,7&#215;18,6&#215;8,3mm :<\/strong>\n<\/td>\n<td>18,7&#215;18,6&#215;8,3mm<\/td>\n<\/tr>\n<tr>\n<td>\n  <strong>Nombre d&#8217;emplacements : <\/strong>\n<\/td>\n<td>3 emplacements<\/td>\n<\/tr>\n<tr>\n<td>\n  <strong>Section du conducteur : <\/strong>\n<\/td>\n<td>0,2 mm\u00b2 ~ 4 mm\u00b2<\/td>\n<\/tr>\n<\/tbody>\n<\/table>\n<p>[\/vc_column_text][\/vc_column][\/vc_row]<\/p>\n<\/div>","protected":false},"excerpt":{"rendered":"<p>[vc_row][vc_column width=\u00a0\u00bb1\/2&Prime;][vc_single_image image=\u00a0\u00bb2077&Prime; img_size=\u00a0\u00bbfull\u00a0\u00bb][\/vc_column][vc_column width=\u00a0\u00bb1\/2&Prime;][vc_column_text] Num\u00e9ro de produit CON-WA-CL-3P Description : Connecteur \u00e0 3 p\u00f4les Charge maximale : 450V \/ 32A Dimensions : 18,7&#215;18,6&#215;8,3mm : 18,7&#215;18,6&#215;8,3mm Nombre d&#8217;emplacements : 3 emplacements Section du conducteur : 0,2 mm\u00b2 ~ 4 mm\u00b2 [\/vc_column_text][\/vc_column][\/vc_row]<\/p>\n","protected":false},"author":4,"featured_media":118354,"parent":118344,"menu_order":9,"comment_status":"closed","ping_status":"closed","template":"tpl-product-simple.php","meta":{"footnotes":""},"related":[231],"filter":[258],"acf":[],"aioseo_notices":[],"_links":{"self":[{"href":"https:\/\/www.holectron.com\/fr\/wp-json\/wp\/v2\/pages\/118352"}],"collection":[{"href":"https:\/\/www.holectron.com\/fr\/wp-json\/wp\/v2\/pages"}],"about":[{"href":"https:\/\/www.holectron.com\/fr\/wp-json\/wp\/v2\/types\/page"}],"author":[{"embeddable":true,"href":"https:\/\/www.holectron.com\/fr\/wp-json\/wp\/v2\/users\/4"}],"replies":[{"embeddable":true,"href":"https:\/\/www.holectron.com\/fr\/wp-json\/wp\/v2\/comments?post=118352"}],"version-history":[{"count":0,"href":"https:\/\/www.holectron.com\/fr\/wp-json\/wp\/v2\/pages\/118352\/revisions"}],"up":[{"embeddable":true,"href":"https:\/\/www.holectron.com\/fr\/wp-json\/wp\/v2\/pages\/118344"}],"wp:featuredmedia":[{"embeddable":true,"href":"https:\/\/www.holectron.com\/fr\/wp-json\/wp\/v2\/media\/118354"}],"wp:attachment":[{"href":"https:\/\/www.holectron.com\/fr\/wp-json\/wp\/v2\/media?parent=118352"}],"wp:term":[{"taxonomy":"related","embeddable":true,"href":"https:\/\/www.holectron.com\/fr\/wp-json\/wp\/v2\/related?post=118352"},{"taxonomy":"filter","embeddable":true,"href":"https:\/\/www.holectron.com\/fr\/wp-json\/wp\/v2\/filter?post=118352"}],"curies":[{"name":"wp","href":"https:\/\/api.w.org\/{rel}","templated":true}]}}