{"id":118349,"date":"2017-05-23T15:08:53","date_gmt":"2017-05-23T13:08:53","guid":{"rendered":"https:\/\/www.holectron.com\/produits\/accessoires\/connecteurs\/con-ph-ip-3f-connecteur-femelle-ip67-fil-a-fil\/"},"modified":"2025-10-08T15:16:35","modified_gmt":"2025-10-08T13:16:35","slug":"con-ph-ip-3f-connecteur-femelle-ip67-fil-a-fil","status":"publish","type":"page","link":"https:\/\/www.holectron.com\/fr\/produits\/accessoires\/connecteurs\/con-ph-ip-3f-connecteur-femelle-ip67-fil-a-fil\/","title":{"rendered":"CON-PH-IP-3F Connecteur femelle IP67 fil \u00e0 fil"},"content":{"rendered":"<div class=\"wpb-content-wrapper\"><p>[vc_row][vc_column width=\u00a0\u00bb1\/2&Prime;][vc_single_image image=\u00a0\u00bb2050&Prime; img_size=\u00a0\u00bbfull\u00a0\u00bb][\/vc_column][vc_column width=\u00a0\u00bb1\/2&Prime;][vc_column_text]<\/p>\n<table class=\"table table-hover\">\n<tbody>\n<tr>\n<td>\n  <strong>Num\u00e9ro de produit<\/strong>\n<\/td>\n<td>CON-PH-IP-3F<\/td>\n<\/tr>\n<tr>\n<td>\n  <strong>Description :<\/strong>\n<\/td>\n<td>connecteur fil \u00e0 fil \u00e0 3 broches femelles IP67<\/td>\n<\/tr>\n<tr>\n<td>\n  <strong>Charge maximale :<\/strong>\n<\/td>\n<td>60V \/ 4A<\/td>\n<\/tr>\n<tr>\n<td>\n  <strong>Dimensions :<\/strong>\n<\/td>\n<td>\u00d812.5x44mm<\/td>\n<\/tr>\n<tr>\n<td>\n  <strong>Nombre de broches : <\/strong>\n<\/td>\n<td>3 broches<\/td>\n<\/tr>\n<tr>\n<td>\n  <strong>C\u00e2ble externe : <\/strong>\n<\/td>\n<td>\u00d82,5mm ~ 5mm<\/td>\n<\/tr>\n<tr>\n<td>\n  <strong>Section du conducteur : <\/strong>\n<\/td>\n<td>0,25 mm\u00b2 ~ 0,5 mm\u00b2<\/td>\n<\/tr>\n<\/tbody>\n<\/table>\n<p>[\/vc_column_text][\/vc_column][\/vc_row]<\/p>\n<\/div>","protected":false},"excerpt":{"rendered":"<p>[vc_row][vc_column width=\u00a0\u00bb1\/2&Prime;][vc_single_image image=\u00a0\u00bb2050&Prime; img_size=\u00a0\u00bbfull\u00a0\u00bb][\/vc_column][vc_column width=\u00a0\u00bb1\/2&Prime;][vc_column_text] Num\u00e9ro de produit CON-PH-IP-3F Description : connecteur fil \u00e0 fil \u00e0 3 broches femelles IP67 Charge maximale : 60V \/ 4A Dimensions : \u00d812.5x44mm Nombre de broches : 3 broches C\u00e2ble externe : \u00d82,5mm ~ 5mm Section du conducteur : 0,25 mm\u00b2 ~ 0,5 mm\u00b2 [\/vc_column_text][\/vc_column][\/vc_row]<\/p>\n","protected":false},"author":4,"featured_media":118351,"parent":118344,"menu_order":11,"comment_status":"closed","ping_status":"closed","template":"tpl-product-simple.php","meta":{"footnotes":""},"related":[231],"filter":[258],"acf":[],"aioseo_notices":[],"_links":{"self":[{"href":"https:\/\/www.holectron.com\/fr\/wp-json\/wp\/v2\/pages\/118349"}],"collection":[{"href":"https:\/\/www.holectron.com\/fr\/wp-json\/wp\/v2\/pages"}],"about":[{"href":"https:\/\/www.holectron.com\/fr\/wp-json\/wp\/v2\/types\/page"}],"author":[{"embeddable":true,"href":"https:\/\/www.holectron.com\/fr\/wp-json\/wp\/v2\/users\/4"}],"replies":[{"embeddable":true,"href":"https:\/\/www.holectron.com\/fr\/wp-json\/wp\/v2\/comments?post=118349"}],"version-history":[{"count":0,"href":"https:\/\/www.holectron.com\/fr\/wp-json\/wp\/v2\/pages\/118349\/revisions"}],"up":[{"embeddable":true,"href":"https:\/\/www.holectron.com\/fr\/wp-json\/wp\/v2\/pages\/118344"}],"wp:featuredmedia":[{"embeddable":true,"href":"https:\/\/www.holectron.com\/fr\/wp-json\/wp\/v2\/media\/118351"}],"wp:attachment":[{"href":"https:\/\/www.holectron.com\/fr\/wp-json\/wp\/v2\/media?parent=118349"}],"wp:term":[{"taxonomy":"related","embeddable":true,"href":"https:\/\/www.holectron.com\/fr\/wp-json\/wp\/v2\/related?post=118349"},{"taxonomy":"filter","embeddable":true,"href":"https:\/\/www.holectron.com\/fr\/wp-json\/wp\/v2\/filter?post=118349"}],"curies":[{"name":"wp","href":"https:\/\/api.w.org\/{rel}","templated":true}]}}