{"id":118190,"date":"2019-06-11T12:36:51","date_gmt":"2019-06-11T10:36:51","guid":{"rendered":"https:\/\/www.holectron.com\/produits\/luminaires-dexterieur-2\/luminaires-dexterieur\/ula-l-ip65\/"},"modified":"2026-03-12T15:44:29","modified_gmt":"2026-03-12T13:44:29","slug":"ula-l-ip65","status":"publish","type":"page","link":"https:\/\/www.holectron.com\/fr\/produits\/luminaires-dexterieur-2\/luminaires-dexterieur\/ula-l-ip65\/","title":{"rendered":"Ula L IP65"},"content":{"rendered":"<div class=\"wpb-content-wrapper\"><p>[vc_row gap=\u00a0\u00bb30&Prime;][vc_column width=\u00a0\u00bb1\/2&Prime;][vc_single_image image=\u00a0\u00bb76022&Prime; img_size=\u00a0\u00bb680&#215;400&Prime; css=\u00a0\u00bb.vc_custom_1665381142826{margin-bottom: 10px !important;border-bottom-width: 0px !important;padding-bottom: 0px !important;}\u00a0\u00bb][vc_column_text]<em>Ula L IP65 install\u00e9 \u00e0 l&rsquo;ext\u00e9rieur de la fa\u00e7ade en verre du rez-de-chauss\u00e9e.<\/em>[\/vc_column_text][\/vc_column][vc_column width=\u00a0\u00bb1\/2&Prime;][vc_column_text css=\u00a0\u00bb\u00a0\u00bb]<span style=\"font-size: 10.5pt;\">Ula L IP65 est un luminaire lin\u00e9aire modulaire \u00e0 LED avec un couvercle opale con\u00e7u pour des applications professionnelles d&rsquo;\u00e9clairage ext\u00e9rieur \u00e0 long terme.<\/span><\/p>\n<p><span style=\"font-size: 10.5pt;\">Ces lampes LED modulaires \u00e9tanches Ula L IP65 sont \u00e9quip\u00e9es de LED NICHIA de la plus haute qualit\u00e9, avec un large \u00e9ventail d&rsquo;options d&rsquo;indice de rendu des couleurs (CRI) et de temp\u00e9rature de couleur (CCT). Les LED NICHIA garantissent un \u00e9clairage de la plus haute qualit\u00e9 et une tr\u00e8s grande efficacit\u00e9. Cette bande LED est disponible avec des LED MacAdam \u00e0 3 niveaux ou des LED Single Bin. La couverture opale assure un effet lumineux continu sans points sombres.   <\/span><\/p>\n<p><span style=\"font-size: 10.5pt;\">Chaque module est dot\u00e9 de connecteurs int\u00e9gr\u00e9s pour une connexion facile et fiable avec d&rsquo;autres modules. Les connecteurs sont cach\u00e9s \u00e0 l&rsquo;int\u00e9rieur des modules et les segments se connectent en une ligne continue. <\/span>[\/vc_column_text][vc_raw_html css=\u00a0\u00bb\u00a0\u00bb]PHN0eWxlPgouYnV0dG9uLW91dGxpbmUgewogIGRpc3BsYXk6IGlubGluZS1ibG9jazsKICB0ZXh0LWRlY29yYXRpb246IG5vbmU7CiAgZm9udC1zaXplOiAxOHB4OwogIGZvbnQtd2VpZ2h0OiA1MDA7CiAgY29sb3I6ICMzMzk5Y2M7CiAgYm9yZGVyOiAycHggc29saWQgIzMzOTljYzsKICBwYWRkaW5nOiAxMHB4IDI0cHg7CiAgYm9yZGVyLXJhZGl1czogOHB4OwogIGJhY2tncm91bmQtY29sb3I6IHRyYW5zcGFyZW50OwogIGJveC1zaXppbmc6IGJvcmRlci1ib3g7CiAgdHJhbnNpdGlvbjogYWxsIDAuM3MgZWFzZTsKICB0ZXh0LWFsaWduOiBjZW50ZXI7Cn0KLmJ1dHRvbi1vdXRsaW5lOmhvdmVyIHsKICBiYWNrZ3JvdW5kLWNvbG9yOiAjYzhlYWZhOwogIGNvbG9yOiAjMzM5OWNjOwp9Cjwvc3R5bGU+Cgo8YSBjbGFzcz0iYnV0dG9uLW91dGxpbmUiIGhyZWY9Imh0dHBzOi8vd3d3LmhvbGVjdHJvbi5jb20vd3AtY29udGVudC91cGxvYWRzL1VMQS1MLUlQNjUtU3BlY2lmaWNhdGlvbi1TaGVldC0yMDI1LTA4LTAyLnBkZiIgdGFyZ2V0PSJfYmxhbmsiIHJlbD0ibm9vcGVuZXIiPgogIEZpY2hlIHRlY2huaXF1ZSAiCjwvYT4=[\/vc_raw_html][vc_single_image source=\u00a0\u00bbexternal_link\u00a0\u00bb external_img_size=\u00a0\u00bb380&#215;33&Prime; custom_src=\u00a0\u00bbhttps:\/\/www.holectron.com\/wp-content\/uploads\/features-with-etl-1.svg\u00a0\u00bb][\/vc_column][\/vc_row]<\/p>\n<\/div>","protected":false},"excerpt":{"rendered":"<p>[vc_row gap=\u00a0\u00bb30&Prime;][vc_column width=\u00a0\u00bb1\/2&Prime;][vc_single_image image=\u00a0\u00bb76022&Prime; img_size=\u00a0\u00bb680&#215;400&Prime; css=\u00a0\u00bb.vc_custom_1665381142826{margin-bottom: 10px !important;border-bottom-width: 0px !important;padding-bottom: 0px !important;}\u00a0\u00bb][vc_column_text]Ula L IP65 install\u00e9 \u00e0 l&rsquo;ext\u00e9rieur de la fa\u00e7ade en verre du rez-de-chauss\u00e9e.[\/vc_column_text][\/vc_column][vc_column width=\u00a0\u00bb1\/2&Prime;][vc_column_text css=\u00a0\u00bb\u00a0\u00bb]Ula L IP65 est un luminaire lin\u00e9aire modulaire \u00e0 LED avec un couvercle opale con\u00e7u pour des applications professionnelles d&rsquo;\u00e9clairage ext\u00e9rieur \u00e0 long terme. Ces lampes LED modulaires \u00e9tanches Ula [&hellip;]<\/p>\n","protected":false},"author":15,"featured_media":120847,"parent":118090,"menu_order":6,"comment_status":"closed","ping_status":"closed","template":"tpl-product-led.php","meta":{"footnotes":""},"related":[238],"filter":[407,318,320,262,258,275,266],"acf":[],"aioseo_notices":[],"_links":{"self":[{"href":"https:\/\/www.holectron.com\/fr\/wp-json\/wp\/v2\/pages\/118190"}],"collection":[{"href":"https:\/\/www.holectron.com\/fr\/wp-json\/wp\/v2\/pages"}],"about":[{"href":"https:\/\/www.holectron.com\/fr\/wp-json\/wp\/v2\/types\/page"}],"author":[{"embeddable":true,"href":"https:\/\/www.holectron.com\/fr\/wp-json\/wp\/v2\/users\/15"}],"replies":[{"embeddable":true,"href":"https:\/\/www.holectron.com\/fr\/wp-json\/wp\/v2\/comments?post=118190"}],"version-history":[{"count":0,"href":"https:\/\/www.holectron.com\/fr\/wp-json\/wp\/v2\/pages\/118190\/revisions"}],"up":[{"embeddable":true,"href":"https:\/\/www.holectron.com\/fr\/wp-json\/wp\/v2\/pages\/118090"}],"wp:featuredmedia":[{"embeddable":true,"href":"https:\/\/www.holectron.com\/fr\/wp-json\/wp\/v2\/media\/120847"}],"wp:attachment":[{"href":"https:\/\/www.holectron.com\/fr\/wp-json\/wp\/v2\/media?parent=118190"}],"wp:term":[{"taxonomy":"related","embeddable":true,"href":"https:\/\/www.holectron.com\/fr\/wp-json\/wp\/v2\/related?post=118190"},{"taxonomy":"filter","embeddable":true,"href":"https:\/\/www.holectron.com\/fr\/wp-json\/wp\/v2\/filter?post=118190"}],"curies":[{"name":"wp","href":"https:\/\/api.w.org\/{rel}","templated":true}]}}