{"id":118178,"date":"2025-07-11T15:29:16","date_gmt":"2025-07-11T13:29:16","guid":{"rendered":"https:\/\/www.holectron.com\/produits\/luminaires-dexterieur-2\/luminaires-dexterieur\/schema-ip67\/"},"modified":"2026-03-12T15:44:23","modified_gmt":"2026-03-12T13:44:23","slug":"schema-ip67","status":"publish","type":"page","link":"https:\/\/www.holectron.com\/fr\/produits\/luminaires-dexterieur-2\/luminaires-dexterieur\/schema-ip67\/","title":{"rendered":"Sch\u00e9ma IP67"},"content":{"rendered":"<div class=\"wpb-content-wrapper\"><p>[vc_row gap=\u00a0\u00bb35&Prime;][vc_column width=\u00a0\u00bb1\/2&Prime;][vc_single_image image=\u00a0\u00bb113723&Prime; img_size=\u00a0\u00bb680&#215;400&Prime; css=\u00a0\u00bb\u00a0\u00bb][\/vc_column][vc_column width=\u00a0\u00bb1\/2&Prime;][vc_column_text css=\u00a0\u00bb\u00a0\u00bb]Outline IP67 est une lampe lin\u00e9aire \u00e0 LED non flexible et \u00e9tanche avec une encapsulation transparente.<\/p>\n<p>Ces lampes LED NICHIA IP67 enti\u00e8rement r\u00e9sistantes \u00e0 l&rsquo;eau sont con\u00e7ues pour des applications d&rsquo;\u00e9clairage professionnel \u00e0 long terme et conviennent parfaitement \u00e0 l&rsquo;\u00e9clairage d\u00e9coratif lin\u00e9aire LED ext\u00e9rieur, \u00e0 l&rsquo;\u00e9clairage en corniche, \u00e0 l&rsquo;\u00e9clairage de bordures et \u00e0 de nombreuses autres applications d&rsquo;\u00e9clairage.<\/p>\n<p>Pour produire nos lampes LED lin\u00e9aires IP67 \u00e9tanches, nous utilisons des mat\u00e9riaux de la plus haute qualit\u00e9, des LED NICHIA et un syst\u00e8me de stabilisation du courant \u00e0 l&rsquo;int\u00e9rieur. Le bo\u00eetier en aluminium encapsul\u00e9 n&rsquo;attire pas la poussi\u00e8re et la salet\u00e9, il est facile \u00e0 nettoyer et r\u00e9sistant aux UV.<br \/>Toutes ces caract\u00e9ristiques garantissent une tr\u00e8s longue dur\u00e9e de vie et des performances stables. <\/p>\n<p>L&rsquo;Outline IP67 White est une option robuste et de haute qualit\u00e9 pour \u00e9clairer les d\u00e9tails architecturaux, les fen\u00eatres, les all\u00e9es et les bancs.[\/vc_column_text][vc_raw_html css=\u00a0\u00bb\u00a0\u00bb]PHN0eWxlPgouYnV0dG9uLW91dGxpbmUgewogIGRpc3BsYXk6IGlubGluZS1ibG9jazsKICB0ZXh0LWRlY29yYXRpb246IG5vbmU7CiAgZm9udC1zaXplOiAxOHB4OwogIGZvbnQtd2VpZ2h0OiA1MDA7CiAgY29sb3I6ICMzMzk5Y2M7CiAgYm9yZGVyOiAycHggc29saWQgIzMzOTljYzsKICBwYWRkaW5nOiAxMHB4IDI0cHg7CiAgYm9yZGVyLXJhZGl1czogOHB4OwogIGJhY2tncm91bmQtY29sb3I6IHRyYW5zcGFyZW50OwogIGJveC1zaXppbmc6IGJvcmRlci1ib3g7CiAgdHJhbnNpdGlvbjogYWxsIDAuM3MgZWFzZTsKICB0ZXh0LWFsaWduOiBjZW50ZXI7Cn0KLmJ1dHRvbi1vdXRsaW5lOmhvdmVyIHsKICBiYWNrZ3JvdW5kLWNvbG9yOiAjYzhlYWZhOwogIGNvbG9yOiAjMzM5OWNjOwp9Cjwvc3R5bGU+Cgo8YSBjbGFzcz0iYnV0dG9uLW91dGxpbmUiIGhyZWY9Imh0dHBzOi8vd3d3LmhvbGVjdHJvbi5jb20vd3AtY29udGVudC91cGxvYWRzL291dGxpbmUtaXA2Ny1TcGVjaWZpY2F0aW9uLVNoZWV0LTIwMjUtMDgtMDEucGRmIiB0YXJnZXQ9Il9ibGFuayIgcmVsPSJub29wZW5lciI+CiAgRmljaGUgdGVjaG5pcXVlICIKPC9hPg==[\/vc_raw_html][vc_single_image source=\u00a0\u00bbexternal_link\u00a0\u00bb external_img_size=\u00a0\u00bb440&#215;33&Prime; custom_src=\u00a0\u00bbhttps:\/\/www.holectron.com\/wp-content\/uploads\/featured-ip67-c-1.svg\u00a0\u00bb][\/vc_column][\/vc_row][vc_row full_width=\u00a0\u00bbstretch_row\u00a0\u00bb css=\u00a0\u00bb.vc_custom_1749104714840{background-color: #f5f5f5 !important;}\u00a0\u00bb][vc_column][vc_empty_space height=\u00a0\u00bb40px\u00a0\u00bb][\/vc_column][\/vc_row][vc_row full_width=\u00a0\u00bbstretch_row\u00a0\u00bb gap=\u00a0\u00bb30&Prime; content_placement=\u00a0\u00bbtop\u00a0\u00bb css=\u00a0\u00bb.vc_custom_1749104805038{background-color: #f5f5f5 !important;}\u00a0\u00bb][vc_column width=\u00a0\u00bb1\/2&Prime;][vc_single_image image=\u00a0\u00bb107974&Prime; img_size=\u00a0\u00bbfull\u00a0\u00bb alignment=\u00a0\u00bbcenter\u00a0\u00bb css=\u00a0\u00bb\u00a0\u00bb][\/vc_column][vc_column width=\u00a0\u00bb1\/2&Prime;][vc_column_text css=\u00a0\u00bb\u00a0\u00bb]<\/p>\n<h2>Dessin technique<\/h2>\n<p>[\/vc_column_text][\/vc_column][\/vc_row][vc_row full_width=\u00a0\u00bbstretch_row\u00a0\u00bb css=\u00a0\u00bb.vc_custom_1749104714840{background-color: #f5f5f5 !important;}\u00a0\u00bb][vc_column][vc_empty_space height=\u00a0\u00bb40px\u00a0\u00bb][\/vc_column][\/vc_row]<\/p>\n<\/div>","protected":false},"excerpt":{"rendered":"<p>[vc_row gap=\u00a0\u00bb35&Prime;][vc_column width=\u00a0\u00bb1\/2&Prime;][vc_single_image image=\u00a0\u00bb113723&Prime; img_size=\u00a0\u00bb680&#215;400&Prime; css=\u00a0\u00bb\u00a0\u00bb][\/vc_column][vc_column width=\u00a0\u00bb1\/2&Prime;][vc_column_text css=\u00a0\u00bb\u00a0\u00bb]Outline IP67 est une lampe lin\u00e9aire \u00e0 LED non flexible et \u00e9tanche avec une encapsulation transparente. Ces lampes LED NICHIA IP67 enti\u00e8rement r\u00e9sistantes \u00e0 l&rsquo;eau sont con\u00e7ues pour des applications d&rsquo;\u00e9clairage professionnel \u00e0 long terme et conviennent parfaitement \u00e0 l&rsquo;\u00e9clairage d\u00e9coratif lin\u00e9aire LED ext\u00e9rieur, \u00e0 l&rsquo;\u00e9clairage en corniche, [&hellip;]<\/p>\n","protected":false},"author":15,"featured_media":120769,"parent":118090,"menu_order":7,"comment_status":"closed","ping_status":"closed","template":"tpl-product-led.php","meta":{"footnotes":""},"related":[237,235],"filter":[407,281,283,298,314,277,279,316,318,287,320,262,258,291,275,266],"acf":[],"aioseo_notices":[],"_links":{"self":[{"href":"https:\/\/www.holectron.com\/fr\/wp-json\/wp\/v2\/pages\/118178"}],"collection":[{"href":"https:\/\/www.holectron.com\/fr\/wp-json\/wp\/v2\/pages"}],"about":[{"href":"https:\/\/www.holectron.com\/fr\/wp-json\/wp\/v2\/types\/page"}],"author":[{"embeddable":true,"href":"https:\/\/www.holectron.com\/fr\/wp-json\/wp\/v2\/users\/15"}],"replies":[{"embeddable":true,"href":"https:\/\/www.holectron.com\/fr\/wp-json\/wp\/v2\/comments?post=118178"}],"version-history":[{"count":0,"href":"https:\/\/www.holectron.com\/fr\/wp-json\/wp\/v2\/pages\/118178\/revisions"}],"up":[{"embeddable":true,"href":"https:\/\/www.holectron.com\/fr\/wp-json\/wp\/v2\/pages\/118090"}],"wp:featuredmedia":[{"embeddable":true,"href":"https:\/\/www.holectron.com\/fr\/wp-json\/wp\/v2\/media\/120769"}],"wp:attachment":[{"href":"https:\/\/www.holectron.com\/fr\/wp-json\/wp\/v2\/media?parent=118178"}],"wp:term":[{"taxonomy":"related","embeddable":true,"href":"https:\/\/www.holectron.com\/fr\/wp-json\/wp\/v2\/related?post=118178"},{"taxonomy":"filter","embeddable":true,"href":"https:\/\/www.holectron.com\/fr\/wp-json\/wp\/v2\/filter?post=118178"}],"curies":[{"name":"wp","href":"https:\/\/api.w.org\/{rel}","templated":true}]}}