{"id":118160,"date":"2019-07-30T13:12:12","date_gmt":"2019-07-30T11:12:12","guid":{"rendered":"https:\/\/www.holectron.com\/produits\/luminaires-dexterieur-2\/luminaires-dexterieur\/sline-ip67\/"},"modified":"2026-03-12T15:45:40","modified_gmt":"2026-03-12T13:45:40","slug":"sline-ip67","status":"publish","type":"page","link":"https:\/\/www.holectron.com\/fr\/produits\/luminaires-dexterieur-2\/luminaires-dexterieur\/sline-ip67\/","title":{"rendered":"sLine IP67"},"content":{"rendered":"<div class=\"wpb-content-wrapper\"><p>[vc_row gap=\u00a0\u00bb30&Prime;][vc_column width=\u00a0\u00bb1\/2&Prime;][vc_single_image image=\u00a0\u00bb113731&Prime; img_size=\u00a0\u00bb680&#215;400&Prime; css=\u00a0\u00bb\u00a0\u00bb][\/vc_column][vc_column width=\u00a0\u00bb1\/2&Prime;][vc_column_text]<span style=\"font-size: 10.5pt;\">Avec le plus petit profil de tous nos produits, la sLine IP67 est id\u00e9alement adapt\u00e9e \u00e0 l&rsquo;\u00e9clairage d\u00e9coratif ext\u00e9rieur et \u00e0 l&rsquo;\u00e9clairage de bord, ainsi qu&rsquo;\u00e0 l&rsquo;utilisation dans les salles de bains ou les cuisines.  <\/span><\/p>\n<p><span style=\"font-size: 10.5pt;\">La sLine IP67 est encapsul\u00e9e dans un bo\u00eetier en aluminium \u00e9tanche et enti\u00e8rement r\u00e9sistant aux UV. \u00c0 l&rsquo;int\u00e9rieur du bo\u00eetier se trouvent des LED OSRAM fabriqu\u00e9es en Allemagne, ainsi qu&rsquo;un syst\u00e8me int\u00e9gr\u00e9 de stabilisation du courant.   <\/span><\/p>\n<p><span style=\"font-size: 10.5pt;\">Petite et robuste, la sLine offre une solution polyvalente pour toute une s\u00e9rie d&rsquo;applications d&rsquo;\u00e9clairage professionnel \u00e0 long terme.  <\/span><br \/>\n[\/vc_column_text][vc_raw_html css=\u00a0\u00bb\u00a0\u00bb]PHN0eWxlPgouYnV0dG9uLW91dGxpbmUgewogIGRpc3BsYXk6IGlubGluZS1ibG9jazsKICB0ZXh0LWRlY29yYXRpb246IG5vbmU7CiAgZm9udC1zaXplOiAxOHB4OwogIGZvbnQtd2VpZ2h0OiA1MDA7CiAgY29sb3I6ICMzMzk5Y2M7CiAgYm9yZGVyOiAycHggc29saWQgIzMzOTljYzsKICBwYWRkaW5nOiAxMHB4IDI0cHg7CiAgYm9yZGVyLXJhZGl1czogOHB4OwogIGJhY2tncm91bmQtY29sb3I6IHRyYW5zcGFyZW50OwogIGJveC1zaXppbmc6IGJvcmRlci1ib3g7CiAgdHJhbnNpdGlvbjogYWxsIDAuM3MgZWFzZTsKICB0ZXh0LWFsaWduOiBjZW50ZXI7Cn0KLmJ1dHRvbi1vdXRsaW5lOmhvdmVyIHsKICBiYWNrZ3JvdW5kLWNvbG9yOiAjYzhlYWZhOwogIGNvbG9yOiAjMzM5OWNjOwp9Cjwvc3R5bGU+Cgo8YSBjbGFzcz0iYnV0dG9uLW91dGxpbmUiIGhyZWY9Imh0dHBzOi8vd3d3LmhvbGVjdHJvbi5jb20vd3AtY29udGVudC91cGxvYWRzL3NsaW5lLWlwNjctU3BlY2lmaWNhdGlvbi1TaGVldC0yMDI1LTA4LTAzLnBkZiIgdGFyZ2V0PSJfYmxhbmsiIHJlbD0ibm9vcGVuZXIiPgogIEZpY2hlIHRlY2huaXF1ZSAiCjwvYT4=[\/vc_raw_html][vc_single_image source=\u00a0\u00bbexternal_link\u00a0\u00bb external_img_size=\u00a0\u00bb440&#215;33&Prime; custom_src=\u00a0\u00bbhttps:\/\/www.holectron.com\/wp-content\/uploads\/featured-ip67-c-1.svg\u00a0\u00bb][\/vc_column][\/vc_row]<\/p>\n<\/div>","protected":false},"excerpt":{"rendered":"<p>[vc_row gap=\u00a0\u00bb30&Prime;][vc_column width=\u00a0\u00bb1\/2&Prime;][vc_single_image image=\u00a0\u00bb113731&Prime; img_size=\u00a0\u00bb680&#215;400&Prime; css=\u00a0\u00bb\u00a0\u00bb][\/vc_column][vc_column width=\u00a0\u00bb1\/2&Prime;][vc_column_text]Avec le plus petit profil de tous nos produits, la sLine IP67 est id\u00e9alement adapt\u00e9e \u00e0 l&rsquo;\u00e9clairage d\u00e9coratif ext\u00e9rieur et \u00e0 l&rsquo;\u00e9clairage de bord, ainsi qu&rsquo;\u00e0 l&rsquo;utilisation dans les salles de bains ou les cuisines. La sLine IP67 est encapsul\u00e9e dans un bo\u00eetier en aluminium \u00e9tanche et enti\u00e8rement r\u00e9sistant [&hellip;]<\/p>\n","protected":false},"author":15,"featured_media":120808,"parent":118090,"menu_order":8,"comment_status":"closed","ping_status":"closed","template":"tpl-product.php","meta":{"footnotes":""},"related":[237,235],"filter":[407,298,314,277,287,262,258,289,275,266,296,312],"acf":[],"aioseo_notices":[],"_links":{"self":[{"href":"https:\/\/www.holectron.com\/fr\/wp-json\/wp\/v2\/pages\/118160"}],"collection":[{"href":"https:\/\/www.holectron.com\/fr\/wp-json\/wp\/v2\/pages"}],"about":[{"href":"https:\/\/www.holectron.com\/fr\/wp-json\/wp\/v2\/types\/page"}],"author":[{"embeddable":true,"href":"https:\/\/www.holectron.com\/fr\/wp-json\/wp\/v2\/users\/15"}],"replies":[{"embeddable":true,"href":"https:\/\/www.holectron.com\/fr\/wp-json\/wp\/v2\/comments?post=118160"}],"version-history":[{"count":0,"href":"https:\/\/www.holectron.com\/fr\/wp-json\/wp\/v2\/pages\/118160\/revisions"}],"up":[{"embeddable":true,"href":"https:\/\/www.holectron.com\/fr\/wp-json\/wp\/v2\/pages\/118090"}],"wp:featuredmedia":[{"embeddable":true,"href":"https:\/\/www.holectron.com\/fr\/wp-json\/wp\/v2\/media\/120808"}],"wp:attachment":[{"href":"https:\/\/www.holectron.com\/fr\/wp-json\/wp\/v2\/media?parent=118160"}],"wp:term":[{"taxonomy":"related","embeddable":true,"href":"https:\/\/www.holectron.com\/fr\/wp-json\/wp\/v2\/related?post=118160"},{"taxonomy":"filter","embeddable":true,"href":"https:\/\/www.holectron.com\/fr\/wp-json\/wp\/v2\/filter?post=118160"}],"curies":[{"name":"wp","href":"https:\/\/api.w.org\/{rel}","templated":true}]}}