{"id":118142,"date":"2025-07-09T13:43:24","date_gmt":"2025-07-09T11:43:24","guid":{"rendered":"https:\/\/www.holectron.com\/produits\/luminaires-dexterieur-2\/luminaires-dexterieur\/xline-ip67\/"},"modified":"2026-03-12T15:45:34","modified_gmt":"2026-03-12T13:45:34","slug":"xline-ip67","status":"publish","type":"page","link":"https:\/\/www.holectron.com\/fr\/produits\/luminaires-dexterieur-2\/luminaires-dexterieur\/xline-ip67\/","title":{"rendered":"xLine IP67"},"content":{"rendered":"<div class=\"wpb-content-wrapper\"><p>[vc_row gap=\u00a0\u00bb30&Prime;][vc_column width=\u00a0\u00bb1\/2&Prime;][vc_single_image image=\u00a0\u00bb113755&Prime; img_size=\u00a0\u00bb680&#215;400&Prime; css=\u00a0\u00bb\u00a0\u00bb][\/vc_column][vc_column width=\u00a0\u00bb1\/2&Prime;][vc_column_text css=\u00a0\u00bb\u00a0\u00bb]xLine IP67 est une lampe lin\u00e9aire \u00e0 LED non flexible et \u00e9tanche avec une encapsulation opale.<\/p>\n<p>Ces lampes LED NICHIA \u00e9tanches IP67 sont con\u00e7ues pour des applications d&rsquo;\u00e9clairage professionnel \u00e0 long terme et conviennent parfaitement \u00e0 l&rsquo;\u00e9clairage d\u00e9coratif lin\u00e9aire LED ext\u00e9rieur, \u00e0 l&rsquo;\u00e9clairage de bordure, \u00e0 l&rsquo;\u00e9clairage de corniche, \u00e0 l&rsquo;\u00e9clairage de bordures et \u00e0 bien d&rsquo;autres applications.<\/p>\n<p>Pour ces lampes LED lin\u00e9aires \u00e9tanches IP67, nous utilisons des mat\u00e9riaux de la plus haute qualit\u00e9, des LED NICHIA du Japon, un syst\u00e8me de stabilisation du courant \u00e0 l&rsquo;int\u00e9rieur. Le bo\u00eetier en aluminium encapsul\u00e9 n&rsquo;attire pas la poussi\u00e8re et la salet\u00e9, il est facile \u00e0 nettoyer et r\u00e9siste parfaitement aux UV.<br \/>Toutes ces caract\u00e9ristiques garantissent une dur\u00e9e de vie tr\u00e8s longue et des performances stables. <\/p>\n<p>Puissant, polyvalent et robuste, le xLine offre aux concepteurs d&rsquo;\u00e9clairage une solution d&rsquo;\u00e9clairage fiable \u00e0 long terme.[\/vc_column_text][vc_raw_html css=\u00a0\u00bb\u00a0\u00bb]PHN0eWxlPgouYnV0dG9uLW91dGxpbmUgewogIGRpc3BsYXk6IGlubGluZS1ibG9jazsKICB0ZXh0LWRlY29yYXRpb246IG5vbmU7CiAgZm9udC1zaXplOiAxOHB4OwogIGZvbnQtd2VpZ2h0OiA1MDA7CiAgY29sb3I6ICMzMzk5Y2M7CiAgYm9yZGVyOiAycHggc29saWQgIzMzOTljYzsKICBwYWRkaW5nOiAxMHB4IDI0cHg7CiAgYm9yZGVyLXJhZGl1czogOHB4OwogIGJhY2tncm91bmQtY29sb3I6IHRyYW5zcGFyZW50OwogIGJveC1zaXppbmc6IGJvcmRlci1ib3g7CiAgdHJhbnNpdGlvbjogYWxsIDAuM3MgZWFzZTsKICB0ZXh0LWFsaWduOiBjZW50ZXI7Cn0KLmJ1dHRvbi1vdXRsaW5lOmhvdmVyIHsKICBiYWNrZ3JvdW5kLWNvbG9yOiAjYzhlYWZhOwogIGNvbG9yOiAjMzM5OWNjOwp9Cjwvc3R5bGU+Cgo8YSBjbGFzcz0iYnV0dG9uLW91dGxpbmUiIGhyZWY9Imh0dHBzOi8vd3d3LmhvbGVjdHJvbi5jb20vd3AtY29udGVudC91cGxvYWRzL3hsaW5lLWlwNjctU3BlY2lmaWNhdGlvbi1TaGVldC0yMDI1LTA4LTI4LnBkZiIgdGFyZ2V0PSJfYmxhbmsiIHJlbD0ibm9vcGVuZXIiPgogIEZpY2hlIHRlY2huaXF1ZSAiCjwvYT4=[\/vc_raw_html][vc_single_image source=\u00a0\u00bbexternal_link\u00a0\u00bb external_img_size=\u00a0\u00bb440&#215;33&Prime; custom_src=\u00a0\u00bbhttps:\/\/www.holectron.com\/wp-content\/uploads\/featured-ip67-c-1.svg\u00a0\u00bb][\/vc_column][\/vc_row][vc_row full_width=\u00a0\u00bbstretch_row\u00a0\u00bb][vc_column][vc_empty_space height=\u00a0\u00bb20&Prime;][\/vc_column][\/vc_row][vc_row gap=\u00a0\u00bb30&Prime;][vc_column width=\u00a0\u00bb1\/2&Prime;][vc_column_text css=\u00a0\u00bb\u00a0\u00bb]<\/p>\n<h2>Principaux avantages<\/h2>\n<ul>\n<li>Lampe LED \u00e9tanche IP67 pour l&rsquo;\u00e9clairage lin\u00e9aire ext\u00e9rieur<\/li>\n<li>Bo\u00eetier en aluminium avec encapsulation opale pour un \u00e9clairage sans point de lumi\u00e8re<\/li>\n<li>R\u00e9sistant aux UV<\/li>\n<li>Composants de la plus haute qualit\u00e9, puces LED NICHIA<\/li>\n<li>LED MacAdam en 3 \u00e9tapes<\/li>\n<li>Conception actuelle stabilis\u00e9e<\/li>\n<li>CRI90+ \u00e9lev\u00e9<\/li>\n<li>Dimmable<\/li>\n<li>Entr\u00e9e de tension 24V\/48V DC<\/li>\n<li>Protection contre les tensions inverses<\/li>\n<\/ul>\n<p>[\/vc_column_text][\/vc_column][vc_column width=\u00a0\u00bb1\/2&Prime;][vc_single_image image=\u00a0\u00bb114842&Prime; img_size=\u00a0\u00bb680&#215;400&Prime; css=\u00a0\u00bb\u00a0\u00bb][\/vc_column][\/vc_row][vc_row full_width=\u00a0\u00bbstretch_row\u00a0\u00bb css=\u00a0\u00bb.vc_custom_1756185286894{background-color: #f5f5f5 !important;}\u00a0\u00bb][vc_column][vc_empty_space height=\u00a0\u00bb20&Prime;][\/vc_column][\/vc_row][vc_row full_width=\u00a0\u00bbstretch_row\u00a0\u00bb css=\u00a0\u00bb.vc_custom_1756185286894{background-color: #f5f5f5 !important;}\u00a0\u00bb][vc_column][vc_empty_space height=\u00a0\u00bb20&Prime;][\/vc_column][\/vc_row][vc_row full_width=\u00a0\u00bbstretch_row\u00a0\u00bb gap=\u00a0\u00bb30&Prime; content_placement=\u00a0\u00bbmiddle\u00a0\u00bb css=\u00a0\u00bb.vc_custom_1756185356171{background-color: #f5f5f5 !important;}\u00a0\u00bb][vc_column width=\u00a0\u00bb1\/2&Prime;][vc_single_image image=\u00a0\u00bb114815&Prime; img_size=\u00a0\u00bbfull\u00a0\u00bb css=\u00a0\u00bb\u00a0\u00bb][\/vc_column][vc_column width=\u00a0\u00bb1\/2&Prime;][vc_column_text css=\u00a0\u00bb\u00a0\u00bb]<\/p>\n<h2>Dessins<\/h2>\n<p>[\/vc_column_text][\/vc_column][\/vc_row]<\/p>\n<\/div>","protected":false},"excerpt":{"rendered":"<p>[vc_row gap=\u00a0\u00bb30&Prime;][vc_column width=\u00a0\u00bb1\/2&Prime;][vc_single_image image=\u00a0\u00bb113755&Prime; img_size=\u00a0\u00bb680&#215;400&Prime; css=\u00a0\u00bb\u00a0\u00bb][\/vc_column][vc_column width=\u00a0\u00bb1\/2&Prime;][vc_column_text css=\u00a0\u00bb\u00a0\u00bb]xLine IP67 est une lampe lin\u00e9aire \u00e0 LED non flexible et \u00e9tanche avec une encapsulation opale. Ces lampes LED NICHIA \u00e9tanches IP67 sont con\u00e7ues pour des applications d&rsquo;\u00e9clairage professionnel \u00e0 long terme et conviennent parfaitement \u00e0 l&rsquo;\u00e9clairage d\u00e9coratif lin\u00e9aire LED ext\u00e9rieur, \u00e0 l&rsquo;\u00e9clairage de bordure, \u00e0 l&rsquo;\u00e9clairage de [&hellip;]<\/p>\n","protected":false},"author":15,"featured_media":120805,"parent":118090,"menu_order":9,"comment_status":"closed","ping_status":"closed","template":"tpl-product-led.php","meta":{"footnotes":""},"related":[236,237],"filter":[407,281,283,314,277,279,316,318,304,320,262,258,275,294,266],"acf":[],"aioseo_notices":[],"_links":{"self":[{"href":"https:\/\/www.holectron.com\/fr\/wp-json\/wp\/v2\/pages\/118142"}],"collection":[{"href":"https:\/\/www.holectron.com\/fr\/wp-json\/wp\/v2\/pages"}],"about":[{"href":"https:\/\/www.holectron.com\/fr\/wp-json\/wp\/v2\/types\/page"}],"author":[{"embeddable":true,"href":"https:\/\/www.holectron.com\/fr\/wp-json\/wp\/v2\/users\/15"}],"replies":[{"embeddable":true,"href":"https:\/\/www.holectron.com\/fr\/wp-json\/wp\/v2\/comments?post=118142"}],"version-history":[{"count":0,"href":"https:\/\/www.holectron.com\/fr\/wp-json\/wp\/v2\/pages\/118142\/revisions"}],"up":[{"embeddable":true,"href":"https:\/\/www.holectron.com\/fr\/wp-json\/wp\/v2\/pages\/118090"}],"wp:featuredmedia":[{"embeddable":true,"href":"https:\/\/www.holectron.com\/fr\/wp-json\/wp\/v2\/media\/120805"}],"wp:attachment":[{"href":"https:\/\/www.holectron.com\/fr\/wp-json\/wp\/v2\/media?parent=118142"}],"wp:term":[{"taxonomy":"related","embeddable":true,"href":"https:\/\/www.holectron.com\/fr\/wp-json\/wp\/v2\/related?post=118142"},{"taxonomy":"filter","embeddable":true,"href":"https:\/\/www.holectron.com\/fr\/wp-json\/wp\/v2\/filter?post=118142"}],"curies":[{"name":"wp","href":"https:\/\/api.w.org\/{rel}","templated":true}]}}