{"id":118059,"date":"2025-06-11T20:51:59","date_gmt":"2025-06-11T18:51:59","guid":{"rendered":"https:\/\/www.holectron.com\/produits\/luminaires-dexterieur\/exterieur-lineaire\/neman-blank-ip65\/neman-blank-ip65-encastre\/"},"modified":"2025-10-08T14:13:08","modified_gmt":"2025-10-08T12:13:08","slug":"neman-blank-ip65-encastre","status":"publish","type":"page","link":"https:\/\/www.holectron.com\/fr\/produits\/luminaires-dexterieur\/exterieur-lineaire\/neman-blank-ip65\/neman-blank-ip65-encastre\/","title":{"rendered":"Neman Blank IP65 encastr\u00e9"},"content":{"rendered":"<div class=\"wpb-content-wrapper\"><p>[vc_row gap=\u00a0\u00bb30&Prime;][vc_column width=\u00a0\u00bb1\/2&Prime;][vc_single_image image=\u00a0\u00bb101736&Prime; img_size=\u00a0\u00bbfull\u00a0\u00bb css=\u00a0\u00bb\u00a0\u00bb][\/vc_column][vc_column width=\u00a0\u00bb1\/2&Prime;][vc_column_text css=\u00a0\u00bb\u00a0\u00bb]L&rsquo;<strong>encastr\u00e9 IP65 Neman<\/strong> peut \u00eatre utilis\u00e9 comme luminaire individuel pour diverses applications d&rsquo;\u00e9clairage ext\u00e9rieur. Le couvercle opale assure une lumi\u00e8re uniforme et continue, et un aspect moderne du luminaire. <\/p>\n<p>Le luminaire <strong>encastr\u00e9 IP65 de Neman<\/strong> peut \u00eatre personnalis\u00e9 en fonction de la puissance lumineuse souhait\u00e9e et de la longueur du luminaire, afin de s&rsquo;adapter parfaitement \u00e0 votre projet. Le bo\u00eetier peut \u00eatre peint par poudrage en blanc, gris ou noir. <\/p>\n<p>Diverses sources lumineuses blanches, blanches accordables, RVB ou RVBW peuvent \u00eatre utilis\u00e9es pour obtenir un rendement lumineux allant jusqu&rsquo;\u00e0 4000 Lm\/m et une consommation maximale de 33 W\/m pour le luminaire. 33 W\/m. <\/p>\n<p>Luminaire Neman disponible avec 3 Step MacAdam LEDs.[\/vc_column_text][vc_single_image source=\u00a0\u00bbexternal_link\u00a0\u00bb external_img_size=\u00a0\u00bb380&#215;33&Prime; custom_src=\u00a0\u00bbhttps:\/\/www.holectron.com\/wp-content\/uploads\/features-with-etl-1.svg\u00a0\u00bb][\/vc_column][\/vc_row]<\/p>\n<\/div>","protected":false},"excerpt":{"rendered":"<p>[vc_row gap=\u00a0\u00bb30&Prime;][vc_column width=\u00a0\u00bb1\/2&Prime;][vc_single_image image=\u00a0\u00bb101736&Prime; img_size=\u00a0\u00bbfull\u00a0\u00bb css=\u00a0\u00bb\u00a0\u00bb][\/vc_column][vc_column width=\u00a0\u00bb1\/2&Prime;][vc_column_text css=\u00a0\u00bb\u00a0\u00bb]L&rsquo;encastr\u00e9 IP65 Neman peut \u00eatre utilis\u00e9 comme luminaire individuel pour diverses applications d&rsquo;\u00e9clairage ext\u00e9rieur. Le couvercle opale assure une lumi\u00e8re uniforme et continue, et un aspect moderne du luminaire. Le luminaire encastr\u00e9 IP65 de Neman peut \u00eatre personnalis\u00e9 en fonction de la puissance lumineuse souhait\u00e9e et de la [&hellip;]<\/p>\n","protected":false},"author":15,"featured_media":118060,"parent":118057,"menu_order":1,"comment_status":"closed","ping_status":"closed","template":"tpl-product-led.php","meta":{"footnotes":""},"related":[251,249],"filter":[],"acf":[],"aioseo_notices":[],"_links":{"self":[{"href":"https:\/\/www.holectron.com\/fr\/wp-json\/wp\/v2\/pages\/118059"}],"collection":[{"href":"https:\/\/www.holectron.com\/fr\/wp-json\/wp\/v2\/pages"}],"about":[{"href":"https:\/\/www.holectron.com\/fr\/wp-json\/wp\/v2\/types\/page"}],"author":[{"embeddable":true,"href":"https:\/\/www.holectron.com\/fr\/wp-json\/wp\/v2\/users\/15"}],"replies":[{"embeddable":true,"href":"https:\/\/www.holectron.com\/fr\/wp-json\/wp\/v2\/comments?post=118059"}],"version-history":[{"count":0,"href":"https:\/\/www.holectron.com\/fr\/wp-json\/wp\/v2\/pages\/118059\/revisions"}],"up":[{"embeddable":true,"href":"https:\/\/www.holectron.com\/fr\/wp-json\/wp\/v2\/pages\/118057"}],"wp:featuredmedia":[{"embeddable":true,"href":"https:\/\/www.holectron.com\/fr\/wp-json\/wp\/v2\/media\/118060"}],"wp:attachment":[{"href":"https:\/\/www.holectron.com\/fr\/wp-json\/wp\/v2\/media?parent=118059"}],"wp:term":[{"taxonomy":"related","embeddable":true,"href":"https:\/\/www.holectron.com\/fr\/wp-json\/wp\/v2\/related?post=118059"},{"taxonomy":"filter","embeddable":true,"href":"https:\/\/www.holectron.com\/fr\/wp-json\/wp\/v2\/filter?post=118059"}],"curies":[{"name":"wp","href":"https:\/\/api.w.org\/{rel}","templated":true}]}}