{"id":117766,"date":"2022-07-05T14:44:38","date_gmt":"2022-07-05T12:44:38","guid":{"rendered":"https:\/\/www.holectron.com\/produits\/flexible-a-lexterieur\/bandes-de-led-flexibles-pour-lexterieur\/atlantis-side-g2-blanc-tw-rgb\/atlantis-side-g2-white-lignes-led-flexibles-pour-lexterieur\/"},"modified":"2025-11-17T15:31:49","modified_gmt":"2025-11-17T13:31:49","slug":"atlantis-side-g2-white-lignes-led-flexibles-pour-lexterieur","status":"publish","type":"page","link":"https:\/\/www.holectron.com\/fr\/produits\/flexible-a-lexterieur\/bandes-de-led-flexibles-pour-lexterieur\/atlantis-side-g2-blanc-tw-rgb\/atlantis-side-g2-white-lignes-led-flexibles-pour-lexterieur\/","title":{"rendered":"Atlantis Side G2 White &#8211; Lignes LED flexibles pour l&rsquo;ext\u00e9rieur"},"content":{"rendered":"<div class=\"wpb-content-wrapper\"><p>[vc_row][vc_column][vc_single_image source=\u00a0\u00bbexternal_link\u00a0\u00bb external_img_size=\u00a0\u00bb230&#215;26&Prime; css=\u00a0\u00bb.vc_custom_1716188154402{margin-bottom: 10px !important;border-bottom-width: 0px !important;padding-bottom: 0px !important;}\u00a0\u00bb custom_src=\u00a0\u00bbhttps:\/\/www.holectron.com\/wp-content\/uploads\/information-updates5.svg\u00a0\u00bb][vc_separator color=\u00a0\u00bbblack\u00a0\u00bb css=\u00a0\u00bb.vc_custom_1716187851480{margin-top: 0px !important;margin-bottom: 0px !important;border-top-width: 0px !important;border-bottom-width: 0px !important;padding-top: 0px !important;}\u00a0\u00bb][vc_tta_accordion section_title_tag=\u00a0\u00bbp\u00a0\u00bb shape=\u00a0\u00bbsquare\u00a0\u00bb c_icon=\u00a0\u00bbchevron\u00a0\u00bb active_section=\u00a0\u00bb50&Prime; no_fill=\u00a0\u00bbtrue\u00a0\u00bb collapsible_all=\u00a0\u00bbtrue\u00a0\u00bb css=\u00a0\u00bb.vc_custom_1721133096159{margin-top: 1px !important;border-top-width: 0px !important;padding-top: 0px !important;background-color: #f5f5f5 !important;}\u00a0\u00bb][vc_tta_section title=\u00a0\u00bb2024.05.17 | Atlantis 48V\u00a0\u00bb tab_id=\u00a0\u00bb2024-05-17-atlantis-48vf9ce-33c1&Prime;][vc_row_inner content_placement=\u00a0\u00bbmiddle\u00a0\u00bb gap=\u00a0\u00bb30&Prime;][vc_column_inner width=\u00a0\u00bb1\/2&Prime;][vc_single_image image=\u00a0\u00bb98601&Prime; img_size=\u00a0\u00bb400&#215;400&Prime; alignment=\u00a0\u00bbcenter\u00a0\u00bb][\/vc_column_inner][vc_column_inner width=\u00a0\u00bb1\/2&Prime;][vc_column_text css=\u00a0\u00bb\u00a0\u00bb]<\/p>\n<h2>Atlantis 48V<\/h2>\n<p>Nous avons le plaisir de vous annoncer la derni\u00e8re nouveaut\u00e9 de nos solutions d&rsquo;\u00e9clairage ext\u00e9rieur : la bande LED flexible <strong>Atlantis 48V<\/strong>. Cette version am\u00e9lior\u00e9e \u00e9tend sa port\u00e9e maximale \u00e0 <strong>28<\/strong><strong>,5 m\u00e8tres<\/strong>, doublant ainsi la capacit\u00e9 de son pr\u00e9d\u00e9cesseur de 24V. Cela signifie plus de port\u00e9e et plus de libert\u00e9 pour illuminer les espaces ext\u00e9rieurs avec pr\u00e9cision et cr\u00e9ativit\u00e9.[\/vc_column_text][\/vc_column_inner][\/vc_row_inner][vc_separator][\/vc_tta_section][vc_tta_section title=\u00a0\u00bb2024.05.17 | Atlantis Flexible Holder\u00a0\u00bb tab_id=\u00a0\u00bb2024-05-17-atlantis-flexible-holderf9ce-33c1&Prime;][vc_row_inner content_placement=\u00a0\u00bbmiddle\u00a0\u00bb gap=\u00a0\u00bb30&Prime;][vc_column_inner width=\u00a0\u00bb1\/2&Prime;][vc_single_image image=\u00a0\u00bb98602&Prime; img_size=\u00a0\u00bb400&#215;400&Prime; alignment=\u00a0\u00bbcenter\u00a0\u00bb][\/vc_column_inner][vc_column_inner width=\u00a0\u00bb1\/2&Prime;][vc_column_text]<\/p>\n<h2>Support flexible<\/h2>\n<p>Le nouveau support flexible Atlantis est con\u00e7u pour fournir un support stable \u00e0 nos bandes LED, en particulier lors de la formation de courbes. Gr\u00e2ce \u00e0 une meilleure stabilit\u00e9, il permet une mise en forme plus pr\u00e9cise et une installation plus facile. Ce support accentue le c\u00f4t\u00e9 lumineux de la bande, am\u00e9liorant ainsi l&rsquo;impact visuel de vos installations d&rsquo;\u00e9clairage.[\/vc_column_text][\/vc_column_inner][\/vc_row_inner][vc_separator][\/vc_tta_section][vc_tta_section title=\u00a0\u00bb2023.03.17 | Atlantis G2 Innovations\u00a0\u00bb tab_id=\u00a0\u00bb2023-03-17-atlantis-g2-innovationsf9ce-33c1&Prime;][vc_row_inner content_placement=\u00a0\u00bbmiddle\u00a0\u00bb gap=\u00a0\u00bb30&Prime;][vc_column_inner width=\u00a0\u00bb1\/2&Prime;][vc_single_image image=\u00a0\u00bb71202&Prime; img_size=\u00a0\u00bb680&#215;400&Prime;][\/vc_column_inner][vc_column_inner width=\u00a0\u00bb1\/2&Prime;][vc_column_text]<strong>Discret :<\/strong><\/p>\n<p>Avec ses 14 x 16 mm, la deuxi\u00e8me g\u00e9n\u00e9ration d&rsquo;Atlantis est plus fine qu&rsquo;auparavant tout en conservant tous les avantages de l&rsquo;Atlantis d&rsquo;origine.<\/p>\n<p><strong>Groovy :<\/strong><\/p>\n<p>Le profil ext\u00e9rieur redessin\u00e9 comporte des rainures lat\u00e9rales suppl\u00e9mentaires pour faciliter l&rsquo;installation et am\u00e9liorer la r\u00e9tention.<\/p>\n<p><strong>Infinite :<\/strong><\/p>\n<p>La nouvelle forme de l&#8217;embout facilite la connexion de plusieurs unit\u00e9s pour cr\u00e9er des lignes lumineuses continues.<\/p>\n<p><strong>Fiable :<\/strong><\/p>\n<p>Les clips de montage redessin\u00e9s et le nouveau profil ext\u00e9rieur Atlantis constituent une solution de montage inalt\u00e9rable.<\/p>\n<p><strong>Imperm\u00e9able :<\/strong><\/p>\n<p>imperm\u00e9able et r\u00e9sistant \u00e0 la salet\u00e9 et \u00e0 la poussi\u00e8re gr\u00e2ce \u00e0 de nouveaux mat\u00e9riaux am\u00e9lior\u00e9s<\/p>\n<p><strong>Polyvalent :<\/strong><\/p>\n<p>Les versions Top et Side, de dimensions identiques, permettent de combiner des coudes verticaux et horizontaux sur une m\u00eame ligne.[\/vc_column_text][\/vc_column_inner][\/vc_row_inner][vc_separator][\/vc_tta_section][\/vc_tta_accordion][\/vc_column][\/vc_row][vc_row gap=\u00a0\u00bb30&Prime;][vc_column width=\u00a0\u00bb1\/2&Prime;][vc_video link=\u00a0\u00bbhttps:\/\/youtu.be\/I2LMPtsr860&Prime; css=\u00a0\u00bb\u00a0\u00bb][\/vc_column][vc_column width=\u00a0\u00bb1\/2&Prime;][vc_column_text]Nos lignes de LED pliables <strong>Atlantis Side G2 Blanc<\/strong> IP67 ont \u00e9t\u00e9 con\u00e7ues pour les projets d&rsquo;\u00e9clairage ext\u00e9rieur qui n\u00e9cessitent une solution d&rsquo;\u00e9clairage cr\u00e9ative et flexible.<\/p>\n<p>Avec son bo\u00eetier flexible en polyur\u00e9thane, l&rsquo;Atlantis G2 peut s&rsquo;adapter \u00e0 la g\u00e9om\u00e9trie organique des fa\u00e7ades et des structures des b\u00e2timents tout en garantissant un effet lumineux uniforme.<\/p>\n<p>Enti\u00e8rement encapsul\u00e9es et prot\u00e9g\u00e9es des \u00e9l\u00e9ments, ces bandes de LED de haute qualit\u00e9 sont con\u00e7ues pour des applications professionnelles \u00e0 long terme.[\/vc_column_text][vc_single_image source=\u00a0\u00bbexternal_link\u00a0\u00bb external_img_size=\u00a0\u00bb380&#215;33&Prime; custom_src=\u00a0\u00bbhttps:\/\/www.holectron.com\/wp-content\/uploads\/featured-ip67-c-1.svg\u00a0\u00bb][\/vc_column][\/vc_row][vc_row][vc_column][vc_empty_space height=\u00a0\u00bb60&Prime;][\/vc_column][\/vc_row][vc_row content_placement=\u00a0\u00bbmiddle\u00a0\u00bb css=\u00a0\u00bb.vc_custom_1658389954091{margin-top: 0px !important;margin-right: 0px !important;margin-bottom: 0px !important;margin-left: 0px !important;border-top-width: 0px !important;border-right-width: 0px !important;border-bottom-width: 0px !important;border-left-width: 0px !important;padding-top: 0px !important;padding-right: 0px !important;padding-bottom: 0px !important;padding-left: 0px !important;}\u00a0\u00bb][vc_column width=\u00a0\u00bb1\/5&Prime; offset=\u00a0\u00bbvc_col-lg-1\/5 vc_col-md-1\/5 vc_col-xs-6&Prime; css=\u00a0\u00bb.vc_custom_1658389896757{margin-top: 0px !important;margin-right: 0px !important;margin-bottom: 0px !important;margin-left: 0px !important;border-top-width: 0px !important;border-right-width: 0px !important;border-bottom-width: 0px !important;border-left-width: 0px !important;padding-top: 0px !important;padding-right: 0px !important;padding-bottom: 0px !important;padding-left: 0px !important;}\u00a0\u00bb][vc_single_image image=\u00a0\u00bb73336&Prime; img_size=\u00a0\u00bb600&#215;600&Prime; alignment=\u00a0\u00bbcenter\u00a0\u00bb onclick=\u00a0\u00bbimg_link_large\u00a0\u00bb][\/vc_column][vc_column width=\u00a0\u00bb1\/5&Prime; css=\u00a0\u00bb.vc_custom_1658389683277{margin-top: 0px !important;margin-right: 0px !important;margin-bottom: 0px !important;margin-left: 0px !important;border-top-width: 0px !important;border-right-width: 0px !important;border-bottom-width: 0px !important;border-left-width: 0px !important;padding-top: 0px !important;padding-right: 0px !important;padding-bottom: 0px !important;padding-left: 0px !important;}\u00a0\u00bb offset=\u00a0\u00bbvc_col-lg-1\/5 vc_col-md-1\/5 vc_col-xs-6&Prime;][vc_single_image image=\u00a0\u00bb73339&Prime; img_size=\u00a0\u00bb600&#215;600&Prime; alignment=\u00a0\u00bbcenter\u00a0\u00bb onclick=\u00a0\u00bbimg_link_large\u00a0\u00bb][\/vc_column][vc_column width=\u00a0\u00bb1\/5&Prime; css=\u00a0\u00bb.vc_custom_1658389708431{margin-top: 0px !important;margin-right: 0px !important;margin-bottom: 0px !important;margin-left: 0px !important;border-top-width: 0px !important;border-right-width: 0px !important;border-bottom-width: 0px !important;border-left-width: 0px !important;padding-top: 0px !important;padding-right: 0px !important;padding-bottom: 0px !important;padding-left: 0px !important;}\u00a0\u00bb offset=\u00a0\u00bbvc_col-lg-1\/5 vc_col-md-1\/5 vc_col-xs-6&Prime;][vc_single_image image=\u00a0\u00bb73340&Prime; img_size=\u00a0\u00bb600&#215;600&Prime; alignment=\u00a0\u00bbcenter\u00a0\u00bb onclick=\u00a0\u00bbimg_link_large\u00a0\u00bb][\/vc_column][vc_column width=\u00a0\u00bb1\/5&Prime; css=\u00a0\u00bb.vc_custom_1658389767917{margin-top: 0px !important;margin-right: 0px !important;margin-bottom: 0px !important;margin-left: 0px !important;border-top-width: 0px !important;border-right-width: 0px !important;border-bottom-width: 0px !important;border-left-width: 0px !important;padding-top: 0px !important;padding-right: 0px !important;padding-bottom: 0px !important;padding-left: 0px !important;}\u00a0\u00bb offset=\u00a0\u00bbvc_col-lg-1\/5 vc_col-md-1\/5 vc_col-xs-6&Prime;][vc_single_image image=\u00a0\u00bb73341&Prime; img_size=\u00a0\u00bb600&#215;600&Prime; alignment=\u00a0\u00bbcenter\u00a0\u00bb onclick=\u00a0\u00bbimg_link_large\u00a0\u00bb][\/vc_column][vc_column width=\u00a0\u00bb1\/5&Prime; css=\u00a0\u00bb.vc_custom_1658389789057{margin-top: 0px !important;margin-right: 0px !important;margin-bottom: 0px !important;margin-left: 0px !important;border-top-width: 0px !important;border-right-width: 0px !important;border-bottom-width: 0px !important;border-left-width: 0px !important;padding-top: 0px !important;padding-right: 0px !important;padding-bottom: 0px !important;padding-left: 0px !important;}\u00a0\u00bb offset=\u00a0\u00bbvc_col-lg-1\/5 vc_col-md-1\/5 vc_col-xs-6&Prime;][vc_single_image image=\u00a0\u00bb73247&Prime; img_size=\u00a0\u00bb600&#215;600&Prime; alignment=\u00a0\u00bbcenter\u00a0\u00bb onclick=\u00a0\u00bbimg_link_large\u00a0\u00bb][\/vc_column][\/vc_row][vc_row][vc_column][vc_empty_space height=\u00a0\u00bb40px\u00a0\u00bb][\/vc_column][\/vc_row][vc_row full_width=\u00a0\u00bbstretch_row\u00a0\u00bb css=\u00a0\u00bb.vc_custom_1657282919238{background-color: #f5f5f5 !important;}\u00a0\u00bb][vc_column][vc_empty_space height=\u00a0\u00bb40&Prime;][vc_column_text]<\/p>\n<h2>Dessin<\/h2>\n<p>[\/vc_column_text][vc_single_image image=\u00a0\u00bb73483&Prime; img_size=\u00a0\u00bbfull\u00a0\u00bb][vc_empty_space height=\u00a0\u00bb40&Prime; el_id=\u00a0\u00bb1001&Prime;][\/vc_column][\/vc_row][vc_row gap=\u00a0\u00bb30&Prime; content_placement=\u00a0\u00bbmiddle\u00a0\u00bb][vc_column width=\u00a0\u00bb1\/4&Prime; offset=\u00a0\u00bbvc_col-lg-3 vc_col-md-3 vc_col-xs-6&Prime;][vc_single_image image=\u00a0\u00bb71201&Prime; img_size=\u00a0\u00bb400&#215;400&Prime;][\/vc_column][vc_column width=\u00a0\u00bb1\/4&Prime; offset=\u00a0\u00bbvc_col-lg-3 vc_col-md-3 vc_col-xs-6&Prime;][vc_single_image image=\u00a0\u00bb99929&Prime; img_size=\u00a0\u00bbfull\u00a0\u00bb][\/vc_column][vc_column width=\u00a0\u00bb1\/2&Prime; offset=\u00a0\u00bbvc_col-lg-6 vc_col-md-6 vc_col-xs-12&Prime;][vc_column_text]<\/p>\n<h2>Fiable :<\/h2>\n<p>Les clips de montage redessin\u00e9s et le nouveau profil ext\u00e9rieur Atlantis constituent une solution de montage inalt\u00e9rable.[\/vc_column_text][\/vc_column][\/vc_row][vc_row][vc_column][vc_empty_space height=\u00a0\u00bb40&Prime;][\/vc_column][\/vc_row]<\/p>\n<\/div>","protected":false},"excerpt":{"rendered":"<p>[vc_row][vc_column][vc_single_image source=\u00a0\u00bbexternal_link\u00a0\u00bb external_img_size=\u00a0\u00bb230&#215;26&Prime; css=\u00a0\u00bb.vc_custom_1716188154402{margin-bottom: 10px !important;border-bottom-width: 0px !important;padding-bottom: 0px !important;}\u00a0\u00bb custom_src=\u00a0\u00bbhttps:\/\/www.holectron.com\/wp-content\/uploads\/information-updates5.svg\u00a0\u00bb][vc_separator color=\u00a0\u00bbblack\u00a0\u00bb css=\u00a0\u00bb.vc_custom_1716187851480{margin-top: 0px !important;margin-bottom: 0px !important;border-top-width: 0px !important;border-bottom-width: 0px !important;padding-top: 0px !important;}\u00a0\u00bb][vc_tta_accordion section_title_tag=\u00a0\u00bbp\u00a0\u00bb shape=\u00a0\u00bbsquare\u00a0\u00bb c_icon=\u00a0\u00bbchevron\u00a0\u00bb active_section=\u00a0\u00bb50&Prime; no_fill=\u00a0\u00bbtrue\u00a0\u00bb collapsible_all=\u00a0\u00bbtrue\u00a0\u00bb css=\u00a0\u00bb.vc_custom_1721133096159{margin-top: 1px !important;border-top-width: 0px !important;padding-top: 0px !important;background-color: #f5f5f5 !important;}\u00a0\u00bb][vc_tta_section title=\u00a0\u00bb2024.05.17 | Atlantis 48V\u00a0\u00bb tab_id=\u00a0\u00bb2024-05-17-atlantis-48vf9ce-33c1&Prime;][vc_row_inner content_placement=\u00a0\u00bbmiddle\u00a0\u00bb gap=\u00a0\u00bb30&Prime;][vc_column_inner width=\u00a0\u00bb1\/2&Prime;][vc_single_image image=\u00a0\u00bb98601&Prime; img_size=\u00a0\u00bb400&#215;400&Prime; alignment=\u00a0\u00bbcenter\u00a0\u00bb][\/vc_column_inner][vc_column_inner width=\u00a0\u00bb1\/2&Prime;][vc_column_text css=\u00a0\u00bb\u00a0\u00bb] Atlantis 48V Nous avons [&hellip;]<\/p>\n","protected":false},"author":16,"featured_media":117525,"parent":117527,"menu_order":0,"comment_status":"closed","ping_status":"closed","template":"tpl-product-led.php","meta":{"footnotes":""},"related":[242],"filter":[277,262,258,271,260,266],"acf":[],"aioseo_notices":[],"_links":{"self":[{"href":"https:\/\/www.holectron.com\/fr\/wp-json\/wp\/v2\/pages\/117766"}],"collection":[{"href":"https:\/\/www.holectron.com\/fr\/wp-json\/wp\/v2\/pages"}],"about":[{"href":"https:\/\/www.holectron.com\/fr\/wp-json\/wp\/v2\/types\/page"}],"author":[{"embeddable":true,"href":"https:\/\/www.holectron.com\/fr\/wp-json\/wp\/v2\/users\/16"}],"replies":[{"embeddable":true,"href":"https:\/\/www.holectron.com\/fr\/wp-json\/wp\/v2\/comments?post=117766"}],"version-history":[{"count":0,"href":"https:\/\/www.holectron.com\/fr\/wp-json\/wp\/v2\/pages\/117766\/revisions"}],"up":[{"embeddable":true,"href":"https:\/\/www.holectron.com\/fr\/wp-json\/wp\/v2\/pages\/117527"}],"wp:featuredmedia":[{"embeddable":true,"href":"https:\/\/www.holectron.com\/fr\/wp-json\/wp\/v2\/media\/117525"}],"wp:attachment":[{"href":"https:\/\/www.holectron.com\/fr\/wp-json\/wp\/v2\/media?parent=117766"}],"wp:term":[{"taxonomy":"related","embeddable":true,"href":"https:\/\/www.holectron.com\/fr\/wp-json\/wp\/v2\/related?post=117766"},{"taxonomy":"filter","embeddable":true,"href":"https:\/\/www.holectron.com\/fr\/wp-json\/wp\/v2\/filter?post=117766"}],"curies":[{"name":"wp","href":"https:\/\/api.w.org\/{rel}","templated":true}]}}