{"id":117762,"date":"2022-07-05T15:29:20","date_gmt":"2022-07-05T13:29:20","guid":{"rendered":"https:\/\/www.holectron.com\/produits\/flexible-a-lexterieur\/bandes-de-led-flexibles-pour-lexterieur\/atlantis-side-g2-blanc-tw-rgb\/atlantis-side-g2-tunable-white-exterieur-flexible-nichia-led-lines\/"},"modified":"2025-11-17T15:31:19","modified_gmt":"2025-11-17T13:31:19","slug":"atlantis-side-g2-tunable-white-exterieur-flexible-nichia-led-lines","status":"publish","type":"page","link":"https:\/\/www.holectron.com\/fr\/produits\/flexible-a-lexterieur\/bandes-de-led-flexibles-pour-lexterieur\/atlantis-side-g2-blanc-tw-rgb\/atlantis-side-g2-tunable-white-exterieur-flexible-nichia-led-lines\/","title":{"rendered":"Atlantis Side G2 Tunable White &#8211; Ext\u00e9rieur Flexible NICHIA LED Lines"},"content":{"rendered":"<div class=\"wpb-content-wrapper\"><p>[vc_row gap=\u00a0\u00bb30&Prime;][vc_column width=\u00a0\u00bb1\/2&Prime;][vc_video link=\u00a0\u00bbhttps:\/\/youtu.be\/I2LMPtsr860&Prime; css=\u00a0\u00bb\u00a0\u00bb][\/vc_column][vc_column width=\u00a0\u00bb1\/2&Prime;][vc_column_text]<strong>Nos<\/strong> lignes <strong>Atlantis Side G2 Tunable White<\/strong> bendable IP67 LED ont \u00e9t\u00e9 con\u00e7ues pour les projets d&rsquo;\u00e9clairage ext\u00e9rieur qui n\u00e9cessitent une solution d&rsquo;\u00e9clairage cr\u00e9ative et flexible.<\/p>\n<p>Gr\u00e2ce \u00e0 son bo\u00eetier flexible en polyur\u00e9thane, l&rsquo;Atlantis G2 peut s&rsquo;adapter \u00e0 la g\u00e9om\u00e9trie organique des fa\u00e7ades et des structures des b\u00e2timents tout en garantissant un effet lumineux uniforme.<\/p>\n<p>Enti\u00e8rement encapsul\u00e9es et prot\u00e9g\u00e9es des \u00e9l\u00e9ments, ces bandes LED de haute qualit\u00e9 sont con\u00e7ues pour des applications professionnelles \u00e0 long terme.[\/vc_column_text][vc_single_image source=\u00a0\u00bbexternal_link\u00a0\u00bb external_img_size=\u00a0\u00bb380&#215;33&Prime; custom_src=\u00a0\u00bbhttps:\/\/www.holectron.com\/wp-content\/uploads\/featured-ip67-c-1.svg\u00a0\u00bb][\/vc_column][\/vc_row][vc_row][vc_column][vc_empty_space height=\u00a0\u00bb60&Prime;][vc_column_text]<\/p>\n<h2 style=\"text-align: center;\">Atlantis G2 Innovations<\/h2>\n<p>[\/vc_column_text][vc_empty_space height=\u00a0\u00bb40px\u00a0\u00bb][\/vc_column][\/vc_row][vc_row gap=\u00a0\u00bb30&Prime; content_placement=\u00a0\u00bbmiddle\u00a0\u00bb][vc_column offset=\u00a0\u00bbvc_hidden-lg vc_hidden-md vc_hidden-sm\u00a0\u00bb][vc_single_image image=\u00a0\u00bb73515&Prime; img_size=\u00a0\u00bb680&#215;400&Prime;][\/vc_column][\/vc_row][vc_row gap=\u00a0\u00bb30&Prime; content_placement=\u00a0\u00bbmiddle\u00a0\u00bb][vc_column width=\u00a0\u00bb1\/2&Prime;][vc_column_text]<\/p>\n<h2>Discret :<\/h2>\n<p>Avec ses 14 x 16 mm, la deuxi\u00e8me g\u00e9n\u00e9ration d&rsquo;Atlantis est plus fine qu&rsquo;auparavant tout en conservant tous les avantages de l&rsquo;Atlantis d&rsquo;origine.[\/vc_column_text][\/vc_column][vc_column width=\u00a0\u00bb1\/2&Prime; offset=\u00a0\u00bbvc_hidden-xs\u00a0\u00bb][vc_single_image image=\u00a0\u00bb73515&Prime; img_size=\u00a0\u00bb680&#215;400&Prime;][\/vc_column][\/vc_row][vc_row][vc_column][vc_empty_space height=\u00a0\u00bb40px\u00a0\u00bb][\/vc_column][\/vc_row][vc_row gap=\u00a0\u00bb30&Prime; content_placement=\u00a0\u00bbmiddle\u00a0\u00bb][vc_column width=\u00a0\u00bb1\/2&Prime;][vc_single_image image=\u00a0\u00bb71200&Prime; img_size=\u00a0\u00bb680&#215;400&Prime;][\/vc_column][vc_column width=\u00a0\u00bb1\/2&Prime;][vc_column_text]<\/p>\n<h2>Groovy :<\/h2>\n<p>Le profil ext\u00e9rieur redessin\u00e9 comporte des rainures lat\u00e9rales suppl\u00e9mentaires pour faciliter l&rsquo;installation et am\u00e9liorer la r\u00e9tention.[\/vc_column_text][\/vc_column][\/vc_row][vc_row][vc_column][vc_empty_space height=\u00a0\u00bb40px\u00a0\u00bb][\/vc_column][\/vc_row][vc_row gap=\u00a0\u00bb30&Prime; content_placement=\u00a0\u00bbmiddle\u00a0\u00bb][vc_column offset=\u00a0\u00bbvc_hidden-lg vc_hidden-md vc_hidden-sm\u00a0\u00bb][vc_single_image image=\u00a0\u00bb71202&Prime; img_size=\u00a0\u00bb680&#215;400&Prime;][\/vc_column][\/vc_row][vc_row gap=\u00a0\u00bb30&Prime; content_placement=\u00a0\u00bbmiddle\u00a0\u00bb][vc_column width=\u00a0\u00bb1\/2&Prime;][vc_column_text]<\/p>\n<h2>Infinite :<\/h2>\n<p>La nouvelle forme de l&#8217;embout facilite la connexion de plusieurs unit\u00e9s pour cr\u00e9er des lignes lumineuses continues.[\/vc_column_text][\/vc_column][vc_column width=\u00a0\u00bb1\/2&Prime; offset=\u00a0\u00bbvc_hidden-xs\u00a0\u00bb][vc_single_image image=\u00a0\u00bb71202&Prime; img_size=\u00a0\u00bb680&#215;400&Prime;][\/vc_column][\/vc_row][vc_row][vc_column][vc_empty_space height=\u00a0\u00bb40px\u00a0\u00bb][\/vc_column][\/vc_row][vc_row gap=\u00a0\u00bb30&Prime; content_placement=\u00a0\u00bbmiddle\u00a0\u00bb][vc_column width=\u00a0\u00bb1\/4&Prime; offset=\u00a0\u00bbvc_col-lg-3 vc_col-md-3 vc_col-xs-6&Prime;][vc_single_image image=\u00a0\u00bb71201&Prime; img_size=\u00a0\u00bb400&#215;400&Prime;][\/vc_column][vc_column width=\u00a0\u00bb1\/4&Prime; offset=\u00a0\u00bbvc_col-lg-3 vc_col-md-3 vc_col-xs-6&Prime;][vc_single_image image=\u00a0\u00bb99929&Prime; img_size=\u00a0\u00bbfull\u00a0\u00bb][\/vc_column][vc_column width=\u00a0\u00bb1\/2&Prime; offset=\u00a0\u00bbvc_col-lg-6 vc_col-md-6 vc_col-xs-12&Prime;][vc_column_text]<\/p>\n<h2>Fiable :<\/h2>\n<p>Les clips de montage redessin\u00e9s et le nouveau profil ext\u00e9rieur Atlantis constituent une solution de montage inalt\u00e9rable.[\/vc_column_text][\/vc_column][\/vc_row][vc_row][vc_column][vc_empty_space height=\u00a0\u00bb40px\u00a0\u00bb][\/vc_column][\/vc_row][vc_row gap=\u00a0\u00bb30&Prime; content_placement=\u00a0\u00bbmiddle\u00a0\u00bb][vc_column offset=\u00a0\u00bbvc_hidden-lg vc_hidden-md vc_hidden-sm\u00a0\u00bb][vc_single_image image=\u00a0\u00bb71199&Prime; img_size=\u00a0\u00bb680&#215;400&Prime;][\/vc_column][\/vc_row][vc_row gap=\u00a0\u00bb30&Prime; content_placement=\u00a0\u00bbmiddle\u00a0\u00bb][vc_column width=\u00a0\u00bb1\/2&Prime;][vc_column_text]<\/p>\n<h2>Imperm\u00e9able :<\/h2>\n<p>imperm\u00e9able et r\u00e9sistant \u00e0 la salet\u00e9 et \u00e0 la poussi\u00e8re gr\u00e2ce \u00e0 de nouveaux mat\u00e9riaux am\u00e9lior\u00e9s[\/vc_column_text][\/vc_column][vc_column width=\u00a0\u00bb1\/2&Prime; offset=\u00a0\u00bbvc_hidden-xs\u00a0\u00bb][vc_single_image image=\u00a0\u00bb71199&Prime; img_size=\u00a0\u00bb680&#215;400&Prime;][\/vc_column][\/vc_row][vc_row][vc_column][vc_empty_space height=\u00a0\u00bb40px\u00a0\u00bb][\/vc_column][\/vc_row][vc_row gap=\u00a0\u00bb30&Prime; content_placement=\u00a0\u00bbmiddle\u00a0\u00bb][vc_column width=\u00a0\u00bb1\/2&Prime;][vc_single_image image=\u00a0\u00bb71203&Prime; img_size=\u00a0\u00bb680&#215;400&Prime;][\/vc_column][vc_column width=\u00a0\u00bb1\/2&Prime;][vc_column_text]<\/p>\n<h2>Polyvalent :<\/h2>\n<p>Les versions Top et Side, de dimensions identiques, permettent de combiner des coudes verticaux et horizontaux sur une m\u00eame ligne.[\/vc_column_text][\/vc_column][\/vc_row][vc_row][vc_column][vc_empty_space height=\u00a0\u00bb40px\u00a0\u00bb][\/vc_column][\/vc_row][vc_row][vc_column][vc_empty_space height=\u00a0\u00bb60&Prime;][vc_column_text]<\/p>\n<h2 style=\"text-align: center;\">Inspiration<\/h2>\n<p>[\/vc_column_text][\/vc_column][\/vc_row][vc_row gap=\u00a0\u00bb30&Prime; content_placement=\u00a0\u00bbmiddle\u00a0\u00bb][vc_column offset=\u00a0\u00bbvc_hidden-lg vc_hidden-md vc_hidden-sm\u00a0\u00bb][vc_single_image image=\u00a0\u00bb56627&Prime; img_size=\u00a0\u00bb680&#215;400&Prime;][\/vc_column][\/vc_row][vc_row gap=\u00a0\u00bb30&Prime; content_placement=\u00a0\u00bbmiddle\u00a0\u00bb][vc_column width=\u00a0\u00bb1\/2&Prime;][vc_column_text]<\/p>\n<h2>Eclairage de l&rsquo;escalier<\/h2>\n<p>La lumi\u00e8re douce de l&rsquo;Atlantide guide le chemin vers l&rsquo;entr\u00e9e d&rsquo;un centre d&rsquo;affaires.<\/p>\n<p><strong>Produit :<\/strong> Atlantis Top\/Side 4W 830[\/vc_column_text][\/vc_column][vc_column width=\u00a0\u00bb1\/2&Prime; offset=\u00a0\u00bbvc_hidden-xs\u00a0\u00bb][vc_single_image image=\u00a0\u00bb56627&Prime; img_size=\u00a0\u00bb680&#215;400&Prime;][\/vc_column][\/vc_row][vc_row][vc_column][vc_empty_space height=\u00a0\u00bb40px\u00a0\u00bb][\/vc_column][\/vc_row][vc_row gap=\u00a0\u00bb30&Prime; content_placement=\u00a0\u00bbmiddle\u00a0\u00bb][vc_column width=\u00a0\u00bb1\/2&Prime;][vc_single_image image=\u00a0\u00bb56626&Prime; img_size=\u00a0\u00bb680&#215;400&Prime;][\/vc_column][vc_column width=\u00a0\u00bb1\/2&Prime;][vc_column_text]<\/p>\n<h2>\u00c9clairage int\u00e9rieur<\/h2>\n<p>Chaleureux et accueillant. L&rsquo;\u00e9clairage d&rsquo;accentuation Atlantis attire l&rsquo;attention sur le point central de la pi\u00e8ce. <\/p>\n<p><strong>Produit :<\/strong> Atlantis Top 9W 827[\/vc_column_text][\/vc_column][\/vc_row][vc_row][vc_column][vc_empty_space height=\u00a0\u00bb40px\u00a0\u00bb][\/vc_column][\/vc_row][vc_row gap=\u00a0\u00bb30&Prime; content_placement=\u00a0\u00bbmiddle\u00a0\u00bb][vc_column offset=\u00a0\u00bbvc_hidden-lg vc_hidden-md vc_hidden-sm\u00a0\u00bb][vc_single_image image=\u00a0\u00bb56624&Prime; img_size=\u00a0\u00bb680&#215;400&Prime;][\/vc_column][\/vc_row][vc_row gap=\u00a0\u00bb30&Prime; content_placement=\u00a0\u00bbmiddle\u00a0\u00bb][vc_column width=\u00a0\u00bb1\/2&Prime;][vc_column_text]<\/p>\n<h2>\u00c9clairage de fa\u00e7ade<\/h2>\n<p>Une architecture complexe n\u00e9cessite un \u00e9clairage expressif. Les bandes LED Aqua et Atlantis facilitent cette t\u00e2che en suivant toutes les courbes et tous les virages. <\/p>\n<p><strong>Produit :<\/strong> Atlantis 827[\/vc_column_text][\/vc_column][vc_column width=\u00a0\u00bb1\/2&Prime; offset=\u00a0\u00bbvc_hidden-xs\u00a0\u00bb][vc_single_image image=\u00a0\u00bb56624&Prime; img_size=\u00a0\u00bb680&#215;400&Prime;][\/vc_column][\/vc_row][vc_row][vc_column][vc_empty_space height=\u00a0\u00bb40px\u00a0\u00bb][\/vc_column][\/vc_row][vc_row gap=\u00a0\u00bb30&Prime; content_placement=\u00a0\u00bbmiddle\u00a0\u00bb][vc_column width=\u00a0\u00bb1\/2&Prime;][vc_single_image image=\u00a0\u00bb56622&Prime; img_size=\u00a0\u00bb680&#215;400&Prime;][\/vc_column][vc_column width=\u00a0\u00bb1\/2&Prime;][vc_column_text]<\/p>\n<h2>Eclairage des yachts<\/h2>\n<p>Test\u00e9 et \u00e9prouv\u00e9 sur des yachts, des bateaux de croisi\u00e8re et d&rsquo;autres navires. R\u00e9sistant au sel et \u00e0 l&rsquo;eau. <\/p>\n<p><strong>Produit :<\/strong> Atlantis Top 9W 827[\/vc_column_text][\/vc_column][\/vc_row][vc_row][vc_column][vc_empty_space height=\u00a0\u00bb40px\u00a0\u00bb][\/vc_column][\/vc_row][vc_row content_placement=\u00a0\u00bbmiddle\u00a0\u00bb css=\u00a0\u00bb.vc_custom_1658389954091{margin-top: 0px !important;margin-right: 0px !important;margin-bottom: 0px !important;margin-left: 0px !important;border-top-width: 0px !important;border-right-width: 0px !important;border-bottom-width: 0px !important;border-left-width: 0px !important;padding-top: 0px !important;padding-right: 0px !important;padding-bottom: 0px !important;padding-left: 0px !important;}\u00a0\u00bb][vc_column width=\u00a0\u00bb1\/5&Prime; offset=\u00a0\u00bbvc_col-lg-1\/5 vc_col-md-1\/5 vc_col-xs-6&Prime; css=\u00a0\u00bb.vc_custom_1658389896757{margin-top: 0px !important;margin-right: 0px !important;margin-bottom: 0px !important;margin-left: 0px !important;border-top-width: 0px !important;border-right-width: 0px !important;border-bottom-width: 0px !important;border-left-width: 0px !important;padding-top: 0px !important;padding-right: 0px !important;padding-bottom: 0px !important;padding-left: 0px !important;}\u00a0\u00bb][vc_single_image image=\u00a0\u00bb73336&Prime; img_size=\u00a0\u00bb600&#215;600&Prime; alignment=\u00a0\u00bbcenter\u00a0\u00bb onclick=\u00a0\u00bbimg_link_large\u00a0\u00bb][\/vc_column][vc_column width=\u00a0\u00bb1\/5&Prime; css=\u00a0\u00bb.vc_custom_1658389683277{margin-top: 0px !important;margin-right: 0px !important;margin-bottom: 0px !important;margin-left: 0px !important;border-top-width: 0px !important;border-right-width: 0px !important;border-bottom-width: 0px !important;border-left-width: 0px !important;padding-top: 0px !important;padding-right: 0px !important;padding-bottom: 0px !important;padding-left: 0px !important;}\u00a0\u00bb offset=\u00a0\u00bbvc_col-lg-1\/5 vc_col-md-1\/5 vc_col-xs-6&Prime;][vc_single_image image=\u00a0\u00bb73344&Prime; img_size=\u00a0\u00bb600&#215;600&Prime; alignment=\u00a0\u00bbcenter\u00a0\u00bb onclick=\u00a0\u00bbimg_link_large\u00a0\u00bb][\/vc_column][vc_column width=\u00a0\u00bb1\/5&Prime; css=\u00a0\u00bb.vc_custom_1658389708431{margin-top: 0px !important;margin-right: 0px !important;margin-bottom: 0px !important;margin-left: 0px !important;border-top-width: 0px !important;border-right-width: 0px !important;border-bottom-width: 0px !important;border-left-width: 0px !important;padding-top: 0px !important;padding-right: 0px !important;padding-bottom: 0px !important;padding-left: 0px !important;}\u00a0\u00bb offset=\u00a0\u00bbvc_col-lg-1\/5 vc_col-md-1\/5 vc_col-xs-6&Prime;][vc_single_image image=\u00a0\u00bb73339&Prime; img_size=\u00a0\u00bb600&#215;600&Prime; alignment=\u00a0\u00bbcenter\u00a0\u00bb onclick=\u00a0\u00bbimg_link_large\u00a0\u00bb][\/vc_column][vc_column width=\u00a0\u00bb1\/5&Prime; css=\u00a0\u00bb.vc_custom_1658389767917{margin-top: 0px !important;margin-right: 0px !important;margin-bottom: 0px !important;margin-left: 0px !important;border-top-width: 0px !important;border-right-width: 0px !important;border-bottom-width: 0px !important;border-left-width: 0px !important;padding-top: 0px !important;padding-right: 0px !important;padding-bottom: 0px !important;padding-left: 0px !important;}\u00a0\u00bb offset=\u00a0\u00bbvc_col-lg-1\/5 vc_col-md-1\/5 vc_col-xs-6&Prime;][vc_single_image image=\u00a0\u00bb73340&Prime; img_size=\u00a0\u00bb600&#215;600&Prime; alignment=\u00a0\u00bbcenter\u00a0\u00bb onclick=\u00a0\u00bbimg_link_large\u00a0\u00bb][\/vc_column][vc_column width=\u00a0\u00bb1\/5&Prime; css=\u00a0\u00bb.vc_custom_1658389789057{margin-top: 0px !important;margin-right: 0px !important;margin-bottom: 0px !important;margin-left: 0px !important;border-top-width: 0px !important;border-right-width: 0px !important;border-bottom-width: 0px !important;border-left-width: 0px !important;padding-top: 0px !important;padding-right: 0px !important;padding-bottom: 0px !important;padding-left: 0px !important;}\u00a0\u00bb offset=\u00a0\u00bbvc_col-lg-1\/5 vc_col-md-1\/5 vc_col-xs-6&Prime;][vc_single_image image=\u00a0\u00bb73342&Prime; img_size=\u00a0\u00bb600&#215;600&Prime; alignment=\u00a0\u00bbcenter\u00a0\u00bb onclick=\u00a0\u00bbimg_link_large\u00a0\u00bb][\/vc_column][\/vc_row][vc_row][vc_column][vc_empty_space height=\u00a0\u00bb40px\u00a0\u00bb][\/vc_column][\/vc_row][vc_row full_width=\u00a0\u00bbstretch_row\u00a0\u00bb css=\u00a0\u00bb.vc_custom_1657282919238{background-color: #f5f5f5 !important;}\u00a0\u00bb][vc_column][vc_empty_space height=\u00a0\u00bb40&Prime;][vc_column_text]<\/p>\n<h2>Dessin<\/h2>\n<p>[\/vc_column_text][vc_single_image image=\u00a0\u00bb73483&Prime; img_size=\u00a0\u00bbfull\u00a0\u00bb][vc_empty_space height=\u00a0\u00bb40&Prime; el_id=\u00a0\u00bb1001&Prime;][\/vc_column][\/vc_row]<\/p>\n<\/div>","protected":false},"excerpt":{"rendered":"<p>[vc_row gap=\u00a0\u00bb30&Prime;][vc_column width=\u00a0\u00bb1\/2&Prime;][vc_video link=\u00a0\u00bbhttps:\/\/youtu.be\/I2LMPtsr860&Prime; css=\u00a0\u00bb\u00a0\u00bb][\/vc_column][vc_column width=\u00a0\u00bb1\/2&Prime;][vc_column_text]Nos lignes Atlantis Side G2 Tunable White bendable IP67 LED ont \u00e9t\u00e9 con\u00e7ues pour les projets d&rsquo;\u00e9clairage ext\u00e9rieur qui n\u00e9cessitent une solution d&rsquo;\u00e9clairage cr\u00e9ative et flexible. Gr\u00e2ce \u00e0 son bo\u00eetier flexible en polyur\u00e9thane, l&rsquo;Atlantis G2 peut s&rsquo;adapter \u00e0 la g\u00e9om\u00e9trie organique des fa\u00e7ades et des structures des b\u00e2timents tout en [&hellip;]<\/p>\n","protected":false},"author":16,"featured_media":117765,"parent":117527,"menu_order":1,"comment_status":"closed","ping_status":"closed","template":"tpl-product-led.php","meta":{"footnotes":""},"related":[242],"filter":[279,262,258,271,266],"acf":[],"aioseo_notices":[],"_links":{"self":[{"href":"https:\/\/www.holectron.com\/fr\/wp-json\/wp\/v2\/pages\/117762"}],"collection":[{"href":"https:\/\/www.holectron.com\/fr\/wp-json\/wp\/v2\/pages"}],"about":[{"href":"https:\/\/www.holectron.com\/fr\/wp-json\/wp\/v2\/types\/page"}],"author":[{"embeddable":true,"href":"https:\/\/www.holectron.com\/fr\/wp-json\/wp\/v2\/users\/16"}],"replies":[{"embeddable":true,"href":"https:\/\/www.holectron.com\/fr\/wp-json\/wp\/v2\/comments?post=117762"}],"version-history":[{"count":0,"href":"https:\/\/www.holectron.com\/fr\/wp-json\/wp\/v2\/pages\/117762\/revisions"}],"up":[{"embeddable":true,"href":"https:\/\/www.holectron.com\/fr\/wp-json\/wp\/v2\/pages\/117527"}],"wp:featuredmedia":[{"embeddable":true,"href":"https:\/\/www.holectron.com\/fr\/wp-json\/wp\/v2\/media\/117765"}],"wp:attachment":[{"href":"https:\/\/www.holectron.com\/fr\/wp-json\/wp\/v2\/media?parent=117762"}],"wp:term":[{"taxonomy":"related","embeddable":true,"href":"https:\/\/www.holectron.com\/fr\/wp-json\/wp\/v2\/related?post=117762"},{"taxonomy":"filter","embeddable":true,"href":"https:\/\/www.holectron.com\/fr\/wp-json\/wp\/v2\/filter?post=117762"}],"curies":[{"name":"wp","href":"https:\/\/api.w.org\/{rel}","templated":true}]}}