{"id":117713,"date":"2022-07-05T13:20:44","date_gmt":"2022-07-05T11:20:44","guid":{"rendered":"https:\/\/www.holectron.com\/produits\/flexible-a-lexterieur\/bandes-de-led-flexibles-pour-lexterieur\/atlantis-top-g2-blanc-tw-rgb\/atlantis-top-g2-rgb-lignes-led-nichia-flexibles-pour-lexterieur\/"},"modified":"2025-11-17T15:19:11","modified_gmt":"2025-11-17T13:19:11","slug":"atlantis-top-g2-rgb-lignes-led-nichia-flexibles-pour-lexterieur","status":"publish","type":"page","link":"https:\/\/www.holectron.com\/fr\/produits\/flexible-a-lexterieur\/bandes-de-led-flexibles-pour-lexterieur\/atlantis-top-g2-blanc-tw-rgb\/atlantis-top-g2-rgb-lignes-led-nichia-flexibles-pour-lexterieur\/","title":{"rendered":"Atlantis Top G2 RGB &#8211; Lignes LED NICHIA flexibles pour l&rsquo;ext\u00e9rieur"},"content":{"rendered":"<div class=\"wpb-content-wrapper\"><p>[vc_row gap=\u00a0\u00bb30&Prime;][vc_column width=\u00a0\u00bb1\/2&Prime;][vc_video link=\u00a0\u00bbhttps:\/\/youtu.be\/I2LMPtsr860&Prime; css=\u00a0\u00bb\u00a0\u00bb][\/vc_column][vc_column width=\u00a0\u00bb1\/2&Prime;][vc_column_text]Adapt\u00e9e \u00e0 l&rsquo;\u00e9clairage des surfaces ext\u00e9rieures irr\u00e9guli\u00e8res telles que les corniches, les piliers et les bords arrondis, l&rsquo;<strong>Atlantis Top G2 RGB<\/strong> est une ligne de LED flexible, polyvalente et robuste.<\/p>\n<p>Cette gamme de LED a \u00e9t\u00e9 sp\u00e9cialement con\u00e7ue pour les applications professionnelles d&rsquo;\u00e9clairage d\u00e9coratif ext\u00e9rieur. Elle b\u00e9n\u00e9ficie d&rsquo;un indice de protection IP67 et est totalement prot\u00e9g\u00e9e contre les particules solides et l&rsquo;eau. L&rsquo;Atlantis Top G2 RGB r\u00e9siste au sel et aux solvants, ainsi qu&rsquo;aux UV.  <\/p>\n<p>Cette gamme de LED flexibles et robustes est tr\u00e8s appr\u00e9ci\u00e9e des concepteurs d&rsquo;\u00e9clairage pour l&rsquo;\u00e9clairage d\u00e9coratif et direct, \u00e0 l&rsquo;ext\u00e9rieur comme \u00e0 l&rsquo;int\u00e9rieur.[\/vc_column_text][vc_single_image source=\u00a0\u00bbexternal_link\u00a0\u00bb external_img_size=\u00a0\u00bb380&#215;33&Prime; custom_src=\u00a0\u00bbhttps:\/\/www.holectron.com\/wp-content\/uploads\/featured-ip67-c-1.svg\u00a0\u00bb][\/vc_column][\/vc_row][vc_row][vc_column][vc_empty_space height=\u00a0\u00bb60&Prime;][vc_column_text]<\/p>\n<h2 style=\"text-align: center;\">Atlantis G2 Innovations<\/h2>\n<p>[\/vc_column_text][vc_empty_space height=\u00a0\u00bb40px\u00a0\u00bb][\/vc_column][\/vc_row][vc_row gap=\u00a0\u00bb30&Prime; content_placement=\u00a0\u00bbmiddle\u00a0\u00bb][vc_column offset=\u00a0\u00bbvc_hidden-lg vc_hidden-md vc_hidden-sm\u00a0\u00bb][vc_single_image image=\u00a0\u00bb73515&Prime; img_size=\u00a0\u00bb680&#215;400&Prime;][\/vc_column][\/vc_row][vc_row gap=\u00a0\u00bb30&Prime; content_placement=\u00a0\u00bbmiddle\u00a0\u00bb][vc_column width=\u00a0\u00bb1\/2&Prime;][vc_column_text]<\/p>\n<h2>Discret :<\/h2>\n<p>Avec ses 14 x 16 mm, la deuxi\u00e8me g\u00e9n\u00e9ration d&rsquo;Atlantis est plus fine qu&rsquo;auparavant tout en conservant tous les avantages de l&rsquo;Atlantis d&rsquo;origine.[\/vc_column_text][\/vc_column][vc_column width=\u00a0\u00bb1\/2&Prime; offset=\u00a0\u00bbvc_hidden-xs\u00a0\u00bb][vc_single_image image=\u00a0\u00bb73515&Prime; img_size=\u00a0\u00bb680&#215;400&Prime;][\/vc_column][\/vc_row][vc_row][vc_column][vc_empty_space height=\u00a0\u00bb40px\u00a0\u00bb][\/vc_column][\/vc_row][vc_row gap=\u00a0\u00bb30&Prime; content_placement=\u00a0\u00bbmiddle\u00a0\u00bb][vc_column width=\u00a0\u00bb1\/2&Prime;][vc_single_image image=\u00a0\u00bb71200&Prime; img_size=\u00a0\u00bb680&#215;400&Prime;][\/vc_column][vc_column width=\u00a0\u00bb1\/2&Prime;][vc_column_text]<\/p>\n<h2>Groovy :<\/h2>\n<p>Le profil ext\u00e9rieur redessin\u00e9 comporte des rainures lat\u00e9rales suppl\u00e9mentaires pour faciliter l&rsquo;installation et am\u00e9liorer la r\u00e9tention.[\/vc_column_text][\/vc_column][\/vc_row][vc_row][vc_column][vc_empty_space height=\u00a0\u00bb40px\u00a0\u00bb][\/vc_column][\/vc_row][vc_row gap=\u00a0\u00bb30&Prime; content_placement=\u00a0\u00bbmiddle\u00a0\u00bb][vc_column offset=\u00a0\u00bbvc_hidden-lg vc_hidden-md vc_hidden-sm\u00a0\u00bb][vc_single_image image=\u00a0\u00bb71202&Prime; img_size=\u00a0\u00bb680&#215;400&Prime;][\/vc_column][\/vc_row][vc_row gap=\u00a0\u00bb30&Prime; content_placement=\u00a0\u00bbmiddle\u00a0\u00bb][vc_column width=\u00a0\u00bb1\/2&Prime;][vc_column_text]<\/p>\n<h2>Infinite :<\/h2>\n<p>La nouvelle forme de l&#8217;embout facilite la connexion de plusieurs unit\u00e9s pour cr\u00e9er des lignes lumineuses continues.[\/vc_column_text][\/vc_column][vc_column width=\u00a0\u00bb1\/2&Prime; offset=\u00a0\u00bbvc_hidden-xs\u00a0\u00bb][vc_single_image image=\u00a0\u00bb71202&Prime; img_size=\u00a0\u00bb680&#215;400&Prime;][\/vc_column][\/vc_row][vc_row][vc_column][vc_empty_space height=\u00a0\u00bb40px\u00a0\u00bb][\/vc_column][\/vc_row][vc_row gap=\u00a0\u00bb30&Prime; content_placement=\u00a0\u00bbmiddle\u00a0\u00bb][vc_column width=\u00a0\u00bb1\/4&Prime; offset=\u00a0\u00bbvc_col-lg-3 vc_col-md-3 vc_col-xs-6&Prime;][vc_single_image image=\u00a0\u00bb71201&Prime; img_size=\u00a0\u00bb400&#215;400&Prime;][\/vc_column][vc_column width=\u00a0\u00bb1\/4&Prime; offset=\u00a0\u00bbvc_col-lg-3 vc_col-md-3 vc_col-xs-6&Prime;][vc_single_image image=\u00a0\u00bb99929&Prime; img_size=\u00a0\u00bbfull\u00a0\u00bb][\/vc_column][vc_column width=\u00a0\u00bb1\/2&Prime; offset=\u00a0\u00bbvc_col-lg-6 vc_col-md-6 vc_col-xs-12&Prime;][vc_column_text]<\/p>\n<h2>Fiable :<\/h2>\n<p>Les clips de montage redessin\u00e9s et le nouveau profil ext\u00e9rieur Atlantis constituent une solution de montage inalt\u00e9rable.[\/vc_column_text][\/vc_column][\/vc_row][vc_row][vc_column][vc_empty_space height=\u00a0\u00bb40px\u00a0\u00bb][\/vc_column][\/vc_row][vc_row gap=\u00a0\u00bb30&Prime; content_placement=\u00a0\u00bbmiddle\u00a0\u00bb][vc_column offset=\u00a0\u00bbvc_hidden-lg vc_hidden-md vc_hidden-sm\u00a0\u00bb][vc_single_image image=\u00a0\u00bb71199&Prime; img_size=\u00a0\u00bb680&#215;400&Prime;][\/vc_column][\/vc_row][vc_row gap=\u00a0\u00bb30&Prime; content_placement=\u00a0\u00bbmiddle\u00a0\u00bb][vc_column width=\u00a0\u00bb1\/2&Prime;][vc_column_text]<\/p>\n<h2>Imperm\u00e9able :<\/h2>\n<p>imperm\u00e9able et r\u00e9sistant \u00e0 la salet\u00e9 et \u00e0 la poussi\u00e8re gr\u00e2ce \u00e0 de nouveaux mat\u00e9riaux am\u00e9lior\u00e9s[\/vc_column_text][\/vc_column][vc_column width=\u00a0\u00bb1\/2&Prime; offset=\u00a0\u00bbvc_hidden-xs\u00a0\u00bb][vc_single_image image=\u00a0\u00bb71199&Prime; img_size=\u00a0\u00bb680&#215;400&Prime;][\/vc_column][\/vc_row][vc_row][vc_column][vc_empty_space height=\u00a0\u00bb40px\u00a0\u00bb][\/vc_column][\/vc_row][vc_row gap=\u00a0\u00bb30&Prime; content_placement=\u00a0\u00bbmiddle\u00a0\u00bb][vc_column width=\u00a0\u00bb1\/2&Prime;][vc_single_image image=\u00a0\u00bb71203&Prime; img_size=\u00a0\u00bb680&#215;400&Prime;][\/vc_column][vc_column width=\u00a0\u00bb1\/2&Prime;][vc_column_text]<\/p>\n<h2>Polyvalent :<\/h2>\n<p>Les versions Top et Side, de dimensions identiques, permettent de combiner des coudes verticaux et horizontaux sur une m\u00eame ligne.[\/vc_column_text][\/vc_column][\/vc_row][vc_row][vc_column][vc_empty_space height=\u00a0\u00bb40px\u00a0\u00bb][\/vc_column][\/vc_row][vc_row][vc_column][vc_empty_space height=\u00a0\u00bb60&Prime;][vc_column_text]<\/p>\n<h2 style=\"text-align: center;\">Inspiration<\/h2>\n<p>[\/vc_column_text][\/vc_column][\/vc_row][vc_row gap=\u00a0\u00bb30&Prime; content_placement=\u00a0\u00bbmiddle\u00a0\u00bb][vc_column offset=\u00a0\u00bbvc_hidden-lg vc_hidden-md vc_hidden-sm\u00a0\u00bb][vc_single_image image=\u00a0\u00bb56625&Prime; img_size=\u00a0\u00bb680&#215;400&Prime;][\/vc_column][\/vc_row][vc_row gap=\u00a0\u00bb30&Prime; content_placement=\u00a0\u00bbmiddle\u00a0\u00bb][vc_column width=\u00a0\u00bb1\/2&Prime;][vc_column_text]<\/p>\n<h2>\u00c9clairage des couloirs<\/h2>\n<p>Des paysages lumineux remarquables et des exp\u00e9riences extraordinaires. Atlantis RGB est tout ce qu&rsquo;il faut. <\/p>\n<p><strong>Produit :<\/strong> Atlantis RGB \/ Atlantis 9W RED \/ Atlantis 9W BLUE[\/vc_column_text][\/vc_column][vc_column width=\u00a0\u00bb1\/2&Prime; offset=\u00a0\u00bbvc_hidden-xs\u00a0\u00bb][vc_single_image image=\u00a0\u00bb56625&Prime; img_size=\u00a0\u00bb680&#215;400&Prime;][\/vc_column][\/vc_row][vc_row][vc_column][vc_empty_space height=\u00a0\u00bb40px\u00a0\u00bb][\/vc_column][\/vc_row][vc_row gap=\u00a0\u00bb30&Prime; content_placement=\u00a0\u00bbmiddle\u00a0\u00bb][vc_column width=\u00a0\u00bb1\/2&Prime;][vc_single_image image=\u00a0\u00bb56621&Prime; img_size=\u00a0\u00bb680&#215;400&Prime;][\/vc_column][vc_column width=\u00a0\u00bb1\/2&Prime;][vc_column_text]<\/p>\n<h2>Eclairage des yachts<\/h2>\n<p>Eclairage d\u00e9coratif pour bateaux &#8211; flexible et dynamique. Enti\u00e8rement encapsul\u00e9 pour \u00e9viter l&rsquo;humidit\u00e9. <\/p>\n<p>Produit : Atlantis RGB \/ Aqua RGB[\/vc_column_text][\/vc_column][\/vc_row][vc_row][vc_column][vc_empty_space height=\u00a0\u00bb40px\u00a0\u00bb][\/vc_column][\/vc_row][vc_row gap=\u00a0\u00bb30&Prime; content_placement=\u00a0\u00bbmiddle\u00a0\u00bb][vc_column offset=\u00a0\u00bbvc_hidden-lg vc_hidden-md vc_hidden-sm\u00a0\u00bb][vc_single_image image=\u00a0\u00bb56623&Prime; img_size=\u00a0\u00bb680&#215;400&Prime;][\/vc_column][\/vc_row][vc_row gap=\u00a0\u00bb30&Prime; content_placement=\u00a0\u00bbmiddle\u00a0\u00bb][vc_column width=\u00a0\u00bb1\/2&Prime;][vc_column_text]<\/p>\n<h2>\u00c9clairage d&rsquo;appoint<\/h2>\n<p>Les id\u00e9es d&rsquo;\u00e9clairage moderne prennent vie sans effort avec la bande LED minimaliste Atlantis.<\/p>\n<p><strong>Produit :<\/strong> Atlantis RGB[\/vc_column_text][\/vc_column][vc_column width=\u00a0\u00bb1\/2&Prime; offset=\u00a0\u00bbvc_hidden-xs\u00a0\u00bb][vc_single_image image=\u00a0\u00bb56623&Prime; img_size=\u00a0\u00bb680&#215;400&Prime;][\/vc_column][\/vc_row][vc_row][vc_column][vc_empty_space height=\u00a0\u00bb40px\u00a0\u00bb][\/vc_column][\/vc_row][vc_row gap=\u00a0\u00bb30&Prime; content_placement=\u00a0\u00bbmiddle\u00a0\u00bb][vc_column width=\u00a0\u00bb1\/2&Prime;][vc_single_image image=\u00a0\u00bb56618&Prime; img_size=\u00a0\u00bb680&#215;400&Prime;][\/vc_column][vc_column width=\u00a0\u00bb1\/2&Prime;][vc_column_text]<\/p>\n<h2>\u00c9clairage de fa\u00e7ade<\/h2>\n<p>Atlantis cr\u00e9e un effet tridimensionnel en reproduisant les contours et les tons de couleur de la fa\u00e7ade.<\/p>\n<p><strong>Produit :<\/strong> Atlantis RGB[\/vc_column_text][\/vc_column][\/vc_row][vc_row full_width=\u00a0\u00bbstretch_row\u00a0\u00bb css=\u00a0\u00bb.vc_custom_1657282919238{background-color: #f5f5f5 !important;}\u00a0\u00bb][vc_column][vc_empty_space height=\u00a0\u00bb40&Prime;][vc_column_text]<\/p>\n<h2>Dessin<\/h2>\n<p>[\/vc_column_text][vc_single_image image=\u00a0\u00bb102331&Prime; img_size=\u00a0\u00bbfull\u00a0\u00bb css=\u00a0\u00bb\u00a0\u00bb][vc_empty_space height=\u00a0\u00bb40&Prime; el_id=\u00a0\u00bb1001&Prime;][\/vc_column][\/vc_row]<\/p>\n<\/div>","protected":false},"excerpt":{"rendered":"<p>[vc_row gap=\u00a0\u00bb30&Prime;][vc_column width=\u00a0\u00bb1\/2&Prime;][vc_video link=\u00a0\u00bbhttps:\/\/youtu.be\/I2LMPtsr860&Prime; css=\u00a0\u00bb\u00a0\u00bb][\/vc_column][vc_column width=\u00a0\u00bb1\/2&Prime;][vc_column_text]Adapt\u00e9e \u00e0 l&rsquo;\u00e9clairage des surfaces ext\u00e9rieures irr\u00e9guli\u00e8res telles que les corniches, les piliers et les bords arrondis, l&rsquo;Atlantis Top G2 RGB est une ligne de LED flexible, polyvalente et robuste. Cette gamme de LED a \u00e9t\u00e9 sp\u00e9cialement con\u00e7ue pour les applications professionnelles d&rsquo;\u00e9clairage d\u00e9coratif ext\u00e9rieur. Elle b\u00e9n\u00e9ficie d&rsquo;un indice de [&hellip;]<\/p>\n","protected":false},"author":16,"featured_media":117714,"parent":117520,"menu_order":2,"comment_status":"closed","ping_status":"closed","template":"tpl-product-led.php","meta":{"footnotes":""},"related":[242],"filter":[281,262,258,271,266],"acf":[],"aioseo_notices":[],"_links":{"self":[{"href":"https:\/\/www.holectron.com\/fr\/wp-json\/wp\/v2\/pages\/117713"}],"collection":[{"href":"https:\/\/www.holectron.com\/fr\/wp-json\/wp\/v2\/pages"}],"about":[{"href":"https:\/\/www.holectron.com\/fr\/wp-json\/wp\/v2\/types\/page"}],"author":[{"embeddable":true,"href":"https:\/\/www.holectron.com\/fr\/wp-json\/wp\/v2\/users\/16"}],"replies":[{"embeddable":true,"href":"https:\/\/www.holectron.com\/fr\/wp-json\/wp\/v2\/comments?post=117713"}],"version-history":[{"count":0,"href":"https:\/\/www.holectron.com\/fr\/wp-json\/wp\/v2\/pages\/117713\/revisions"}],"up":[{"embeddable":true,"href":"https:\/\/www.holectron.com\/fr\/wp-json\/wp\/v2\/pages\/117520"}],"wp:featuredmedia":[{"embeddable":true,"href":"https:\/\/www.holectron.com\/fr\/wp-json\/wp\/v2\/media\/117714"}],"wp:attachment":[{"href":"https:\/\/www.holectron.com\/fr\/wp-json\/wp\/v2\/media?parent=117713"}],"wp:term":[{"taxonomy":"related","embeddable":true,"href":"https:\/\/www.holectron.com\/fr\/wp-json\/wp\/v2\/related?post=117713"},{"taxonomy":"filter","embeddable":true,"href":"https:\/\/www.holectron.com\/fr\/wp-json\/wp\/v2\/filter?post=117713"}],"curies":[{"name":"wp","href":"https:\/\/api.w.org\/{rel}","templated":true}]}}