{"id":117588,"date":"2022-07-21T15:32:30","date_gmt":"2022-07-21T13:32:30","guid":{"rendered":"https:\/\/www.holectron.com\/produits\/flexible-a-lexterieur\/bandes-de-led-flexibles-pour-lexterieur\/atlantis-side-g1-blanc-tw-rgb\/atlantis-side-g1-white-exterieur-flexible-nichia-led-lines\/"},"modified":"2025-11-17T11:29:14","modified_gmt":"2025-11-17T09:29:14","slug":"atlantis-side-g1-white-exterieur-flexible-nichia-led-lines","status":"publish","type":"page","link":"https:\/\/www.holectron.com\/fr\/produits\/flexible-a-lexterieur\/bandes-de-led-flexibles-pour-lexterieur\/atlantis-side-g1-blanc-tw-rgb\/atlantis-side-g1-white-exterieur-flexible-nichia-led-lines\/","title":{"rendered":"Atlantis Side G1 White &#8211; Ext\u00e9rieur Flexible NICHIA LED Lines"},"content":{"rendered":"<div class=\"wpb-content-wrapper\"><p>[vc_row gap=\u00a0\u00bb30&Prime;][vc_column][vc_column_text]Nos lignes de LED pliables Atlantis Side G1 White IP67 ont \u00e9t\u00e9 con\u00e7ues pour les projets d&rsquo;\u00e9clairage ext\u00e9rieur qui n\u00e9cessitent une solution d&rsquo;\u00e9clairage cr\u00e9ative et flexible.<\/p>\n<p>Gr\u00e2ce \u00e0 son bo\u00eetier flexible en polyur\u00e9thane, l&rsquo;Atlantis peut s&rsquo;adapter \u00e0 la g\u00e9om\u00e9trie organique des fa\u00e7ades et des structures des b\u00e2timents tout en garantissant un effet lumineux uniforme.<\/p>\n<p>Enti\u00e8rement encapsul\u00e9es et prot\u00e9g\u00e9es des \u00e9l\u00e9ments, ces bandes LED de haute qualit\u00e9 sont con\u00e7ues pour des applications professionnelles \u00e0 long terme.<br \/>\n[\/vc_column_text][vc_single_image source=\u00a0\u00bbexternal_link\u00a0\u00bb external_img_size=\u00a0\u00bb440&#215;33&Prime; custom_src=\u00a0\u00bbhttps:\/\/www.holectron.com\/wp-content\/uploads\/featured-ip67-c-1.svg\u00a0\u00bb][\/vc_column][\/vc_row]<\/p>\n<\/div>","protected":false},"excerpt":{"rendered":"<p>[vc_row gap=\u00a0\u00bb30&Prime;][vc_column][vc_column_text]Nos lignes de LED pliables Atlantis Side G1 White IP67 ont \u00e9t\u00e9 con\u00e7ues pour les projets d&rsquo;\u00e9clairage ext\u00e9rieur qui n\u00e9cessitent une solution d&rsquo;\u00e9clairage cr\u00e9ative et flexible. Gr\u00e2ce \u00e0 son bo\u00eetier flexible en polyur\u00e9thane, l&rsquo;Atlantis peut s&rsquo;adapter \u00e0 la g\u00e9om\u00e9trie organique des fa\u00e7ades et des structures des b\u00e2timents tout en garantissant un effet lumineux uniforme. [&hellip;]<\/p>\n","protected":false},"author":16,"featured_media":117529,"parent":117528,"menu_order":0,"comment_status":"closed","ping_status":"closed","template":"tpl-product-led.php","meta":{"footnotes":""},"related":[],"filter":[],"acf":[],"aioseo_notices":[],"_links":{"self":[{"href":"https:\/\/www.holectron.com\/fr\/wp-json\/wp\/v2\/pages\/117588"}],"collection":[{"href":"https:\/\/www.holectron.com\/fr\/wp-json\/wp\/v2\/pages"}],"about":[{"href":"https:\/\/www.holectron.com\/fr\/wp-json\/wp\/v2\/types\/page"}],"author":[{"embeddable":true,"href":"https:\/\/www.holectron.com\/fr\/wp-json\/wp\/v2\/users\/16"}],"replies":[{"embeddable":true,"href":"https:\/\/www.holectron.com\/fr\/wp-json\/wp\/v2\/comments?post=117588"}],"version-history":[{"count":0,"href":"https:\/\/www.holectron.com\/fr\/wp-json\/wp\/v2\/pages\/117588\/revisions"}],"up":[{"embeddable":true,"href":"https:\/\/www.holectron.com\/fr\/wp-json\/wp\/v2\/pages\/117528"}],"wp:featuredmedia":[{"embeddable":true,"href":"https:\/\/www.holectron.com\/fr\/wp-json\/wp\/v2\/media\/117529"}],"wp:attachment":[{"href":"https:\/\/www.holectron.com\/fr\/wp-json\/wp\/v2\/media?parent=117588"}],"wp:term":[{"taxonomy":"related","embeddable":true,"href":"https:\/\/www.holectron.com\/fr\/wp-json\/wp\/v2\/related?post=117588"},{"taxonomy":"filter","embeddable":true,"href":"https:\/\/www.holectron.com\/fr\/wp-json\/wp\/v2\/filter?post=117588"}],"curies":[{"name":"wp","href":"https:\/\/api.w.org\/{rel}","templated":true}]}}