{"id":117534,"date":"2022-07-21T15:22:13","date_gmt":"2022-07-21T13:22:13","guid":{"rendered":"https:\/\/www.holectron.com\/produits\/flexible-a-lexterieur\/bandes-de-led-flexibles-pour-lexterieur\/atlantis-top-g1-blanc-tw-rgb\/atlantis-top-g1-rgb-lignes-led-nichia-flexibles-pour-lexterieur\/"},"modified":"2025-11-17T11:19:48","modified_gmt":"2025-11-17T09:19:48","slug":"atlantis-top-g1-rgb-lignes-led-nichia-flexibles-pour-lexterieur","status":"publish","type":"page","link":"https:\/\/www.holectron.com\/fr\/produits\/flexible-a-lexterieur\/bandes-de-led-flexibles-pour-lexterieur\/atlantis-top-g1-blanc-tw-rgb\/atlantis-top-g1-rgb-lignes-led-nichia-flexibles-pour-lexterieur\/","title":{"rendered":"Atlantis Top G1 RGB &#8211; Lignes LED NICHIA flexibles pour l&rsquo;ext\u00e9rieur"},"content":{"rendered":"<div class=\"wpb-content-wrapper\"><p>[vc_row gap=\u00a0\u00bb30&Prime;][vc_column][vc_column_text]Adapt\u00e9e \u00e0 l&rsquo;\u00e9clairage des surfaces ext\u00e9rieures irr\u00e9guli\u00e8res telles que les corniches, les piliers et les bords arrondis, l&rsquo;Atlantis Top RGB est une ligne de LED flexible, polyvalente et robuste.<\/p>\n<p>Cette gamme de LED a \u00e9t\u00e9 sp\u00e9cialement con\u00e7ue pour les applications professionnelles d&rsquo;\u00e9clairage d\u00e9coratif ext\u00e9rieur. Elle b\u00e9n\u00e9ficie d&rsquo;un indice de protection IP67 et est totalement prot\u00e9g\u00e9e contre les particules solides et l&rsquo;eau. L&rsquo;Atlantis Top RGB r\u00e9siste au sel et aux solvants, ainsi qu&rsquo;aux UV.  <\/p>\n<p>Cette gamme de LED flexibles et robustes est tr\u00e8s appr\u00e9ci\u00e9e des concepteurs d&rsquo;\u00e9clairage pour l&rsquo;\u00e9clairage d\u00e9coratif et direct, \u00e0 l&rsquo;ext\u00e9rieur comme \u00e0 l&rsquo;int\u00e9rieur.<br \/>\n[\/vc_column_text][vc_single_image source=\u00a0\u00bbexternal_link\u00a0\u00bb external_img_size=\u00a0\u00bb440&#215;33&Prime; custom_src=\u00a0\u00bbhttps:\/\/www.holectron.com\/wp-content\/uploads\/featured-ip67-c-1.svg\u00a0\u00bb][\/vc_column][\/vc_row]<\/p>\n<\/div>","protected":false},"excerpt":{"rendered":"<p>[vc_row gap=\u00a0\u00bb30&Prime;][vc_column][vc_column_text]Adapt\u00e9e \u00e0 l&rsquo;\u00e9clairage des surfaces ext\u00e9rieures irr\u00e9guli\u00e8res telles que les corniches, les piliers et les bords arrondis, l&rsquo;Atlantis Top RGB est une ligne de LED flexible, polyvalente et robuste. Cette gamme de LED a \u00e9t\u00e9 sp\u00e9cialement con\u00e7ue pour les applications professionnelles d&rsquo;\u00e9clairage d\u00e9coratif ext\u00e9rieur. Elle b\u00e9n\u00e9ficie d&rsquo;un indice de protection IP67 et est totalement [&hellip;]<\/p>\n","protected":false},"author":16,"featured_media":117535,"parent":117530,"menu_order":2,"comment_status":"closed","ping_status":"closed","template":"tpl-product-led.php","meta":{"footnotes":""},"related":[],"filter":[],"acf":[],"aioseo_notices":[],"_links":{"self":[{"href":"https:\/\/www.holectron.com\/fr\/wp-json\/wp\/v2\/pages\/117534"}],"collection":[{"href":"https:\/\/www.holectron.com\/fr\/wp-json\/wp\/v2\/pages"}],"about":[{"href":"https:\/\/www.holectron.com\/fr\/wp-json\/wp\/v2\/types\/page"}],"author":[{"embeddable":true,"href":"https:\/\/www.holectron.com\/fr\/wp-json\/wp\/v2\/users\/16"}],"replies":[{"embeddable":true,"href":"https:\/\/www.holectron.com\/fr\/wp-json\/wp\/v2\/comments?post=117534"}],"version-history":[{"count":0,"href":"https:\/\/www.holectron.com\/fr\/wp-json\/wp\/v2\/pages\/117534\/revisions"}],"up":[{"embeddable":true,"href":"https:\/\/www.holectron.com\/fr\/wp-json\/wp\/v2\/pages\/117530"}],"wp:featuredmedia":[{"embeddable":true,"href":"https:\/\/www.holectron.com\/fr\/wp-json\/wp\/v2\/media\/117535"}],"wp:attachment":[{"href":"https:\/\/www.holectron.com\/fr\/wp-json\/wp\/v2\/media?parent=117534"}],"wp:term":[{"taxonomy":"related","embeddable":true,"href":"https:\/\/www.holectron.com\/fr\/wp-json\/wp\/v2\/related?post=117534"},{"taxonomy":"filter","embeddable":true,"href":"https:\/\/www.holectron.com\/fr\/wp-json\/wp\/v2\/filter?post=117534"}],"curies":[{"name":"wp","href":"https:\/\/api.w.org\/{rel}","templated":true}]}}