{"id":117487,"date":"2017-05-10T09:59:28","date_gmt":"2017-05-10T07:59:28","guid":{"rendered":"https:\/\/www.holectron.com\/produits\/flexible-a-lexterieur\/"},"modified":"2025-10-08T10:37:56","modified_gmt":"2025-10-08T08:37:56","slug":"flexible-a-lexterieur","status":"publish","type":"page","link":"https:\/\/www.holectron.com\/fr\/produits\/flexible-a-lexterieur\/","title":{"rendered":"Flexible \u00e0 l&rsquo;ext\u00e9rieur"},"content":{"rendered":"<div class=\"wpb-content-wrapper\"><p>[vc_row gap=\u00a0\u00bb35&Prime;][vc_column][vc_column_text]Cette gamme de LED a \u00e9t\u00e9 sp\u00e9cialement con\u00e7ue pour les applications professionnelles d&rsquo;\u00e9clairage d\u00e9coratif ext\u00e9rieur. Elle b\u00e9n\u00e9ficie d&rsquo;un indice de protection IP67 et est totalement prot\u00e9g\u00e9e contre les particules solides et l&rsquo;eau. Les bandes LED pour l&rsquo;ext\u00e9rieur sont r\u00e9sistantes au sel et aux solvants, ainsi qu&rsquo;aux UV.  <\/p>\n<p>Cette gamme de LED flexibles et robustes est tr\u00e8s appr\u00e9ci\u00e9e des concepteurs d&rsquo;\u00e9clairage pour l&rsquo;\u00e9clairage d\u00e9coratif et direct, \u00e0 l&rsquo;ext\u00e9rieur comme \u00e0 l&rsquo;int\u00e9rieur.[\/vc_column_text][vc_single_image source=\u00a0\u00bbexternal_link\u00a0\u00bb external_img_size=\u00a0\u00bb340&#215;25&Prime; custom_src=\u00a0\u00bbhttps:\/\/www.holectron.com\/wp-content\/uploads\/features-logos-w-h-a.svg\u00a0\u00bb][\/vc_column][\/vc_row]<\/p>\n<\/div>","protected":false},"excerpt":{"rendered":"<p>[vc_row gap=\u00a0\u00bb35&Prime;][vc_column][vc_column_text]Cette gamme de LED a \u00e9t\u00e9 sp\u00e9cialement con\u00e7ue pour les applications professionnelles d&rsquo;\u00e9clairage d\u00e9coratif ext\u00e9rieur. Elle b\u00e9n\u00e9ficie d&rsquo;un indice de protection IP67 et est totalement prot\u00e9g\u00e9e contre les particules solides et l&rsquo;eau. Les bandes LED pour l&rsquo;ext\u00e9rieur sont r\u00e9sistantes au sel et aux solvants, ainsi qu&rsquo;aux UV. Cette gamme de LED flexibles et robustes [&hellip;]<\/p>\n","protected":false},"author":4,"featured_media":117515,"parent":115223,"menu_order":3,"comment_status":"closed","ping_status":"closed","template":"tpl-general-category.php","meta":{"footnotes":""},"related":[],"filter":[],"acf":[],"aioseo_notices":[],"_links":{"self":[{"href":"https:\/\/www.holectron.com\/fr\/wp-json\/wp\/v2\/pages\/117487"}],"collection":[{"href":"https:\/\/www.holectron.com\/fr\/wp-json\/wp\/v2\/pages"}],"about":[{"href":"https:\/\/www.holectron.com\/fr\/wp-json\/wp\/v2\/types\/page"}],"author":[{"embeddable":true,"href":"https:\/\/www.holectron.com\/fr\/wp-json\/wp\/v2\/users\/4"}],"replies":[{"embeddable":true,"href":"https:\/\/www.holectron.com\/fr\/wp-json\/wp\/v2\/comments?post=117487"}],"version-history":[{"count":0,"href":"https:\/\/www.holectron.com\/fr\/wp-json\/wp\/v2\/pages\/117487\/revisions"}],"up":[{"embeddable":true,"href":"https:\/\/www.holectron.com\/fr\/wp-json\/wp\/v2\/pages\/115223"}],"wp:featuredmedia":[{"embeddable":true,"href":"https:\/\/www.holectron.com\/fr\/wp-json\/wp\/v2\/media\/117515"}],"wp:attachment":[{"href":"https:\/\/www.holectron.com\/fr\/wp-json\/wp\/v2\/media?parent=117487"}],"wp:term":[{"taxonomy":"related","embeddable":true,"href":"https:\/\/www.holectron.com\/fr\/wp-json\/wp\/v2\/related?post=117487"},{"taxonomy":"filter","embeddable":true,"href":"https:\/\/www.holectron.com\/fr\/wp-json\/wp\/v2\/filter?post=117487"}],"curies":[{"name":"wp","href":"https:\/\/api.w.org\/{rel}","templated":true}]}}