{"id":117477,"date":"2020-10-13T14:08:00","date_gmt":"2020-10-13T12:08:00","guid":{"rendered":"https:\/\/www.holectron.com\/produits\/luminaires-a-profil-interieur\/pendentif\/a025x-fixture\/"},"modified":"2026-03-12T15:40:13","modified_gmt":"2026-03-12T13:40:13","slug":"a025x-fixture","status":"publish","type":"page","link":"https:\/\/www.holectron.com\/fr\/produits\/luminaires-a-profil-interieur\/pendentif\/a025x-fixture\/","title":{"rendered":"A025x Fixture"},"content":{"rendered":"<div class=\"wpb-content-wrapper\"><p>[vc_row gap=\u00a0\u00bb35&Prime;][vc_column width=\u00a0\u00bb1\/2&Prime;][vc_single_image image=\u00a0\u00bb101615&Prime; img_size=\u00a0\u00bbfull\u00a0\u00bb onclick=\u00a0\u00bbimg_link_large\u00a0\u00bb img_link_target=\u00a0\u00bb_blank\u00a0\u00bb css=\u00a0\u00bb\u00a0\u00bb][\/vc_column][vc_column width=\u00a0\u00bb1\/2&Prime;][vc_column_text]A025x est un luminaire de forme ronde pour les lampes lin\u00e9aires suspendues. Un choix parfait pour les applications d&rsquo;\u00e9clairage d\u00e9coratif, d&rsquo;appoint et d&rsquo;accentuation. <\/p>\n<p>Profitez de la plus large gamme de CCT et personnalisez l&rsquo;A025x avec des bandes LED Tunable white, RGB, RGBW pour des lumi\u00e8res lin\u00e9aires d\u00e9coratives.<\/p>\n<p>Les appareils peuvent \u00eatre reli\u00e9s jusqu&rsquo;\u00e0 14 m (46&prime;) en fonction de la puissance.[\/vc_column_text][vc_raw_html css=\u00a0\u00bb\u00a0\u00bb]PHN0eWxlPgouYnV0dG9uLW91dGxpbmUgewogIGRpc3BsYXk6IGlubGluZS1ibG9jazsKICB0ZXh0LWRlY29yYXRpb246IG5vbmU7CiAgZm9udC1zaXplOiAxOHB4OwogIGZvbnQtd2VpZ2h0OiA1MDA7CiAgY29sb3I6ICMzMzk5Y2M7CiAgYm9yZGVyOiAycHggc29saWQgIzMzOTljYzsKICBwYWRkaW5nOiAxMHB4IDI0cHg7CiAgYm9yZGVyLXJhZGl1czogOHB4OwogIGJhY2tncm91bmQtY29sb3I6IHRyYW5zcGFyZW50OwogIGJveC1zaXppbmc6IGJvcmRlci1ib3g7CiAgdHJhbnNpdGlvbjogYWxsIDAuM3MgZWFzZTsKICB0ZXh0LWFsaWduOiBjZW50ZXI7Cn0KLmJ1dHRvbi1vdXRsaW5lOmhvdmVyIHsKICBiYWNrZ3JvdW5kLWNvbG9yOiAjYzhlYWZhOwogIGNvbG9yOiAjMzM5OWNjOwp9Cjwvc3R5bGU+Cgo8YSBjbGFzcz0iYnV0dG9uLW91dGxpbmUiIGhyZWY9Imh0dHBzOi8vd3d3LmhvbGVjdHJvbi5jb20vd3AtY29udGVudC91cGxvYWRzL0EwMjV4LVNQRUNJRklDQVRJT04tU0hFRVQtUFJPRklMRS1GSVhUVVJFUy1IT0xFQ1RST04yMDI1LTA4LTAxLnBkZiIgdGFyZ2V0PSJfYmxhbmsiIHJlbD0ibm9vcGVuZXIiPgogIEZpY2hlIHRlY2huaXF1ZSAiCjwvYT4K[\/vc_raw_html][vc_single_image source=\u00a0\u00bbexternal_link\u00a0\u00bb external_img_size=\u00a0\u00bb380&#215;33&Prime; css=\u00a0\u00bb\u00a0\u00bb custom_src=\u00a0\u00bbhttps:\/\/www.holectron.com\/wp-content\/uploads\/features-with-etl-1.svg\u00a0\u00bb][\/vc_column][\/vc_row][vc_row full_width=\u00a0\u00bbstretch_row\u00a0\u00bb css=\u00a0\u00bb.vc_custom_1746019781438{background-color: #f5f5f5 !important;}\u00a0\u00bb][vc_column][vc_empty_space height=\u00a0\u00bb40&Prime;][\/vc_column][\/vc_row][vc_row full_width=\u00a0\u00bbstretch_row\u00a0\u00bb gap=\u00a0\u00bb35&Prime; css=\u00a0\u00bb.vc_custom_1746019761590{background-color: #f5f5f5 !important;}\u00a0\u00bb][vc_column width=\u00a0\u00bb1\/2&Prime;][vc_single_image image=\u00a0\u00bb107155&Prime; img_size=\u00a0\u00bbfull\u00a0\u00bb alignment=\u00a0\u00bbcenter\u00a0\u00bb onclick=\u00a0\u00bbimg_link_large\u00a0\u00bb img_link_target=\u00a0\u00bb_blank\u00a0\u00bb css=\u00a0\u00bb\u00a0\u00bb][\/vc_column][vc_column width=\u00a0\u00bb1\/2&Prime;][vc_column_text css=\u00a0\u00bb\u00a0\u00bb]<\/p>\n<h2>Dessin technique<\/h2>\n<p>Les appareils peuvent \u00eatre reli\u00e9s jusqu&rsquo;\u00e0 14 m (46&prime;) en fonction de la puissance.[\/vc_column_text][\/vc_column][\/vc_row]<\/p>\n<\/div>","protected":false},"excerpt":{"rendered":"<p>[vc_row gap=\u00a0\u00bb35&Prime;][vc_column width=\u00a0\u00bb1\/2&Prime;][vc_single_image image=\u00a0\u00bb101615&Prime; img_size=\u00a0\u00bbfull\u00a0\u00bb onclick=\u00a0\u00bbimg_link_large\u00a0\u00bb img_link_target=\u00a0\u00bb_blank\u00a0\u00bb css=\u00a0\u00bb\u00a0\u00bb][\/vc_column][vc_column width=\u00a0\u00bb1\/2&Prime;][vc_column_text]A025x est un luminaire de forme ronde pour les lampes lin\u00e9aires suspendues. Un choix parfait pour les applications d&rsquo;\u00e9clairage d\u00e9coratif, d&rsquo;appoint et d&rsquo;accentuation. Profitez de la plus large gamme de CCT et personnalisez l&rsquo;A025x avec des bandes LED Tunable white, RGB, RGBW pour des lumi\u00e8res lin\u00e9aires d\u00e9coratives. [&hellip;]<\/p>\n","protected":false},"author":15,"featured_media":120814,"parent":117473,"menu_order":1,"comment_status":"closed","ping_status":"closed","template":"tpl-product-simple.php","meta":{"footnotes":""},"related":[],"filter":[407,281,283,314,277,279,316,302,318,287,256,320,258,322,292,275,264,296,312],"acf":[],"aioseo_notices":[],"_links":{"self":[{"href":"https:\/\/www.holectron.com\/fr\/wp-json\/wp\/v2\/pages\/117477"}],"collection":[{"href":"https:\/\/www.holectron.com\/fr\/wp-json\/wp\/v2\/pages"}],"about":[{"href":"https:\/\/www.holectron.com\/fr\/wp-json\/wp\/v2\/types\/page"}],"author":[{"embeddable":true,"href":"https:\/\/www.holectron.com\/fr\/wp-json\/wp\/v2\/users\/15"}],"replies":[{"embeddable":true,"href":"https:\/\/www.holectron.com\/fr\/wp-json\/wp\/v2\/comments?post=117477"}],"version-history":[{"count":0,"href":"https:\/\/www.holectron.com\/fr\/wp-json\/wp\/v2\/pages\/117477\/revisions"}],"up":[{"embeddable":true,"href":"https:\/\/www.holectron.com\/fr\/wp-json\/wp\/v2\/pages\/117473"}],"wp:featuredmedia":[{"embeddable":true,"href":"https:\/\/www.holectron.com\/fr\/wp-json\/wp\/v2\/media\/120814"}],"wp:attachment":[{"href":"https:\/\/www.holectron.com\/fr\/wp-json\/wp\/v2\/media?parent=117477"}],"wp:term":[{"taxonomy":"related","embeddable":true,"href":"https:\/\/www.holectron.com\/fr\/wp-json\/wp\/v2\/related?post=117477"},{"taxonomy":"filter","embeddable":true,"href":"https:\/\/www.holectron.com\/fr\/wp-json\/wp\/v2\/filter?post=117477"}],"curies":[{"name":"wp","href":"https:\/\/api.w.org\/{rel}","templated":true}]}}