{"id":117468,"date":"2020-10-13T17:01:18","date_gmt":"2020-10-13T15:01:18","guid":{"rendered":"https:\/\/www.holectron.com\/produits\/luminaires-a-profil-interieur\/coin\/a011x-fixture\/"},"modified":"2026-03-12T15:38:56","modified_gmt":"2026-03-12T13:38:56","slug":"a011x-fixture","status":"publish","type":"page","link":"https:\/\/www.holectron.com\/fr\/produits\/luminaires-a-profil-interieur\/coin\/a011x-fixture\/","title":{"rendered":"A011x Fixture"},"content":{"rendered":"<div class=\"wpb-content-wrapper\"><p>[vc_row gap=\u00a0\u00bb35&Prime;][vc_column width=\u00a0\u00bb1\/2&Prime;][vc_single_image image=\u00a0\u00bb101599&Prime; img_size=\u00a0\u00bbfull\u00a0\u00bb onclick=\u00a0\u00bbimg_link_large\u00a0\u00bb img_link_target=\u00a0\u00bb_blank\u00a0\u00bb css=\u00a0\u00bb\u00a0\u00bb][\/vc_column][vc_column width=\u00a0\u00bb1\/2&Prime;][vc_column_text css=\u00a0\u00bb\u00a0\u00bb]Luminaire d&rsquo;angle A011x con\u00e7u pour les bandes de LED de haute puissance. Id\u00e9al pour l&rsquo;\u00e9clairage d&rsquo;appoint, l&rsquo;\u00e9clairage d&rsquo;accentuation et m\u00eame l&rsquo;\u00e9clairage d&rsquo;angle. <\/p>\n<p>Profitez de la plus grande plage de CCT et personnalisez l&rsquo;A011x avec des bandes LED Tunable white, RGB, RGBW et tirez le meilleur parti de l&rsquo;\u00e9clairage d&rsquo;appoint et de l&rsquo;\u00e9clairage d&rsquo;accentuation.[\/vc_column_text][vc_raw_html css=\u00a0\u00bb\u00a0\u00bb]PHN0eWxlPgouYnV0dG9uLW91dGxpbmUgewogIGRpc3BsYXk6IGlubGluZS1ibG9jazsKICB0ZXh0LWRlY29yYXRpb246IG5vbmU7CiAgZm9udC1zaXplOiAxOHB4OwogIGZvbnQtd2VpZ2h0OiA1MDA7CiAgY29sb3I6ICMzMzk5Y2M7CiAgYm9yZGVyOiAycHggc29saWQgIzMzOTljYzsKICBwYWRkaW5nOiAxMHB4IDI0cHg7CiAgYm9yZGVyLXJhZGl1czogOHB4OwogIGJhY2tncm91bmQtY29sb3I6IHRyYW5zcGFyZW50OwogIGJveC1zaXppbmc6IGJvcmRlci1ib3g7CiAgdHJhbnNpdGlvbjogYWxsIDAuM3MgZWFzZTsKICB0ZXh0LWFsaWduOiBjZW50ZXI7Cn0KLmJ1dHRvbi1vdXRsaW5lOmhvdmVyIHsKICBiYWNrZ3JvdW5kLWNvbG9yOiAjYzhlYWZhOwogIGNvbG9yOiAjMzM5OWNjOwp9Cjwvc3R5bGU+Cgo8YSBjbGFzcz0iYnV0dG9uLW91dGxpbmUiIGhyZWY9Imh0dHBzOi8vd3d3LmhvbGVjdHJvbi5jb20vd3AtY29udGVudC91cGxvYWRzL0EwMTF4LVNQRUNJRklDQVRJT04tU0hFRVQtUFJPRklMRS1GSVhUVVJFUy1IT0xFQ1RST04yMDI1LTA4LTAxLnBkZiIgdGFyZ2V0PSJfYmxhbmsiIHJlbD0ibm9vcGVuZXIiPgogIEZpY2hlIHRlY2huaXF1ZSAiCjwvYT4K[\/vc_raw_html][vc_single_image source=\u00a0\u00bbexternal_link\u00a0\u00bb external_img_size=\u00a0\u00bb380&#215;33&Prime; css=\u00a0\u00bb\u00a0\u00bb custom_src=\u00a0\u00bbhttps:\/\/www.holectron.com\/wp-content\/uploads\/features-with-etl-1.svg\u00a0\u00bb][\/vc_column][\/vc_row][vc_row full_width=\u00a0\u00bbstretch_row\u00a0\u00bb css=\u00a0\u00bb.vc_custom_1746019250309{background-color: #f5f5f5 !important;}\u00a0\u00bb][vc_column][vc_empty_space height=\u00a0\u00bb40&Prime;][\/vc_column][\/vc_row][vc_row full_width=\u00a0\u00bbstretch_row\u00a0\u00bb gap=\u00a0\u00bb35&Prime; css=\u00a0\u00bb.vc_custom_1746019228736{background-color: #f5f5f5 !important;}\u00a0\u00bb][vc_column width=\u00a0\u00bb1\/2&Prime;][vc_single_image image=\u00a0\u00bb107151&Prime; img_size=\u00a0\u00bbfull\u00a0\u00bb alignment=\u00a0\u00bbcenter\u00a0\u00bb onclick=\u00a0\u00bbimg_link_large\u00a0\u00bb img_link_target=\u00a0\u00bb_blank\u00a0\u00bb css=\u00a0\u00bb\u00a0\u00bb][\/vc_column][vc_column width=\u00a0\u00bb1\/2&Prime;][vc_column_text css=\u00a0\u00bb\u00a0\u00bb]<\/p>\n<h2>Dessin technique<\/h2>\n<p>Les appareils peuvent \u00eatre reli\u00e9s jusqu&rsquo;\u00e0 14 m (46&prime;) en fonction de la puissance.[\/vc_column_text][\/vc_column][\/vc_row]<\/p>\n<\/div>","protected":false},"excerpt":{"rendered":"<p>[vc_row gap=\u00a0\u00bb35&Prime;][vc_column width=\u00a0\u00bb1\/2&Prime;][vc_single_image image=\u00a0\u00bb101599&Prime; img_size=\u00a0\u00bbfull\u00a0\u00bb onclick=\u00a0\u00bbimg_link_large\u00a0\u00bb img_link_target=\u00a0\u00bb_blank\u00a0\u00bb css=\u00a0\u00bb\u00a0\u00bb][\/vc_column][vc_column width=\u00a0\u00bb1\/2&Prime;][vc_column_text css=\u00a0\u00bb\u00a0\u00bb]Luminaire d&rsquo;angle A011x con\u00e7u pour les bandes de LED de haute puissance. Id\u00e9al pour l&rsquo;\u00e9clairage d&rsquo;appoint, l&rsquo;\u00e9clairage d&rsquo;accentuation et m\u00eame l&rsquo;\u00e9clairage d&rsquo;angle. Profitez de la plus grande plage de CCT et personnalisez l&rsquo;A011x avec des bandes LED Tunable white, RGB, RGBW et tirez le meilleur parti [&hellip;]<\/p>\n","protected":false},"author":15,"featured_media":120793,"parent":117457,"menu_order":0,"comment_status":"closed","ping_status":"closed","template":"tpl-product-simple.php","meta":{"footnotes":""},"related":[252],"filter":[407,304,262,308,275,264],"acf":[],"aioseo_notices":[],"_links":{"self":[{"href":"https:\/\/www.holectron.com\/fr\/wp-json\/wp\/v2\/pages\/117468"}],"collection":[{"href":"https:\/\/www.holectron.com\/fr\/wp-json\/wp\/v2\/pages"}],"about":[{"href":"https:\/\/www.holectron.com\/fr\/wp-json\/wp\/v2\/types\/page"}],"author":[{"embeddable":true,"href":"https:\/\/www.holectron.com\/fr\/wp-json\/wp\/v2\/users\/15"}],"replies":[{"embeddable":true,"href":"https:\/\/www.holectron.com\/fr\/wp-json\/wp\/v2\/comments?post=117468"}],"version-history":[{"count":0,"href":"https:\/\/www.holectron.com\/fr\/wp-json\/wp\/v2\/pages\/117468\/revisions"}],"up":[{"embeddable":true,"href":"https:\/\/www.holectron.com\/fr\/wp-json\/wp\/v2\/pages\/117457"}],"wp:featuredmedia":[{"embeddable":true,"href":"https:\/\/www.holectron.com\/fr\/wp-json\/wp\/v2\/media\/120793"}],"wp:attachment":[{"href":"https:\/\/www.holectron.com\/fr\/wp-json\/wp\/v2\/media?parent=117468"}],"wp:term":[{"taxonomy":"related","embeddable":true,"href":"https:\/\/www.holectron.com\/fr\/wp-json\/wp\/v2\/related?post=117468"},{"taxonomy":"filter","embeddable":true,"href":"https:\/\/www.holectron.com\/fr\/wp-json\/wp\/v2\/filter?post=117468"}],"curies":[{"name":"wp","href":"https:\/\/api.w.org\/{rel}","templated":true}]}}