{"id":117336,"date":"2019-05-20T15:11:42","date_gmt":"2019-05-20T13:11:42","guid":{"rendered":"https:\/\/www.holectron.com\/produits\/luminaires-a-profil-interieur\/surface\/ula-l\/"},"modified":"2026-03-12T15:34:33","modified_gmt":"2026-03-12T13:34:33","slug":"ula-l","status":"publish","type":"page","link":"https:\/\/www.holectron.com\/fr\/produits\/luminaires-a-profil-interieur\/surface\/ula-l\/","title":{"rendered":"Ula L"},"content":{"rendered":"<div class=\"wpb-content-wrapper\"><p>[vc_row gap=\u00a0\u00bb30&Prime;][vc_column width=\u00a0\u00bb1\/2&Prime;][vc_single_image image=\u00a0\u00bb101791&Prime; img_size=\u00a0\u00bbfull\u00a0\u00bb css=\u00a0\u00bb\u00a0\u00bb][\/vc_column][vc_column width=\u00a0\u00bb1\/2&Prime;][vc_column_text css=\u00a0\u00bb\u00a0\u00bb]Ula L est un luminaire lin\u00e9aire modulaire \u00e0 LED avec un couvercle opale con\u00e7u pour des applications professionnelles d&rsquo;\u00e9clairage int\u00e9rieur \u00e0 long terme.<\/p>\n<p>Ces lampes LED modulaires Ula L sont \u00e9quip\u00e9es de LED NICHIA de la plus haute qualit\u00e9, avec un large \u00e9ventail d&rsquo;options d&rsquo;indice de rendu des couleurs (CRI) et de temp\u00e9rature de couleur (CCT). Les LED NICHIA garantissent un \u00e9clairage de la plus haute qualit\u00e9 et une tr\u00e8s grande efficacit\u00e9. Cette bande LED est disponible avec des LED MacAdam \u00e0 3 niveaux ou des LED Single Bin. La couverture opale assure un effet de lumi\u00e8re continue sans points sombres.   <\/p>\n<p>Les modules peuvent \u00eatre connect\u00e9s rapidement et en toute s\u00e9curit\u00e9 gr\u00e2ce \u00e0 leurs connecteurs int\u00e9gr\u00e9s, qui sont cach\u00e9s \u00e0 l&rsquo;int\u00e9rieur des modules pour un effet visuel professionnel et sans faille.[\/vc_column_text][vc_raw_html css=\u00a0\u00bb\u00a0\u00bb]PHN0eWxlPgouYnV0dG9uLW91dGxpbmUgewogIGRpc3BsYXk6IGlubGluZS1ibG9jazsKICB0ZXh0LWRlY29yYXRpb246IG5vbmU7CiAgZm9udC1zaXplOiAxOHB4OwogIGZvbnQtd2VpZ2h0OiA1MDA7CiAgY29sb3I6ICMzMzk5Y2M7CiAgYm9yZGVyOiAycHggc29saWQgIzMzOTljYzsKICBwYWRkaW5nOiAxMHB4IDI0cHg7CiAgYm9yZGVyLXJhZGl1czogOHB4OwogIGJhY2tncm91bmQtY29sb3I6IHRyYW5zcGFyZW50OwogIGJveC1zaXppbmc6IGJvcmRlci1ib3g7CiAgdHJhbnNpdGlvbjogYWxsIDAuM3MgZWFzZTsKICB0ZXh0LWFsaWduOiBjZW50ZXI7Cn0KLmJ1dHRvbi1vdXRsaW5lOmhvdmVyIHsKICBiYWNrZ3JvdW5kLWNvbG9yOiAjYzhlYWZhOwogIGNvbG9yOiAjMzM5OWNjOwp9Cjwvc3R5bGU+Cgo8YSBjbGFzcz0iYnV0dG9uLW91dGxpbmUiIGhyZWY9Imh0dHBzOi8vd3d3LmhvbGVjdHJvbi5jb20vd3AtY29udGVudC91cGxvYWRzL1VMQS1MLVNwZWNpZmljYXRpb24tU2hlZXQtMjAyNS0wOC0wMy5wZGYiIHRhcmdldD0iX2JsYW5rIiByZWw9Im5vb3BlbmVyIj4KICBGaWNoZSB0ZWNobmlxdWUgIgo8L2E+[\/vc_raw_html][vc_single_image source=\u00a0\u00bbexternal_link\u00a0\u00bb external_img_size=\u00a0\u00bb380&#215;33&Prime; custom_src=\u00a0\u00bbhttps:\/\/www.holectron.com\/wp-content\/uploads\/features-with-etl-1.svg\u00a0\u00bb][\/vc_column][\/vc_row]<\/p>\n<\/div>","protected":false},"excerpt":{"rendered":"<p>[vc_row gap=\u00a0\u00bb30&Prime;][vc_column width=\u00a0\u00bb1\/2&Prime;][vc_single_image image=\u00a0\u00bb101791&Prime; img_size=\u00a0\u00bbfull\u00a0\u00bb css=\u00a0\u00bb\u00a0\u00bb][\/vc_column][vc_column width=\u00a0\u00bb1\/2&Prime;][vc_column_text css=\u00a0\u00bb\u00a0\u00bb]Ula L est un luminaire lin\u00e9aire modulaire \u00e0 LED avec un couvercle opale con\u00e7u pour des applications professionnelles d&rsquo;\u00e9clairage int\u00e9rieur \u00e0 long terme. Ces lampes LED modulaires Ula L sont \u00e9quip\u00e9es de LED NICHIA de la plus haute qualit\u00e9, avec un large \u00e9ventail d&rsquo;options d&rsquo;indice de rendu des [&hellip;]<\/p>\n","protected":false},"author":15,"featured_media":120850,"parent":117312,"menu_order":2,"comment_status":"closed","ping_status":"closed","template":"tpl-product-led.php","meta":{"footnotes":""},"related":[241],"filter":[407,287,262,258,306,309,275,264,296],"acf":[],"aioseo_notices":[],"_links":{"self":[{"href":"https:\/\/www.holectron.com\/fr\/wp-json\/wp\/v2\/pages\/117336"}],"collection":[{"href":"https:\/\/www.holectron.com\/fr\/wp-json\/wp\/v2\/pages"}],"about":[{"href":"https:\/\/www.holectron.com\/fr\/wp-json\/wp\/v2\/types\/page"}],"author":[{"embeddable":true,"href":"https:\/\/www.holectron.com\/fr\/wp-json\/wp\/v2\/users\/15"}],"replies":[{"embeddable":true,"href":"https:\/\/www.holectron.com\/fr\/wp-json\/wp\/v2\/comments?post=117336"}],"version-history":[{"count":0,"href":"https:\/\/www.holectron.com\/fr\/wp-json\/wp\/v2\/pages\/117336\/revisions"}],"up":[{"embeddable":true,"href":"https:\/\/www.holectron.com\/fr\/wp-json\/wp\/v2\/pages\/117312"}],"wp:featuredmedia":[{"embeddable":true,"href":"https:\/\/www.holectron.com\/fr\/wp-json\/wp\/v2\/media\/120850"}],"wp:attachment":[{"href":"https:\/\/www.holectron.com\/fr\/wp-json\/wp\/v2\/media?parent=117336"}],"wp:term":[{"taxonomy":"related","embeddable":true,"href":"https:\/\/www.holectron.com\/fr\/wp-json\/wp\/v2\/related?post=117336"},{"taxonomy":"filter","embeddable":true,"href":"https:\/\/www.holectron.com\/fr\/wp-json\/wp\/v2\/filter?post=117336"}],"curies":[{"name":"wp","href":"https:\/\/api.w.org\/{rel}","templated":true}]}}