{"id":117258,"date":"2024-11-26T10:57:52","date_gmt":"2024-11-26T08:57:52","guid":{"rendered":"https:\/\/www.holectron.com\/produits\/luminaires-interieurs\/luminaires\/neris-opale-microprisme\/neris-microprisme-opale-surface\/"},"modified":"2025-10-08T09:47:28","modified_gmt":"2025-10-08T07:47:28","slug":"neris-microprisme-opale-surface","status":"publish","type":"page","link":"https:\/\/www.holectron.com\/fr\/produits\/luminaires-interieurs\/luminaires\/neris-opale-microprisme\/neris-microprisme-opale-surface\/","title":{"rendered":"Neris Microprisme \/ Opale &#8211; Surface"},"content":{"rendered":"<div class=\"wpb-content-wrapper\"><p>[vc_row gap=\u00a0\u00bb30&Prime;][vc_column width=\u00a0\u00bb1\/2&Prime;][vc_single_image image=\u00a0\u00bb101651&Prime; img_size=\u00a0\u00bbfull\u00a0\u00bb css=\u00a0\u00bb\u00a0\u00bb][\/vc_column][vc_column width=\u00a0\u00bb1\/2&Prime;][vc_column_text css=\u00a0\u00bb\u00a0\u00bb]Les luminaires de <strong>surface Neris Opal\/Microprism<\/strong> sont con\u00e7us pour \u00eatre mont\u00e9s sur les plafonds. Ils peuvent \u00eatre utilis\u00e9s comme luminaires autonomes ou pour former un syst\u00e8me de ligne continue pour des applications d&rsquo;\u00e9clairage de bureaux, de magasins, de centres commerciaux et de restaurants. <\/p>\n<p>La couverture opale garantit une lumi\u00e8re uniforme et continue, ainsi qu&rsquo;un aspect moderne du luminaire. Les luminaires Opal offrent de nombreuses possibilit\u00e9s d&rsquo;agencement pour former des installations d&rsquo;\u00e9clairage. Cette flexibilit\u00e9 fait des lignes continues <strong>Neris Opal\/Microprism Surface<\/strong> une solution id\u00e9ale pour l&rsquo;\u00e9clairage de diff\u00e9rentes pi\u00e8ces et espaces.  <\/p>\n<p>Neris utilise des LED MacAdam \u00e0 3 niveaux de la plus haute qualit\u00e9, avec une gamme de couleurs blanches de 2700K \u00e0 4000K et un indice de rendu des couleurs (CRI) \u00e9lev\u00e9, qui est de CRI90+, avec une option pour CRI95+. En plus du rendement standard, une version \u00e0 haut rendement est disponible.[\/vc_column_text][vc_single_image source=\u00a0\u00bbexternal_link\u00a0\u00bb external_img_size=\u00a0\u00bb440&#215;33&Prime; custom_src=\u00a0\u00bbhttps:\/\/www.holectron.com\/wp-content\/uploads\/features-logos-w-h-a2.svg\u00a0\u00bb][\/vc_column][\/vc_row]<\/p>\n<\/div>","protected":false},"excerpt":{"rendered":"<p>[vc_row gap=\u00a0\u00bb30&Prime;][vc_column width=\u00a0\u00bb1\/2&Prime;][vc_single_image image=\u00a0\u00bb101651&Prime; img_size=\u00a0\u00bbfull\u00a0\u00bb css=\u00a0\u00bb\u00a0\u00bb][\/vc_column][vc_column width=\u00a0\u00bb1\/2&Prime;][vc_column_text css=\u00a0\u00bb\u00a0\u00bb]Les luminaires de surface Neris Opal\/Microprism sont con\u00e7us pour \u00eatre mont\u00e9s sur les plafonds. Ils peuvent \u00eatre utilis\u00e9s comme luminaires autonomes ou pour former un syst\u00e8me de ligne continue pour des applications d&rsquo;\u00e9clairage de bureaux, de magasins, de centres commerciaux et de restaurants. La couverture opale garantit une [&hellip;]<\/p>\n","protected":false},"author":15,"featured_media":117241,"parent":117215,"menu_order":1,"comment_status":"closed","ping_status":"closed","template":"tpl-product.php","meta":{"footnotes":""},"related":[],"filter":[287,306,308,296],"acf":[],"aioseo_notices":[],"_links":{"self":[{"href":"https:\/\/www.holectron.com\/fr\/wp-json\/wp\/v2\/pages\/117258"}],"collection":[{"href":"https:\/\/www.holectron.com\/fr\/wp-json\/wp\/v2\/pages"}],"about":[{"href":"https:\/\/www.holectron.com\/fr\/wp-json\/wp\/v2\/types\/page"}],"author":[{"embeddable":true,"href":"https:\/\/www.holectron.com\/fr\/wp-json\/wp\/v2\/users\/15"}],"replies":[{"embeddable":true,"href":"https:\/\/www.holectron.com\/fr\/wp-json\/wp\/v2\/comments?post=117258"}],"version-history":[{"count":0,"href":"https:\/\/www.holectron.com\/fr\/wp-json\/wp\/v2\/pages\/117258\/revisions"}],"up":[{"embeddable":true,"href":"https:\/\/www.holectron.com\/fr\/wp-json\/wp\/v2\/pages\/117215"}],"wp:featuredmedia":[{"embeddable":true,"href":"https:\/\/www.holectron.com\/fr\/wp-json\/wp\/v2\/media\/117241"}],"wp:attachment":[{"href":"https:\/\/www.holectron.com\/fr\/wp-json\/wp\/v2\/media?parent=117258"}],"wp:term":[{"taxonomy":"related","embeddable":true,"href":"https:\/\/www.holectron.com\/fr\/wp-json\/wp\/v2\/related?post=117258"},{"taxonomy":"filter","embeddable":true,"href":"https:\/\/www.holectron.com\/fr\/wp-json\/wp\/v2\/filter?post=117258"}],"curies":[{"name":"wp","href":"https:\/\/api.w.org\/{rel}","templated":true}]}}