{"id":117249,"date":"2024-11-19T17:15:59","date_gmt":"2024-11-19T15:15:59","guid":{"rendered":"https:\/\/www.holectron.com\/produits\/luminaires-interieurs\/luminaires\/neris-opale-microprisme\/neris-microprism-opal-pendentif\/"},"modified":"2025-10-08T09:44:53","modified_gmt":"2025-10-08T07:44:53","slug":"neris-microprism-opal-pendentif","status":"publish","type":"page","link":"https:\/\/www.holectron.com\/fr\/produits\/luminaires-interieurs\/luminaires\/neris-opale-microprisme\/neris-microprism-opal-pendentif\/","title":{"rendered":"Neris Microprism \/ Opale &#8211; Pendentif"},"content":{"rendered":"<div class=\"wpb-content-wrapper\"><p>[vc_row gap=\u00a0\u00bb30&Prime; content_placement=\u00a0\u00bbtop\u00a0\u00bb][vc_column width=\u00a0\u00bb1\/2&Prime;][vc_single_image image=\u00a0\u00bb86417&Prime; img_size=\u00a0\u00bb680&#215;400&Prime;][\/vc_column][vc_column width=\u00a0\u00bb1\/2&Prime;][vc_column_text css=\u00a0\u00bb\u00a0\u00bb]Le <strong>Neris Opal\/Microprism Pendant<\/strong> est un luminaire suspendu \u00e0 une corde r\u00e9glable. Cette caract\u00e9ristique en fait un luminaire id\u00e9al pour les pi\u00e8ces \u00e0 hauts plafonds. Le luminaire Neris Opal Pendant peut \u00eatre utilis\u00e9 comme luminaire individuel ou pour former un syst\u00e8me de luminaires en rang\u00e9e continue pour des applications d&rsquo;\u00e9clairage de bureaux, de magasins, de centres commerciaux et de restaurants.  <\/p>\n<p>La couverture opale garantit une lumi\u00e8re uniforme et continue, ainsi qu&rsquo;un aspect moderne du luminaire. Les luminaires Opal offrent de nombreuses possibilit\u00e9s d&rsquo;agencement pour former des installations d&rsquo;\u00e9clairage. Cette flexibilit\u00e9 fait des lignes continues de la <strong>suspension Neris Opal\/Microprism<\/strong> une solution id\u00e9ale pour l&rsquo;\u00e9clairage de diverses pi\u00e8ces et espaces.  <\/p>\n<p>Neris utilise des LED MacAdam \u00e0 3 niveaux de la plus haute qualit\u00e9, avec une gamme de couleurs blanches de 2700K \u00e0 4000K et un indice de rendu des couleurs (CRI) \u00e9lev\u00e9, qui est de CRI90+, avec une option pour CRI95+. En plus du rendement standard, une version \u00e0 haut rendement est disponible.[\/vc_column_text][vc_single_image source=\u00a0\u00bbexternal_link\u00a0\u00bb external_img_size=\u00a0\u00bb340&#215;33&Prime; custom_src=\u00a0\u00bbhttps:\/\/www.holectron.com\/wp-content\/uploads\/features-logos-w-h-a2.svg\u00a0\u00bb][\/vc_column][\/vc_row]<\/p>\n<\/div>","protected":false},"excerpt":{"rendered":"<p>[vc_row gap=\u00a0\u00bb30&Prime; content_placement=\u00a0\u00bbtop\u00a0\u00bb][vc_column width=\u00a0\u00bb1\/2&Prime;][vc_single_image image=\u00a0\u00bb86417&Prime; img_size=\u00a0\u00bb680&#215;400&Prime;][\/vc_column][vc_column width=\u00a0\u00bb1\/2&Prime;][vc_column_text css=\u00a0\u00bb\u00a0\u00bb]Le Neris Opal\/Microprism Pendant est un luminaire suspendu \u00e0 une corde r\u00e9glable. Cette caract\u00e9ristique en fait un luminaire id\u00e9al pour les pi\u00e8ces \u00e0 hauts plafonds. Le luminaire Neris Opal Pendant peut \u00eatre utilis\u00e9 comme luminaire individuel ou pour former un syst\u00e8me de luminaires en rang\u00e9e continue pour des [&hellip;]<\/p>\n","protected":false},"author":15,"featured_media":117243,"parent":117215,"menu_order":0,"comment_status":"closed","ping_status":"closed","template":"tpl-product.php","meta":{"footnotes":""},"related":[],"filter":[],"acf":[],"aioseo_notices":[],"_links":{"self":[{"href":"https:\/\/www.holectron.com\/fr\/wp-json\/wp\/v2\/pages\/117249"}],"collection":[{"href":"https:\/\/www.holectron.com\/fr\/wp-json\/wp\/v2\/pages"}],"about":[{"href":"https:\/\/www.holectron.com\/fr\/wp-json\/wp\/v2\/types\/page"}],"author":[{"embeddable":true,"href":"https:\/\/www.holectron.com\/fr\/wp-json\/wp\/v2\/users\/15"}],"replies":[{"embeddable":true,"href":"https:\/\/www.holectron.com\/fr\/wp-json\/wp\/v2\/comments?post=117249"}],"version-history":[{"count":0,"href":"https:\/\/www.holectron.com\/fr\/wp-json\/wp\/v2\/pages\/117249\/revisions"}],"up":[{"embeddable":true,"href":"https:\/\/www.holectron.com\/fr\/wp-json\/wp\/v2\/pages\/117215"}],"wp:featuredmedia":[{"embeddable":true,"href":"https:\/\/www.holectron.com\/fr\/wp-json\/wp\/v2\/media\/117243"}],"wp:attachment":[{"href":"https:\/\/www.holectron.com\/fr\/wp-json\/wp\/v2\/media?parent=117249"}],"wp:term":[{"taxonomy":"related","embeddable":true,"href":"https:\/\/www.holectron.com\/fr\/wp-json\/wp\/v2\/related?post=117249"},{"taxonomy":"filter","embeddable":true,"href":"https:\/\/www.holectron.com\/fr\/wp-json\/wp\/v2\/filter?post=117249"}],"curies":[{"name":"wp","href":"https:\/\/api.w.org\/{rel}","templated":true}]}}