{"id":117109,"date":"2018-10-15T13:55:30","date_gmt":"2018-10-15T11:55:30","guid":{"rendered":"https:\/\/www.holectron.com\/produits\/luminaires-interieurs\/luminaires\/neman-honeycomb\/nid-dabeilles-neman-sans-garniture\/"},"modified":"2025-10-08T09:34:40","modified_gmt":"2025-10-08T07:34:40","slug":"neman-honeycomb-sans-garniture","status":"publish","type":"page","link":"https:\/\/www.holectron.com\/fr\/produits\/luminaires-interieurs\/luminaires\/neman-honeycomb\/neman-honeycomb-sans-garniture\/","title":{"rendered":"Neman Honeycomb &#8211; sans garniture"},"content":{"rendered":"<div class=\"wpb-content-wrapper\"><p>[vc_row gap=\u00a0\u00bb30&Prime;][vc_column width=\u00a0\u00bb1\/2&Prime;][vc_single_image image=\u00a0\u00bb101628&Prime; img_size=\u00a0\u00bbfull\u00a0\u00bb css=\u00a0\u00bb\u00a0\u00bb][\/vc_column][vc_column width=\u00a0\u00bb1\/2&Prime;][vc_column_text]Les luminaires <strong>Neman Honeycomb Trimless<\/strong> sont con\u00e7us pour \u00eatre install\u00e9s \u00e0 l&rsquo;int\u00e9rieur des plafonds et des murs. Ces luminaires peuvent \u00eatre utilis\u00e9s comme luminaires autonomes ou pour former un syst\u00e8me de ligne continue pour des applications d&rsquo;\u00e9clairage de bureaux, de magasins, de centres commerciaux et de restaurants. <\/p>\n<p>Le diffuseur en nid d&rsquo;abeille antireflet de conception sp\u00e9ciale assure un confort visuel parfait, une lumi\u00e8re douce tr\u00e8s agr\u00e9able et un aspect moderne du luminaire. Le diffuseur en nid d&rsquo;abeille peut \u00eatre peint en noir, en or ou en argent. <\/p>\n<p>Neman utilise des LED MacAdam \u00e0 3 niveaux de la plus haute qualit\u00e9, avec une gamme de couleurs blanches de 2700K &#8211; 4000K, une gamme de couleurs blanches accordables de 2700 &#8211; 6500K et un indice de rendu des couleurs (IRC) \u00e9lev\u00e9, qui est de CRI90+, avec une option pour CRI95+. Outre le rendement standard, une version \u00e0 haut rendement est disponible. <\/p>\n<p>Les luminaires Neman Trimless sont con\u00e7us pour les installations en cloisons s\u00e8ches. Le moteur d&rsquo;\u00e9clairage du luminaire peut \u00eatre facilement ins\u00e9r\u00e9 et extrait, ce qui rend ces luminaires tr\u00e8s pratiques \u00e0 installer et \u00e0 entretenir. Les luminaires n&rsquo;ont pas de garniture sur les c\u00f4t\u00e9s, ce qui cr\u00e9e une transition parfaite entre le plafond\/mur et le luminaire.[\/vc_column_text][vc_single_image source=\u00a0\u00bbexternal_link\u00a0\u00bb external_img_size=\u00a0\u00bb440&#215;25&Prime; custom_src=\u00a0\u00bbhttps:\/\/www.holectron.com\/wp-content\/uploads\/features-logos-w-h-a2.svg\u00a0\u00bb][\/vc_column][\/vc_row]<\/p>\n<\/div>","protected":false},"excerpt":{"rendered":"<p>[vc_row gap=\u00a0\u00bb30&Prime;][vc_column width=\u00a0\u00bb1\/2&Prime;][vc_single_image image=\u00a0\u00bb101628&Prime; img_size=\u00a0\u00bbfull\u00a0\u00bb css=\u00a0\u00bb\u00a0\u00bb][\/vc_column][vc_column width=\u00a0\u00bb1\/2&Prime;][vc_column_text]Les luminaires Neman Honeycomb Trimless sont con\u00e7us pour \u00eatre install\u00e9s \u00e0 l&rsquo;int\u00e9rieur des plafonds et des murs. Ces luminaires peuvent \u00eatre utilis\u00e9s comme luminaires autonomes ou pour former un syst\u00e8me de ligne continue pour des applications d&rsquo;\u00e9clairage de bureaux, de magasins, de centres commerciaux et de restaurants. Le diffuseur [&hellip;]<\/p>\n","protected":false},"author":4,"featured_media":117117,"parent":117081,"menu_order":3,"comment_status":"closed","ping_status":"closed","template":"tpl-product-led.php","meta":{"footnotes":""},"related":[240],"filter":[268,258,273,264],"acf":[],"aioseo_notices":[],"_links":{"self":[{"href":"https:\/\/www.holectron.com\/fr\/wp-json\/wp\/v2\/pages\/117109"}],"collection":[{"href":"https:\/\/www.holectron.com\/fr\/wp-json\/wp\/v2\/pages"}],"about":[{"href":"https:\/\/www.holectron.com\/fr\/wp-json\/wp\/v2\/types\/page"}],"author":[{"embeddable":true,"href":"https:\/\/www.holectron.com\/fr\/wp-json\/wp\/v2\/users\/4"}],"replies":[{"embeddable":true,"href":"https:\/\/www.holectron.com\/fr\/wp-json\/wp\/v2\/comments?post=117109"}],"version-history":[{"count":0,"href":"https:\/\/www.holectron.com\/fr\/wp-json\/wp\/v2\/pages\/117109\/revisions"}],"up":[{"embeddable":true,"href":"https:\/\/www.holectron.com\/fr\/wp-json\/wp\/v2\/pages\/117081"}],"wp:featuredmedia":[{"embeddable":true,"href":"https:\/\/www.holectron.com\/fr\/wp-json\/wp\/v2\/media\/117117"}],"wp:attachment":[{"href":"https:\/\/www.holectron.com\/fr\/wp-json\/wp\/v2\/media?parent=117109"}],"wp:term":[{"taxonomy":"related","embeddable":true,"href":"https:\/\/www.holectron.com\/fr\/wp-json\/wp\/v2\/related?post=117109"},{"taxonomy":"filter","embeddable":true,"href":"https:\/\/www.holectron.com\/fr\/wp-json\/wp\/v2\/filter?post=117109"}],"curies":[{"name":"wp","href":"https:\/\/api.w.org\/{rel}","templated":true}]}}