{"id":117101,"date":"2018-10-18T16:35:56","date_gmt":"2018-10-18T14:35:56","guid":{"rendered":"https:\/\/www.holectron.com\/produits\/luminaires-interieurs\/luminaires\/neman-honeycomb\/neman-honeycomb-pendant-direct-indirect\/"},"modified":"2025-10-08T09:20:28","modified_gmt":"2025-10-08T07:20:28","slug":"neman-honeycomb-pendant-direct-indirect","status":"publish","type":"page","link":"https:\/\/www.holectron.com\/fr\/produits\/luminaires-interieurs\/luminaires\/neman-honeycomb\/neman-honeycomb-pendant-direct-indirect\/","title":{"rendered":"Neman Honeycomb &#8211; Pendant direct\/indirect"},"content":{"rendered":"<div class=\"wpb-content-wrapper\"><p>[vc_row gap=\u00a0\u00bb30&Prime; content_placement=\u00a0\u00bbmiddle\u00a0\u00bb][vc_column width=\u00a0\u00bb1\/2&Prime;][vc_single_image image=\u00a0\u00bb62786&Prime; img_size=\u00a0\u00bb680&#215;400&Prime;][\/vc_column][vc_column width=\u00a0\u00bb1\/2&Prime;][vc_column_text]Le luminaire <strong>Neman Honeycomb Pendant Direct\/Indirect <\/strong> est sp\u00e9cialement con\u00e7u pour offrir des solutions cr\u00e9atives dans les applications d&rsquo;\u00e9clairage g\u00e9n\u00e9ral et d&rsquo;\u00e9clairage d&rsquo;appoint. La lumi\u00e8re ascendante qu&rsquo;il \u00e9met \u00e9claire la pi\u00e8ce en refl\u00e9tant la lumi\u00e8re du plafond, tandis que la lumi\u00e8re descendante produit un faisceau lumineux concentr\u00e9 et peu \u00e9blouissant, parfaitement adapt\u00e9 \u00e0 l&rsquo;\u00e9clairage d&rsquo;une zone de travail. La lumi\u00e8re peut \u00eatre att\u00e9nu\u00e9e pour produire l&rsquo;effet lumineux d\u00e9sir\u00e9.[\/vc_column_text][vc_single_image source=\u00a0\u00bbexternal_link\u00a0\u00bb external_img_size=\u00a0\u00bb340&#215;25&Prime; custom_src=\u00a0\u00bbhttps:\/\/www.holectron.com\/wp-content\/uploads\/features-logos-w-h-a2.svg\u00a0\u00bb][\/vc_column][\/vc_row][vc_row][vc_column][vc_empty_space height=\u00a0\u00bb40px\u00a0\u00bb][\/vc_column][\/vc_row][vc_row gap=\u00a0\u00bb30&Prime; content_placement=\u00a0\u00bbmiddle\u00a0\u00bb][vc_column][vc_single_image image=\u00a0\u00bb69159&Prime; img_size=\u00a0\u00bbfull\u00a0\u00bb alignment=\u00a0\u00bbcenter\u00a0\u00bb][vc_column_text]Neman utilise des LED MacAdam \u00e0 3 niveaux de la plus haute qualit\u00e9, avec une gamme de couleurs blanches de 2700K &#8211; 4000K, une gamme de couleurs blanches accordables de 2700 &#8211; 6500K et un indice de rendu des couleurs (IRC) \u00e9lev\u00e9, qui est de CRI90+, avec une option pour CRI95+. En plus du rendement standard, une version \u00e0 haut rendement est disponible.[\/vc_column_text][\/vc_column][\/vc_row][vc_row gap=\u00a0\u00bb30&Prime; content_placement=\u00a0\u00bbmiddle\u00a0\u00bb][vc_column width=\u00a0\u00bb1\/2&Prime;][vc_single_image image=\u00a0\u00bb62281&Prime; img_size=\u00a0\u00bb680&#215;400&Prime;][\/vc_column][vc_column width=\u00a0\u00bb1\/2&Prime;][vc_column_text]Le diffuseur en nid d&rsquo;abeille antireflet de conception sp\u00e9ciale assure un confort visuel parfait, une lumi\u00e8re douce tr\u00e8s agr\u00e9able et un aspect moderne du luminaire. Le diffuseur en nid d&rsquo;abeille peut \u00eatre peint en noir, en or ou en argent.[\/vc_column_text][\/vc_column][\/vc_row][vc_row][vc_column][vc_empty_space height=\u00a0\u00bb40px\u00a0\u00bb][\/vc_column][\/vc_row][vc_row gap=\u00a0\u00bb30&Prime; content_placement=\u00a0\u00bbmiddle\u00a0\u00bb][vc_column width=\u00a0\u00bb1\/2&Prime;][vc_column_text]Les bo\u00eetiers des luminaires Neman Honeycomb Pendant Direct\/Indirect sont disponibles en blanc, noir ou gris. Cependant, ce luminaire Neman peut \u00eatre personnalis\u00e9 dans n&rsquo;importe quelle couleur RAL et dans presque n&rsquo;importe quelle longueur.[\/vc_column_text][\/vc_column][vc_column width=\u00a0\u00bb1\/2&Prime;][vc_single_image image=\u00a0\u00bb52605&Prime; img_size=\u00a0\u00bbfull\u00a0\u00bb][\/vc_column][\/vc_row]<\/p>\n<\/div>","protected":false},"excerpt":{"rendered":"<p>[vc_row gap=\u00a0\u00bb30&Prime; content_placement=\u00a0\u00bbmiddle\u00a0\u00bb][vc_column width=\u00a0\u00bb1\/2&Prime;][vc_single_image image=\u00a0\u00bb62786&Prime; img_size=\u00a0\u00bb680&#215;400&Prime;][\/vc_column][vc_column width=\u00a0\u00bb1\/2&Prime;][vc_column_text]Le luminaire Neman Honeycomb Pendant Direct\/Indirect est sp\u00e9cialement con\u00e7u pour offrir des solutions cr\u00e9atives dans les applications d&rsquo;\u00e9clairage g\u00e9n\u00e9ral et d&rsquo;\u00e9clairage d&rsquo;appoint. La lumi\u00e8re ascendante qu&rsquo;il \u00e9met \u00e9claire la pi\u00e8ce en refl\u00e9tant la lumi\u00e8re du plafond, tandis que la lumi\u00e8re descendante produit un faisceau lumineux concentr\u00e9 et peu \u00e9blouissant, [&hellip;]<\/p>\n","protected":false},"author":15,"featured_media":117082,"parent":117081,"menu_order":0,"comment_status":"closed","ping_status":"closed","template":"tpl-product-led.php","meta":{"footnotes":""},"related":[240],"filter":[256,258,273,264],"acf":[],"aioseo_notices":[],"_links":{"self":[{"href":"https:\/\/www.holectron.com\/fr\/wp-json\/wp\/v2\/pages\/117101"}],"collection":[{"href":"https:\/\/www.holectron.com\/fr\/wp-json\/wp\/v2\/pages"}],"about":[{"href":"https:\/\/www.holectron.com\/fr\/wp-json\/wp\/v2\/types\/page"}],"author":[{"embeddable":true,"href":"https:\/\/www.holectron.com\/fr\/wp-json\/wp\/v2\/users\/15"}],"replies":[{"embeddable":true,"href":"https:\/\/www.holectron.com\/fr\/wp-json\/wp\/v2\/comments?post=117101"}],"version-history":[{"count":0,"href":"https:\/\/www.holectron.com\/fr\/wp-json\/wp\/v2\/pages\/117101\/revisions"}],"up":[{"embeddable":true,"href":"https:\/\/www.holectron.com\/fr\/wp-json\/wp\/v2\/pages\/117081"}],"wp:featuredmedia":[{"embeddable":true,"href":"https:\/\/www.holectron.com\/fr\/wp-json\/wp\/v2\/media\/117082"}],"wp:attachment":[{"href":"https:\/\/www.holectron.com\/fr\/wp-json\/wp\/v2\/media?parent=117101"}],"wp:term":[{"taxonomy":"related","embeddable":true,"href":"https:\/\/www.holectron.com\/fr\/wp-json\/wp\/v2\/related?post=117101"},{"taxonomy":"filter","embeddable":true,"href":"https:\/\/www.holectron.com\/fr\/wp-json\/wp\/v2\/filter?post=117101"}],"curies":[{"name":"wp","href":"https:\/\/api.w.org\/{rel}","templated":true}]}}