{"id":117095,"date":"2021-06-02T12:46:18","date_gmt":"2021-06-02T10:46:18","guid":{"rendered":"https:\/\/www.holectron.com\/produits\/luminaires-interieurs\/luminaires\/neman-honeycomb\/nid-dabeilles-neman-surface\/"},"modified":"2025-10-08T09:25:20","modified_gmt":"2025-10-08T07:25:20","slug":"neman-honeycomb-surface","status":"publish","type":"page","link":"https:\/\/www.holectron.com\/fr\/produits\/luminaires-interieurs\/luminaires\/neman-honeycomb\/neman-honeycomb-surface\/","title":{"rendered":"Neman Honeycomb &#8211; Surface"},"content":{"rendered":"<div class=\"wpb-content-wrapper\"><p>[vc_row gap=\u00a0\u00bb30&Prime;][vc_column width=\u00a0\u00bb1\/2&Prime;][vc_single_image image=\u00a0\u00bb101642&Prime; img_size=\u00a0\u00bbfull\u00a0\u00bb css=\u00a0\u00bb\u00a0\u00bb][\/vc_column][vc_column width=\u00a0\u00bb1\/2&Prime;][vc_column_text]Les luminaires <strong>Neman Honeycomb Surface<\/strong> sont con\u00e7us pour \u00eatre mont\u00e9s sur les plafonds. Ils peuvent \u00eatre utilis\u00e9s comme luminaires autonomes ou pour former un syst\u00e8me de ligne continue pour des applications d&rsquo;\u00e9clairage de bureaux, de magasins, de centres commerciaux et de restaurants. <\/p>\n<p>Le diffuseur en nid d&rsquo;abeille antireflet de conception sp\u00e9ciale assure un confort visuel parfait, une lumi\u00e8re douce tr\u00e8s agr\u00e9able et un aspect moderne du luminaire. Le diffuseur en nid d&rsquo;abeille peut \u00eatre peint en noir, en or ou en argent. <\/p>\n<p>Neman utilise des LED MacAdam \u00e0 3 niveaux de la plus haute qualit\u00e9, avec une gamme de couleurs blanches de 2700K &#8211; 4000K, une gamme de couleurs blanches accordables de 2700 &#8211; 6500K et un indice de rendu des couleurs (IRC) \u00e9lev\u00e9, qui est de CRI90+, avec une option pour CRI95+. Outre le rendement standard, une version \u00e0 haut rendement est disponible. <\/p>\n<p>Les bo\u00eetiers des luminaires Neman Honeycomb Surface sont disponibles en blanc, noir ou gris. Cependant, ce luminaire Neman peut \u00eatre personnalis\u00e9 dans n&rsquo;importe quelle couleur RAL et dans presque n&rsquo;importe quelle longueur.[\/vc_column_text][vc_single_image source=\u00a0\u00bbexternal_link\u00a0\u00bb external_img_size=\u00a0\u00bb440&#215;33&Prime; custom_src=\u00a0\u00bbhttps:\/\/www.holectron.com\/wp-content\/uploads\/features-logos-w-h-a2.svg\u00a0\u00bb][\/vc_column][\/vc_row]<\/p>\n<\/div>","protected":false},"excerpt":{"rendered":"<p>[vc_row gap=\u00a0\u00bb30&Prime;][vc_column width=\u00a0\u00bb1\/2&Prime;][vc_single_image image=\u00a0\u00bb101642&Prime; img_size=\u00a0\u00bbfull\u00a0\u00bb css=\u00a0\u00bb\u00a0\u00bb][\/vc_column][vc_column width=\u00a0\u00bb1\/2&Prime;][vc_column_text]Les luminaires Neman Honeycomb Surface sont con\u00e7us pour \u00eatre mont\u00e9s sur les plafonds. Ils peuvent \u00eatre utilis\u00e9s comme luminaires autonomes ou pour former un syst\u00e8me de ligne continue pour des applications d&rsquo;\u00e9clairage de bureaux, de magasins, de centres commerciaux et de restaurants. Le diffuseur en nid d&rsquo;abeille antireflet de [&hellip;]<\/p>\n","protected":false},"author":15,"featured_media":116028,"parent":117081,"menu_order":1,"comment_status":"closed","ping_status":"closed","template":"tpl-product-led.php","meta":{"footnotes":""},"related":[240],"filter":[262,258,273,264],"acf":[],"aioseo_notices":[],"_links":{"self":[{"href":"https:\/\/www.holectron.com\/fr\/wp-json\/wp\/v2\/pages\/117095"}],"collection":[{"href":"https:\/\/www.holectron.com\/fr\/wp-json\/wp\/v2\/pages"}],"about":[{"href":"https:\/\/www.holectron.com\/fr\/wp-json\/wp\/v2\/types\/page"}],"author":[{"embeddable":true,"href":"https:\/\/www.holectron.com\/fr\/wp-json\/wp\/v2\/users\/15"}],"replies":[{"embeddable":true,"href":"https:\/\/www.holectron.com\/fr\/wp-json\/wp\/v2\/comments?post=117095"}],"version-history":[{"count":0,"href":"https:\/\/www.holectron.com\/fr\/wp-json\/wp\/v2\/pages\/117095\/revisions"}],"up":[{"embeddable":true,"href":"https:\/\/www.holectron.com\/fr\/wp-json\/wp\/v2\/pages\/117081"}],"wp:featuredmedia":[{"embeddable":true,"href":"https:\/\/www.holectron.com\/fr\/wp-json\/wp\/v2\/media\/116028"}],"wp:attachment":[{"href":"https:\/\/www.holectron.com\/fr\/wp-json\/wp\/v2\/media?parent=117095"}],"wp:term":[{"taxonomy":"related","embeddable":true,"href":"https:\/\/www.holectron.com\/fr\/wp-json\/wp\/v2\/related?post=117095"},{"taxonomy":"filter","embeddable":true,"href":"https:\/\/www.holectron.com\/fr\/wp-json\/wp\/v2\/filter?post=117095"}],"curies":[{"name":"wp","href":"https:\/\/api.w.org\/{rel}","templated":true}]}}