{"id":116777,"date":"2025-06-11T17:43:59","date_gmt":"2025-06-11T15:43:59","guid":{"rendered":"https:\/\/www.holectron.com\/produits\/luminaires-interieurs\/luminaires\/neman-blank\/surface-vierge-neman\/"},"modified":"2025-10-08T07:34:34","modified_gmt":"2025-10-08T05:34:34","slug":"neman-blank-surface","status":"publish","type":"page","link":"https:\/\/www.holectron.com\/fr\/produits\/luminaires-interieurs\/luminaires\/neman-blank\/neman-blank-surface\/","title":{"rendered":"Neman Blank Surface"},"content":{"rendered":"<div class=\"wpb-content-wrapper\"><p>[vc_row gap=\u00a0\u00bb30&Prime;][vc_column width=\u00a0\u00bb1\/2&Prime;][vc_single_image image=\u00a0\u00bb101642&Prime; img_size=\u00a0\u00bbfull\u00a0\u00bb css=\u00a0\u00bb\u00a0\u00bb][\/vc_column][vc_column width=\u00a0\u00bb1\/2&Prime;][vc_column_text css=\u00a0\u00bb\u00a0\u00bb]Les luminaires de <strong>surface Neman<\/strong> sont con\u00e7us pour \u00eatre mont\u00e9s sur les plafonds. Ils peuvent \u00eatre utilis\u00e9s comme luminaires autonomes ou pour former un syst\u00e8me de ligne continue pour des applications d&rsquo;\u00e9clairage de bureaux, de magasins, de centres commerciaux et de restaurants. <\/p>\n<p>Neman utilise des LED MacAdam \u00e0 3 niveaux de la plus haute qualit\u00e9, avec une gamme de couleurs blanches de 2700K &#8211; 4000K, une gamme de couleurs blanches accordables de 2700 &#8211; 6500K et un indice de rendu des couleurs (IRC) \u00e9lev\u00e9, qui est de CRI90+, avec une option pour CRI95+. Outre le rendement standard, une version \u00e0 haut rendement est disponible. <\/p>\n<p>Les bo\u00eetiers des luminaires de surface Neman sont disponibles en blanc, noir ou gris. Cependant, ce luminaire Neman peut \u00eatre personnalis\u00e9 dans n&rsquo;importe quelle couleur RAL et dans presque n&rsquo;importe quelle longueur.[\/vc_column_text][vc_single_image source=\u00a0\u00bbexternal_link\u00a0\u00bb external_img_size=\u00a0\u00bb380&#215;33&Prime; css=\u00a0\u00bb\u00a0\u00bb custom_src=\u00a0\u00bbhttps:\/\/www.holectron.com\/wp-content\/uploads\/features-with-etl-1.svg\u00a0\u00bb][\/vc_column][\/vc_row]<\/p>\n<\/div>","protected":false},"excerpt":{"rendered":"<p>[vc_row gap=\u00a0\u00bb30&Prime;][vc_column width=\u00a0\u00bb1\/2&Prime;][vc_single_image image=\u00a0\u00bb101642&Prime; img_size=\u00a0\u00bbfull\u00a0\u00bb css=\u00a0\u00bb\u00a0\u00bb][\/vc_column][vc_column width=\u00a0\u00bb1\/2&Prime;][vc_column_text css=\u00a0\u00bb\u00a0\u00bb]Les luminaires de surface Neman sont con\u00e7us pour \u00eatre mont\u00e9s sur les plafonds. Ils peuvent \u00eatre utilis\u00e9s comme luminaires autonomes ou pour former un syst\u00e8me de ligne continue pour des applications d&rsquo;\u00e9clairage de bureaux, de magasins, de centres commerciaux et de restaurants. Neman utilise des LED MacAdam \u00e0 [&hellip;]<\/p>\n","protected":false},"author":15,"featured_media":116029,"parent":116774,"menu_order":1,"comment_status":"closed","ping_status":"closed","template":"tpl-product-led.php","meta":{"footnotes":""},"related":[240,251],"filter":[],"acf":[],"aioseo_notices":[],"_links":{"self":[{"href":"https:\/\/www.holectron.com\/fr\/wp-json\/wp\/v2\/pages\/116777"}],"collection":[{"href":"https:\/\/www.holectron.com\/fr\/wp-json\/wp\/v2\/pages"}],"about":[{"href":"https:\/\/www.holectron.com\/fr\/wp-json\/wp\/v2\/types\/page"}],"author":[{"embeddable":true,"href":"https:\/\/www.holectron.com\/fr\/wp-json\/wp\/v2\/users\/15"}],"replies":[{"embeddable":true,"href":"https:\/\/www.holectron.com\/fr\/wp-json\/wp\/v2\/comments?post=116777"}],"version-history":[{"count":0,"href":"https:\/\/www.holectron.com\/fr\/wp-json\/wp\/v2\/pages\/116777\/revisions"}],"up":[{"embeddable":true,"href":"https:\/\/www.holectron.com\/fr\/wp-json\/wp\/v2\/pages\/116774"}],"wp:featuredmedia":[{"embeddable":true,"href":"https:\/\/www.holectron.com\/fr\/wp-json\/wp\/v2\/media\/116029"}],"wp:attachment":[{"href":"https:\/\/www.holectron.com\/fr\/wp-json\/wp\/v2\/media?parent=116777"}],"wp:term":[{"taxonomy":"related","embeddable":true,"href":"https:\/\/www.holectron.com\/fr\/wp-json\/wp\/v2\/related?post=116777"},{"taxonomy":"filter","embeddable":true,"href":"https:\/\/www.holectron.com\/fr\/wp-json\/wp\/v2\/filter?post=116777"}],"curies":[{"name":"wp","href":"https:\/\/api.w.org\/{rel}","templated":true}]}}