{"id":116776,"date":"2025-06-05T18:26:59","date_gmt":"2025-06-05T16:26:59","guid":{"rendered":"https:\/\/www.holectron.com\/produits\/luminaires-interieurs\/luminaires\/neman-blank\/neman-blank-encastre\/"},"modified":"2025-10-08T07:32:56","modified_gmt":"2025-10-08T05:32:56","slug":"neman-blank-encastre","status":"publish","type":"page","link":"https:\/\/www.holectron.com\/fr\/produits\/luminaires-interieurs\/luminaires\/neman-blank\/neman-blank-encastre\/","title":{"rendered":"Neman Blank Encastr\u00e9"},"content":{"rendered":"<div class=\"wpb-content-wrapper\"><p>[vc_row gap=\u00a0\u00bb30&Prime;][vc_column width=\u00a0\u00bb1\/2&Prime;][vc_single_image image=\u00a0\u00bb102251&Prime; img_size=\u00a0\u00bb680&#215;400&Prime; css=\u00a0\u00bb\u00a0\u00bb][\/vc_column][vc_column width=\u00a0\u00bb1\/2&Prime;][vc_column_text css=\u00a0\u00bb\u00a0\u00bb]Les luminaires <strong>encastr\u00e9s Neman<\/strong> sont con\u00e7us pour \u00eatre install\u00e9s \u00e0 l&rsquo;int\u00e9rieur des plafonds et des murs. Ils sont faciles \u00e0 installer et peuvent \u00eatre utilis\u00e9s comme luminaires autonomes ou pour former un syst\u00e8me de ligne continue pour des applications d&rsquo;\u00e9clairage de bureaux, de magasins, de centres commerciaux et de restaurants. <\/p>\n<p>Neman utilise des LED MacAdam \u00e0 3 niveaux de la plus haute qualit\u00e9, avec une gamme de couleurs blanches de 2700K &#8211; 4000K, une gamme de couleurs blanches accordables de 2700 &#8211; 6500K et un indice de rendu des couleurs (IRC) \u00e9lev\u00e9, qui est de CRI90+, avec une option pour CRI95+. Outre le rendement standard, une version \u00e0 haut rendement est disponible. <\/p>\n<p>Les luminaires encastr\u00e9s Neman sont facilement install\u00e9s dans les plafonds \u00e0 l&rsquo;aide de ressorts de maintien et ne n\u00e9cessitent rien d&rsquo;autre qu&rsquo;un trou pour les installer. Les couleurs des luminaires sont standard (blanc, noir ou gris), mais les luminaires Neman peuvent \u00eatre personnalis\u00e9s dans n&rsquo;importe quelle couleur RAL et dans presque n&rsquo;importe quelle longueur.[\/vc_column_text][vc_single_image source=\u00a0\u00bbexternal_link\u00a0\u00bb external_img_size=\u00a0\u00bb380&#215;33&Prime; css=\u00a0\u00bb\u00a0\u00bb custom_src=\u00a0\u00bbhttps:\/\/www.holectron.com\/wp-content\/uploads\/features-with-etl-1.svg\u00a0\u00bb][\/vc_column][\/vc_row]<\/p>\n<\/div>","protected":false},"excerpt":{"rendered":"<p>[vc_row gap=\u00a0\u00bb30&Prime;][vc_column width=\u00a0\u00bb1\/2&Prime;][vc_single_image image=\u00a0\u00bb102251&Prime; img_size=\u00a0\u00bb680&#215;400&Prime; css=\u00a0\u00bb\u00a0\u00bb][\/vc_column][vc_column width=\u00a0\u00bb1\/2&Prime;][vc_column_text css=\u00a0\u00bb\u00a0\u00bb]Les luminaires encastr\u00e9s Neman sont con\u00e7us pour \u00eatre install\u00e9s \u00e0 l&rsquo;int\u00e9rieur des plafonds et des murs. Ils sont faciles \u00e0 installer et peuvent \u00eatre utilis\u00e9s comme luminaires autonomes ou pour former un syst\u00e8me de ligne continue pour des applications d&rsquo;\u00e9clairage de bureaux, de magasins, de centres commerciaux et [&hellip;]<\/p>\n","protected":false},"author":15,"featured_media":116026,"parent":116774,"menu_order":0,"comment_status":"closed","ping_status":"closed","template":"tpl-product-led.php","meta":{"footnotes":""},"related":[251],"filter":[],"acf":[],"aioseo_notices":[],"_links":{"self":[{"href":"https:\/\/www.holectron.com\/fr\/wp-json\/wp\/v2\/pages\/116776"}],"collection":[{"href":"https:\/\/www.holectron.com\/fr\/wp-json\/wp\/v2\/pages"}],"about":[{"href":"https:\/\/www.holectron.com\/fr\/wp-json\/wp\/v2\/types\/page"}],"author":[{"embeddable":true,"href":"https:\/\/www.holectron.com\/fr\/wp-json\/wp\/v2\/users\/15"}],"replies":[{"embeddable":true,"href":"https:\/\/www.holectron.com\/fr\/wp-json\/wp\/v2\/comments?post=116776"}],"version-history":[{"count":0,"href":"https:\/\/www.holectron.com\/fr\/wp-json\/wp\/v2\/pages\/116776\/revisions"}],"up":[{"embeddable":true,"href":"https:\/\/www.holectron.com\/fr\/wp-json\/wp\/v2\/pages\/116774"}],"wp:featuredmedia":[{"embeddable":true,"href":"https:\/\/www.holectron.com\/fr\/wp-json\/wp\/v2\/media\/116026"}],"wp:attachment":[{"href":"https:\/\/www.holectron.com\/fr\/wp-json\/wp\/v2\/media?parent=116776"}],"wp:term":[{"taxonomy":"related","embeddable":true,"href":"https:\/\/www.holectron.com\/fr\/wp-json\/wp\/v2\/related?post=116776"},{"taxonomy":"filter","embeddable":true,"href":"https:\/\/www.holectron.com\/fr\/wp-json\/wp\/v2\/filter?post=116776"}],"curies":[{"name":"wp","href":"https:\/\/api.w.org\/{rel}","templated":true}]}}