{"id":116395,"date":"2021-05-04T15:00:25","date_gmt":"2021-05-04T13:00:25","guid":{"rendered":"https:\/\/www.holectron.com\/produits\/luminaires-interieurs\/luminaires\/neman-shape-pendentif\/"},"modified":"2026-03-12T15:19:37","modified_gmt":"2026-03-12T13:19:37","slug":"neman-shape-pendentif","status":"publish","type":"page","link":"https:\/\/www.holectron.com\/fr\/produits\/luminaires-interieurs\/luminaires\/neman-shape-pendentif\/","title":{"rendered":"Neman Shape &#8211; Pendentif"},"content":{"rendered":"<div class=\"wpb-content-wrapper\"><p>[vc_row][vc_column][vc_empty_space height=\u00a0\u00bb20px\u00a0\u00bb][\/vc_column][\/vc_row][vc_row gap=\u00a0\u00bb30&Prime;][vc_column width=\u00a0\u00bb1\/2&Prime;][vc_single_image image=\u00a0\u00bb80505&Prime; img_size=\u00a0\u00bb680&#215;400&Prime;][\/vc_column][vc_column width=\u00a0\u00bb1\/2&Prime;][vc_column_text]<\/p>\n<p>Cr\u00e9ez une atmosph\u00e8re relaxante et am\u00e9liorez vos espaces avec Neman Shapes. Les formes g\u00e9om\u00e9triques accrocheuses &#8211; triangles, carr\u00e9s et hexagones &#8211; remplissent la pi\u00e8ce d&rsquo;une lumi\u00e8re douce et uniforme. Les Shapes combinent la fonction et la forme dans un design qui convient \u00e0 la fois aux environnements classiques et modernes. Les luminaires Neman Shape conviennent parfaitement aux magasins, aux bureaux, aux restaurants et aux espaces de vie. Fabriqu\u00e9s en Europe avec des mat\u00e9riaux de la plus haute qualit\u00e9.<\/p>\n<p>[\/vc_column_text][vc_single_image source=\u00a0\u00bbexternal_link\u00a0\u00bb external_img_size=\u00a0\u00bb340&#215;25&Prime; custom_src=\u00a0\u00bbhttps:\/\/www.holectron.com\/wp-content\/uploads\/features-logos-w-h-a2.svg\u00a0\u00bb][\/vc_column][\/vc_row][vc_row][vc_column][vc_empty_space height=\u00a0\u00bb40px\u00a0\u00bb][\/vc_column][\/vc_row][vc_row gap=\u00a0\u00bb35&Prime; content_placement=\u00a0\u00bbmiddle\u00a0\u00bb][vc_column width=\u00a0\u00bb1\/2&Prime; offset=\u00a0\u00bbvc_hidden-xs\u00a0\u00bb][vc_column_text]<\/p>\n<h2>L&rsquo;\u00e9clairage pour le travail et le plaisir<\/h2>\n<p>L&rsquo;\u00e9clairage joue un r\u00f4le fondamental dans la fa\u00e7on dont nous vivons et interagissons avec les espaces. Il a un effet positif ou n\u00e9gatif sur le bien-\u00eatre des gens &#8211; la bonne solution peut contribuer \u00e0 \u00e9lever le moral, am\u00e9liorer la productivit\u00e9 ou aider \u00e0 se d\u00e9tendre apr\u00e8s une journ\u00e9e de travail. <\/p>\n<p>Neman Shape propose diff\u00e9rents modes d&rsquo;\u00e9clairage &#8211; \u00e0 la fois pour am\u00e9liorer le confort et pour cr\u00e9er des exp\u00e9riences uniques.<\/p>\n<p><strong>Optique<\/strong><br \/>\nNemanX Louvre \/ Microprisme \/ Opale<\/p>\n<p><strong>Couleur du profil :<\/strong><br \/>\nNoir, gris, blanc<\/p>\n<p><strong>Lumi\u00e8re directe, directe\/indirecte et indirecte<\/strong>[\/vc_column_text][\/vc_column][vc_column width=\u00a0\u00bb1\/2&Prime; offset=\u00a0\u00bbvc_hidden-xs\u00a0\u00bb][vc_single_image image=\u00a0\u00bb62653&Prime; img_size=\u00a0\u00bbfull\u00a0\u00bb][\/vc_column][\/vc_row][vc_row gap=\u00a0\u00bb35&Prime; content_placement=\u00a0\u00bbmiddle\u00a0\u00bb][vc_column width=\u00a0\u00bb1\/2&Prime; offset=\u00a0\u00bbvc_hidden-lg vc_hidden-md vc_hidden-sm\u00a0\u00bb][vc_single_image image=\u00a0\u00bb62653&Prime; img_size=\u00a0\u00bbfull\u00a0\u00bb][\/vc_column][vc_column width=\u00a0\u00bb1\/2&Prime; offset=\u00a0\u00bbvc_hidden-lg vc_hidden-md vc_hidden-sm\u00a0\u00bb][vc_column_text]<\/p>\n<h2>L&rsquo;\u00e9clairage pour le travail et le plaisir<\/h2>\n<p>L&rsquo;\u00e9clairage joue un r\u00f4le fondamental dans la fa\u00e7on dont nous vivons et interagissons avec les espaces. Il a un effet positif ou n\u00e9gatif sur le bien-\u00eatre des gens &#8211; la bonne solution peut contribuer \u00e0 \u00e9lever le moral, am\u00e9liorer la productivit\u00e9 ou aider \u00e0 se d\u00e9tendre apr\u00e8s une journ\u00e9e de travail. <\/p>\n<p>Neman Shape propose diff\u00e9rents modes d&rsquo;\u00e9clairage &#8211; \u00e0 la fois pour am\u00e9liorer le confort et pour cr\u00e9er des exp\u00e9riences uniques.<\/p>\n<p><strong>Optique<\/strong><br \/>\nNemanX Louvre \/ Microprisme \/ Opale<\/p>\n<p><strong>Couleur du profil :<\/strong><br \/>\nNoir, gris, blanc<\/p>\n<p><strong>Lumi\u00e8re directe, directe\/indirecte et indirecte<\/strong>[\/vc_column_text][\/vc_column][\/vc_row][vc_row][vc_column][vc_empty_space height=\u00a0\u00bb40px\u00a0\u00bb][\/vc_column][\/vc_row][vc_row gap=\u00a0\u00bb35&Prime; content_placement=\u00a0\u00bbmiddle\u00a0\u00bb][vc_column width=\u00a0\u00bb1\/2&Prime;][vc_single_image image=\u00a0\u00bb62671&Prime; img_size=\u00a0\u00bbfull\u00a0\u00bb][\/vc_column][vc_column width=\u00a0\u00bb1\/2&Prime;][vc_column_text]<\/p>\n<p><a style=\"text-decoration: none;\" href=\"https:\/\/www.holectron.com\/wp-content\/uploads\/Broshiura-Neman-Shapes-interactive-2021-06-12.pdf\" target=\"_blank\" rel=\"noopener\"> <span style=\"font-size: 26px; color: #333333;\"> <strong>T\u00e9l\u00e9chargez la brochure \u00ab\u00a0<\/strong><\/span><\/a><\/p>\n<p>[\/vc_column_text][\/vc_column][\/vc_row][vc_row][vc_column][vc_empty_space height=\u00a0\u00bb40px\u00a0\u00bb][\/vc_column][\/vc_row][vc_row gap=\u00a0\u00bb35&Prime; content_placement=\u00a0\u00bbmiddle\u00a0\u00bb][vc_column offset=\u00a0\u00bbvc_hidden-xs\u00a0\u00bb][vc_column_text]<\/p>\n<h2 style=\"text-align: center;\">Choisissez votre \u00e9l\u00e9ment<\/h2>\n<p style=\"text-align: center;\">Choisissez la plus appropri\u00e9e parmi 3 formes g\u00e9om\u00e9triques pr\u00e9d\u00e9finies.<\/p>\n<p>[\/vc_column_text][\/vc_column][\/vc_row][vc_row gap=\u00a0\u00bb35&Prime; content_placement=\u00a0\u00bbtop\u00a0\u00bb][vc_column width=\u00a0\u00bb1\/3&Prime;][vc_single_image image=\u00a0\u00bb58371&Prime; img_size=\u00a0\u00bbfull\u00a0\u00bb][vc_column_text]<\/p>\n<h2>Hexagones<\/h2>\n<p>Jouez avec les formes, cr\u00e9ez votre propre mod\u00e8le d&rsquo;\u00e9clairage.[\/vc_column_text][\/vc_column][vc_column width=\u00a0\u00bb1\/3&Prime;][vc_single_image image=\u00a0\u00bb58373&Prime; img_size=\u00a0\u00bbfull\u00a0\u00bb][vc_column_text]<\/p>\n<h2>Carr\u00e9s<\/h2>\n<p>Cette forme convient \u00e0 toutes les pi\u00e8ces. Se fondant dans l&rsquo;int\u00e9rieur et ajoutant \u00e0 l&rsquo;atmosph\u00e8re professionnelle de votre bureau, le carr\u00e9 trouvera sa place dans n&rsquo;importe quel espace.[\/vc_column_text][\/vc_column][vc_column width=\u00a0\u00bb1\/3&Prime;][vc_single_image image=\u00a0\u00bb58374&Prime; img_size=\u00a0\u00bbfull\u00a0\u00bb][vc_column_text]<\/p>\n<h2>Triangles<\/h2>\n<p>Ajoutez de l&rsquo;expression et de l&rsquo;\u00e9nergie, remplissez l&rsquo;int\u00e9rieur d&rsquo;\u00e9motion.[\/vc_column_text][\/vc_column][\/vc_row][vc_row][vc_column][vc_empty_space height=\u00a0\u00bb40px\u00a0\u00bb][\/vc_column][\/vc_row][vc_row][vc_column][vc_column_text]<\/p>\n<h2>Tailles et dimensions<\/h2>\n<p>[\/vc_column_text][\/vc_column][\/vc_row][vc_row gap=\u00a0\u00bb35&Prime; content_placement=\u00a0\u00bbmiddle\u00a0\u00bb][vc_column width=\u00a0\u00bb1\/2&Prime;][vc_single_image image=\u00a0\u00bb114775&Prime; img_size=\u00a0\u00bbfull\u00a0\u00bb css=\u00a0\u00bb\u00a0\u00bb][\/vc_column][vc_column width=\u00a0\u00bb1\/2&Prime;][vc_column_text]<\/p>\n<h2>Hexagone<\/h2>\n<p>[\/vc_column_text][vc_column_text css=\u00a0\u00bb\u00a0\u00bb]<\/p>\n<p>&nbsp;<\/p>\n<table>\n<tbody>\n<tr>\n<td width=\"128\">\n  <strong>Longueur, mm<\/strong>\n<\/td>\n<td width=\"128\">\n  <strong>O, mm<\/strong>\n<\/td>\n<td width=\"128\">\n  <strong>O1, mm<\/strong>\n<\/td>\n<td width=\"128\">\n  <strong>O2, mm<\/strong>\n<\/td>\n<\/tr>\n<tr>\n<td width=\"128\"><b>  <\/b><\/td>\n<td width=\"128\"><\/td>\n<td width=\"128\"><\/td>\n<td width=\"128\"><b> <\/b><\/td>\n<\/tr>\n<tr>\n<td width=\"128\">\n  <strong>840<\/strong>\n<\/td>\n<td width=\"128\">867<\/td>\n<td width=\"128\">1734<\/td>\n<td width=\"128\">1501.69<\/td>\n<\/tr>\n<tr>\n<td width=\"128\">\n  <strong>1120<\/strong>\n<\/td>\n<td width=\"128\">1147<\/td>\n<td width=\"128\">2294<\/td>\n<td width=\"128\">1986.66<\/td>\n<\/tr>\n<tr>\n<td width=\"128\">\n  <strong>1400<\/strong>\n<\/td>\n<td width=\"128\">1427<\/td>\n<td width=\"128\">2854<\/td>\n<td width=\"128\">2417.11<\/td>\n<\/tr>\n<tr>\n<td width=\"128\">\n  <strong>1680<\/strong>\n<\/td>\n<td width=\"128\">1707<\/td>\n<td width=\"128\">3414<\/td>\n<td width=\"128\">2956.61<\/td>\n<\/tr>\n<tr>\n<td width=\"128\">\n  <strong>1960<\/strong>\n<\/td>\n<td width=\"128\">1987<\/td>\n<td width=\"128\">3974<\/td>\n<td width=\"128\">3441.59<\/td>\n<\/tr>\n<tr>\n<td width=\"128\">\n  <strong>2240<\/strong>\n<\/td>\n<td width=\"128\">2267<\/td>\n<td width=\"128\">4534<\/td>\n<td width=\"128\">3926.56<\/td>\n<\/tr>\n<tr>\n<td width=\"128\">\n  <strong>2520<\/strong>\n<\/td>\n<td width=\"128\">2547<\/td>\n<td width=\"128\">5094<\/td>\n<td width=\"128\">4411.53<\/td>\n<\/tr>\n<tr>\n<td width=\"128\">\n  <strong>2800<\/strong>\n<\/td>\n<td width=\"128\">2827<\/td>\n<td width=\"128\">5654<\/td>\n<td width=\"128\">4896.51<\/td>\n<\/tr>\n<tr>\n<td width=\"128\">\n  <strong>3080<\/strong>\n<\/td>\n<td width=\"128\">3107<\/td>\n<td width=\"128\">6214<\/td>\n<td width=\"128\">5381.48<\/td>\n<\/tr>\n<\/tbody>\n<\/table>\n<p>[\/vc_column_text][\/vc_column][\/vc_row][vc_row][vc_column][vc_empty_space height=\u00a0\u00bb40px\u00a0\u00bb][\/vc_column][\/vc_row][vc_row gap=\u00a0\u00bb35&Prime; content_placement=\u00a0\u00bbmiddle\u00a0\u00bb][vc_column width=\u00a0\u00bb1\/2&Prime;][vc_single_image image=\u00a0\u00bb62703&Prime; img_size=\u00a0\u00bbfull\u00a0\u00bb alignment=\u00a0\u00bbcenter\u00a0\u00bb][\/vc_column][vc_column width=\u00a0\u00bb1\/2&Prime;][vc_column_text]<\/p>\n<h2 style=\"text-align: left;\">Carr\u00e9<\/h2>\n<p>[\/vc_column_text][vc_column_text]<\/p>\n<table class=\" aligncenter\">\n<tbody>\n<tr>\n<td width=\"128\">\n  <strong>Longueur, mm<\/strong>\n<\/td>\n<td width=\"128\">\n  <strong>O, mm<\/strong>\n<\/td>\n<td width=\"128\">\n  <strong>l, mm<\/strong>\n<\/td>\n<\/tr>\n<tr>\n<td width=\"128\"><b>  <\/b><\/td>\n<td width=\"128\"><\/td>\n<td width=\"128\"><\/td>\n<\/tr>\n<tr>\n<td width=\"128\">\n  <strong>840<\/strong>\n<\/td>\n<td width=\"128\">885<\/td>\n<td width=\"128\">832.5<\/td>\n<\/tr>\n<tr>\n<td width=\"128\">\n  <strong>1120<\/strong>\n<\/td>\n<td width=\"128\">1165<\/td>\n<td width=\"128\">1112.5<\/td>\n<\/tr>\n<tr>\n<td width=\"128\">\n  <strong>1400<\/strong>\n<\/td>\n<td width=\"128\">1445<\/td>\n<td width=\"128\">1392.5<\/td>\n<\/tr>\n<tr>\n<td width=\"128\">\n  <strong>1680<\/strong>\n<\/td>\n<td width=\"128\">1725<\/td>\n<td width=\"128\">1672.5<\/td>\n<\/tr>\n<tr>\n<td width=\"128\">\n  <strong>1960<\/strong>\n<\/td>\n<td width=\"128\">2005<\/td>\n<td width=\"128\">1952.5<\/td>\n<\/tr>\n<tr>\n<td width=\"128\">\n  <strong>2240<\/strong>\n<\/td>\n<td width=\"128\">2285<\/td>\n<td width=\"128\">2232.5<\/td>\n<\/tr>\n<tr>\n<td width=\"128\">\n  <strong>2520<\/strong>\n<\/td>\n<td width=\"128\">2565<\/td>\n<td width=\"128\">2512.5<\/td>\n<\/tr>\n<tr>\n<td width=\"128\">\n  <strong>2800<\/strong>\n<\/td>\n<td width=\"128\">2845<\/td>\n<td width=\"128\">2792.5<\/td>\n<\/tr>\n<tr>\n<td width=\"128\">\n  <strong>3080<\/strong>\n<\/td>\n<td width=\"128\">3125<\/td>\n<td width=\"128\">3072.5<\/td>\n<\/tr>\n<\/tbody>\n<\/table>\n<p>[\/vc_column_text][\/vc_column][\/vc_row][vc_row][vc_column][vc_empty_space height=\u00a0\u00bb40px\u00a0\u00bb][\/vc_column][\/vc_row][vc_row gap=\u00a0\u00bb35&Prime; content_placement=\u00a0\u00bbmiddle\u00a0\u00bb][vc_column width=\u00a0\u00bb1\/2&Prime;][vc_single_image image=\u00a0\u00bb62705&Prime; img_size=\u00a0\u00bbfull\u00a0\u00bb][\/vc_column][vc_column width=\u00a0\u00bb1\/2&Prime;][vc_column_text]<\/p>\n<h2 style=\"text-align: left;\">Triangle<\/h2>\n<p>[\/vc_column_text][vc_column_text]<\/p>\n<table>\n<tbody>\n<tr>\n<td width=\"128\">\n  <strong>Longueur, mm<\/strong>\n<\/td>\n<td width=\"128\">\n  <strong>L, mm<\/strong>\n<\/td>\n<td width=\"128\">\n  <strong>l, mm<\/strong>\n<\/td>\n<\/tr>\n<tr>\n<td width=\"128\"><b>  <\/b><\/td>\n<td width=\"128\"><\/td>\n<td width=\"128\"><\/td>\n<\/tr>\n<tr>\n<td width=\"128\">\n  <strong>840<\/strong>\n<\/td>\n<td width=\"128\">916<\/td>\n<td width=\"128\">819.72<\/td>\n<\/tr>\n<tr>\n<td width=\"128\">\n  <strong>1120<\/strong>\n<\/td>\n<td width=\"128\">1196<\/td>\n<td width=\"128\">1099.72<\/td>\n<\/tr>\n<tr>\n<td width=\"128\">\n  <strong>1400<\/strong>\n<\/td>\n<td width=\"128\">1476<\/td>\n<td width=\"128\">1379.72<\/td>\n<\/tr>\n<tr>\n<td width=\"128\">\n  <strong>1680<\/strong>\n<\/td>\n<td width=\"128\">1756<\/td>\n<td width=\"128\">1659.72<\/td>\n<\/tr>\n<tr>\n<td width=\"128\">\n  <strong>1960<\/strong>\n<\/td>\n<td width=\"128\">2036<\/td>\n<td width=\"128\">1939.72<\/td>\n<\/tr>\n<tr>\n<td width=\"128\">\n  <strong>2240<\/strong>\n<\/td>\n<td width=\"128\">2316<\/td>\n<td width=\"128\">2219.72<\/td>\n<\/tr>\n<tr>\n<td width=\"128\">\n  <strong>2520<\/strong>\n<\/td>\n<td width=\"128\">2596<\/td>\n<td width=\"128\">2499.72<\/td>\n<\/tr>\n<tr>\n<td width=\"128\">\n  <strong>2800<\/strong>\n<\/td>\n<td width=\"128\">2876<\/td>\n<td width=\"128\">2779.72<\/td>\n<\/tr>\n<tr>\n<td width=\"128\">\n  <strong>3080<\/strong>\n<\/td>\n<td width=\"128\">3156<\/td>\n<td width=\"128\">3059.72<\/td>\n<\/tr>\n<\/tbody>\n<\/table>\n<p>[\/vc_column_text][\/vc_column][\/vc_row][vc_row][vc_column][vc_column_text]<\/p>\n<h2>Principaux avantages<\/h2>\n<ul>\n<li>Possibilit\u00e9 de choisir parmi 3 formes g\u00e9om\u00e9triques qui peuvent \u00eatre de n&rsquo;importe quelle taille de<\/li>\n<li>560mm \u00e0 3080mm<\/li>\n<li>Design \u00e9troit 34&#215;60 mm<\/li>\n<li>Flux lumineux jusqu&rsquo;\u00e0 3600 lm\/m<\/li>\n<li>Puissance jusqu&rsquo;\u00e0 25 W\/m<\/li>\n<li>Temp\u00e9rature de couleur : 2700K, 3000K, 3500K, 4000K ou 2700K-6500K<\/li>\n<li>CRI90+ ou CRI98+ (sur demande)<\/li>\n<li>DEL MacAdam \u00e0 3 \u00e9tapes<\/li>\n<li>Efficacit\u00e9 jusqu&rsquo;\u00e0 148 lm\/W<\/li>\n<li>Bo\u00eetier du luminaire en blanc, gris, noir ou toute autre couleur RAL personnalis\u00e9e sur demande.<\/li>\n<li>On\/Off, Dali, Bluetooth dimmable<\/li>\n<li>D\u00e9tecteur de pr\u00e9sence et de lumi\u00e8re du jour<\/li>\n<li>Paquet d&rsquo;urgence disponible sur demande<\/li>\n<li>IP40<\/li>\n<\/ul>\n<p>[\/vc_column_text][\/vc_column][\/vc_row][vc_row][vc_column][vc_empty_space height=\u00a0\u00bb40px\u00a0\u00bb][vc_column_text]<\/p>\n<h2>Projets<\/h2>\n<p>[\/vc_column_text][\/vc_column][\/vc_row][vc_row gap=\u00a0\u00bb30&Prime;][vc_column width=\u00a0\u00bb1\/2&Prime;][vc_video link=\u00a0\u00bbhttps:\/\/youtu.be\/AOLPQ7lUn_8&Prime; css=\u00a0\u00bb.vc_custom_1665381339828{margin-bottom: 10px !important;border-bottom-width: 0px !important;padding-bottom: 0px !important;}\u00a0\u00bb][vc_column_text]<\/p>\n<p class=\"text-header text-header-lrg fw-med color-grey-dark\"><em>Phosforma. VicRoads Wendouree Ballarat Centre de test et d&rsquo;inspection des permis de conduire VIC. Produits pr\u00e9sent\u00e9s : <strong>Neman Shape<\/strong> &#8211; Suspension hexagonale, <strong>Neman Direct\/Indirect<\/strong> &#8211; Suspension rectangulaire personnalis\u00e9e, <strong>Neman Wall<\/strong> &#8211; Applique murale mont\u00e9e en surface.  <\/em><\/p>\n<p><strong><a href=\"https:\/\/phosforma.com.au\/projects\/vicroads-wendouree-ballarat-license-testing-and-inspection-centre\/\">Phosforma \u00ab\u00a0<\/a><\/strong>[\/vc_column_text][\/vc_column][vc_column width=\u00a0\u00bb1\/2&Prime;][vc_single_image image=\u00a0\u00bb76539&Prime; img_size=\u00a0\u00bbfull\u00a0\u00bb][vc_column_text]<\/p>\n<div dir=\"auto\">Les formes Neman illuminent les enfants de la garderie.<\/div>\n<div dir=\"auto\"><\/div>\n<p><strong><a href=\"https:\/\/www.lsm.lv\/...\/riga-izveido-divus-jaunus...\/\">Lire la suite \u00ab\u00a0<\/a><\/strong>[\/vc_column_text][\/vc_column][\/vc_row][vc_row content_placement=\u00a0\u00bbmiddle\u00a0\u00bb css=\u00a0\u00bb.vc_custom_1658389954091{margin-top: 0px !important;margin-right: 0px !important;margin-bottom: 0px !important;margin-left: 0px !important;border-top-width: 0px !important;border-right-width: 0px !important;border-bottom-width: 0px !important;border-left-width: 0px !important;padding-top: 0px !important;padding-right: 0px !important;padding-bottom: 0px !important;padding-left: 0px !important;}\u00a0\u00bb][vc_column width=\u00a0\u00bb1\/5&Prime; offset=\u00a0\u00bbvc_col-lg-1\/5 vc_col-md-1\/5 vc_col-xs-6&Prime; css=\u00a0\u00bb.vc_custom_1658389896757{margin-top: 0px !important;margin-right: 0px !important;margin-bottom: 0px !important;margin-left: 0px !important;border-top-width: 0px !important;border-right-width: 0px !important;border-bottom-width: 0px !important;border-left-width: 0px !important;padding-top: 0px !important;padding-right: 0px !important;padding-bottom: 0px !important;padding-left: 0px !important;}\u00a0\u00bb][vc_single_image image=\u00a0\u00bb76005&Prime; img_size=\u00a0\u00bb600&#215;600&Prime; alignment=\u00a0\u00bbcenter\u00a0\u00bb onclick=\u00a0\u00bbimg_link_large\u00a0\u00bb][\/vc_column][vc_column width=\u00a0\u00bb1\/5&Prime; css=\u00a0\u00bb.vc_custom_1658389683277{margin-top: 0px !important;margin-right: 0px !important;margin-bottom: 0px !important;margin-left: 0px !important;border-top-width: 0px !important;border-right-width: 0px !important;border-bottom-width: 0px !important;border-left-width: 0px !important;padding-top: 0px !important;padding-right: 0px !important;padding-bottom: 0px !important;padding-left: 0px !important;}\u00a0\u00bb offset=\u00a0\u00bbvc_col-lg-1\/5 vc_col-md-1\/5 vc_col-xs-6&Prime;][vc_single_image image=\u00a0\u00bb76003&Prime; img_size=\u00a0\u00bb600&#215;600&Prime; alignment=\u00a0\u00bbcenter\u00a0\u00bb onclick=\u00a0\u00bbimg_link_large\u00a0\u00bb][\/vc_column][vc_column width=\u00a0\u00bb1\/5&Prime; css=\u00a0\u00bb.vc_custom_1658389708431{margin-top: 0px !important;margin-right: 0px !important;margin-bottom: 0px !important;margin-left: 0px !important;border-top-width: 0px !important;border-right-width: 0px !important;border-bottom-width: 0px !important;border-left-width: 0px !important;padding-top: 0px !important;padding-right: 0px !important;padding-bottom: 0px !important;padding-left: 0px !important;}\u00a0\u00bb offset=\u00a0\u00bbvc_col-lg-1\/5 vc_col-md-1\/5 vc_col-xs-6&Prime;][vc_single_image image=\u00a0\u00bb76068&Prime; img_size=\u00a0\u00bb600&#215;600&Prime; alignment=\u00a0\u00bbcenter\u00a0\u00bb onclick=\u00a0\u00bbimg_link_large\u00a0\u00bb][\/vc_column][vc_column width=\u00a0\u00bb1\/5&Prime; css=\u00a0\u00bb.vc_custom_1658389767917{margin-top: 0px !important;margin-right: 0px !important;margin-bottom: 0px !important;margin-left: 0px !important;border-top-width: 0px !important;border-right-width: 0px !important;border-bottom-width: 0px !important;border-left-width: 0px !important;padding-top: 0px !important;padding-right: 0px !important;padding-bottom: 0px !important;padding-left: 0px !important;}\u00a0\u00bb offset=\u00a0\u00bbvc_col-lg-1\/5 vc_col-md-1\/5 vc_col-xs-6&Prime;][vc_single_image image=\u00a0\u00bb76002&Prime; img_size=\u00a0\u00bb600&#215;600&Prime; alignment=\u00a0\u00bbcenter\u00a0\u00bb onclick=\u00a0\u00bbimg_link_large\u00a0\u00bb][\/vc_column][vc_column width=\u00a0\u00bb1\/5&Prime; css=\u00a0\u00bb.vc_custom_1658389789057{margin-top: 0px !important;margin-right: 0px !important;margin-bottom: 0px !important;margin-left: 0px !important;border-top-width: 0px !important;border-right-width: 0px !important;border-bottom-width: 0px !important;border-left-width: 0px !important;padding-top: 0px !important;padding-right: 0px !important;padding-bottom: 0px !important;padding-left: 0px !important;}\u00a0\u00bb offset=\u00a0\u00bbvc_col-lg-1\/5 vc_col-md-1\/5 vc_col-xs-6&Prime;][vc_single_image image=\u00a0\u00bb76001&Prime; img_size=\u00a0\u00bb600&#215;600&Prime; alignment=\u00a0\u00bbcenter\u00a0\u00bb onclick=\u00a0\u00bbimg_link_large\u00a0\u00bb el_id=\u00a0\u00bb1001&Prime;][\/vc_column][\/vc_row]<\/p>\n<\/div>","protected":false},"excerpt":{"rendered":"<p>[vc_row][vc_column][vc_empty_space height=\u00a0\u00bb20px\u00a0\u00bb][\/vc_column][\/vc_row][vc_row gap=\u00a0\u00bb30&Prime;][vc_column width=\u00a0\u00bb1\/2&Prime;][vc_single_image image=\u00a0\u00bb80505&Prime; img_size=\u00a0\u00bb680&#215;400&Prime;][\/vc_column][vc_column width=\u00a0\u00bb1\/2&Prime;][vc_column_text] Cr\u00e9ez une atmosph\u00e8re relaxante et am\u00e9liorez vos espaces avec Neman Shapes. Les formes g\u00e9om\u00e9triques accrocheuses &#8211; triangles, carr\u00e9s et hexagones &#8211; remplissent la pi\u00e8ce d&rsquo;une lumi\u00e8re douce et uniforme. Les Shapes combinent la fonction et la forme dans un design qui convient \u00e0 la fois aux environnements classiques [&hellip;]<\/p>\n","protected":false},"author":15,"featured_media":116402,"parent":116017,"menu_order":3,"comment_status":"closed","ping_status":"closed","template":"tpl-product-led.php","meta":{"footnotes":""},"related":[240,247],"filter":[407,277,279,287,256,320,258,306,322,273,309,264,296,312],"acf":[],"aioseo_notices":[],"_links":{"self":[{"href":"https:\/\/www.holectron.com\/fr\/wp-json\/wp\/v2\/pages\/116395"}],"collection":[{"href":"https:\/\/www.holectron.com\/fr\/wp-json\/wp\/v2\/pages"}],"about":[{"href":"https:\/\/www.holectron.com\/fr\/wp-json\/wp\/v2\/types\/page"}],"author":[{"embeddable":true,"href":"https:\/\/www.holectron.com\/fr\/wp-json\/wp\/v2\/users\/15"}],"replies":[{"embeddable":true,"href":"https:\/\/www.holectron.com\/fr\/wp-json\/wp\/v2\/comments?post=116395"}],"version-history":[{"count":0,"href":"https:\/\/www.holectron.com\/fr\/wp-json\/wp\/v2\/pages\/116395\/revisions"}],"up":[{"embeddable":true,"href":"https:\/\/www.holectron.com\/fr\/wp-json\/wp\/v2\/pages\/116017"}],"wp:featuredmedia":[{"embeddable":true,"href":"https:\/\/www.holectron.com\/fr\/wp-json\/wp\/v2\/media\/116402"}],"wp:attachment":[{"href":"https:\/\/www.holectron.com\/fr\/wp-json\/wp\/v2\/media?parent=116395"}],"wp:term":[{"taxonomy":"related","embeddable":true,"href":"https:\/\/www.holectron.com\/fr\/wp-json\/wp\/v2\/related?post=116395"},{"taxonomy":"filter","embeddable":true,"href":"https:\/\/www.holectron.com\/fr\/wp-json\/wp\/v2\/filter?post=116395"}],"curies":[{"name":"wp","href":"https:\/\/api.w.org\/{rel}","templated":true}]}}