{"id":116350,"date":"2021-03-26T10:21:07","date_gmt":"2021-03-26T08:21:07","guid":{"rendered":"https:\/\/www.holectron.com\/produits\/luminaires-interieurs\/luminaires\/neman-mesh-pendentif\/"},"modified":"2026-03-12T13:26:16","modified_gmt":"2026-03-12T11:26:16","slug":"neman-mesh-pendentif","status":"publish","type":"page","link":"https:\/\/www.holectron.com\/fr\/produits\/luminaires-interieurs\/luminaires\/neman-mesh-pendentif\/","title":{"rendered":"Neman Mesh &#8211; Pendentif"},"content":{"rendered":"<div class=\"wpb-content-wrapper\"><p>[vc_row gap=\u00a0\u00bb35&Prime; content_placement=\u00a0\u00bbmiddle\u00a0\u00bb][vc_column width=\u00a0\u00bb1\/2&Prime;][vc_single_image image=\u00a0\u00bb64108&Prime; img_size=\u00a0\u00bbfull\u00a0\u00bb][\/vc_column][vc_column width=\u00a0\u00bb1\/2&Prime;][vc_column_text]<\/p>\n<h2>Construire l&rsquo;inattendu<\/h2>\n<p>Surprenant. \u00c9clairez les espaces de mani\u00e8re cr\u00e9ative et inattendue en utilisant les formes hautement modifiables de Neman Mesh. <\/p>\n<p>La structure Neman Mesh peut \u00eatre construite en assemblant diff\u00e9rentes formes et \u00e9l\u00e9ments en un \u00e9norme r\u00e9seau. Elle vous permet d&rsquo;\u00e9lever votre conception de l&rsquo;\u00e9clairage \u00e0 un niveau sup\u00e9rieur o\u00f9 la cr\u00e9ativit\u00e9 et la lumi\u00e8re s&rsquo;unissent pour cr\u00e9er un v\u00e9ritable chef-d&rsquo;\u0153uvre d&rsquo;\u00e9clairage.[\/vc_column_text][vc_single_image source=\u00a0\u00bbexternal_link\u00a0\u00bb external_img_size=\u00a0\u00bb340&#215;25&Prime; custom_src=\u00a0\u00bbhttps:\/\/www.holectron.com\/wp-content\/uploads\/features-logos-w-h-a2.svg\u00a0\u00bb][\/vc_column][\/vc_row][vc_row][vc_column][vc_empty_space height=\u00a0\u00bb40px\u00a0\u00bb][\/vc_column][\/vc_row][vc_row gap=\u00a0\u00bb35&Prime; content_placement=\u00a0\u00bbmiddle\u00a0\u00bb][vc_column width=\u00a0\u00bb1\/2&Prime; offset=\u00a0\u00bbvc_hidden-xs\u00a0\u00bb][vc_column_text]<\/p>\n<h2>Fa\u00e7onnez votre lumi\u00e8re<\/h2>\n<p>Adaptable. Faites du luminaire un \u00e9l\u00e9ment de votre expression cr\u00e9ative pour cr\u00e9er un v\u00e9ritable chef-d&rsquo;\u0153uvre d&rsquo;\u00e9clairage. Aussi vaste et stup\u00e9fiant que votre imagination.  <\/p>\n<p>Faites comme Mozart avec Neman Mesh ! Composez votre motif en assemblant diff\u00e9rentes formes, recouvrez ou cr\u00e9ez vos formes.[\/vc_column_text][\/vc_column][vc_column width=\u00a0\u00bb1\/2&Prime; offset=\u00a0\u00bbvc_hidden-xs\u00a0\u00bb][vc_single_image image=\u00a0\u00bb62598&Prime; img_size=\u00a0\u00bbfull\u00a0\u00bb][\/vc_column][\/vc_row][vc_row gap=\u00a0\u00bb35&Prime; content_placement=\u00a0\u00bbmiddle\u00a0\u00bb][vc_column width=\u00a0\u00bb1\/2&Prime; offset=\u00a0\u00bbvc_hidden-lg vc_hidden-md vc_hidden-sm\u00a0\u00bb][vc_single_image image=\u00a0\u00bb52524&Prime; img_size=\u00a0\u00bbfull\u00a0\u00bb][\/vc_column][vc_column width=\u00a0\u00bb1\/2&Prime; offset=\u00a0\u00bbvc_hidden-lg vc_hidden-md vc_hidden-sm\u00a0\u00bb][vc_column_text]<\/p>\n<h2>Fa\u00e7onnez votre lumi\u00e8re<\/h2>\n<p>Adaptable. Faites du luminaire un \u00e9l\u00e9ment de votre expression cr\u00e9ative pour cr\u00e9er un v\u00e9ritable chef-d&rsquo;\u0153uvre d&rsquo;\u00e9clairage. Aussi vaste et stup\u00e9fiant que votre imagination.  <\/p>\n<p>Faites comme Mozart avec Neman Mesh ! Composez votre motif en assemblant diff\u00e9rentes formes, recouvrez ou cr\u00e9ez vos formes.[\/vc_column_text][\/vc_column][\/vc_row][vc_row][vc_column][vc_empty_space height=\u00a0\u00bb40px\u00a0\u00bb][\/vc_column][\/vc_row][vc_row gap=\u00a0\u00bb35&Prime; content_placement=\u00a0\u00bbmiddle\u00a0\u00bb][vc_column width=\u00a0\u00bb1\/2&Prime;][vc_single_image image=\u00a0\u00bb52579&Prime; img_size=\u00a0\u00bb680&#215;400&Prime;][\/vc_column][vc_column width=\u00a0\u00bb1\/2&Prime;][vc_column_text]<\/p>\n<h2>Presque invisible<\/h2>\n<p>Tous les kits de suspension suspendent le luminaire au centre d&rsquo;un joint, ce qui n&rsquo;est pas facile \u00e0 voir vu d&rsquo;en haut ![\/vc_column_text][\/vc_column][\/vc_row][vc_row][vc_column][vc_empty_space height=\u00a0\u00bb40px\u00a0\u00bb][\/vc_column][\/vc_row][vc_row gap=\u00a0\u00bb35&Prime; content_placement=\u00a0\u00bbmiddle\u00a0\u00bb][vc_column width=\u00a0\u00bb1\/2&Prime; offset=\u00a0\u00bbvc_hidden-xs\u00a0\u00bb][vc_column_text]<\/p>\n<h2>Seulement 1<\/h2>\n<p>Un seul cordon d&rsquo;alimentation pour l&rsquo;ensemble du r\u00e9seau.[\/vc_column_text][\/vc_column][vc_column width=\u00a0\u00bb1\/2&Prime; offset=\u00a0\u00bbvc_hidden-xs\u00a0\u00bb][vc_single_image image=\u00a0\u00bb52620&Prime; img_size=\u00a0\u00bbfull\u00a0\u00bb][\/vc_column][\/vc_row][vc_row gap=\u00a0\u00bb35&Prime; content_placement=\u00a0\u00bbmiddle\u00a0\u00bb][vc_column width=\u00a0\u00bb1\/2&Prime; offset=\u00a0\u00bbvc_hidden-lg vc_hidden-md vc_hidden-sm\u00a0\u00bb][vc_single_image image=\u00a0\u00bb52620&Prime; img_size=\u00a0\u00bbfull\u00a0\u00bb][\/vc_column][vc_column width=\u00a0\u00bb1\/2&Prime; offset=\u00a0\u00bbvc_hidden-lg vc_hidden-md vc_hidden-sm\u00a0\u00bb][vc_column_text]<\/p>\n<h2>Seulement 1<\/h2>\n<p>Un seul cordon d&rsquo;alimentation pour l&rsquo;ensemble du r\u00e9seau.[\/vc_column_text][\/vc_column][\/vc_row][vc_row][vc_column][vc_empty_space height=\u00a0\u00bb40px\u00a0\u00bb][\/vc_column][\/vc_row][vc_row gap=\u00a0\u00bb35&Prime; content_placement=\u00a0\u00bbmiddle\u00a0\u00bb][vc_column width=\u00a0\u00bb1\/2&Prime;][vc_single_image image=\u00a0\u00bb53612&Prime; img_size=\u00a0\u00bbfull\u00a0\u00bb][\/vc_column][vc_column width=\u00a0\u00bb1\/2&Prime;][vc_column_text]<\/p>\n<h2><a style=\"text-decoration: none;\" href=\"https:\/\/www.holectron.com\/wp-content\/uploads\/neman-mesh-2022-10-13.pdf\" target=\"_blank\" rel=\"noopener\"><br \/>\n<span style=\"color: #333333;\"><br \/>\nT\u00e9l\u00e9chargez la brochure \u00ab\u00a0<\/span><\/a><\/h2>\n<p>[\/vc_column_text][\/vc_column][\/vc_row][vc_row][vc_column][vc_empty_space height=\u00a0\u00bb40px\u00a0\u00bb][\/vc_column][\/vc_row][vc_row gap=\u00a0\u00bb35&Prime;][vc_column width=\u00a0\u00bb1\/2&Prime; offset=\u00a0\u00bbvc_hidden-xs\u00a0\u00bb][vc_column_text]<\/p>\n<h2>Dimensions du syst\u00e8me Hexagon Mesh<\/h2>\n<p>[\/vc_column_text][vc_column_text]<\/p>\n<table>\n<tbody>\n<tr>\n<td width=\"128\"><strong>Modules, mm<\/strong><\/td>\n<td width=\"128\"><strong>P*, mm<\/strong><\/td>\n<td width=\"128\"><strong>L1, mm<\/strong><\/td>\n<td width=\"128\"><strong>L2, mm<\/strong><\/td>\n<td width=\"128\"><strong>L3, mm<\/strong><\/td>\n<\/tr>\n<tr>\n<td width=\"128\"><b>  <\/b><\/td>\n<td width=\"128\"><\/td>\n<td width=\"128\"><\/td>\n<td width=\"128\"><b> <\/b><\/td>\n<td width=\"128\"><b> <\/b><\/td>\n<\/tr>\n<tr>\n<td width=\"128\"><strong>840<\/strong><\/td>\n<td width=\"128\">33.6<\/td>\n<td width=\"128\">1541.82<\/td>\n<td width=\"128\">3050.04<\/td>\n<td width=\"128\">4558.26<\/td>\n<\/tr>\n<tr>\n<td width=\"128\"><strong>1120<\/strong><\/td>\n<td width=\"128\">33.6<\/td>\n<td width=\"128\">2026.79<\/td>\n<td width=\"128\">4019.98<\/td>\n<td width=\"128\">6013.17<\/td>\n<\/tr>\n<tr>\n<td width=\"128\"><strong>1400<\/strong><\/td>\n<td width=\"128\">33.6<\/td>\n<td width=\"128\">2511.77<\/td>\n<td width=\"128\">4989.94<\/td>\n<td width=\"128\">7468.11<\/td>\n<\/tr>\n<tr>\n<td width=\"128\"><strong>1680<\/strong><\/td>\n<td width=\"128\">33.6<\/td>\n<td width=\"128\">2996.74<\/td>\n<td width=\"128\">5959.88<\/td>\n<td width=\"128\">8923.02<\/td>\n<\/tr>\n<tr>\n<td width=\"128\"><strong>1960<\/strong><\/td>\n<td width=\"128\">33.6<\/td>\n<td width=\"128\">3481.72<\/td>\n<td width=\"128\">6929.84<\/td>\n<td width=\"128\">10377.96<\/td>\n<\/tr>\n<tr>\n<td width=\"128\"><strong>2240<\/strong><\/td>\n<td width=\"128\">33.6<\/td>\n<td width=\"128\">3966.69<\/td>\n<td width=\"128\">7899.78<\/td>\n<td width=\"128\">11832.87<\/td>\n<\/tr>\n<tr>\n<td width=\"128\"><strong>2520<\/strong><\/td>\n<td width=\"128\">33.6<\/td>\n<td width=\"128\">4451.66<\/td>\n<td width=\"128\">8869.72<\/td>\n<td width=\"128\">13287.78<\/td>\n<\/tr>\n<tr>\n<td width=\"128\"><strong>2800<\/strong><\/td>\n<td width=\"128\">33.6<\/td>\n<td width=\"128\">4936.64<\/td>\n<td width=\"128\">9839.68<\/td>\n<td width=\"128\">14742.72<\/td>\n<\/tr>\n<tr>\n<td width=\"128\"><strong>3080<\/strong><\/td>\n<td width=\"128\">33.6<\/td>\n<td width=\"128\">5421.61<\/td>\n<td width=\"128\">10809.62<\/td>\n<td width=\"128\">16197.63<\/td>\n<\/tr>\n<\/tbody>\n<\/table>\n<p>[\/vc_column_text][vc_column_text]P* &#8211; Largeur du profil[\/vc_column_text][vc_separator][vc_column_text]<\/p>\n<table>\n<tbody>\n<tr>\n<td width=\"128\"><strong>Modules, mm<\/strong><\/td>\n<td width=\"128\"><strong>i, mm<\/strong><\/td>\n<td width=\"128\"><strong>L, mm<\/strong><\/td>\n<td width=\"128\"><strong>Ams, mm<\/strong><\/td>\n<\/tr>\n<tr>\n<td width=\"128\"><b>  <\/b><\/td>\n<td width=\"128\"><b> <\/b><\/td>\n<td width=\"128\"><b> <\/b><\/td>\n<td width=\"128\"><b> <\/b><\/td>\n<\/tr>\n<tr>\n<td width=\"128\"><strong>840<\/strong><\/td>\n<td width=\"128\">874.9<\/td>\n<td width=\"128\">1763.02<\/td>\n<td width=\"128\">3070<\/td>\n<\/tr>\n<tr>\n<td width=\"128\"><strong>1120<\/strong><\/td>\n<td width=\"128\">1154.9<\/td>\n<td width=\"128\">2323.03<\/td>\n<td width=\"128\">4050<\/td>\n<\/tr>\n<tr>\n<td width=\"128\"><strong>1400<\/strong><\/td>\n<td width=\"128\">1434.9<\/td>\n<td width=\"128\">2883.02<\/td>\n<td width=\"128\">5030<\/td>\n<\/tr>\n<tr>\n<td width=\"128\"><strong>1680<\/strong><\/td>\n<td width=\"128\">1714.9<\/td>\n<td width=\"128\">3443.02<\/td>\n<td width=\"128\">6010<\/td>\n<\/tr>\n<tr>\n<td width=\"128\"><strong>1960<\/strong><\/td>\n<td width=\"128\">1994.9<\/td>\n<td width=\"128\">4003.02<\/td>\n<td width=\"128\">6990<\/td>\n<\/tr>\n<tr>\n<td width=\"128\"><strong>2240<\/strong><\/td>\n<td width=\"128\">2274.9<\/td>\n<td width=\"128\">4563.02<\/td>\n<td width=\"128\">7970<\/td>\n<\/tr>\n<tr>\n<td width=\"128\"><strong>2520<\/strong><\/td>\n<td width=\"128\">2554.9<\/td>\n<td width=\"128\">5123.02<\/td>\n<td width=\"128\">8950<\/td>\n<\/tr>\n<tr>\n<td width=\"128\"><strong>2800<\/strong><\/td>\n<td width=\"128\">2834.9<\/td>\n<td width=\"128\">5683.02<\/td>\n<td width=\"128\">9930<\/td>\n<\/tr>\n<tr>\n<td width=\"128\"><strong>3080<\/strong><\/td>\n<td width=\"128\">3114.9<\/td>\n<td width=\"128\">6243.02<\/td>\n<td width=\"128\">10910<\/td>\n<\/tr>\n<\/tbody>\n<\/table>\n<p>[\/vc_column_text][\/vc_column][vc_column width=\u00a0\u00bb1\/2&Prime; offset=\u00a0\u00bbvc_hidden-xs\u00a0\u00bb][vc_single_image image=\u00a0\u00bb62313&Prime; img_size=\u00a0\u00bbfull\u00a0\u00bb][vc_column_text]<\/p>\n<h2 style=\"text-align: center;\">Articulations<\/h2>\n<p>[\/vc_column_text][vc_row_inner][vc_column_inner width=\u00a0\u00bb1\/3&Prime;][vc_single_image image=\u00a0\u00bb62429&Prime; img_size=\u00a0\u00bbmedium\u00a0\u00bb alignment=\u00a0\u00bbcenter\u00a0\u00bb][vc_column_text]<\/p>\n<p style=\"text-align: center;\">Y3 joint<\/p>\n<p>[\/vc_column_text][\/vc_column_inner][vc_column_inner width=\u00a0\u00bb1\/3&Prime;][vc_single_image image=\u00a0\u00bb62428&Prime; img_size=\u00a0\u00bbmedium\u00a0\u00bb alignment=\u00a0\u00bbcenter\u00a0\u00bb][vc_column_text]<\/p>\n<p style=\"text-align: center;\">Y2 joint<\/p>\n<p>[\/vc_column_text][\/vc_column_inner][vc_column_inner width=\u00a0\u00bb1\/3&Prime;][\/vc_column_inner][\/vc_row_inner][\/vc_column][\/vc_row][vc_row gap=\u00a0\u00bb35&Prime;][vc_column width=\u00a0\u00bb1\/2&Prime; offset=\u00a0\u00bbvc_hidden-lg vc_hidden-md vc_hidden-sm\u00a0\u00bb][vc_column_text]<\/p>\n<h2>Dimensions du syst\u00e8me Hexagon Mesh<\/h2>\n<p>[\/vc_column_text][vc_single_image image=\u00a0\u00bb62313&Prime; img_size=\u00a0\u00bbfull\u00a0\u00bb][vc_column_text]<\/p>\n<table>\n<tbody>\n<tr>\n<td width=\"128\"><strong>Modules, mm<\/strong><\/td>\n<td width=\"128\"><strong>P*, mm<\/strong><\/td>\n<td width=\"128\"><strong>L1, mm<\/strong><\/td>\n<td width=\"128\"><strong>L2, mm<\/strong><\/td>\n<td width=\"128\"><strong>L3, mm<\/strong><\/td>\n<\/tr>\n<tr>\n<td width=\"128\"><b>  <\/b><\/td>\n<td width=\"128\"><\/td>\n<td width=\"128\"><\/td>\n<td width=\"128\"><b> <\/b><\/td>\n<td width=\"128\"><b> <\/b><\/td>\n<\/tr>\n<tr>\n<td width=\"128\"><strong>840<\/strong><\/td>\n<td width=\"128\">33.6<\/td>\n<td width=\"128\">1541.82<\/td>\n<td width=\"128\">3050.04<\/td>\n<td width=\"128\">4558.26<\/td>\n<\/tr>\n<tr>\n<td width=\"128\"><strong>1120<\/strong><\/td>\n<td width=\"128\">33.6<\/td>\n<td width=\"128\">2026.79<\/td>\n<td width=\"128\">4019.98<\/td>\n<td width=\"128\">6013.17<\/td>\n<\/tr>\n<tr>\n<td width=\"128\"><strong>1400<\/strong><\/td>\n<td width=\"128\">33.6<\/td>\n<td width=\"128\">2511.77<\/td>\n<td width=\"128\">4989.94<\/td>\n<td width=\"128\">7468.11<\/td>\n<\/tr>\n<tr>\n<td width=\"128\"><strong>1680<\/strong><\/td>\n<td width=\"128\">33.6<\/td>\n<td width=\"128\">2996.74<\/td>\n<td width=\"128\">5959.88<\/td>\n<td width=\"128\">8923.02<\/td>\n<\/tr>\n<tr>\n<td width=\"128\"><strong>1960<\/strong><\/td>\n<td width=\"128\">33.6<\/td>\n<td width=\"128\">3481.72<\/td>\n<td width=\"128\">6929.84<\/td>\n<td width=\"128\">10377.96<\/td>\n<\/tr>\n<tr>\n<td width=\"128\"><strong>2240<\/strong><\/td>\n<td width=\"128\">33.6<\/td>\n<td width=\"128\">3966.69<\/td>\n<td width=\"128\">7899.78<\/td>\n<td width=\"128\">11832.87<\/td>\n<\/tr>\n<tr>\n<td width=\"128\"><strong>2520<\/strong><\/td>\n<td width=\"128\">33.6<\/td>\n<td width=\"128\">4451.66<\/td>\n<td width=\"128\">8869.72<\/td>\n<td width=\"128\">13287.78<\/td>\n<\/tr>\n<tr>\n<td width=\"128\"><strong>2800<\/strong><\/td>\n<td width=\"128\">33.6<\/td>\n<td width=\"128\">4936.64<\/td>\n<td width=\"128\">9839.68<\/td>\n<td width=\"128\">14742.72<\/td>\n<\/tr>\n<tr>\n<td width=\"128\"><strong>3080<\/strong><\/td>\n<td width=\"128\">33.6<\/td>\n<td width=\"128\">5421.61<\/td>\n<td width=\"128\">10809.62<\/td>\n<td width=\"128\">16197.63<\/td>\n<\/tr>\n<\/tbody>\n<\/table>\n<p>[\/vc_column_text][vc_column_text]P* &#8211; Largeur du profil[\/vc_column_text][vc_separator][vc_column_text]<\/p>\n<table>\n<tbody>\n<tr>\n<td width=\"128\"><strong>Modules, mm<\/strong><\/td>\n<td width=\"128\"><strong>i, mm<\/strong><\/td>\n<td width=\"128\"><strong>L, mm<\/strong><\/td>\n<td width=\"128\"><strong>Ams, mm<\/strong><\/td>\n<\/tr>\n<tr>\n<td width=\"128\"><b>  <\/b><\/td>\n<td width=\"128\"><b> <\/b><\/td>\n<td width=\"128\"><b> <\/b><\/td>\n<td width=\"128\"><b> <\/b><\/td>\n<\/tr>\n<tr>\n<td width=\"128\"><strong>840<\/strong><\/td>\n<td width=\"128\">874.9<\/td>\n<td width=\"128\">1763.02<\/td>\n<td width=\"128\">3070<\/td>\n<\/tr>\n<tr>\n<td width=\"128\"><strong>1120<\/strong><\/td>\n<td width=\"128\">1154.9<\/td>\n<td width=\"128\">2323.03<\/td>\n<td width=\"128\">4050<\/td>\n<\/tr>\n<tr>\n<td width=\"128\"><strong>1400<\/strong><\/td>\n<td width=\"128\">1434.9<\/td>\n<td width=\"128\">2883.02<\/td>\n<td width=\"128\">5030<\/td>\n<\/tr>\n<tr>\n<td width=\"128\"><strong>1680<\/strong><\/td>\n<td width=\"128\">1714.9<\/td>\n<td width=\"128\">3443.02<\/td>\n<td width=\"128\">6010<\/td>\n<\/tr>\n<tr>\n<td width=\"128\"><strong>1960<\/strong><\/td>\n<td width=\"128\">1994.9<\/td>\n<td width=\"128\">4003.02<\/td>\n<td width=\"128\">6990<\/td>\n<\/tr>\n<tr>\n<td width=\"128\"><strong>2240<\/strong><\/td>\n<td width=\"128\">2274.9<\/td>\n<td width=\"128\">4563.02<\/td>\n<td width=\"128\">7970<\/td>\n<\/tr>\n<tr>\n<td width=\"128\"><strong>2520<\/strong><\/td>\n<td width=\"128\">2554.9<\/td>\n<td width=\"128\">5123.02<\/td>\n<td width=\"128\">8950<\/td>\n<\/tr>\n<tr>\n<td width=\"128\"><strong>2800<\/strong><\/td>\n<td width=\"128\">2834.9<\/td>\n<td width=\"128\">5683.02<\/td>\n<td width=\"128\">9930<\/td>\n<\/tr>\n<tr>\n<td width=\"128\"><strong>3080<\/strong><\/td>\n<td width=\"128\">3114.9<\/td>\n<td width=\"128\">6243.02<\/td>\n<td width=\"128\">10910<\/td>\n<\/tr>\n<\/tbody>\n<\/table>\n<p>[\/vc_column_text][\/vc_column][vc_column width=\u00a0\u00bb1\/2&Prime; offset=\u00a0\u00bbvc_hidden-lg vc_hidden-md vc_hidden-sm\u00a0\u00bb][vc_column_text]<\/p>\n<h2 style=\"text-align: center;\">Articulations<\/h2>\n<p>[\/vc_column_text][vc_row_inner][vc_column_inner width=\u00a0\u00bb1\/3&Prime;][vc_single_image image=\u00a0\u00bb62429&Prime; img_size=\u00a0\u00bbmedium\u00a0\u00bb alignment=\u00a0\u00bbcenter\u00a0\u00bb][vc_column_text]<\/p>\n<p style=\"text-align: center;\">Y3 joint<\/p>\n<p>[\/vc_column_text][\/vc_column_inner][vc_column_inner width=\u00a0\u00bb1\/3&Prime;][vc_single_image image=\u00a0\u00bb62428&Prime; img_size=\u00a0\u00bbmedium\u00a0\u00bb alignment=\u00a0\u00bbcenter\u00a0\u00bb][vc_column_text]<\/p>\n<p style=\"text-align: center;\">Y2 joint<\/p>\n<p>[\/vc_column_text][\/vc_column_inner][vc_column_inner width=\u00a0\u00bb1\/3&Prime;][\/vc_column_inner][\/vc_row_inner][\/vc_column][\/vc_row][vc_row gap=\u00a0\u00bb35&Prime;][vc_column width=\u00a0\u00bb1\/2&Prime;][vc_column_text]<\/p>\n<h2>Dimensions du syst\u00e8me Square Mesh<\/h2>\n<p>[\/vc_column_text][vc_single_image image=\u00a0\u00bb62378&Prime; img_size=\u00a0\u00bbfull\u00a0\u00bb][\/vc_column][vc_column width=\u00a0\u00bb1\/2&Prime;][vc_column_text]<\/p>\n<table>\n<tbody>\n<tr>\n<td width=\"128\"><strong>Parent d&rsquo;\u00e9l\u00e8ve<\/strong><\/p>\n<p><strong> mm<\/strong><\/td>\n<td width=\"128\"><strong>Enfant<\/strong><\/p>\n<p><strong> mm<\/strong><\/td>\n<td width=\"128\"><strong>L<\/strong><\/p>\n<p><strong>mm<\/strong><\/td>\n<td width=\"128\"><strong>Montage en L<\/strong><\/p>\n<p><strong>mm<\/strong><\/td>\n<td width=\"128\"><strong>Maille L<\/strong><\/p>\n<p><strong>mm<\/strong><\/td>\n<\/tr>\n<tr>\n<td width=\"128\"><b>  <\/b><\/td>\n<td width=\"128\"><\/td>\n<td width=\"128\"><\/td>\n<td width=\"128\"><b> <\/b><\/td>\n<td width=\"128\"><b> <\/b><\/td>\n<\/tr>\n<tr>\n<td width=\"128\"><strong>840<\/strong><\/td>\n<td width=\"128\">840<\/td>\n<td width=\"128\">929.0<\/td>\n<td width=\"128\">864.8<\/td>\n<td width=\"128\">1811.8<\/td>\n<\/tr>\n<tr>\n<td width=\"128\"><strong>1120<\/strong><\/td>\n<td width=\"128\">1120<\/td>\n<td width=\"128\">1209.0<\/td>\n<td width=\"128\">1144.8<\/td>\n<td width=\"128\">2371.8<\/td>\n<\/tr>\n<tr>\n<td width=\"128\"><strong>1400<\/strong><\/td>\n<td width=\"128\">1400<\/td>\n<td width=\"128\">1489.0<\/td>\n<td width=\"128\">1424.8<\/td>\n<td width=\"128\">2931.8<\/td>\n<\/tr>\n<tr>\n<td width=\"128\"><strong>1680<\/strong><\/td>\n<td width=\"128\">1680<\/td>\n<td width=\"128\">1769.0<\/td>\n<td width=\"128\">1704.8<\/td>\n<td width=\"128\">3491.8<\/td>\n<\/tr>\n<tr>\n<td width=\"128\"><strong>1960<\/strong><\/td>\n<td width=\"128\">1960<\/td>\n<td width=\"128\">2049.0<\/td>\n<td width=\"128\">2084.8<\/td>\n<td width=\"128\">4051.8<\/td>\n<\/tr>\n<tr>\n<td width=\"128\"><strong>2240<\/strong><\/td>\n<td width=\"128\">2240<\/td>\n<td width=\"128\">2329.0<\/td>\n<td width=\"128\">2364.8<\/td>\n<td width=\"128\">4611.8<\/td>\n<\/tr>\n<tr>\n<td width=\"128\"><strong>2520<\/strong><\/td>\n<td width=\"128\">&#8211;<\/td>\n<td width=\"128\">2609.0<\/td>\n<td width=\"128\">2544.8<\/td>\n<td width=\"128\">5171.8<\/td>\n<\/tr>\n<tr>\n<td width=\"128\"><strong>2800<\/strong><\/td>\n<td width=\"128\">&#8211;<\/td>\n<td width=\"128\">2889.0<\/td>\n<td width=\"128\">2824.8<\/td>\n<td width=\"128\">5731.8<\/td>\n<\/tr>\n<tr>\n<td width=\"128\"><strong>3080<\/strong><\/td>\n<td width=\"128\">&#8211;<\/td>\n<td width=\"128\">3087.5<\/td>\n<td width=\"128\">3104.8<\/td>\n<td width=\"128\">6127.8<\/td>\n<\/tr>\n<\/tbody>\n<\/table>\n<p>[\/vc_column_text][vc_column_text]<\/p>\n<h2 style=\"text-align: center;\">Articulations<\/h2>\n<p>[\/vc_column_text][vc_row_inner][vc_column_inner width=\u00a0\u00bb1\/3&Prime;][vc_single_image image=\u00a0\u00bb62407&Prime; img_size=\u00a0\u00bbmedium\u00a0\u00bb alignment=\u00a0\u00bbcenter\u00a0\u00bb][vc_column_text]<\/p>\n<p style=\"text-align: center;\">X4 joint<\/p>\n<p>[\/vc_column_text][\/vc_column_inner][vc_column_inner width=\u00a0\u00bb1\/3&Prime;][vc_single_image image=\u00a0\u00bb62406&Prime; img_size=\u00a0\u00bbmedium\u00a0\u00bb alignment=\u00a0\u00bbcenter\u00a0\u00bb][vc_column_text]<\/p>\n<p style=\"text-align: center;\">X3 joint<\/p>\n<p>[\/vc_column_text][\/vc_column_inner][vc_column_inner width=\u00a0\u00bb1\/3&Prime;][vc_single_image image=\u00a0\u00bb62405&Prime; img_size=\u00a0\u00bbmedium\u00a0\u00bb alignment=\u00a0\u00bbcenter\u00a0\u00bb el_id=\u00a0\u00bb1001&Prime;][vc_column_text]<\/p>\n<p style=\"text-align: center;\">X2 joint<\/p>\n<p>[\/vc_column_text][\/vc_column_inner][\/vc_row_inner][\/vc_column][\/vc_row]<\/p>\n<\/div>","protected":false},"excerpt":{"rendered":"<p>[vc_row gap=\u00a0\u00bb35&Prime; content_placement=\u00a0\u00bbmiddle\u00a0\u00bb][vc_column width=\u00a0\u00bb1\/2&Prime;][vc_single_image image=\u00a0\u00bb64108&Prime; img_size=\u00a0\u00bbfull\u00a0\u00bb][\/vc_column][vc_column width=\u00a0\u00bb1\/2&Prime;][vc_column_text] Construire l&rsquo;inattendu Surprenant. \u00c9clairez les espaces de mani\u00e8re cr\u00e9ative et inattendue en utilisant les formes hautement modifiables de Neman Mesh. La structure Neman Mesh peut \u00eatre construite en assemblant diff\u00e9rentes formes et \u00e9l\u00e9ments en un \u00e9norme r\u00e9seau. Elle vous permet d&rsquo;\u00e9lever votre conception de l&rsquo;\u00e9clairage \u00e0 un niveau [&hellip;]<\/p>\n","protected":false},"author":15,"featured_media":116353,"parent":116017,"menu_order":2,"comment_status":"closed","ping_status":"closed","template":"tpl-product-led.php","meta":{"footnotes":""},"related":[240,247],"filter":[405,277,279,316,318,287,256,320,258,306,322,273,309,264,296,312],"acf":[],"aioseo_notices":[],"_links":{"self":[{"href":"https:\/\/www.holectron.com\/fr\/wp-json\/wp\/v2\/pages\/116350"}],"collection":[{"href":"https:\/\/www.holectron.com\/fr\/wp-json\/wp\/v2\/pages"}],"about":[{"href":"https:\/\/www.holectron.com\/fr\/wp-json\/wp\/v2\/types\/page"}],"author":[{"embeddable":true,"href":"https:\/\/www.holectron.com\/fr\/wp-json\/wp\/v2\/users\/15"}],"replies":[{"embeddable":true,"href":"https:\/\/www.holectron.com\/fr\/wp-json\/wp\/v2\/comments?post=116350"}],"version-history":[{"count":0,"href":"https:\/\/www.holectron.com\/fr\/wp-json\/wp\/v2\/pages\/116350\/revisions"}],"up":[{"embeddable":true,"href":"https:\/\/www.holectron.com\/fr\/wp-json\/wp\/v2\/pages\/116017"}],"wp:featuredmedia":[{"embeddable":true,"href":"https:\/\/www.holectron.com\/fr\/wp-json\/wp\/v2\/media\/116353"}],"wp:attachment":[{"href":"https:\/\/www.holectron.com\/fr\/wp-json\/wp\/v2\/media?parent=116350"}],"wp:term":[{"taxonomy":"related","embeddable":true,"href":"https:\/\/www.holectron.com\/fr\/wp-json\/wp\/v2\/related?post=116350"},{"taxonomy":"filter","embeddable":true,"href":"https:\/\/www.holectron.com\/fr\/wp-json\/wp\/v2\/filter?post=116350"}],"curies":[{"name":"wp","href":"https:\/\/api.w.org\/{rel}","templated":true}]}}