{"id":115978,"date":"2021-03-17T15:28:30","date_gmt":"2021-03-17T13:28:30","guid":{"rendered":"https:\/\/www.holectron.com\/produits\/bandes-led-flexibles-pour-linterieur\/bandes-led-flexibles-rgbblanc\/rgbw48-nd-bandes-led-delta-flexibles-rvbblanc\/"},"modified":"2026-03-12T14:19:39","modified_gmt":"2026-03-12T12:19:39","slug":"rgbw48-nd-bandes-led-delta-flexibles-rvbblanc","status":"publish","type":"page","link":"https:\/\/www.holectron.com\/fr\/produits\/bandes-led-flexibles-pour-linterieur\/bandes-led-flexibles-rgbblanc\/rgbw48-nd-bandes-led-delta-flexibles-rvbblanc\/","title":{"rendered":"RGBW48\/ND &#8211; Bandes LED DELTA flexibles RGB+Blanc"},"content":{"rendered":"<div class=\"wpb-content-wrapper\"><p>[vc_row gap=\u00a0\u00bb30&Prime; content_placement=\u00a0\u00bbtop\u00a0\u00bb][vc_column width=\u00a0\u00bb1\/2&Prime;][vc_single_image image=\u00a0\u00bb86342&Prime; img_size=\u00a0\u00bb680&#215;400&Prime;][\/vc_column][vc_column width=\u00a0\u00bb1\/2&Prime;][vc_column_text]Lorsqu&rsquo;il s&rsquo;agit de passer d&rsquo;un \u00e9clairage g\u00e9n\u00e9ral \u00e0 un \u00e9clairage d\u00e9coratif en un clin d&rsquo;\u0153il, ces bandes LED constituent un excellent choix. Contenant 48 LED RVB et 48 LED DELTA blanches par m\u00e8tre, elles sont con\u00e7ues pour \u00e9clairer des environnements en constante \u00e9volution. <\/p>\n<p>Ces bandes offrent un rendement lumineux RVB exceptionnel combin\u00e9 \u00e0 d&rsquo;excellentes performances en lumi\u00e8re blanche. Ce r\u00e9sultat est obtenu gr\u00e2ce \u00e0 la combinaison d&rsquo;un circuit imprim\u00e9 en cuivre, de LED haut de gamme et d&rsquo;un syst\u00e8me de stabilisation du courant. En outre, un ruban sp\u00e9cial thermoconducteur au dos garantit un transfert de chaleur parfait vers la surface de montage.  <\/p>\n<p>Le r\u00e9sultat est une bande LED durable qui offre une grande polyvalence dans des environnements en constante \u00e9volution.[\/vc_column_text][vc_single_image source=\u00a0\u00bbexternal_link\u00a0\u00bb external_img_size=\u00a0\u00bb380&#215;33&Prime; custom_src=\u00a0\u00bbhttps:\/\/www.holectron.com\/wp-content\/uploads\/features-with-etl-1.svg\u00a0\u00bb][\/vc_column][\/vc_row]<\/p>\n<\/div>","protected":false},"excerpt":{"rendered":"<p>[vc_row gap=\u00a0\u00bb30&Prime; content_placement=\u00a0\u00bbtop\u00a0\u00bb][vc_column width=\u00a0\u00bb1\/2&Prime;][vc_single_image image=\u00a0\u00bb86342&Prime; img_size=\u00a0\u00bb680&#215;400&Prime;][\/vc_column][vc_column width=\u00a0\u00bb1\/2&Prime;][vc_column_text]Lorsqu&rsquo;il s&rsquo;agit de passer d&rsquo;un \u00e9clairage g\u00e9n\u00e9ral \u00e0 un \u00e9clairage d\u00e9coratif en un clin d&rsquo;\u0153il, ces bandes LED constituent un excellent choix. Contenant 48 LED RVB et 48 LED DELTA blanches par m\u00e8tre, elles sont con\u00e7ues pour \u00e9clairer des environnements en constante \u00e9volution. Ces bandes offrent un rendement lumineux [&hellip;]<\/p>\n","protected":false},"author":15,"featured_media":115976,"parent":115970,"menu_order":1,"comment_status":"closed","ping_status":"closed","template":"tpl-product.php","meta":{"footnotes":""},"related":[244,245],"filter":[407,283,298,314,316,318,287,258,289,271,264,296,312],"acf":[],"aioseo_notices":[],"_links":{"self":[{"href":"https:\/\/www.holectron.com\/fr\/wp-json\/wp\/v2\/pages\/115978"}],"collection":[{"href":"https:\/\/www.holectron.com\/fr\/wp-json\/wp\/v2\/pages"}],"about":[{"href":"https:\/\/www.holectron.com\/fr\/wp-json\/wp\/v2\/types\/page"}],"author":[{"embeddable":true,"href":"https:\/\/www.holectron.com\/fr\/wp-json\/wp\/v2\/users\/15"}],"replies":[{"embeddable":true,"href":"https:\/\/www.holectron.com\/fr\/wp-json\/wp\/v2\/comments?post=115978"}],"version-history":[{"count":0,"href":"https:\/\/www.holectron.com\/fr\/wp-json\/wp\/v2\/pages\/115978\/revisions"}],"up":[{"embeddable":true,"href":"https:\/\/www.holectron.com\/fr\/wp-json\/wp\/v2\/pages\/115970"}],"wp:featuredmedia":[{"embeddable":true,"href":"https:\/\/www.holectron.com\/fr\/wp-json\/wp\/v2\/media\/115976"}],"wp:attachment":[{"href":"https:\/\/www.holectron.com\/fr\/wp-json\/wp\/v2\/media?parent=115978"}],"wp:term":[{"taxonomy":"related","embeddable":true,"href":"https:\/\/www.holectron.com\/fr\/wp-json\/wp\/v2\/related?post=115978"},{"taxonomy":"filter","embeddable":true,"href":"https:\/\/www.holectron.com\/fr\/wp-json\/wp\/v2\/filter?post=115978"}],"curies":[{"name":"wp","href":"https:\/\/api.w.org\/{rel}","templated":true}]}}