{"id":115926,"date":"2021-03-02T13:46:34","date_gmt":"2021-03-02T11:46:34","guid":{"rendered":"https:\/\/www.holectron.com\/produits\/bandes-led-flexibles-pour-linterieur\/bandes-led-flexibles-rvb\/rgb48-nx-bandes-de-led-nichia-flexibles-rvb\/"},"modified":"2026-03-12T14:20:22","modified_gmt":"2026-03-12T12:20:22","slug":"rgb48-nx-bandes-de-led-nichia-flexibles-rvb","status":"publish","type":"page","link":"https:\/\/www.holectron.com\/fr\/produits\/bandes-led-flexibles-pour-linterieur\/bandes-led-flexibles-rgb\/rgb48-nx-bandes-de-led-nichia-flexibles-rvb\/","title":{"rendered":"RGB48\/Nx &#8211; Bandes de LED NICHIA flexibles RGB"},"content":{"rendered":"<div class=\"wpb-content-wrapper\"><p>[vc_row gap=\u00a0\u00bb30&Prime;][vc_column width=\u00a0\u00bb1\/2&Prime;][vc_single_image image=\u00a0\u00bb101487&Prime; img_size=\u00a0\u00bb680&#215;400&Prime; css=\u00a0\u00bb\u00a0\u00bb][\/vc_column][vc_column width=\u00a0\u00bb1\/2&Prime;][vc_column_text]Qu&rsquo;il s&rsquo;agisse d&rsquo;un \u00e9clairage d\u00e9coratif ou d&rsquo;une vitrine, ces bandes LED flexibles constituent un excellent choix partout o\u00f9 un \u00e9clairage color\u00e9 est n\u00e9cessaire. Contenant 48 LED RVB par m\u00e8tre, elles sont con\u00e7ues pour des applications professionnelles d&rsquo;\u00e9clairage color\u00e9 \u00e0 long terme. <\/p>\n<p>Ces bandes offrent une dur\u00e9e de vie extra-longue combin\u00e9e \u00e0 des performances stables. Ce r\u00e9sultat est obtenu gr\u00e2ce \u00e0 la combinaison d&rsquo;un circuit imprim\u00e9 en cuivre et d&rsquo;un syst\u00e8me de stabilisation du courant. En outre, un ruban sp\u00e9cial thermoconducteur au dos garantit un transfert de chaleur parfait vers la surface de montage.  <\/p>\n<p>Le r\u00e9sultat est une lumi\u00e8re color\u00e9e de haute qualit\u00e9 qui offre une dur\u00e9e de vie, une durabilit\u00e9 et une flexibilit\u00e9 exceptionnelles.[\/vc_column_text][vc_single_image source=\u00a0\u00bbexternal_link\u00a0\u00bb external_img_size=\u00a0\u00bb380&#215;33&Prime; custom_src=\u00a0\u00bbhttps:\/\/www.holectron.com\/wp-content\/uploads\/features-with-etl-1.svg\u00a0\u00bb][\/vc_column][\/vc_row]<\/p>\n<\/div>","protected":false},"excerpt":{"rendered":"<p>[vc_row gap=\u00a0\u00bb30&Prime;][vc_column width=\u00a0\u00bb1\/2&Prime;][vc_single_image image=\u00a0\u00bb101487&Prime; img_size=\u00a0\u00bb680&#215;400&Prime; css=\u00a0\u00bb\u00a0\u00bb][\/vc_column][vc_column width=\u00a0\u00bb1\/2&Prime;][vc_column_text]Qu&rsquo;il s&rsquo;agisse d&rsquo;un \u00e9clairage d\u00e9coratif ou d&rsquo;une vitrine, ces bandes LED flexibles constituent un excellent choix partout o\u00f9 un \u00e9clairage color\u00e9 est n\u00e9cessaire. Contenant 48 LED RVB par m\u00e8tre, elles sont con\u00e7ues pour des applications professionnelles d&rsquo;\u00e9clairage color\u00e9 \u00e0 long terme. Ces bandes offrent une dur\u00e9e de vie extra-longue [&hellip;]<\/p>\n","protected":false},"author":15,"featured_media":115929,"parent":115920,"menu_order":0,"comment_status":"closed","ping_status":"closed","template":"tpl-product.php","meta":{"footnotes":""},"related":[244,245],"filter":[407,281,298,314,287,258,289,271,264,296,312],"acf":[],"aioseo_notices":[],"_links":{"self":[{"href":"https:\/\/www.holectron.com\/fr\/wp-json\/wp\/v2\/pages\/115926"}],"collection":[{"href":"https:\/\/www.holectron.com\/fr\/wp-json\/wp\/v2\/pages"}],"about":[{"href":"https:\/\/www.holectron.com\/fr\/wp-json\/wp\/v2\/types\/page"}],"author":[{"embeddable":true,"href":"https:\/\/www.holectron.com\/fr\/wp-json\/wp\/v2\/users\/15"}],"replies":[{"embeddable":true,"href":"https:\/\/www.holectron.com\/fr\/wp-json\/wp\/v2\/comments?post=115926"}],"version-history":[{"count":0,"href":"https:\/\/www.holectron.com\/fr\/wp-json\/wp\/v2\/pages\/115926\/revisions"}],"up":[{"embeddable":true,"href":"https:\/\/www.holectron.com\/fr\/wp-json\/wp\/v2\/pages\/115920"}],"wp:featuredmedia":[{"embeddable":true,"href":"https:\/\/www.holectron.com\/fr\/wp-json\/wp\/v2\/media\/115929"}],"wp:attachment":[{"href":"https:\/\/www.holectron.com\/fr\/wp-json\/wp\/v2\/media?parent=115926"}],"wp:term":[{"taxonomy":"related","embeddable":true,"href":"https:\/\/www.holectron.com\/fr\/wp-json\/wp\/v2\/related?post=115926"},{"taxonomy":"filter","embeddable":true,"href":"https:\/\/www.holectron.com\/fr\/wp-json\/wp\/v2\/filter?post=115926"}],"curies":[{"name":"wp","href":"https:\/\/api.w.org\/{rel}","templated":true}]}}