{"id":115925,"date":"2021-03-02T15:21:31","date_gmt":"2021-03-02T13:21:31","guid":{"rendered":"https:\/\/www.holectron.com\/produits\/bandes-led-flexibles-pour-linterieur\/bandes-led-flexibles-rvb\/rgb96-nx-bandes-de-led-nichia-rvb-flexibles\/"},"modified":"2026-03-12T14:19:28","modified_gmt":"2026-03-12T12:19:28","slug":"rgb96-nx-bandes-de-led-nichia-rgb-flexibles","status":"publish","type":"page","link":"https:\/\/www.holectron.com\/fr\/produits\/bandes-led-flexibles-pour-linterieur\/bandes-led-flexibles-rgb\/rgb96-nx-bandes-de-led-nichia-rgb-flexibles\/","title":{"rendered":"RGB96\/Nx &#8211; Bandes de LED NICHIA RGB flexibles"},"content":{"rendered":"<div class=\"wpb-content-wrapper\"><p>[vc_row gap=\u00a0\u00bb30&Prime; content_placement=\u00a0\u00bbtop\u00a0\u00bb][vc_column width=\u00a0\u00bb1\/2&Prime;][vc_single_image image=\u00a0\u00bb83717&Prime; img_size=\u00a0\u00bb680&#215;400&Prime;][\/vc_column][vc_column width=\u00a0\u00bb1\/2&Prime;][vc_column_text]Offrant une combinaison de densit\u00e9 plus \u00e9lev\u00e9e et de pas de coupe plus court, ces bandes LED sont bien adapt\u00e9es \u00e0 l&rsquo;\u00e9clairage d\u00e9coratif. Contenant 96 LED par m\u00e8tre, elles constituent une solution puissante \u00e0 long terme partout o\u00f9 un effet lumineux color\u00e9 est n\u00e9cessaire. <\/p>\n<p>La combinaison de composants de qualit\u00e9, de solutions de conception intelligentes et d&rsquo;une production pr\u00e9cise garantit la stabilit\u00e9 des performances et la dur\u00e9e de vie extra-longue de ces bandes. Une carte de circuit imprim\u00e9 (PCB) flexible en cuivre avec un syst\u00e8me int\u00e9gr\u00e9 de stabilisation du courant fournit la base pour les LED, et un ruban adh\u00e9sif conducteur de chaleur assure un transfert parfait de la chaleur \u00e0 la surface de montage. <\/p>\n<p>Con\u00e7ues pour un \u00e9clairage color\u00e9 homog\u00e8ne, ces bandes offrent qualit\u00e9 et performance dans une large gamme d&rsquo;applications.[\/vc_column_text][vc_single_image source=\u00a0\u00bbexternal_link\u00a0\u00bb external_img_size=\u00a0\u00bb380&#215;33&Prime; custom_src=\u00a0\u00bbhttps:\/\/www.holectron.com\/wp-content\/uploads\/features-with-etl-1.svg\u00a0\u00bb][\/vc_column][\/vc_row]<\/p>\n<\/div>","protected":false},"excerpt":{"rendered":"<p>[vc_row gap=\u00a0\u00bb30&Prime; content_placement=\u00a0\u00bbtop\u00a0\u00bb][vc_column width=\u00a0\u00bb1\/2&Prime;][vc_single_image image=\u00a0\u00bb83717&Prime; img_size=\u00a0\u00bb680&#215;400&Prime;][\/vc_column][vc_column width=\u00a0\u00bb1\/2&Prime;][vc_column_text]Offrant une combinaison de densit\u00e9 plus \u00e9lev\u00e9e et de pas de coupe plus court, ces bandes LED sont bien adapt\u00e9es \u00e0 l&rsquo;\u00e9clairage d\u00e9coratif. Contenant 96 LED par m\u00e8tre, elles constituent une solution puissante \u00e0 long terme partout o\u00f9 un effet lumineux color\u00e9 est n\u00e9cessaire. La combinaison de composants de [&hellip;]<\/p>\n","protected":false},"author":15,"featured_media":115389,"parent":115920,"menu_order":1,"comment_status":"closed","ping_status":"closed","template":"tpl-product.php","meta":{"footnotes":""},"related":[244,245],"filter":[407,281,298,314,287,258,289,271,264,296,312],"acf":[],"aioseo_notices":[],"_links":{"self":[{"href":"https:\/\/www.holectron.com\/fr\/wp-json\/wp\/v2\/pages\/115925"}],"collection":[{"href":"https:\/\/www.holectron.com\/fr\/wp-json\/wp\/v2\/pages"}],"about":[{"href":"https:\/\/www.holectron.com\/fr\/wp-json\/wp\/v2\/types\/page"}],"author":[{"embeddable":true,"href":"https:\/\/www.holectron.com\/fr\/wp-json\/wp\/v2\/users\/15"}],"replies":[{"embeddable":true,"href":"https:\/\/www.holectron.com\/fr\/wp-json\/wp\/v2\/comments?post=115925"}],"version-history":[{"count":0,"href":"https:\/\/www.holectron.com\/fr\/wp-json\/wp\/v2\/pages\/115925\/revisions"}],"up":[{"embeddable":true,"href":"https:\/\/www.holectron.com\/fr\/wp-json\/wp\/v2\/pages\/115920"}],"wp:featuredmedia":[{"embeddable":true,"href":"https:\/\/www.holectron.com\/fr\/wp-json\/wp\/v2\/media\/115389"}],"wp:attachment":[{"href":"https:\/\/www.holectron.com\/fr\/wp-json\/wp\/v2\/media?parent=115925"}],"wp:term":[{"taxonomy":"related","embeddable":true,"href":"https:\/\/www.holectron.com\/fr\/wp-json\/wp\/v2\/related?post=115925"},{"taxonomy":"filter","embeddable":true,"href":"https:\/\/www.holectron.com\/fr\/wp-json\/wp\/v2\/filter?post=115925"}],"curies":[{"name":"wp","href":"https:\/\/api.w.org\/{rel}","templated":true}]}}