{"id":115920,"date":"2017-09-07T14:49:10","date_gmt":"2017-09-07T12:49:10","guid":{"rendered":"https:\/\/www.holectron.com\/produits\/bandes-led-flexibles-pour-linterieur\/bandes-led-flexibles-rvb\/"},"modified":"2025-09-25T09:35:22","modified_gmt":"2025-09-25T07:35:22","slug":"bandes-led-flexibles-rgb","status":"publish","type":"page","link":"https:\/\/www.holectron.com\/fr\/produits\/bandes-led-flexibles-pour-linterieur\/bandes-led-flexibles-rgb\/","title":{"rendered":"Bandes LED flexibles RGB"},"content":{"rendered":"<p>Les bandes LED flexibles RVB-48\/O2 contiennent 48 LED OSRAM RVB par m\u00e8tre et utilisent une puissance de 9,2 W\/m.<\/p>\n<p>Ces rubans RVB sont con\u00e7us pour des applications professionnelles \u00e0 long terme d&rsquo;\u00e9clairage lin\u00e9aire color\u00e9 et conviennent parfaitement \u00e0 l&rsquo;\u00e9clairage d\u00e9coratif, \u00e0 l&rsquo;\u00e9clairage de corniche, aux applications incurv\u00e9es, \u00e0 l&rsquo;\u00e9clairage de bordures ou \u00e0 l&rsquo;\u00e9clairage de meubles.<\/p>\n<p>Pour cette bande de LED RVB pliable, nous utilisons des LED OSRAM d&rsquo;Allemagne, un PCB \u00e9pais \u00e0 2 couches de cuivre et un circuit int\u00e9gr\u00e9 pour stabiliser le flux de courant \u00e0 l&rsquo;int\u00e9rieur. Un ruban adh\u00e9sif sp\u00e9cial conducteur de chaleur au verso garantit un transfert parfait de la chaleur sur la surface de montage. Toutes ces caract\u00e9ristiques garantissent une dur\u00e9e de vie tr\u00e8s longue et des performances stables.<\/p>\n<p>Cette bande flexible de LED RVB est disponible avec des LED blanches <b>3 STEP MacAdam<\/b> ou <strong>Single Bin <\/strong><strong>.<\/strong><\/p>\n<p><img loading=\"lazy\" decoding=\"async\" class=\"alignnone wp-image-855\" src=\"http:\/\/www.holectron.com\/wp-content\/uploads\/ico-ce-rohs-warranty-300x33.png\" alt=\"Conformit\u00e9 CE RoHS, garantie de 5 ans\" width=\"230\" height=\"25\" srcset=\"https:\/\/www.holectron.com\/wp-content\/uploads\/ico-ce-rohs-warranty-300x33.png 300w, https:\/\/www.holectron.com\/wp-content\/uploads\/ico-ce-rohs-warranty-768x84.png 768w, https:\/\/www.holectron.com\/wp-content\/uploads\/ico-ce-rohs-warranty-600x65.png 600w, https:\/\/www.holectron.com\/wp-content\/uploads\/ico-ce-rohs-warranty.png 956w\" sizes=\"(max-width: 230px) 100vw, 230px\" \/><\/p>\n","protected":false},"excerpt":{"rendered":"<p>Les bandes LED flexibles RVB-48\/O2 contiennent 48 LED OSRAM RVB par m\u00e8tre et utilisent une puissance de 9,2 W\/m. Ces rubans RVB sont con\u00e7us pour des applications professionnelles \u00e0 long terme d&rsquo;\u00e9clairage lin\u00e9aire color\u00e9 et conviennent parfaitement \u00e0 l&rsquo;\u00e9clairage d\u00e9coratif, \u00e0 l&rsquo;\u00e9clairage de corniche, aux applications incurv\u00e9es, \u00e0 l&rsquo;\u00e9clairage de bordures ou \u00e0 l&rsquo;\u00e9clairage de [&hellip;]<\/p>\n","protected":false},"author":4,"featured_media":0,"parent":115260,"menu_order":2,"comment_status":"closed","ping_status":"closed","template":"tpl-product-category.php","meta":{"footnotes":""},"related":[],"filter":[],"acf":[],"aioseo_notices":[],"_links":{"self":[{"href":"https:\/\/www.holectron.com\/fr\/wp-json\/wp\/v2\/pages\/115920"}],"collection":[{"href":"https:\/\/www.holectron.com\/fr\/wp-json\/wp\/v2\/pages"}],"about":[{"href":"https:\/\/www.holectron.com\/fr\/wp-json\/wp\/v2\/types\/page"}],"author":[{"embeddable":true,"href":"https:\/\/www.holectron.com\/fr\/wp-json\/wp\/v2\/users\/4"}],"replies":[{"embeddable":true,"href":"https:\/\/www.holectron.com\/fr\/wp-json\/wp\/v2\/comments?post=115920"}],"version-history":[{"count":0,"href":"https:\/\/www.holectron.com\/fr\/wp-json\/wp\/v2\/pages\/115920\/revisions"}],"up":[{"embeddable":true,"href":"https:\/\/www.holectron.com\/fr\/wp-json\/wp\/v2\/pages\/115260"}],"wp:attachment":[{"href":"https:\/\/www.holectron.com\/fr\/wp-json\/wp\/v2\/media?parent=115920"}],"wp:term":[{"taxonomy":"related","embeddable":true,"href":"https:\/\/www.holectron.com\/fr\/wp-json\/wp\/v2\/related?post=115920"},{"taxonomy":"filter","embeddable":true,"href":"https:\/\/www.holectron.com\/fr\/wp-json\/wp\/v2\/filter?post=115920"}],"curies":[{"name":"wp","href":"https:\/\/api.w.org\/{rel}","templated":true}]}}