{"id":115892,"date":"2019-04-25T15:54:33","date_gmt":"2019-04-25T13:54:33","guid":{"rendered":"https:\/\/www.holectron.com\/produits\/bandes-led-flexibles-pour-linterieur\/bandes-led-flexibles-blanches-accordables\/tw70-dd-bandes-led-delta-blanches-flexibles-et-accordables\/"},"modified":"2026-03-12T14:18:19","modified_gmt":"2026-03-12T12:18:19","slug":"tw70-dd-bandes-led-delta-blanches-flexibles-et-accordables","status":"publish","type":"page","link":"https:\/\/www.holectron.com\/fr\/produits\/bandes-led-flexibles-pour-linterieur\/bandes-led-flexibles-blanches-accordables\/tw70-dd-bandes-led-delta-blanches-flexibles-et-accordables\/","title":{"rendered":"TW70\/DD &#8211; Bandes LED DELTA blanches flexibles et accordables"},"content":{"rendered":"<div class=\"wpb-content-wrapper\"><p>[vc_row gap=\u00a0\u00bb30&Prime; content_placement=\u00a0\u00bbtop\u00a0\u00bb][vc_column width=\u00a0\u00bb1\/2&Prime;][vc_single_image image=\u00a0\u00bb86160&Prime; img_size=\u00a0\u00bb680&#215;400&Prime;][\/vc_column][vc_column width=\u00a0\u00bb1\/2&Prime;][vc_column_text]Ces bandes flexibles offrent polyvalence et comp\u00e9titivit\u00e9 en termes de co\u00fbts, avec une puissance accrue gr\u00e2ce \u00e0 une densit\u00e9 de LED plus \u00e9lev\u00e9e. Avec 70 DELTA blanc chaud et 70 DELTA blanc froid par m\u00e8tre, ces bandes sont con\u00e7ues pour des applications d&rsquo;\u00e9clairage professionnel \u00e0 long terme. Id\u00e9ales pour l&rsquo;\u00e9clairage direct, l&rsquo;\u00e9clairage direct et l&rsquo;\u00e9clairage d\u00e9coratif, elles repr\u00e9sentent le meilleur rapport qualit\u00e9\/prix pour ce niveau de qualit\u00e9 d&rsquo;\u00e9clairage.  <\/p>\n<p>Robustes et durables, ces bandes utilisent des composants de haute qualit\u00e9 pour garantir des performances stables. Les DELTA LED sont bas\u00e9es sur un circuit imprim\u00e9 flexible en cuivre dot\u00e9 d&rsquo;un syst\u00e8me int\u00e9gr\u00e9 de stabilisation du courant. Une bande adh\u00e9sive thermoconductrice sp\u00e9ciale au dos assure un transfert parfait de la chaleur vers la surface de montage.  <\/p>\n<p>Les DELTA utilis\u00e9es offrent un \u00e9quilibre id\u00e9al entre la valeur, l&rsquo;efficacit\u00e9 et la qualit\u00e9 de l&rsquo;\u00e9clairage.[\/vc_column_text][vc_single_image source=\u00a0\u00bbexternal_link\u00a0\u00bb external_img_size=\u00a0\u00bb380&#215;33&Prime; custom_src=\u00a0\u00bbhttps:\/\/www.holectron.com\/wp-content\/uploads\/features-with-etl-1.svg\u00a0\u00bb][\/vc_column][\/vc_row][vc_row full_width=\u00a0\u00bbstretch_row\u00a0\u00bb css=\u00a0\u00bb.vc_custom_1750325740864{background-color: #f5f5f5 !important;}\u00a0\u00bb][vc_column][vc_empty_space height=\u00a0\u00bb40&Prime;][vc_column_text css=\u00a0\u00bb\u00a0\u00bb]<\/p>\n<h2>Caract\u00e9ristiques principales<\/h2>\n<p>\u25a0 Conception \u00e0 courant stabilis\u00e9<br \/>\n\u25a0 Bande adh\u00e9sive thermoconductrice au verso pour une meilleure conduction de la chaleur<br \/>\n\u25a0 Circuit imprim\u00e9 en cuivre \u00e9pais et durable<br \/>\n\u25a0 Dimmable<br \/>\n\u25a0 Entr\u00e9e de tension 24V DC<br \/>\n\u25a0 Protection contre les tensions inverses<br \/>\n\u25a0 DEL MacAdam \u00e0 3 \u00e9tapes<br \/>\n\u25a0 Compact, largeur 8 mm<br \/>\n\u25a0 IRC \u00e9lev\u00e9 Ra90+<br \/>\n\u25a0 Large gamme de couleurs blanches 2200K-6500K<br \/>\n\u25a0 Puces LED de haute qualit\u00e9[\/vc_column_text][vc_empty_space height=\u00a0\u00bb40&Prime;][\/vc_column][\/vc_row]<\/p>\n<\/div>","protected":false},"excerpt":{"rendered":"<p>[vc_row gap=\u00a0\u00bb30&Prime; content_placement=\u00a0\u00bbtop\u00a0\u00bb][vc_column width=\u00a0\u00bb1\/2&Prime;][vc_single_image image=\u00a0\u00bb86160&Prime; img_size=\u00a0\u00bb680&#215;400&Prime;][\/vc_column][vc_column width=\u00a0\u00bb1\/2&Prime;][vc_column_text]Ces bandes flexibles offrent polyvalence et comp\u00e9titivit\u00e9 en termes de co\u00fbts, avec une puissance accrue gr\u00e2ce \u00e0 une densit\u00e9 de LED plus \u00e9lev\u00e9e. Avec 70 DELTA blanc chaud et 70 DELTA blanc froid par m\u00e8tre, ces bandes sont con\u00e7ues pour des applications d&rsquo;\u00e9clairage professionnel \u00e0 long terme. Id\u00e9ales pour [&hellip;]<\/p>\n","protected":false},"author":15,"featured_media":115891,"parent":115610,"menu_order":3,"comment_status":"closed","ping_status":"closed","template":"tpl-product.php","meta":{"footnotes":""},"related":[243],"filter":[407,298,279,316,318,287,320,258,289,322,271,264,296,312],"acf":[],"aioseo_notices":[],"_links":{"self":[{"href":"https:\/\/www.holectron.com\/fr\/wp-json\/wp\/v2\/pages\/115892"}],"collection":[{"href":"https:\/\/www.holectron.com\/fr\/wp-json\/wp\/v2\/pages"}],"about":[{"href":"https:\/\/www.holectron.com\/fr\/wp-json\/wp\/v2\/types\/page"}],"author":[{"embeddable":true,"href":"https:\/\/www.holectron.com\/fr\/wp-json\/wp\/v2\/users\/15"}],"replies":[{"embeddable":true,"href":"https:\/\/www.holectron.com\/fr\/wp-json\/wp\/v2\/comments?post=115892"}],"version-history":[{"count":0,"href":"https:\/\/www.holectron.com\/fr\/wp-json\/wp\/v2\/pages\/115892\/revisions"}],"up":[{"embeddable":true,"href":"https:\/\/www.holectron.com\/fr\/wp-json\/wp\/v2\/pages\/115610"}],"wp:featuredmedia":[{"embeddable":true,"href":"https:\/\/www.holectron.com\/fr\/wp-json\/wp\/v2\/media\/115891"}],"wp:attachment":[{"href":"https:\/\/www.holectron.com\/fr\/wp-json\/wp\/v2\/media?parent=115892"}],"wp:term":[{"taxonomy":"related","embeddable":true,"href":"https:\/\/www.holectron.com\/fr\/wp-json\/wp\/v2\/related?post=115892"},{"taxonomy":"filter","embeddable":true,"href":"https:\/\/www.holectron.com\/fr\/wp-json\/wp\/v2\/filter?post=115892"}],"curies":[{"name":"wp","href":"https:\/\/api.w.org\/{rel}","templated":true}]}}