{"id":115885,"date":"2021-03-08T09:46:11","date_gmt":"2021-03-08T07:46:11","guid":{"rendered":"https:\/\/www.holectron.com\/produits\/bandes-led-flexibles-pour-linterieur\/bandes-led-flexibles-blanches-accordables\/tw2-112-nx-bandes-de-led-nichia-blanches-a-double-reglage\/"},"modified":"2026-03-12T14:19:15","modified_gmt":"2026-03-12T12:19:15","slug":"tw2-112-nx-bandes-de-led-nichia-blanches-a-double-reglage","status":"publish","type":"page","link":"https:\/\/www.holectron.com\/fr\/produits\/bandes-led-flexibles-pour-linterieur\/bandes-led-flexibles-blanches-accordables\/tw2-112-nx-bandes-de-led-nichia-blanches-a-double-reglage\/","title":{"rendered":"TW2-112\/Nx &#8211; Bandes de LED Nichia blanches \u00e0 double r\u00e9glage"},"content":{"rendered":"<div class=\"wpb-content-wrapper\"><p>[vc_row gap=\u00a0\u00bb30&Prime;][vc_column width=\u00a0\u00bb1\/2&Prime;][vc_single_image image=\u00a0\u00bb86288&Prime; img_size=\u00a0\u00bb680&#215;400&Prime;][\/vc_column][vc_column width=\u00a0\u00bb1\/2&Prime;][vc_column_text]Qu&rsquo;il s&rsquo;agisse d&rsquo;un \u00e9clairage g\u00e9n\u00e9ral ou d&rsquo;un \u00e9clairage de vitrine, ces bandes LED flexibles sont un excellent choix partout o\u00f9 l&rsquo;effet du rythme circadien humain est n\u00e9cessaire. Contenant 112 LED NICHIA double blanc chaud et blanc froid par m\u00e8tre, elles sont con\u00e7ues pour des applications d&rsquo;\u00e9clairage professionnel \u00e0 long terme centr\u00e9es sur l&rsquo;homme. <\/p>\n<p>Ces bandes offrent une dur\u00e9e de vie extra-longue combin\u00e9e \u00e0 des performances stables. Ce r\u00e9sultat est obtenu gr\u00e2ce \u00e0 la combinaison d&rsquo;un circuit imprim\u00e9 en cuivre et d&rsquo;un syst\u00e8me de stabilisation du courant. En outre, un ruban sp\u00e9cial thermoconducteur au dos garantit un transfert de chaleur parfait vers la surface de montage.  <\/p>\n<p>Le r\u00e9sultat est une lumi\u00e8re de haute qualit\u00e9, centr\u00e9e sur l&rsquo;homme, qui offre une dur\u00e9e de vie, une durabilit\u00e9 et une flexibilit\u00e9 exceptionnelles.[\/vc_column_text][vc_single_image source=\u00a0\u00bbexternal_link\u00a0\u00bb external_img_size=\u00a0\u00bb380&#215;33&Prime; custom_src=\u00a0\u00bbhttps:\/\/www.holectron.com\/wp-content\/uploads\/features-with-etl-1.svg\u00a0\u00bb][\/vc_column][\/vc_row]<\/p>\n<\/div>","protected":false},"excerpt":{"rendered":"<p>[vc_row gap=\u00a0\u00bb30&Prime;][vc_column width=\u00a0\u00bb1\/2&Prime;][vc_single_image image=\u00a0\u00bb86288&Prime; img_size=\u00a0\u00bb680&#215;400&Prime;][\/vc_column][vc_column width=\u00a0\u00bb1\/2&Prime;][vc_column_text]Qu&rsquo;il s&rsquo;agisse d&rsquo;un \u00e9clairage g\u00e9n\u00e9ral ou d&rsquo;un \u00e9clairage de vitrine, ces bandes LED flexibles sont un excellent choix partout o\u00f9 l&rsquo;effet du rythme circadien humain est n\u00e9cessaire. Contenant 112 LED NICHIA double blanc chaud et blanc froid par m\u00e8tre, elles sont con\u00e7ues pour des applications d&rsquo;\u00e9clairage professionnel \u00e0 long terme [&hellip;]<\/p>\n","protected":false},"author":15,"featured_media":115887,"parent":115610,"menu_order":4,"comment_status":"closed","ping_status":"closed","template":"tpl-product.php","meta":{"footnotes":""},"related":[243],"filter":[407,298,279,316,318,287,320,258,289,322,271,264,296,312],"acf":[],"aioseo_notices":[],"_links":{"self":[{"href":"https:\/\/www.holectron.com\/fr\/wp-json\/wp\/v2\/pages\/115885"}],"collection":[{"href":"https:\/\/www.holectron.com\/fr\/wp-json\/wp\/v2\/pages"}],"about":[{"href":"https:\/\/www.holectron.com\/fr\/wp-json\/wp\/v2\/types\/page"}],"author":[{"embeddable":true,"href":"https:\/\/www.holectron.com\/fr\/wp-json\/wp\/v2\/users\/15"}],"replies":[{"embeddable":true,"href":"https:\/\/www.holectron.com\/fr\/wp-json\/wp\/v2\/comments?post=115885"}],"version-history":[{"count":0,"href":"https:\/\/www.holectron.com\/fr\/wp-json\/wp\/v2\/pages\/115885\/revisions"}],"up":[{"embeddable":true,"href":"https:\/\/www.holectron.com\/fr\/wp-json\/wp\/v2\/pages\/115610"}],"wp:featuredmedia":[{"embeddable":true,"href":"https:\/\/www.holectron.com\/fr\/wp-json\/wp\/v2\/media\/115887"}],"wp:attachment":[{"href":"https:\/\/www.holectron.com\/fr\/wp-json\/wp\/v2\/media?parent=115885"}],"wp:term":[{"taxonomy":"related","embeddable":true,"href":"https:\/\/www.holectron.com\/fr\/wp-json\/wp\/v2\/related?post=115885"},{"taxonomy":"filter","embeddable":true,"href":"https:\/\/www.holectron.com\/fr\/wp-json\/wp\/v2\/filter?post=115885"}],"curies":[{"name":"wp","href":"https:\/\/api.w.org\/{rel}","templated":true}]}}