{"id":115656,"date":"2019-04-25T15:53:57","date_gmt":"2019-04-25T13:53:57","guid":{"rendered":"https:\/\/www.holectron.com\/produits\/bandes-led-flexibles-pour-linterieur\/bandes-led-flexibles-blanches-accordables\/tw56-dd-g5-bandes-led-delta-blanches-flexibles-et-accordables\/"},"modified":"2026-03-12T14:17:58","modified_gmt":"2026-03-12T12:17:58","slug":"tw56-dd-g5-bandes-led-delta-blanches-flexibles-et-accordables","status":"publish","type":"page","link":"https:\/\/www.holectron.com\/fr\/produits\/bandes-led-flexibles-pour-linterieur\/bandes-led-flexibles-blanches-accordables\/tw56-dd-g5-bandes-led-delta-blanches-flexibles-et-accordables\/","title":{"rendered":"TW56\/DD G5 &#8211; Bandes LED DELTA blanches flexibles et accordables"},"content":{"rendered":"<div class=\"wpb-content-wrapper\"><p>[vc_row gap=\u00a0\u00bb30&Prime; content_placement=\u00a0\u00bbtop\u00a0\u00bb][vc_column width=\u00a0\u00bb1\/2&Prime;][vc_single_image image=\u00a0\u00bb86162&Prime; img_size=\u00a0\u00bb680&#215;400&Prime;][\/vc_column][vc_column width=\u00a0\u00bb1\/2&Prime;][vc_column_text]Ces bandes LED flexibles blanc accordable contiennent 56 LED DELTA blanc chaud et 56 LED DELTA blanc froid par m\u00e8tre. Elles sont con\u00e7ues pour des applications d&rsquo;\u00e9clairage professionnel \u00e0 long terme centr\u00e9es sur l&rsquo;homme et conviennent parfaitement \u00e0 l&rsquo;\u00e9clairage lin\u00e9aire g\u00e9n\u00e9ral, \u00e0 l&rsquo;\u00e9clairage en corniche, aux applications incurv\u00e9es, \u00e0 l&rsquo;\u00e9clairage de meubles et partout o\u00f9 l&rsquo;effet du rythme circadien humain est n\u00e9cessaire.<\/p>\n<p>Pour ces bandes flexibles de LED blanches accordables, nous utilisons des LED NICHIA du Japon, un PCB en cuivre \u00e9pais et un syst\u00e8me de stabilisation du courant IC \u00e0 l&rsquo;int\u00e9rieur. Un ruban adh\u00e9sif conducteur thermique sp\u00e9cial au verso garantit un transfert de chaleur parfait vers la surface de montage. <\/p>\n<p>Toutes ces caract\u00e9ristiques garantissent une dur\u00e9e de vie tr\u00e8s longue et des performances stables.[\/vc_column_text][vc_single_image source=\u00a0\u00bbexternal_link\u00a0\u00bb external_img_size=\u00a0\u00bb380&#215;33&Prime; custom_src=\u00a0\u00bbhttps:\/\/www.holectron.com\/wp-content\/uploads\/features-with-etl-1.svg\u00a0\u00bb][\/vc_column][\/vc_row]<\/p>\n<\/div>","protected":false},"excerpt":{"rendered":"<p>[vc_row gap=\u00a0\u00bb30&Prime; content_placement=\u00a0\u00bbtop\u00a0\u00bb][vc_column width=\u00a0\u00bb1\/2&Prime;][vc_single_image image=\u00a0\u00bb86162&Prime; img_size=\u00a0\u00bb680&#215;400&Prime;][\/vc_column][vc_column width=\u00a0\u00bb1\/2&Prime;][vc_column_text]Ces bandes LED flexibles blanc accordable contiennent 56 LED DELTA blanc chaud et 56 LED DELTA blanc froid par m\u00e8tre. Elles sont con\u00e7ues pour des applications d&rsquo;\u00e9clairage professionnel \u00e0 long terme centr\u00e9es sur l&rsquo;homme et conviennent parfaitement \u00e0 l&rsquo;\u00e9clairage lin\u00e9aire g\u00e9n\u00e9ral, \u00e0 l&rsquo;\u00e9clairage en corniche, aux applications incurv\u00e9es, \u00e0 [&hellip;]<\/p>\n","protected":false},"author":15,"featured_media":115638,"parent":115610,"menu_order":1,"comment_status":"closed","ping_status":"closed","template":"tpl-product.php","meta":{"footnotes":""},"related":[243],"filter":[407,298,279,316,318,287,320,258,289,322,271,264,296,312],"acf":[],"aioseo_notices":[],"_links":{"self":[{"href":"https:\/\/www.holectron.com\/fr\/wp-json\/wp\/v2\/pages\/115656"}],"collection":[{"href":"https:\/\/www.holectron.com\/fr\/wp-json\/wp\/v2\/pages"}],"about":[{"href":"https:\/\/www.holectron.com\/fr\/wp-json\/wp\/v2\/types\/page"}],"author":[{"embeddable":true,"href":"https:\/\/www.holectron.com\/fr\/wp-json\/wp\/v2\/users\/15"}],"replies":[{"embeddable":true,"href":"https:\/\/www.holectron.com\/fr\/wp-json\/wp\/v2\/comments?post=115656"}],"version-history":[{"count":0,"href":"https:\/\/www.holectron.com\/fr\/wp-json\/wp\/v2\/pages\/115656\/revisions"}],"up":[{"embeddable":true,"href":"https:\/\/www.holectron.com\/fr\/wp-json\/wp\/v2\/pages\/115610"}],"wp:featuredmedia":[{"embeddable":true,"href":"https:\/\/www.holectron.com\/fr\/wp-json\/wp\/v2\/media\/115638"}],"wp:attachment":[{"href":"https:\/\/www.holectron.com\/fr\/wp-json\/wp\/v2\/media?parent=115656"}],"wp:term":[{"taxonomy":"related","embeddable":true,"href":"https:\/\/www.holectron.com\/fr\/wp-json\/wp\/v2\/related?post=115656"},{"taxonomy":"filter","embeddable":true,"href":"https:\/\/www.holectron.com\/fr\/wp-json\/wp\/v2\/filter?post=115656"}],"curies":[{"name":"wp","href":"https:\/\/api.w.org\/{rel}","templated":true}]}}