{"id":115475,"date":"2025-07-01T13:34:23","date_gmt":"2025-07-01T11:34:23","guid":{"rendered":"https:\/\/www.holectron.com\/produits\/bandes-led-flexibles-pour-linterieur\/bandes-led-flexibles-de-couleur-blanche\/fl112s-nx-bandes-led-nichia-flexibles\/"},"modified":"2026-03-12T14:11:13","modified_gmt":"2026-03-12T12:11:13","slug":"fl112s-nx-bandes-led-nichia-flexibles","status":"publish","type":"page","link":"https:\/\/www.holectron.com\/fr\/produits\/bandes-led-flexibles-pour-linterieur\/bandes-led-flexibles-de-couleur-blanche\/fl112s-nx-bandes-led-nichia-flexibles\/","title":{"rendered":"FL112s\/Nx &#8211; Bandes LED NICHIA flexibles"},"content":{"rendered":"<div class=\"wpb-content-wrapper\"><p>[vc_row gap=\u00a0\u00bb30&Prime; content_placement=\u00a0\u00bbtop\u00a0\u00bb][vc_column width=\u00a0\u00bb1\/2&Prime;][vc_single_image image=\u00a0\u00bb109434&Prime; img_size=\u00a0\u00bb680&#215;400&Prime; css=\u00a0\u00bb\u00a0\u00bb][\/vc_column][vc_column width=\u00a0\u00bb1\/2&Prime;][vc_column_text css=\u00a0\u00bb\u00a0\u00bb]<\/p>\n<h2><span data-olk-copy-source=\"MessageBody\">Ultra-mince, pleine performance<\/span><\/h2>\n<p>Offrant une combinaison de puissance et d&rsquo;efficacit\u00e9, ces bandes LED compactes de 5 mm de large sont bien adapt\u00e9es \u00e0 l&rsquo;\u00e9clairage direct, \u00e0 l&rsquo;\u00e9clairage d&rsquo;appoint et \u00e0 l&rsquo;\u00e9clairage d\u00e9coratif. Gr\u00e2ce \u00e0 leur flexibilit\u00e9, elles conviennent \u00e9galement parfaitement aux applications courbes et \u00e0 l&rsquo;\u00e9clairage de meubles. Contenant 112 LED NICHIA par m\u00e8tre, elles constituent une solution puissante \u00e0 long terme pour toute une s\u00e9rie d&rsquo;applications d&rsquo;\u00e9clairage professionnel.  <\/p>\n<p>La combinaison de composants de qualit\u00e9, d&rsquo;une conception intelligente et d&rsquo;une production pr\u00e9cise garantit la stabilit\u00e9 des performances et la dur\u00e9e de vie extra-longue de ces bandes. Une carte de circuit imprim\u00e9 (PCB) flexible en cuivre avec un syst\u00e8me int\u00e9gr\u00e9 de stabilisation du courant fournit la base pour les LED, et un ruban adh\u00e9sif conducteur de chaleur assure un transfert parfait de la chaleur \u00e0 la surface de montage. <\/p>\n<p>Con\u00e7ues pour la puissance et l&rsquo;efficacit\u00e9, ces barrettes offrent qualit\u00e9 et performance dans une large gamme d&rsquo;applications.[\/vc_column_text][vc_single_image source=\u00a0\u00bbexternal_link\u00a0\u00bb external_img_size=\u00a0\u00bb380&#215;33&Prime; custom_src=\u00a0\u00bbhttps:\/\/www.holectron.com\/wp-content\/uploads\/features-with-etl-1.svg\u00a0\u00bb][\/vc_column][\/vc_row]<\/p>\n<\/div>","protected":false},"excerpt":{"rendered":"<p>[vc_row gap=\u00a0\u00bb30&Prime; content_placement=\u00a0\u00bbtop\u00a0\u00bb][vc_column width=\u00a0\u00bb1\/2&Prime;][vc_single_image image=\u00a0\u00bb109434&Prime; img_size=\u00a0\u00bb680&#215;400&Prime; css=\u00a0\u00bb\u00a0\u00bb][\/vc_column][vc_column width=\u00a0\u00bb1\/2&Prime;][vc_column_text css=\u00a0\u00bb\u00a0\u00bb] Ultra-mince, pleine performance Offrant une combinaison de puissance et d&rsquo;efficacit\u00e9, ces bandes LED compactes de 5 mm de large sont bien adapt\u00e9es \u00e0 l&rsquo;\u00e9clairage direct, \u00e0 l&rsquo;\u00e9clairage d&rsquo;appoint et \u00e0 l&rsquo;\u00e9clairage d\u00e9coratif. Gr\u00e2ce \u00e0 leur flexibilit\u00e9, elles conviennent \u00e9galement parfaitement aux applications courbes et \u00e0 l&rsquo;\u00e9clairage [&hellip;]<\/p>\n","protected":false},"author":15,"featured_media":115485,"parent":115264,"menu_order":9,"comment_status":"closed","ping_status":"closed","template":"tpl-product.php","meta":{"footnotes":""},"related":[233],"filter":[407,298,314,277,316,318,320,258,289,271,264],"acf":[],"aioseo_notices":[],"_links":{"self":[{"href":"https:\/\/www.holectron.com\/fr\/wp-json\/wp\/v2\/pages\/115475"}],"collection":[{"href":"https:\/\/www.holectron.com\/fr\/wp-json\/wp\/v2\/pages"}],"about":[{"href":"https:\/\/www.holectron.com\/fr\/wp-json\/wp\/v2\/types\/page"}],"author":[{"embeddable":true,"href":"https:\/\/www.holectron.com\/fr\/wp-json\/wp\/v2\/users\/15"}],"replies":[{"embeddable":true,"href":"https:\/\/www.holectron.com\/fr\/wp-json\/wp\/v2\/comments?post=115475"}],"version-history":[{"count":0,"href":"https:\/\/www.holectron.com\/fr\/wp-json\/wp\/v2\/pages\/115475\/revisions"}],"up":[{"embeddable":true,"href":"https:\/\/www.holectron.com\/fr\/wp-json\/wp\/v2\/pages\/115264"}],"wp:featuredmedia":[{"embeddable":true,"href":"https:\/\/www.holectron.com\/fr\/wp-json\/wp\/v2\/media\/115485"}],"wp:attachment":[{"href":"https:\/\/www.holectron.com\/fr\/wp-json\/wp\/v2\/media?parent=115475"}],"wp:term":[{"taxonomy":"related","embeddable":true,"href":"https:\/\/www.holectron.com\/fr\/wp-json\/wp\/v2\/related?post=115475"},{"taxonomy":"filter","embeddable":true,"href":"https:\/\/www.holectron.com\/fr\/wp-json\/wp\/v2\/filter?post=115475"}],"curies":[{"name":"wp","href":"https:\/\/api.w.org\/{rel}","templated":true}]}}