{"id":115474,"date":"2025-07-01T13:38:56","date_gmt":"2025-07-01T11:38:56","guid":{"rendered":"https:\/\/www.holectron.com\/produits\/bandes-led-flexibles-pour-linterieur\/bandes-led-flexibles-de-couleur-blanche\/fl112s-dx-bandes-delta-flexibles\/"},"modified":"2026-03-12T14:14:30","modified_gmt":"2026-03-12T12:14:30","slug":"fl112s-dx-bandes-delta-flexibles","status":"publish","type":"page","link":"https:\/\/www.holectron.com\/fr\/produits\/bandes-led-flexibles-pour-linterieur\/bandes-led-flexibles-de-couleur-blanche\/fl112s-dx-bandes-delta-flexibles\/","title":{"rendered":"FL112s\/Dx &#8211; Bandes DELTA flexibles"},"content":{"rendered":"<div class=\"wpb-content-wrapper\"><p>[vc_row gap=\u00a0\u00bb30&Prime; content_placement=\u00a0\u00bbtop\u00a0\u00bb][vc_column width=\u00a0\u00bb1\/2&Prime;][vc_single_image image=\u00a0\u00bb109434&Prime; img_size=\u00a0\u00bb680&#215;400&Prime; css=\u00a0\u00bb\u00a0\u00bb][\/vc_column][vc_column width=\u00a0\u00bb1\/2&Prime;][vc_column_text css=\u00a0\u00bb\u00a0\u00bb]<\/p>\n<h2><span data-olk-copy-source=\"MessageBody\">Ultra-mince, pleine performance<\/span><\/h2>\n<p>Ces bandes flexibles \u00e9troites de 5 mm de large offrent polyvalence et comp\u00e9titivit\u00e9 en termes de co\u00fbts, avec une puissance accrue gr\u00e2ce \u00e0 une densit\u00e9 de LED plus \u00e9lev\u00e9e. Avec 112 DELTA LED de haute qualit\u00e9 par m\u00e8tre, ces bandes sont con\u00e7ues pour des applications d&rsquo;\u00e9clairage professionnel \u00e0 long terme. Id\u00e9ales pour l&rsquo;\u00e9clairage direct, l&rsquo;\u00e9clairage direct et l&rsquo;\u00e9clairage d\u00e9coratif, elles repr\u00e9sentent le meilleur rapport qualit\u00e9\/prix pour ce niveau de qualit\u00e9 d&rsquo;\u00e9clairage.<\/p>\n<p>Robustes et durables, ces bandes utilisent des composants de haute qualit\u00e9 pour garantir des performances stables. Les DELTA LED sont bas\u00e9es sur un circuit imprim\u00e9 flexible en cuivre dot\u00e9 d&rsquo;un syst\u00e8me de stabilisation du courant int\u00e9gr\u00e9. Un ruban adh\u00e9sif sp\u00e9cial thermoconducteur au dos assure un transfert parfait de la chaleur vers la surface de montage.<\/p>\n<p>Les DELTA utilis\u00e9es offrent un \u00e9quilibre id\u00e9al entre la valeur, l&rsquo;efficacit\u00e9 et la qualit\u00e9 de l&rsquo;\u00e9clairage.[\/vc_column_text][vc_single_image source=\u00a0\u00bbexternal_link\u00a0\u00bb external_img_size=\u00a0\u00bb380&#215;33&Prime; custom_src=\u00a0\u00bbhttps:\/\/www.holectron.com\/wp-content\/uploads\/features-with-etl-1.svg\u00a0\u00bb][\/vc_column][\/vc_row]<\/p>\n<\/div>","protected":false},"excerpt":{"rendered":"<p>[vc_row gap=\u00a0\u00bb30&Prime; content_placement=\u00a0\u00bbtop\u00a0\u00bb][vc_column width=\u00a0\u00bb1\/2&Prime;][vc_single_image image=\u00a0\u00bb109434&Prime; img_size=\u00a0\u00bb680&#215;400&Prime; css=\u00a0\u00bb\u00a0\u00bb][\/vc_column][vc_column width=\u00a0\u00bb1\/2&Prime;][vc_column_text css=\u00a0\u00bb\u00a0\u00bb] Ultra-mince, pleine performance Ces bandes flexibles \u00e9troites de 5 mm de large offrent polyvalence et comp\u00e9titivit\u00e9 en termes de co\u00fbts, avec une puissance accrue gr\u00e2ce \u00e0 une densit\u00e9 de LED plus \u00e9lev\u00e9e. Avec 112 DELTA LED de haute qualit\u00e9 par m\u00e8tre, ces bandes sont con\u00e7ues pour [&hellip;]<\/p>\n","protected":false},"author":15,"featured_media":115483,"parent":115264,"menu_order":11,"comment_status":"closed","ping_status":"closed","template":"tpl-product.php","meta":{"footnotes":""},"related":[233],"filter":[407,298,314,316,318,320,258,289,271,264],"acf":[],"aioseo_notices":[],"_links":{"self":[{"href":"https:\/\/www.holectron.com\/fr\/wp-json\/wp\/v2\/pages\/115474"}],"collection":[{"href":"https:\/\/www.holectron.com\/fr\/wp-json\/wp\/v2\/pages"}],"about":[{"href":"https:\/\/www.holectron.com\/fr\/wp-json\/wp\/v2\/types\/page"}],"author":[{"embeddable":true,"href":"https:\/\/www.holectron.com\/fr\/wp-json\/wp\/v2\/users\/15"}],"replies":[{"embeddable":true,"href":"https:\/\/www.holectron.com\/fr\/wp-json\/wp\/v2\/comments?post=115474"}],"version-history":[{"count":0,"href":"https:\/\/www.holectron.com\/fr\/wp-json\/wp\/v2\/pages\/115474\/revisions"}],"up":[{"embeddable":true,"href":"https:\/\/www.holectron.com\/fr\/wp-json\/wp\/v2\/pages\/115264"}],"wp:featuredmedia":[{"embeddable":true,"href":"https:\/\/www.holectron.com\/fr\/wp-json\/wp\/v2\/media\/115483"}],"wp:attachment":[{"href":"https:\/\/www.holectron.com\/fr\/wp-json\/wp\/v2\/media?parent=115474"}],"wp:term":[{"taxonomy":"related","embeddable":true,"href":"https:\/\/www.holectron.com\/fr\/wp-json\/wp\/v2\/related?post=115474"},{"taxonomy":"filter","embeddable":true,"href":"https:\/\/www.holectron.com\/fr\/wp-json\/wp\/v2\/filter?post=115474"}],"curies":[{"name":"wp","href":"https:\/\/api.w.org\/{rel}","templated":true}]}}