{"id":115473,"date":"2022-04-29T07:51:59","date_gmt":"2022-04-29T05:51:59","guid":{"rendered":"https:\/\/www.holectron.com\/produits\/bandes-led-flexibles-pour-linterieur\/bandes-led-flexibles-de-couleur-blanche\/fl120e-nx-bandes-led-nichia-flexibles\/"},"modified":"2026-03-12T14:15:59","modified_gmt":"2026-03-12T12:15:59","slug":"fl120e-nx-bandes-led-nichia-flexibles","status":"publish","type":"page","link":"https:\/\/www.holectron.com\/fr\/produits\/bandes-led-flexibles-pour-linterieur\/bandes-led-flexibles-de-couleur-blanche\/fl120e-nx-bandes-led-nichia-flexibles\/","title":{"rendered":"FL120E\/Nx Bandes LED NICHIA flexibles"},"content":{"rendered":"<div class=\"wpb-content-wrapper\"><p>[vc_row gap=\u00a0\u00bb30&Prime;][vc_column width=\u00a0\u00bb1\/2&Prime;][vc_single_image image=\u00a0\u00bb68305&Prime; img_size=\u00a0\u00bb680&#215;400&Prime;][\/vc_column][vc_column width=\u00a0\u00bb1\/2&Prime;][vc_column_text]Offrant une combinaison de puissance et d&rsquo;efficacit\u00e9, ces bandes LED sont bien adapt\u00e9es \u00e0 l&rsquo;\u00e9clairage direct, \u00e0 l&rsquo;\u00e9clairage d&rsquo;appoint et \u00e0 l&rsquo;\u00e9clairage d\u00e9coratif. Gr\u00e2ce \u00e0 leur flexibilit\u00e9, ils conviennent parfaitement aux applications courbes et \u00e0 l&rsquo;\u00e9clairage de meubles. Contenant 120 LED NICHIA par m\u00e8tre, ils constituent une solution puissante \u00e0 long terme pour toute une s\u00e9rie d&rsquo;applications d&rsquo;\u00e9clairage professionnel.<\/p>\n<p>La combinaison de composants de qualit\u00e9, d&rsquo;une conception intelligente et d&rsquo;une production pr\u00e9cise garantit la stabilit\u00e9 des performances et la long\u00e9vit\u00e9 de ces bandes.<\/p>\n<p>Con\u00e7ues pour la puissance et l&rsquo;efficacit\u00e9, ces barrettes offrent qualit\u00e9 et performance dans une large gamme d&rsquo;applications.[\/vc_column_text][vc_single_image source=\u00a0\u00bbexternal_link\u00a0\u00bb external_img_size=\u00a0\u00bb380&#215;33&Prime; custom_src=\u00a0\u00bbhttps:\/\/www.holectron.com\/wp-content\/uploads\/features-with-etl-1.svg\u00a0\u00bb][\/vc_column][\/vc_row]<\/p>\n<\/div>","protected":false},"excerpt":{"rendered":"<p>[vc_row gap=\u00a0\u00bb30&Prime;][vc_column width=\u00a0\u00bb1\/2&Prime;][vc_single_image image=\u00a0\u00bb68305&Prime; img_size=\u00a0\u00bb680&#215;400&Prime;][\/vc_column][vc_column width=\u00a0\u00bb1\/2&Prime;][vc_column_text]Offrant une combinaison de puissance et d&rsquo;efficacit\u00e9, ces bandes LED sont bien adapt\u00e9es \u00e0 l&rsquo;\u00e9clairage direct, \u00e0 l&rsquo;\u00e9clairage d&rsquo;appoint et \u00e0 l&rsquo;\u00e9clairage d\u00e9coratif. Gr\u00e2ce \u00e0 leur flexibilit\u00e9, ils conviennent parfaitement aux applications courbes et \u00e0 l&rsquo;\u00e9clairage de meubles. Contenant 120 LED NICHIA par m\u00e8tre, ils constituent une solution puissante \u00e0 [&hellip;]<\/p>\n","protected":false},"author":15,"featured_media":115478,"parent":115264,"menu_order":14,"comment_status":"closed","ping_status":"closed","template":"tpl-product.php","meta":{"footnotes":""},"related":[233],"filter":[407,298,314,277,316,318,287,320,258,289,271,264,296,312],"acf":[],"aioseo_notices":[],"_links":{"self":[{"href":"https:\/\/www.holectron.com\/fr\/wp-json\/wp\/v2\/pages\/115473"}],"collection":[{"href":"https:\/\/www.holectron.com\/fr\/wp-json\/wp\/v2\/pages"}],"about":[{"href":"https:\/\/www.holectron.com\/fr\/wp-json\/wp\/v2\/types\/page"}],"author":[{"embeddable":true,"href":"https:\/\/www.holectron.com\/fr\/wp-json\/wp\/v2\/users\/15"}],"replies":[{"embeddable":true,"href":"https:\/\/www.holectron.com\/fr\/wp-json\/wp\/v2\/comments?post=115473"}],"version-history":[{"count":0,"href":"https:\/\/www.holectron.com\/fr\/wp-json\/wp\/v2\/pages\/115473\/revisions"}],"up":[{"embeddable":true,"href":"https:\/\/www.holectron.com\/fr\/wp-json\/wp\/v2\/pages\/115264"}],"wp:featuredmedia":[{"embeddable":true,"href":"https:\/\/www.holectron.com\/fr\/wp-json\/wp\/v2\/media\/115478"}],"wp:attachment":[{"href":"https:\/\/www.holectron.com\/fr\/wp-json\/wp\/v2\/media?parent=115473"}],"wp:term":[{"taxonomy":"related","embeddable":true,"href":"https:\/\/www.holectron.com\/fr\/wp-json\/wp\/v2\/related?post=115473"},{"taxonomy":"filter","embeddable":true,"href":"https:\/\/www.holectron.com\/fr\/wp-json\/wp\/v2\/filter?post=115473"}],"curies":[{"name":"wp","href":"https:\/\/api.w.org\/{rel}","templated":true}]}}