{"id":115382,"date":"2021-02-26T10:20:39","date_gmt":"2021-02-26T08:20:39","guid":{"rendered":"https:\/\/www.holectron.com\/produits\/bandes-led-flexibles-pour-linterieur\/bandes-led-flexibles-de-couleur-blanche\/fl56-nx-bandes-led-nichia-flexibles\/"},"modified":"2026-03-12T14:09:52","modified_gmt":"2026-03-12T12:09:52","slug":"fl56-nx-bandes-led-nichia-flexibles","status":"publish","type":"page","link":"https:\/\/www.holectron.com\/fr\/produits\/bandes-led-flexibles-pour-linterieur\/bandes-led-flexibles-de-couleur-blanche\/fl56-nx-bandes-led-nichia-flexibles\/","title":{"rendered":"FL56\/Nx &#8211; Bandes LED Nichia flexibles"},"content":{"rendered":"<div class=\"wpb-content-wrapper\"><p>[vc_row gap=\u00a0\u00bb30&Prime;][vc_column width=\u00a0\u00bb1\/2&Prime;][vc_single_image image=\u00a0\u00bb81030&Prime; img_size=\u00a0\u00bb680&#215;400&Prime; css=\u00a0\u00bb.vc_custom_1675257087364{margin-bottom: 0px !important;border-bottom-width: 0px !important;padding-bottom: 0px !important;}\u00a0\u00bb][vc_column_text css=\u00a0\u00bb.vc_custom_1675257079186{margin-top: 0px !important;border-top-width: 0px !important;padding-top: 0px !important;}\u00a0\u00bb]<em>Fonds de pension du minist\u00e8re de la d\u00e9fense<\/em>[\/vc_column_text][\/vc_column][vc_column width=\u00a0\u00bb1\/2&Prime;][vc_column_text]Qu&rsquo;il s&rsquo;agisse d&rsquo;un \u00e9clairage de corniche d\u00e9coratif ou de l&rsquo;\u00e9clairage d&rsquo;un meuble, ces bandes LED flexibles constituent un excellent choix. Contenant 56 LED NICHIA par m\u00e8tre, elles sont con\u00e7ues pour des applications d&rsquo;\u00e9clairage professionnel \u00e0 long terme.<\/p>\n<p>Ces bandes offrent une dur\u00e9e de vie extra-longue combin\u00e9e \u00e0 des performances stables. Ce r\u00e9sultat est obtenu gr\u00e2ce \u00e0 la combinaison d&rsquo;un circuit imprim\u00e9 en cuivre et d&rsquo;un syst\u00e8me de stabilisation du courant. En outre, un ruban sp\u00e9cial double-face thermoconducteur au dos garantit un transfert parfait de la chaleur sur la surface de montage.<\/p>\n<p>Dans l&rsquo;ensemble, ces bandes LED polyvalentes fournissent un \u00e9clairage robuste et fiable pour une gamme d&rsquo;utilisations, allant de l&rsquo;\u00e9clairage indirect \u00e0 l&rsquo;\u00e9clairage d&rsquo;accentuation et \u00e0 l&rsquo;\u00e9clairage d\u00e9coratif.[\/vc_column_text][vc_single_image source=\u00a0\u00bbexternal_link\u00a0\u00bb external_img_size=\u00a0\u00bb380&#215;33&Prime; custom_src=\u00a0\u00bbhttps:\/\/www.holectron.com\/wp-content\/uploads\/features-with-etl-1.svg\u00a0\u00bb][\/vc_column][\/vc_row]<\/p>\n<\/div>","protected":false},"excerpt":{"rendered":"<p>[vc_row gap=\u00a0\u00bb30&Prime;][vc_column width=\u00a0\u00bb1\/2&Prime;][vc_single_image image=\u00a0\u00bb81030&Prime; img_size=\u00a0\u00bb680&#215;400&Prime; css=\u00a0\u00bb.vc_custom_1675257087364{margin-bottom: 0px !important;border-bottom-width: 0px !important;padding-bottom: 0px !important;}\u00a0\u00bb][vc_column_text css=\u00a0\u00bb.vc_custom_1675257079186{margin-top: 0px !important;border-top-width: 0px !important;padding-top: 0px !important;}\u00a0\u00bb]Fonds de pension du minist\u00e8re de la d\u00e9fense[\/vc_column_text][\/vc_column][vc_column width=\u00a0\u00bb1\/2&Prime;][vc_column_text]Qu&rsquo;il s&rsquo;agisse d&rsquo;un \u00e9clairage de corniche d\u00e9coratif ou de l&rsquo;\u00e9clairage d&rsquo;un meuble, ces bandes LED flexibles constituent un excellent choix. Contenant 56 LED NICHIA par m\u00e8tre, elles sont con\u00e7ues [&hellip;]<\/p>\n","protected":false},"author":15,"featured_media":115379,"parent":115264,"menu_order":2,"comment_status":"closed","ping_status":"closed","template":"tpl-product.php","meta":{"footnotes":""},"related":[233],"filter":[407,298,314,277,316,318,287,320,258,289,271,264,296,312],"acf":[],"aioseo_notices":[],"_links":{"self":[{"href":"https:\/\/www.holectron.com\/fr\/wp-json\/wp\/v2\/pages\/115382"}],"collection":[{"href":"https:\/\/www.holectron.com\/fr\/wp-json\/wp\/v2\/pages"}],"about":[{"href":"https:\/\/www.holectron.com\/fr\/wp-json\/wp\/v2\/types\/page"}],"author":[{"embeddable":true,"href":"https:\/\/www.holectron.com\/fr\/wp-json\/wp\/v2\/users\/15"}],"replies":[{"embeddable":true,"href":"https:\/\/www.holectron.com\/fr\/wp-json\/wp\/v2\/comments?post=115382"}],"version-history":[{"count":0,"href":"https:\/\/www.holectron.com\/fr\/wp-json\/wp\/v2\/pages\/115382\/revisions"}],"up":[{"embeddable":true,"href":"https:\/\/www.holectron.com\/fr\/wp-json\/wp\/v2\/pages\/115264"}],"wp:featuredmedia":[{"embeddable":true,"href":"https:\/\/www.holectron.com\/fr\/wp-json\/wp\/v2\/media\/115379"}],"wp:attachment":[{"href":"https:\/\/www.holectron.com\/fr\/wp-json\/wp\/v2\/media?parent=115382"}],"wp:term":[{"taxonomy":"related","embeddable":true,"href":"https:\/\/www.holectron.com\/fr\/wp-json\/wp\/v2\/related?post=115382"},{"taxonomy":"filter","embeddable":true,"href":"https:\/\/www.holectron.com\/fr\/wp-json\/wp\/v2\/filter?post=115382"}],"curies":[{"name":"wp","href":"https:\/\/api.w.org\/{rel}","templated":true}]}}