{"id":115367,"date":"2022-04-28T13:43:10","date_gmt":"2022-04-28T11:43:10","guid":{"rendered":"https:\/\/www.holectron.com\/produits\/bandes-led-flexibles-pour-linterieur\/bandes-led-flexibles-de-couleur-blanche\/fl60e-dx-bandes-delta-flexibles\/"},"modified":"2026-03-12T14:11:29","modified_gmt":"2026-03-12T12:11:29","slug":"fl60e-dx-bandes-delta-flexibles","status":"publish","type":"page","link":"https:\/\/www.holectron.com\/fr\/produits\/bandes-led-flexibles-pour-linterieur\/bandes-led-flexibles-de-couleur-blanche\/fl60e-dx-bandes-delta-flexibles\/","title":{"rendered":"FL60E\/Dx &#8211; Bandes DELTA flexibles"},"content":{"rendered":"<div class=\"wpb-content-wrapper\"><p>[vc_row gap=\u00a0\u00bb30&Prime;][vc_column width=\u00a0\u00bb1\/2&Prime;][vc_single_image image=\u00a0\u00bb68329&Prime; img_size=\u00a0\u00bb680&#215;400&Prime;][\/vc_column][vc_column width=\u00a0\u00bb1\/2&Prime;][vc_column_text]Ces bandes LED flexibles sont une excellente option pour une solution LED abordable \u00e0 usage g\u00e9n\u00e9ral. Contenant 60 DELTA LED par m\u00e8tre, elles sont particuli\u00e8rement adapt\u00e9es aux projets de grande envergure. Elles peuvent \u00e9galement \u00eatre utilis\u00e9es pour l&rsquo;\u00e9clairage g\u00e9n\u00e9ral, l&rsquo;\u00e9clairage d&rsquo;appoint et l&rsquo;\u00e9clairage d\u00e9coratif.  <\/p>\n<p>Ces bandes sont comp\u00e9titives en termes de co\u00fbts et offrent une excellente efficacit\u00e9, mais cela ne signifie pas que des compromis ont \u00e9t\u00e9 faits en termes de qualit\u00e9. Pour un transfert efficace de la chaleur vers la surface de montage, un ruban adh\u00e9sif sp\u00e9cial thermoconducteur est utilis\u00e9. <\/p>\n<p>Le r\u00e9sultat est une bande LED durable et efficace qui offre une grande polyvalence. Les DELTA utilis\u00e9es constituent un excellent \u00e9quilibre entre la qualit\u00e9 de l&rsquo;\u00e9clairage, l&rsquo;efficacit\u00e9 et la valeur. [\/vc_column_text][vc_single_image source=\u00a0\u00bbexternal_link\u00a0\u00bb external_img_size=\u00a0\u00bb380&#215;33&Prime; custom_src=\u00a0\u00bbhttps:\/\/www.holectron.com\/wp-content\/uploads\/features-with-etl-1.svg\u00a0\u00bb][\/vc_column][\/vc_row]<\/p>\n<\/div>","protected":false},"excerpt":{"rendered":"<p>[vc_row gap=\u00a0\u00bb30&Prime;][vc_column width=\u00a0\u00bb1\/2&Prime;][vc_single_image image=\u00a0\u00bb68329&Prime; img_size=\u00a0\u00bb680&#215;400&Prime;][\/vc_column][vc_column width=\u00a0\u00bb1\/2&Prime;][vc_column_text]Ces bandes LED flexibles sont une excellente option pour une solution LED abordable \u00e0 usage g\u00e9n\u00e9ral. Contenant 60 DELTA LED par m\u00e8tre, elles sont particuli\u00e8rement adapt\u00e9es aux projets de grande envergure. Elles peuvent \u00e9galement \u00eatre utilis\u00e9es pour l&rsquo;\u00e9clairage g\u00e9n\u00e9ral, l&rsquo;\u00e9clairage d&rsquo;appoint et l&rsquo;\u00e9clairage d\u00e9coratif. Ces bandes sont comp\u00e9titives en termes [&hellip;]<\/p>\n","protected":false},"author":15,"featured_media":115381,"parent":115264,"menu_order":7,"comment_status":"closed","ping_status":"closed","template":"tpl-product.php","meta":{"footnotes":""},"related":[233],"filter":[407,254,298,314,277,316,287,258,289,271,264,296,312],"acf":[],"aioseo_notices":[],"_links":{"self":[{"href":"https:\/\/www.holectron.com\/fr\/wp-json\/wp\/v2\/pages\/115367"}],"collection":[{"href":"https:\/\/www.holectron.com\/fr\/wp-json\/wp\/v2\/pages"}],"about":[{"href":"https:\/\/www.holectron.com\/fr\/wp-json\/wp\/v2\/types\/page"}],"author":[{"embeddable":true,"href":"https:\/\/www.holectron.com\/fr\/wp-json\/wp\/v2\/users\/15"}],"replies":[{"embeddable":true,"href":"https:\/\/www.holectron.com\/fr\/wp-json\/wp\/v2\/comments?post=115367"}],"version-history":[{"count":0,"href":"https:\/\/www.holectron.com\/fr\/wp-json\/wp\/v2\/pages\/115367\/revisions"}],"up":[{"embeddable":true,"href":"https:\/\/www.holectron.com\/fr\/wp-json\/wp\/v2\/pages\/115264"}],"wp:featuredmedia":[{"embeddable":true,"href":"https:\/\/www.holectron.com\/fr\/wp-json\/wp\/v2\/media\/115381"}],"wp:attachment":[{"href":"https:\/\/www.holectron.com\/fr\/wp-json\/wp\/v2\/media?parent=115367"}],"wp:term":[{"taxonomy":"related","embeddable":true,"href":"https:\/\/www.holectron.com\/fr\/wp-json\/wp\/v2\/related?post=115367"},{"taxonomy":"filter","embeddable":true,"href":"https:\/\/www.holectron.com\/fr\/wp-json\/wp\/v2\/filter?post=115367"}],"curies":[{"name":"wp","href":"https:\/\/api.w.org\/{rel}","templated":true}]}}